{"id":25,"date":"2023-03-05T10:39:43","date_gmt":"2023-03-05T10:39:43","guid":{"rendered":"https:\/\/sinkwithfaucet.com\/?page_id=25"},"modified":"2024-12-05T02:13:39","modified_gmt":"2024-12-05T02:13:39","slug":"about-kitchen-sink-supplier","status":"publish","type":"page","link":"https:\/\/sinkwithfaucet.com\/pl\/about-kitchen-sink-supplier\/","title":{"rendered":"O"},"content":{"rendered":"<section class=\"section\" id=\"section_390397919\">\n\t\t<div class=\"bg section-bg fill bg-fill  bg-loaded\" >\n\n\t\t\t\n\t\t\t\n\t\t\t\n\n\t\t<\/div>\n\n\t\t\n\n\t\t<div class=\"section-content relative\">\n\t\t\t\n<div class=\"row align-equal\"  id=\"row-488432785\">\n\n\t<div id=\"col-1381436949\" class=\"col medium-12 small-12 large-6 medium-col-first\"  >\n\t\t\t\t<div class=\"col-inner\"  >\n\t\t\t\n\t\t\t\n\t<div id=\"text-1621761348\" class=\"text\">\n\t\t\n<h1><strong>Dostawca zlewozmywak\u00f3w Dexing<\/strong><\/h1>\n\t\t\n<style>\n#text-1621761348 {\n  font-size: 1rem;\n}\n@media (min-width:550px) {\n  #text-1621761348 {\n    font-size: 1rem;\n  }\n}\n@media (min-width:850px) {\n  #text-1621761348 {\n    font-size: 1.4rem;\n  }\n}\n<\/style>\n\t<\/div>\n\t\n<div class=\"is-divider divider clearfix\" style=\"max-width:50px;height:4px;background-color:rgb(59, 181, 76);\"><\/div>\n\t<div id=\"gap-1645991443\" class=\"gap-element clearfix hide-for-small\" style=\"display:block; height:auto;\">\n\t\t\n<style>\n#gap-1645991443 {\n  padding-top: 20px;\n}\n<\/style>\n\t<\/div>\n\t\n<p>Jako wiod\u0105cy producent, Dexing specjalizuje si\u0119 w tworzeniu wysokiej jako\u015bci zlewozmywak\u00f3w kuchennych. <a href=\"https:\/\/sinkwithfaucet.com\/pl\/handmade-sink\/\">r\u0119cznie robione zlewozmywaki<\/a>, <a href=\"https:\/\/sinkwithfaucet.com\/pl\/press-sink\/\">t\u0142oczenie zlewozmywak\u00f3w<\/a>oraz <a href=\"https:\/\/sinkwithfaucet.com\/pl\/stainless-steel-kitchen-faucet\/\">baterie kuchenne ze stali nierdzewnej<\/a>. Nasze najnowocze\u015bniejsze zak\u0142ady w Chinach i Wietnamie umo\u017cliwiaj\u0105 nam dostarczanie niestandardowych produkt\u00f3w spe\u0142niaj\u0105cych okre\u015blone wymagania. Poza tym nasze produkty posiadaj\u0105 certyfikaty UPC i CE, aby sprosta\u0107 wymaganiom klient\u00f3w na ca\u0142ym \u015bwiecie. Skontaktuj si\u0119 z nami i poinformuj nas o swoich wymaganiach, a my z pewno\u015bci\u0105 zaoferujemy Ci profesjonalne produkty i dobr\u0105 obs\u0142ug\u0119.<\/p>\n\t<div id=\"gap-1893790493\" class=\"gap-element clearfix\" style=\"display:block; height:auto;\">\n\t\t\n<style>\n#gap-1893790493 {\n  padding-top: 30px;\n}\n<\/style>\n\t<\/div>\n\t\n<a href=\"\/pl\/contact\/\" class=\"button primary\"  style=\"border-radius:99px;\">\n    <span>Kontakt<\/span>\n  <\/a>\n\n\t\t<\/div>\n\t\t\t\t\n<style>\n#col-1381436949 > .col-inner {\n  padding: 0px 0px 0px 0px;\n}\n@media (min-width:550px) {\n  #col-1381436949 > .col-inner {\n    padding: 0px 0px 0px 0px;\n  }\n}\n@media (min-width:850px) {\n  #col-1381436949 > .col-inner {\n    padding: 0px 20px 0px 0px;\n  }\n}\n<\/style>\n\t<\/div>\n\n\t\n\n\t<div id=\"col-339429451\" class=\"col medium-12 small-12 large-6\"  >\n\t\t\t\t<div class=\"col-inner\"  >\n\t\t\t\n\t\t\t\n\t<div class=\"img has-hover x md-x lg-x y md-y lg-y\" id=\"image_1048875487\">\n\t\t\t\t\t\t\t\t<div class=\"img-inner box-shadow-1 box-shadow-5-hover dark\" >\n\t\t\t<img loading=\"lazy\" decoding=\"async\" width=\"600\" height=\"400\" src=\"https:\/\/sinkwithfaucet.com\/wp-content\/uploads\/2024\/11\/kitchen-sink-company1.jpg\" class=\"attachment-original size-original\" alt=\"kitchen sink company(1)\" srcset=\"https:\/\/sinkwithfaucet.com\/wp-content\/uploads\/2024\/11\/kitchen-sink-company1.jpg 600w, https:\/\/sinkwithfaucet.com\/wp-content\/uploads\/2024\/11\/kitchen-sink-company1-300x200.jpg 300w, https:\/\/sinkwithfaucet.com\/wp-content\/uploads\/2024\/11\/kitchen-sink-company1-18x12.jpg 18w\" sizes=\"auto, (max-width: 600px) 100vw, 600px\" title=\"\">\t\t\t\t\t\t\n\t\t\t\t\t<\/div>\n\t\t\t\t\t\t\t\t\n<style>\n#image_1048875487 {\n  width: 100%;\n}\n<\/style>\n\t<\/div>\n\t\n\t\t<\/div>\n\t\t\t\t\n<style>\n#col-339429451 > .col-inner {\n  padding: 0px 0px 0px 0px;\n  border-radius: 8px;\n}\n@media (min-width:550px) {\n  #col-339429451 > .col-inner {\n    padding: 0px 0px 0px 0px;\n  }\n}\n@media (min-width:850px) {\n  #col-339429451 > .col-inner {\n    padding: 0px 0px 0px 20px;\n  }\n}\n<\/style>\n\t<\/div>\n\n\t\n<\/div>\n<div class=\"row\"  id=\"row-1487940872\">\n\n\t<div id=\"col-453910440\" class=\"col medium-4 small-12 large-4\"  >\n\t\t\t\t<div class=\"col-inner\"  >\n\t\t\t\n\t\t\t\n<p><strong><span style=\"font-size: 150%;\"><span class=\"count-up\">20000<\/span>+<\/span><\/strong><\/p>\n<p><strong><span style=\"font-size: 150%;\">Fabryka metr\u00f3w kwadratowych\u00a0<\/span><\/strong><\/p>\n\t\t<\/div>\n\t\t\t\t\t<\/div>\n\n\t\n\n\t<div id=\"col-1502675110\" class=\"col medium-4 small-12 large-4\"  >\n\t\t\t\t<div class=\"col-inner\"  >\n\t\t\t\n\t\t\t\n<p><strong><span style=\"font-size: 150%;\"><span class=\"count-up\">15<\/span> +Lata <\/span><\/strong><\/p>\n<p><strong><span style=\"font-size: 150%;\">Do\u015bwiadczenie w produkcji<\/span><\/strong><\/p>\n\t\t<\/div>\n\t\t\t\t\t<\/div>\n\n\t\n\n\t<div id=\"col-289604868\" class=\"col medium-4 small-12 large-4\"  >\n\t\t\t\t<div class=\"col-inner\"  >\n\t\t\t\n\t\t\t\n<p><strong><span style=\"font-size: 150%;\"><span class=\"count-up\">300<\/span>+<br \/>\nStaffs<\/span><\/strong><\/p>\n\t\t<\/div>\n\t\t\t\t\t<\/div>\n\n\t\n<\/div>\n\t\t<\/div>\n\n\t\t\n<style>\n#section_390397919 {\n  padding-top: 30px;\n  padding-bottom: 30px;\n}\n@media (min-width:550px) {\n  #section_390397919 {\n    padding-top: 30px;\n    padding-bottom: 30px;\n  }\n}\n@media (min-width:850px) {\n  #section_390397919 {\n    padding-top: 80px;\n    padding-bottom: 80px;\n  }\n}\n<\/style>\n\t<\/section>\n\t\n\t<section class=\"section\" id=\"section_1133179948\">\n\t\t<div class=\"bg section-bg fill bg-fill  bg-loaded\" >\n\n\t\t\t\n\t\t\t\n\t\t\t\n\n\t\t<\/div>\n\n\t\t\n\n\t\t<div class=\"section-content relative\">\n\t\t\t\n\t<div id=\"gap-904741404\" class=\"gap-element clearfix\" style=\"display:block; height:auto;\">\n\t\t\n<style>\n#gap-904741404 {\n  padding-top: 30px;\n}\n<\/style>\n\t<\/div>\n\t\n<div class=\"row align-center\"  id=\"row-304819136\">\n\n\t<div id=\"col-1552092675\" class=\"col medium-10 small-12 large-10\"  >\n\t\t\t\t<div class=\"col-inner\"  >\n\t\t\t\n\t\t\t\n\t<div id=\"text-2650807993\" class=\"text\">\n\t\t\n<h2><strong>Idealne po\u0142\u0105czenie wzornictwa i funkcjonalno\u015bci<\/strong><\/h2>\n\t\t\n<style>\n#text-2650807993 {\n  font-size: 1.35rem;\n  text-align: center;\n  color: rgb(255,255,255);\n}\n#text-2650807993 > * {\n  color: rgb(255,255,255);\n}\n<\/style>\n\t<\/div>\n\t\n<div class=\"text-center\"><div class=\"is-divider divider clearfix\" style=\"background-color:rgb(255, 255, 255);\"><\/div><\/div>\n\t\t<\/div>\n\t\t\t\t\n<style>\n#col-1552092675 > .col-inner {\n  margin: 0px 0px -20px 0px;\n}\n<\/style>\n\t<\/div>\n\n\t\n<\/div>\n<div class=\"row\"  id=\"row-328715871\">\n\n\t<div id=\"col-1813002552\" class=\"col small-12 large-12\"  >\n\t\t\t\t<div class=\"col-inner text-center\"  >\n\t\t\t\n\t\t\t\n<a href=\"\/pl\/shop\/\" class=\"button white\"  style=\"border-radius:99px;\">\n    <span>Dowiedz si\u0119 wi\u0119cej<\/span>\n  <\/a>\n\n\t\t<\/div>\n\t\t\t\t\n<style>\n#col-1813002552 > .col-inner {\n  margin: 0px 0px -20px 0px;\n}\n<\/style>\n\t<\/div>\n\n\t\n<\/div>\n\t\t<\/div>\n\n\t\t\n<style>\n#section_1133179948 {\n  padding-top: 30px;\n  padding-bottom: 30px;\n  background-color: rgb(80, 107, 106);\n}\n<\/style>\n\t<\/section>\n\t\n\t<section class=\"section\" id=\"section_1727490168\">\n\t\t<div class=\"bg section-bg fill bg-fill  bg-loaded\" >\n\n\t\t\t\n\t\t\t\n\t\t\t\n\n\t\t<\/div>\n\n\t\t\n\n\t\t<div class=\"section-content relative\">\n\t\t\t\n<div class=\"row\"  id=\"row-19190498\">\n\n\t<div id=\"col-482265191\" class=\"col medium-6 small-12 large-6\"  >\n\t\t\t\t<div class=\"col-inner\"  >\n\t\t\t\n\t\t\t\n\t<div id=\"gap-183722550\" class=\"gap-element clearfix\" style=\"display:block; height:auto;\">\n\t\t\n<style>\n#gap-183722550 {\n  padding-top: 45px;\n}\n<\/style>\n\t<\/div>\n\t\n\t<div class=\"img has-hover x md-x lg-x y md-y lg-y\" id=\"image_1967537664\">\n\t\t\t\t\t\t\t\t<div class=\"img-inner image-cover dark\" style=\"padding-top:65%;\">\n\t\t\t<img loading=\"lazy\" decoding=\"async\" width=\"794\" height=\"510\" src=\"https:\/\/sinkwithfaucet.com\/wp-content\/uploads\/2024\/11\/48a630f0-9512-4231-a10d-eef0c336bb1f.jpg\" class=\"attachment-original size-original\" alt=\"Nasze certyfikaty\" srcset=\"https:\/\/sinkwithfaucet.com\/wp-content\/uploads\/2024\/11\/48a630f0-9512-4231-a10d-eef0c336bb1f.jpg 794w, https:\/\/sinkwithfaucet.com\/wp-content\/uploads\/2024\/11\/48a630f0-9512-4231-a10d-eef0c336bb1f-300x193.jpg 300w, https:\/\/sinkwithfaucet.com\/wp-content\/uploads\/2024\/11\/48a630f0-9512-4231-a10d-eef0c336bb1f-768x493.jpg 768w, https:\/\/sinkwithfaucet.com\/wp-content\/uploads\/2024\/11\/48a630f0-9512-4231-a10d-eef0c336bb1f-18x12.jpg 18w, https:\/\/sinkwithfaucet.com\/wp-content\/uploads\/2024\/11\/48a630f0-9512-4231-a10d-eef0c336bb1f-600x385.jpg 600w\" sizes=\"auto, (max-width: 794px) 100vw, 794px\" title=\"\">\t\t\t\t\t\t\n\t\t\t\t\t<\/div>\n\t\t\t\t\t\t\t\t\n<style>\n#image_1967537664 {\n  width: 100%;\n}\n<\/style>\n\t<\/div>\n\t\n\t\t<\/div>\n\t\t\t\t\t<\/div>\n\n\t\n\n\t<div id=\"col-1771211136\" class=\"col medium-6 small-12 large-6\"  >\n\t\t\t\t<div class=\"col-inner\"  >\n\t\t\t\n\t\t\t\n<h2 class=\"elementor-divider__text elementor-divider__element\"><strong>Nasze zalety jako dostawcy zlewozmywak\u00f3w<\/strong><\/h2>\n<p data-sourcepos=\"7:1-7:45\"><strong>Nasze zaanga\u017cowanie w jako\u015b\u0107 i innowacje:<\/strong><\/p>\n<ul data-sourcepos=\"9:1-12:0\">\n<li data-sourcepos=\"9:1-9:135\"><strong>Zaawansowane zak\u0142ady produkcyjne:<\/strong> Wyposa\u017ceni w najnowocze\u015bniejsze maszyny, zapewniamy precyzyjn\u0105 produkcj\u0119 i sta\u0142\u0105 jako\u015b\u0107.<\/li>\n<li data-sourcepos=\"10:1-10:131\"><strong>Ci\u0105g\u0142e doskonalenie:<\/strong> Inwestujemy w badania i rozw\u00f3j, aby wyprzedza\u0107 trendy w bran\u017cy i oferowa\u0107 innowacyjne produkty.<\/li>\n<li data-sourcepos=\"11:1-12:0\"><strong>Koncentracja na kliencie:<\/strong> Naszym celem jest zaspokajanie r\u00f3\u017cnorodnych potrzeb naszych klient\u00f3w poprzez dostarczanie szerokiej gamy wysokiej jako\u015bci zlewozmywak\u00f3w ze stali nierdzewnej.<\/li>\n<\/ul>\n<p data-sourcepos=\"13:1-13:22\"><strong>Nasz asortyment produkt\u00f3w:<\/strong><\/p>\n<ul data-sourcepos=\"15:1-18:0\">\n<li data-sourcepos=\"15:1-15:105\"><strong>R\u0119cznie robione zlewozmywaki:<\/strong> Wykonane z precyzj\u0105 i dba\u0142o\u015bci\u0105 o szczeg\u00f3\u0142y, aby zapewni\u0107 wyj\u0105tkowy i spersonalizowany charakter.<\/li>\n<li data-sourcepos=\"17:1-18:0\"><strong>Zlewozmywaki produkowane maszynowo:<\/strong> Wydajna produkcja przy u\u017cyciu nowoczesnych technik produkcyjnych zapewnia sta\u0142\u0105 jako\u015b\u0107 i przyst\u0119pn\u0105 cen\u0119.<\/li>\n<\/ul>\n<a href=\"\/pl\/contact\/\" class=\"button primary\"  style=\"border-radius:99px;\">\n    <span>do\u0142\u0105cz do nas teraz<\/span>\n  <\/a>\n\n\t\t<\/div>\n\t\t\t\t\t<\/div>\n\n\t\n<\/div>\n\t\t<\/div>\n\n\t\t\n<style>\n#section_1727490168 {\n  padding-top: 0px;\n  padding-bottom: 0px;\n}\n@media (min-width:550px) {\n  #section_1727490168 {\n    padding-top: 0px;\n    padding-bottom: 0px;\n  }\n}\n@media (min-width:850px) {\n  #section_1727490168 {\n    padding-top: 50px;\n    padding-bottom: 50px;\n  }\n}\n<\/style>\n\t<\/section>\n\t\n\t<section class=\"section\" id=\"section_765449122\">\n\t\t<div class=\"bg section-bg fill bg-fill  bg-loaded\" >\n\n\t\t\t\n\t\t\t\n\t\t\t\n\n\t\t<\/div>\n\n\t\t\n\n\t\t<div class=\"section-content relative\">\n\t\t\t\n<div class=\"row\"  id=\"row-1940385912\">\n\n\t<div id=\"col-565168200\" class=\"col small-12 large-12\"  >\n\t\t\t\t<div class=\"col-inner\"  >\n\t\t\t\n\t\t\t\n<h2 style=\"text-align: center;\">Dlaczego warto wybra\u0107 Dexing jako dostawc\u0119 zlewozmywak\u00f3w?<\/h2>\n\t\t<\/div>\n\t\t\t\t\t<\/div>\n\n\t\n<\/div>\n<div class=\"row\"  id=\"row-2135956036\">\n\n\t<div id=\"col-1326435858\" class=\"col medium-4 small-12 large-4\"  >\n\t\t\t\t<div class=\"col-inner\"  >\n\t\t\t\n\t\t\t\n\n\t\t<div class=\"icon-box featured-box icon-box-center text-center\"  >\n\t\t\t\t\t<div class=\"icon-box-img\" style=\"width: 98px\">\n\t\t\t\t<div class=\"icon\">\n\t\t\t\t\t<div class=\"icon-inner\" >\n\t\t\t\t\t\t<img loading=\"lazy\" decoding=\"async\" width=\"200\" height=\"200\" src=\"https:\/\/sinkwithfaucet.com\/wp-content\/uploads\/2024\/10\/quality.png\" class=\"attachment-medium size-medium\" alt=\"jako\u015b\u0107\" srcset=\"https:\/\/sinkwithfaucet.com\/wp-content\/uploads\/2024\/10\/quality.png 200w, https:\/\/sinkwithfaucet.com\/wp-content\/uploads\/2024\/10\/quality-150x150.png 150w, https:\/\/sinkwithfaucet.com\/wp-content\/uploads\/2024\/10\/quality-12x12.png 12w, https:\/\/sinkwithfaucet.com\/wp-content\/uploads\/2024\/10\/quality-100x100.png 100w\" sizes=\"auto, (max-width: 200px) 100vw, 200px\" title=\"\">\t\t\t\t\t<\/div>\n\t\t\t\t<\/div>\n\t\t\t<\/div>\n\t\t\t\t<div class=\"icon-box-text last-reset\">\n\t\t\t\t\t\t\t\t\t\n<h3><strong>Zapewnienie jako\u015bci<\/strong><\/h3>\n<p>Nasze zaanga\u017cowanie w jako\u015b\u0107 gwarantuje, \u017ce otrzymasz niezawodny i trwa\u0142y produkt.<\/p>\n\t\t<\/div>\n\t<\/div>\n\t\n\t\n\t\t<\/div>\n\t\t\t\t\t<\/div>\n\n\t\n\n\t<div id=\"col-1613349170\" class=\"col medium-4 small-12 large-4\"  >\n\t\t\t\t<div class=\"col-inner\"  >\n\t\t\t\n\t\t\t\n\n\t\t<div class=\"icon-box featured-box icon-box-center text-center\"  >\n\t\t\t\t\t<div class=\"icon-box-img\" style=\"width: 98px\">\n\t\t\t\t<div class=\"icon\">\n\t\t\t\t\t<div class=\"icon-inner\" >\n\t\t\t\t\t\t<img loading=\"lazy\" decoding=\"async\" width=\"200\" height=\"200\" src=\"https:\/\/sinkwithfaucet.com\/wp-content\/uploads\/2024\/10\/customization.png\" class=\"attachment-medium size-medium\" alt=\"personalizacja\" srcset=\"https:\/\/sinkwithfaucet.com\/wp-content\/uploads\/2024\/10\/customization.png 200w, https:\/\/sinkwithfaucet.com\/wp-content\/uploads\/2024\/10\/customization-150x150.png 150w, https:\/\/sinkwithfaucet.com\/wp-content\/uploads\/2024\/10\/customization-12x12.png 12w, https:\/\/sinkwithfaucet.com\/wp-content\/uploads\/2024\/10\/customization-100x100.png 100w\" sizes=\"auto, (max-width: 200px) 100vw, 200px\" title=\"\">\t\t\t\t\t<\/div>\n\t\t\t\t<\/div>\n\t\t\t<\/div>\n\t\t\t\t<div class=\"icon-box-text last-reset\">\n\t\t\t\t\t\t\t\t\t\n<h3><a href=\"https:\/\/sinkwithfaucet.com\/pl\/stainless-kitchen-sink-oem-service\/\"><strong>Opcje dostosowywania<\/strong><\/a><\/h3>\n<p>Oferujemy r\u00f3\u017cne style, rozmiary i wyko\u0144czenia, aby spe\u0142ni\u0107 okre\u015blone potrzeby.<\/p>\n\t\t<\/div>\n\t<\/div>\n\t\n\t\n\t\t<\/div>\n\t\t\t\t\t<\/div>\n\n\t\n\n\t<div id=\"col-1076130880\" class=\"col medium-4 small-12 large-4\"  >\n\t\t\t\t<div class=\"col-inner\"  >\n\t\t\t\n\t\t\t\n\n\t\t<div class=\"icon-box featured-box icon-box-center text-center\"  >\n\t\t\t\t\t<div class=\"icon-box-img\" style=\"width: 98px\">\n\t\t\t\t<div class=\"icon\">\n\t\t\t\t\t<div class=\"icon-inner\" >\n\t\t\t\t\t\t<img loading=\"lazy\" decoding=\"async\" width=\"200\" height=\"200\" src=\"https:\/\/sinkwithfaucet.com\/wp-content\/uploads\/2024\/10\/customer-service-fill.png\" class=\"attachment-medium size-medium\" alt=\"obs\u0142uga klienta\" srcset=\"https:\/\/sinkwithfaucet.com\/wp-content\/uploads\/2024\/10\/customer-service-fill.png 200w, https:\/\/sinkwithfaucet.com\/wp-content\/uploads\/2024\/10\/customer-service-fill-150x150.png 150w, https:\/\/sinkwithfaucet.com\/wp-content\/uploads\/2024\/10\/customer-service-fill-12x12.png 12w, https:\/\/sinkwithfaucet.com\/wp-content\/uploads\/2024\/10\/customer-service-fill-100x100.png 100w\" sizes=\"auto, (max-width: 200px) 100vw, 200px\" title=\"\">\t\t\t\t\t<\/div>\n\t\t\t\t<\/div>\n\t\t\t<\/div>\n\t\t\t\t<div class=\"icon-box-text last-reset\">\n\t\t\t\t\t\t\t\t\t\n<h3><strong>Doskona\u0142a obs\u0142uga klienta<\/strong><\/h3>\n<p>Nasz oddany zesp\u00f3\u0142 zawsze s\u0142u\u017cy pomoc\u0105 w przypadku pyta\u0144 i zapewnia spersonalizowane wsparcie.<\/p>\n\t\t<\/div>\n\t<\/div>\n\t\n\t\n\t\t<\/div>\n\t\t\t\t\t<\/div>\n\n\t\n<\/div>\n\t\t<\/div>\n\n\t\t\n<style>\n#section_765449122 {\n  padding-top: 30px;\n  padding-bottom: 30px;\n  background-color: rgb(240, 252, 249);\n}\n<\/style>\n\t<\/section>","protected":false},"excerpt":{"rendered":"","protected":false},"author":3,"featured_media":2165,"parent":0,"menu_order":0,"comment_status":"closed","ping_status":"closed","template":"page-blank.php","meta":{"footnotes":""},"class_list":["post-25","page","type-page","status-publish","has-post-thumbnail","hentry"],"_links":{"self":[{"href":"https:\/\/sinkwithfaucet.com\/pl\/wp-json\/wp\/v2\/pages\/25","targetHints":{"allow":["GET"]}}],"collection":[{"href":"https:\/\/sinkwithfaucet.com\/pl\/wp-json\/wp\/v2\/pages"}],"about":[{"href":"https:\/\/sinkwithfaucet.com\/pl\/wp-json\/wp\/v2\/types\/page"}],"author":[{"embeddable":true,"href":"https:\/\/sinkwithfaucet.com\/pl\/wp-json\/wp\/v2\/users\/3"}],"replies":[{"embeddable":true,"href":"https:\/\/sinkwithfaucet.com\/pl\/wp-json\/wp\/v2\/comments?post=25"}],"version-history":[{"count":38,"href":"https:\/\/sinkwithfaucet.com\/pl\/wp-json\/wp\/v2\/pages\/25\/revisions"}],"predecessor-version":[{"id":2726,"href":"https:\/\/sinkwithfaucet.com\/pl\/wp-json\/wp\/v2\/pages\/25\/revisions\/2726"}],"wp:featuredmedia":[{"embeddable":true,"href":"https:\/\/sinkwithfaucet.com\/pl\/wp-json\/wp\/v2\/media\/2165"}],"wp:attachment":[{"href":"https:\/\/sinkwithfaucet.com\/pl\/wp-json\/wp\/v2\/media?parent=25"}],"curies":[{"name":"wp","href":"https:\/\/api.w.org\/{rel}","templated":true}]}}