{"id":2050,"date":"2024-10-19T09:28:07","date_gmt":"2024-10-19T09:28:07","guid":{"rendered":"https:\/\/sinkwithfaucet.com\/?page_id=2050"},"modified":"2024-11-11T08:47:26","modified_gmt":"2024-11-11T08:47:26","slug":"faqs-about-kitchen-sink","status":"publish","type":"page","link":"https:\/\/sinkwithfaucet.com\/pl\/faqs-about-kitchen-sink\/","title":{"rendered":"Najcz\u0119\u015bciej zadawane pytania"},"content":{"rendered":"<div class=\"banner has-hover has-parallax\" id=\"banner-101600408\">\n          <div class=\"banner-inner fill\">\n        <div class=\"banner-bg fill\" data-parallax=\"-3\" data-parallax-container=\".banner\" data-parallax-background>\n            <div class=\"bg fill bg-fill\"><\/div>\n                                    \n                    <\/div>\n\t\t\n        <div class=\"banner-layers container\">\n            <div class=\"fill banner-link\"><\/div>            \n   <div id=\"text-box-1132093153\" class=\"text-box banner-layer x50 md-x50 lg-x50 y50 md-y50 lg-y50 res-text\">\n                     <div data-animate=\"fadeInLeft\">           <div class=\"text-box-content text dark\">\n              \n              <div class=\"text-inner text-center\">\n                  \n<h1 style=\"text-align: center;\">Najcz\u0119\u015bciej zadawane pytania<\/h1>\n              <\/div>\n           <\/div>\n       <\/div>                     \n<style>\n#text-box-1132093153 {\n  width: 80%;\n}\n#text-box-1132093153 .text-box-content {\n  font-size: 100%;\n}\n@media (min-width:550px) {\n  #text-box-1132093153 {\n    width: 41%;\n  }\n}\n<\/style>\n    <\/div>\n \n        <\/div>\n      <\/div>\n\n            \n<style>\n#banner-101600408 {\n  padding-top: 145px;\n}\n#banner-101600408 .bg.bg-loaded {\n  background-image: 8950;\n}\n#banner-101600408 .overlay {\n  background-color: rgba(0, 0, 0, 0.3);\n}\n#banner-101600408 .bg {\n  background-position: 35% 23%;\n}\n<\/style>\n  <\/div>\n\n\n\t<section class=\"section\" id=\"section_923315954\">\n\t\t<div class=\"bg section-bg fill bg-fill  bg-loaded\" >\n\n\t\t\t\n\t\t\t\n\t\t\t\n\n\t\t<\/div>\n\n\t\t\n\n\t\t<div class=\"section-content relative\">\n\t\t\t\n<div class=\"row\"  id=\"row-2051127563\">\n\n\t<div id=\"col-1783642629\" class=\"col small-12 large-12\"  >\n\t\t\t\t<div class=\"col-inner\"  >\n\t\t\t\n\t\t\t\n<h3 data-sourcepos=\"3:1-3:58\"><strong>1. Spersonalizowana kuchnia z niestandardowym nadrukiem logo<\/strong><\/h3>\n<p data-sourcepos=\"5:1-5:170\">Podnie\u015b swoj\u0105 mark\u0119 dzi\u0119ki naszej niestandardowej us\u0142udze drukowania logo. Mo\u017cemy wykona\u0107 nadruk laserowy lub srebrno-czarny bezpo\u015brednio na naszych zlewozmywakach i bateriach kuchennych ze stali nierdzewnej.<\/p>\n<p data-sourcepos=\"7:1-7:150\">Aby rozpocz\u0105\u0107, wystarczy dostarczy\u0107 nam upowa\u017cnienie do korzystania z logo. B\u0119dziemy wsp\u00f3\u0142pracowa\u0107 z Tob\u0105, aby stworzy\u0107 unikalny, markowy produkt, kt\u00f3ry Ci\u0119 wyr\u00f3\u017cni.<\/p>\n<h3 data-sourcepos=\"9:1-9:50\"><strong>2. Rozwi\u0105zania kuchenne szyte na miar\u0119, specjalnie dla Ciebie<\/strong><\/h3>\n<p data-sourcepos=\"11:1-11:134\">Potrzebujesz zlewozmywaka, kt\u00f3ry b\u0119dzie tak wyj\u0105tkowy jak Twoja przestrze\u0144? Nasz do\u015bwiadczony zesp\u00f3\u0142 projektant\u00f3w mo\u017ce stworzy\u0107 niestandardowe zlewozmywaki zgodnie z dok\u0142adnymi specyfikacjami.<\/p>\n<p data-sourcepos=\"13:1-13:176\">Dzi\u0119ki ponad 5-10-letniemu do\u015bwiadczeniu w bran\u017cy stale wprowadzamy innowacje i nowe linie produkt\u00f3w. Skontaktuj si\u0119 z nami ju\u017c dzi\u015b, aby om\u00f3wi\u0107 swoje potrzeby w zakresie niestandardowych zlewozmywak\u00f3w lub baterii kuchennych.<\/p>\n<h3 data-sourcepos=\"15:1-15:41\"><strong>3. Gwarantowana jako\u015b\u0107 i wydajno\u015b\u0107<\/strong><\/h3>\n<p data-sourcepos=\"17:1-17:173\">W Dexing dok\u0142adamy wszelkich stara\u0144, aby zapewni\u0107 wyj\u0105tkow\u0105 jako\u015b\u0107 i wydajno\u015b\u0107. Nasz proces produkcyjny z certyfikatem ISO9001 zapewnia, \u017ce ka\u017cdy produkt spe\u0142nia najwy\u017csze standardy.<\/p>\n<p data-sourcepos=\"19:1-19:112\">Od materia\u0142\u00f3w przychodz\u0105cych do kontroli ko\u0144cowej, skrupulatnie monitorujemy ka\u017cdy etap, aby zagwarantowa\u0107 bezb\u0142\u0119dny produkt.<\/p>\n<h3 data-sourcepos=\"21:1-21:45\"><strong>4. Kompletne rozwi\u0105zania kuchenne, uproszczone<\/strong><\/h3>\n<p data-sourcepos=\"23:1-23:190\">Opr\u00f3cz wysokiej jako\u015bci zlewozmywak\u00f3w kuchennych, oferujemy szerok\u0105 gam\u0119 akcesori\u00f3w, kt\u00f3re uzupe\u0142ni\u0105 Twoj\u0105 kuchni\u0119. Od baterii i ociekaczy po dozowniki myd\u0142a i deski do krojenia - mamy wszystko, czego potrzebujesz.<\/p>\n<p data-sourcepos=\"25:1-25:97\">Wybierz Dexing, aby uzyska\u0107 kompleksowe rozwi\u0105zanie kuchenne, kt\u00f3re \u0142\u0105czy w sobie styl, funkcjonalno\u015b\u0107 i trwa\u0142o\u015b\u0107.<\/p>\n<h3 data-sourcepos=\"27:1-27:40\"><strong>5. Sztuka r\u0119cznie robionych zlewozmywak\u00f3w kuchennych<\/strong><\/h3>\n<p data-sourcepos=\"29:1-29:150\">Poznaj pi\u0119kno i kunszt r\u0119cznie wykonanego zlewozmywaka kuchennego. Ka\u017cdy zlewozmywak jest unikalnym dzie\u0142em sztuki, starannie wykonanym z dba\u0142o\u015bci\u0105 o szczeg\u00f3\u0142y.<\/p>\n<p data-sourcepos=\"31:1-31:31\"><strong>Dlaczego warto wybra\u0107 r\u0119cznie robiony zlewozmywak?<\/strong><\/p>\n<ul data-sourcepos=\"33:1-36:0\">\n<li data-sourcepos=\"33:1-33:65\"><strong>Charakterystyczny styl:<\/strong> Dodaj odrobin\u0119 elegancji do swojej kuchni.<\/li>\n<li data-sourcepos=\"34:1-34:67\"><strong>Najwy\u017csza jako\u015b\u0107 wykonania:<\/strong> Wytrzyma\u0142a konstrukcja z najwy\u017cszej jako\u015bci materia\u0142\u00f3w.<\/li>\n<li data-sourcepos=\"35:1-36:0\"><strong>Spersonalizowany projekt:<\/strong> Stw\u00f3rz zlewozmywak, kt\u00f3ry b\u0119dzie Tw\u00f3j.<\/li>\n<\/ul>\n<p data-sourcepos=\"37:1-37:66\">Zainwestuj w r\u0119cznie robiony zlew kuchenny i podnie\u015b swoj\u0105 kulinarn\u0105 przestrze\u0144.<\/p>\n\t\t<\/div>\n\t\t\t\t\t<\/div>\n\n\t\n<\/div>\n\t\t<\/div>\n\n\t\t\n<style>\n#section_923315954 {\n  padding-top: 30px;\n  padding-bottom: 30px;\n}\n<\/style>\n\t<\/section>\n\t\n\t<section class=\"section\" id=\"section_76172131\">\n\t\t<div class=\"bg section-bg fill bg-fill  bg-loaded\" >\n\n\t\t\t\n\t\t\t\n\t\t\t\n\n\t\t<\/div>\n\n\t\t\n\n\t\t<div class=\"section-content relative\">\n\t\t\t\n<div class=\"row\"  id=\"row-38756558\">\n\n\t<div id=\"col-1550084754\" class=\"col small-12 large-12\"  >\n\t\t\t\t<div class=\"col-inner\"  >\n\t\t\t\n\t\t\t\n<h2 style=\"text-align: center;\">Kontakt<\/h2>\n<p style=\"text-align: center;\">Uzyska\u0107 najnowsz\u0105 cen\u0119? Odpowiemy tak szybko, jak to mo\u017cliwe (w ci\u0105gu 12 godzin)<\/p>\n\t\t<\/div>\n\t\t\t\t\t<\/div>\n\n\t\n<\/div>\n<div class=\"row\"  id=\"row-1880358340\">\n\n\t<div id=\"col-39176917\" class=\"col small-12 large-12\"  >\n\t\t\t\t<div class=\"col-inner\"  >\n\t\t\t\n\t\t\t\n\n<div class=\"wpcf7 no-js\" id=\"wpcf7-f280-o1\" lang=\"en-US\" dir=\"ltr\" data-wpcf7-id=\"280\">\n<div class=\"screen-reader-response\"><p role=\"status\" aria-live=\"polite\" aria-atomic=\"true\"><\/p> <ul><\/ul><\/div>\n<form action=\"\/pl\/wp-json\/wp\/v2\/pages\/2050#wpcf7-f280-o1\" method=\"post\" class=\"wpcf7-form init\" aria-label=\"Formularz kontaktowy\" novalidate=\"novalidate\" data-status=\"init\" data-trp-original-action=\"\/pl\/wp-json\/wp\/v2\/pages\/2050#wpcf7-f280-o1\">\n<fieldset class=\"hidden-fields-container\"><input type=\"hidden\" name=\"_wpcf7\" value=\"280\" \/><input type=\"hidden\" name=\"_wpcf7_version\" value=\"6.1\" \/><input type=\"hidden\" name=\"_wpcf7_locale\" value=\"en_US\" \/><input type=\"hidden\" name=\"_wpcf7_unit_tag\" value=\"wpcf7-f280-o1\" \/><input type=\"hidden\" name=\"_wpcf7_container_post\" value=\"0\" \/><input type=\"hidden\" name=\"_wpcf7_posted_data_hash\" value=\"\" \/>\n<\/fieldset>\n<div class='custom_contact_style'>\n\t<div class=\"row row-small\">\n\t\t<div class=\"col medium-6 small-12 large-6\">\n\t\t\t<div class=\"col-inner\">\n\t\t\t\t<p><span class=\"wpcf7-form-control-wrap\" data-name=\"your-name\"><input size=\"40\" maxlength=\"400\" class=\"wpcf7-form-control wpcf7-text wpcf7-validates-as-required\" aria-required=\"true\" aria-invalid=\"false\" placeholder=\"Nazwa*\" value=\"\" type=\"text\" name=\"your-name\" \/><\/span>\n\t\t\t\t<\/p>\n\t\t\t<\/div>\n\t\t<\/div>\n\t\t<div class=\"col medium-6 small-12 large-6\">\n\t\t\t<div class=\"col-inner\">\n\t\t\t\t<p><span class=\"wpcf7-form-control-wrap\" data-name=\"your-email\"><input size=\"40\" maxlength=\"400\" class=\"wpcf7-form-control wpcf7-email wpcf7-validates-as-required wpcf7-text wpcf7-validates-as-email\" aria-required=\"true\" aria-invalid=\"false\" placeholder=\"E-mail*\" value=\"\" type=\"email\" name=\"your-email\" \/><\/span>\n\t\t\t\t<\/p>\n\t\t\t<\/div>\n\t\t<\/div>\n\t<\/div>\n\t<div class='cus_contact_form_bottom'>\n\t\t<p><span class=\"wpcf7-form-control-wrap\" data-name=\"your-phone\"><input size=\"40\" maxlength=\"400\" class=\"wpcf7-form-control wpcf7-text\" aria-invalid=\"false\" placeholder=\"Telefon\" value=\"\" type=\"text\" name=\"your-phone\" \/><\/span>\n\t\t<\/p>\n\t<\/div>\n\t<div class='cus_contact_form_bottom'>\n\t\t<p><span class=\"wpcf7-form-control-wrap\" data-name=\"your-country\"><input size=\"40\" maxlength=\"400\" class=\"wpcf7-form-control wpcf7-text\" aria-invalid=\"false\" placeholder=\"Kraj\" value=\"\" type=\"text\" name=\"your-country\" \/><\/span>\n\t\t<\/p>\n\t<\/div>\n\t<p><span class=\"wpcf7-form-control-wrap\" data-name=\"your-message\"><textarea cols=\"40\" rows=\"10\" maxlength=\"2000\" class=\"wpcf7-form-control wpcf7-textarea wpcf7-validates-as-required\" aria-required=\"true\" aria-invalid=\"false\" placeholder=\"Twoja wiadomo\u015b\u0107 *\" name=\"your-message\"><\/textarea><\/span>\n\t<\/p>\n\t<div style=\"margin-bottom:10px;\">\n\t\t<p><span class=\"wpcf7-form-control-wrap kc_captcha cf7ic-toggle\" data-name=\"kc_captcha\"><span class=\"wpcf7-form-control wpcf7-radio\"><span class=\"captcha-image\" style=\"display: none;\"><span class=\"cf7ic_instructions\">Udowodnij, \u017ce jeste\u015b cz\u0142owiekiem, wybieraj\u0105c opcj\u0119<span> serce<\/span>.<\/span><label><input aria-label=\"1\" type=\"radio\" name=\"kc_captcha\" value=\"kc_human\" \/><svg aria-hidden=\"true\" role=\"img\" xmlns=\"http:\/\/www.w3.org\/2000\/svg\" viewbox=\"0 0 576 512\"><path fill=\"currentColor\" d=\"M415 24c-53 0-103 42-127 65-24-23-74-65-127-65C70 24 16 77 16 166c0 72 67 133 69 135l187 181c9 8 23 8 32 0l187-180c2-3 69-64 69-136 0-89-54-142-145-142z\"\/><\/svg><\/label><label><input aria-label=\"2\" type=\"radio\" name=\"kc_captcha\" value=\"bot\" \/><svg aria-hidden=\"true\" role=\"img\" xmlns=\"http:\/\/www.w3.org\/2000\/svg\" viewbox=\"0 0 512 512\"><path fill=\"currentColor\" d=\"M350 99c-54 0-98-35-166-35-25 0-47 4-68 12a56 56 0 004-24C118 24 95 1 66 0a56 56 0 00-34 102v386c0 13 11 24 24 24h16c13 0 24-11 24-24v-94c28-12 64-23 114-23 54 0 98 35 166 35 48 0 86-16 122-41 9-6 14-15 14-26V96c0-23-24-39-45-29-35 16-77 32-117 32z\"\/><\/svg><\/label><label><input aria-label=\"3\" type=\"radio\" name=\"kc_captcha\" value=\"bot\" \/><svg aria-hidden=\"true\" role=\"img\" xmlns=\"http:\/\/www.w3.org\/2000\/svg\" viewbox=\"0 0 512 512\"><path fill=\"currentColor\" d=\"M512 176a176 176 0 01-209 173l-24 27a24 24 0 01-18 8h-37v40c0 13-11 24-24 24h-40v40c0 13-11 24-24 24H24c-13 0-24-11-24-24v-78c0-6 3-13 7-17l162-162a176 176 0 11343-55zm-176-48a48 48 0 1096 0 48 48 0 00-96 0z\"\/><\/svg><\/label>\r\n    <\/span>\r\n    <span style=\"display:none\">\r\n        <input type=\"text\" name=\"kc_honeypot\">\r\n    <\/span><\/span><\/span>\n\t\t<\/p>\n\t<\/div>\n\t<p><input class=\"wpcf7-form-control wpcf7-submit has-spinner\" type=\"submit\" value=\"Wy\u015blij wiadomo\u015b\u0107\" \/>\n\t<\/p>\n<\/div><div class=\"wpcf7-response-output\" aria-hidden=\"true\"><\/div>\n<input type=\"hidden\" name=\"trp-form-language\" value=\"pl\"\/><\/form>\n<\/div>\n\n\t\t<\/div>\n\t\t\t\t\t<\/div>\n\n\t\n<\/div>\n\t\t<\/div>\n\n\t\t\n<style>\n#section_76172131 {\n  padding-top: 30px;\n  padding-bottom: 30px;\n  background-color: rgba(216, 247, 240, 0.39);\n}\n<\/style>\n\t<\/section>","protected":false},"excerpt":{"rendered":"","protected":false},"author":4,"featured_media":2076,"parent":0,"menu_order":0,"comment_status":"closed","ping_status":"closed","template":"page-blank.php","meta":{"footnotes":""},"class_list":["post-2050","page","type-page","status-publish","has-post-thumbnail","hentry"],"_links":{"self":[{"href":"https:\/\/sinkwithfaucet.com\/pl\/wp-json\/wp\/v2\/pages\/2050","targetHints":{"allow":["GET"]}}],"collection":[{"href":"https:\/\/sinkwithfaucet.com\/pl\/wp-json\/wp\/v2\/pages"}],"about":[{"href":"https:\/\/sinkwithfaucet.com\/pl\/wp-json\/wp\/v2\/types\/page"}],"author":[{"embeddable":true,"href":"https:\/\/sinkwithfaucet.com\/pl\/wp-json\/wp\/v2\/users\/4"}],"replies":[{"embeddable":true,"href":"https:\/\/sinkwithfaucet.com\/pl\/wp-json\/wp\/v2\/comments?post=2050"}],"version-history":[{"count":11,"href":"https:\/\/sinkwithfaucet.com\/pl\/wp-json\/wp\/v2\/pages\/2050\/revisions"}],"predecessor-version":[{"id":2632,"href":"https:\/\/sinkwithfaucet.com\/pl\/wp-json\/wp\/v2\/pages\/2050\/revisions\/2632"}],"wp:featuredmedia":[{"embeddable":true,"href":"https:\/\/sinkwithfaucet.com\/pl\/wp-json\/wp\/v2\/media\/2076"}],"wp:attachment":[{"href":"https:\/\/sinkwithfaucet.com\/pl\/wp-json\/wp\/v2\/media?parent=2050"}],"curies":[{"name":"wp","href":"https:\/\/api.w.org\/{rel}","templated":true}]}}