{"id":2660,"date":"2024-11-11T10:19:02","date_gmt":"2024-11-11T10:19:02","guid":{"rendered":"https:\/\/sinkwithfaucet.com\/?post_type=product&#038;p=2660"},"modified":"2024-12-27T03:10:06","modified_gmt":"2024-12-27T03:10:06","slug":"single-handle-pull-out-sprayer-kitchen-faucet","status":"publish","type":"product","link":"https:\/\/sinkwithfaucet.com\/nl\/single-handle-pull-out-sprayer-kitchen-faucet\/","title":{"rendered":"E\u00e9ngreeps Uittrekbare Keukenkraan 1107"},"content":{"rendered":"<h2 class=\"a-size-base-plus a-text-bold\"><strong>Over de \u00e9\u00e9ngreeps keukenkraan met uittrekbare sproeikop<\/strong><\/h2>\n<ul class=\"a-unordered-list a-vertical a-spacing-mini\">\n<li class=\"a-spacing-mini\"><span class=\"a-list-item\"><strong>LANGDURIG EN DUURZAAM: <\/strong>Deze uittrekbare keukenkraan is gemaakt van roestvrij staal van hoge kwaliteit, met een stevige structuur, en het oppervlak maakt gebruik van bakkende verftechnologie op hoge temperatuur, die slijtvast en duurzaam is, niet gemakkelijk roest en vervaagt, en lange tijd gebruikt kan worden.<\/span><\/li>\n<li class=\"a-spacing-mini\"><span class=\"a-list-item\"><strong>MODUS MET DUBBELE UITLOOP: <\/strong>De gootsteenkraan is ook uitgerust met een dubbele uitloopfunctie, die gemakkelijk kan worden omgeschakeld tussen een normale waterkolom en een krachtige douche om aan je verschillende behoeften te voldoen.<\/span><\/li>\n<li class=\"a-spacing-mini\"><span class=\"a-list-item\"><strong>TEMPERATUURREGELING: <\/strong>De <a href=\"https:\/\/kitchensink.us\/stainless-steel-kitchen-faucet\/\" target=\"_blank\" rel=\"noopener\">gootsteenkraan<\/a> Het apparaat is ook uitgerust met een temperatuurregelingsfunctie, waarmee je de gewenste temperatuur naar believen kunt instellen. Zo bespaar je de moeite om warm en koud water handmatig te mengen.<\/span><\/li>\n<li class=\"a-spacing-mini\"><span class=\"a-list-item\"><strong>360 GRADEN ROTATIE: <\/strong>De 360 graden draaifunctie zorgt voor een volledig bewegingsbereik en flexibiliteit, waardoor de waterstroom flexibel alle hoeken van de gootsteen bereikt en er voldoende ruimte is voor het schoonmaken van potten en schalen.<\/span><\/li>\n<li class=\"a-spacing-mini\"><span class=\"a-list-item\"><strong>HOOGWAARDIGE SPUITMOND: <\/strong>De zachte huidschuimer kan niet alleen de waterstroom rijk aan schuim maken, zacht en niet-spattend, comfortabel om aan te raken, maar ook onzuiverheden filteren en je helpen water te besparen in je dagelijkse leven.<\/span><\/li>\n<\/ul>\n<p>&nbsp;<\/p>\n<h2><strong>Soorten uittrekbare keukenkranen<\/strong><\/h2>\n<ul>\n<li><strong>Enkele handgreep:<\/strong><\/li>\n<\/ul>\n<p>Het meest voorkomende type. Voorzien van \u00e9\u00e9n hendel die zowel de watertemperatuur als het debiet regelt.  Eenvoudige en intu\u00eftieve bediening.<\/p>\n<ul>\n<li><strong>Professionele stijl:<\/strong><\/li>\n<\/ul>\n<p>Hebben vaak een hoge uitloop voor meer ruimte onder de kraan.  Hebben meestal een krachtige straal en een duurzame constructie, waardoor ze populair zijn bij chef-koks en serieuze thuiskoks.<\/p>\n<ul>\n<li><strong>Gewogen:<\/strong><\/li>\n<\/ul>\n<p>Bevestig een gewicht aan de basis van de sproeikop zodat deze soepel kan worden ingetrokken en niet gaat bungelen. Dit zorgt voor een elegantere en gebruiksvriendelijkere ervaring.<\/p>\n<ul>\n<li><strong>Geveerd:<\/strong><\/li>\n<\/ul>\n<p>Gebruik een veermechanisme om de sproeikop snel en moeiteloos in te trekken.  Dit kan tijd en moeite besparen tijdens het gebruik.<\/p>\n<p>&nbsp;<\/p>\n<h2 data-sourcepos=\"16:1-16:57\"><strong>Overwegingsfactoren bij het kiezen van een \u00e9\u00e9ngreeps keukenkraan met uittrekbare sproeikop<\/strong><\/h2>\n<ul data-sourcepos=\"18:1-22:0\">\n<li data-sourcepos=\"18:1-18:114\"><strong>Hoogte uitloop:<\/strong>\u00a0Zorg ervoor dat de hoogte van de uitloop geschikt is voor de diepte van je gootsteen en de grootte van de potten en pannen die je gebruikt.<\/li>\n<li data-sourcepos=\"19:1-19:116\"><strong>Afwerking:<\/strong>\u00a0Kies een afwerking die past bij de stijl van je keuken, zoals chroom, geborsteld nikkel of matzwart.<\/li>\n<li data-sourcepos=\"20:1-20:91\"><strong>Installatie:<\/strong>\u00a0Houd rekening met de installatiemethode en de vereiste loodgieterverbindingen.<\/li>\n<li data-sourcepos=\"21:1-22:0\"><strong>Waterdruk:<\/strong>\u00a0Controleer of de kraan de waterdruk in je huis aankan.<\/li>\n<\/ul>\n<p>&nbsp;<\/p>\n<h2><strong>Kenmerken &amp; Voordelen van Uittrekbare Keukenkraan<\/strong><\/h2>\n<ul>\n<li>Installatie met \u00e9\u00e9n gat - maximale dekdikte van 1,75\".<\/li>\n<li>Geschikt voor ADA - E\u00e9n hendel voor eenvoudige bediening<\/li>\n<li>Verticaal handvat aan het hoofdgedeelte, 90\u00b0 naar voren draaibaar voor gebruik in krappe ruimtes met achterwanden<\/li>\n<li>Sproeikop met dubbele functie - waterstroom van 1,8 GPM wisselt af tussen krachtig sproeien en beluchten: Perfect voor krachtig schrobben, zacht spoelen en potten vullen<\/li>\n<li>Loodvrije CALGreen California-conforme duurzame messing constructie<\/li>\n<li>360\u00b0 draaibare uitloop zorgt ervoor dat de trekkracht soepel blijft werken<\/li>\n<li>Het ontwerp van de hoge schenktuit biedt voldoende ruimte voor het vullen van pannen en het schoonmaken van groter kookgerei<\/li>\n<li>Keramisch patroon - hoogste kwaliteit \"no-drip\" precisie<\/li>\n<li>Zeer effici\u00ebnte beluchter, zorgt voor een zachte, spatvrije stroom<\/li>\n<li>Dankzij de uittrekbare sproeikop met 60\" nylon gevlochten slang kun je je gootsteen in elke hoek spoelen<\/li>\n<li>Rubberen sproeikoppen zijn eenvoudig te reinigen van minerale afzettingen voor langdurige prestaties<\/li>\n<li>Meervoudige, corrosiebestendige afwerking die na verloop van tijd niet zal aantasten en vervagen<\/li>\n<li>Inclusief vooraf ge\u00efnstalleerde bevestigingsmaterialen en anti-burst warm\/koud waterleidingen<\/li>\n<\/ul>\n<p>&nbsp;<\/p>\n<p>Met zijn klassieke design en eenvoudige lijnen zal deze elegante kraan in elke keuken goed staan. De uittrekbare kraan wordt geleverd in twee duurzame afwerkingsopties om het kleurenpalet van je keuken aan te vullen. De dubbelwerkende sproeikop met uittrekbare slang maakt wassen en spoelen een fluitje van een cent. Deze vakkundig vervaardigde kraan is gemaakt van materialen van de hoogste kwaliteit en zal jarenlang zorgeloos gebruik garanderen.<\/p>\n<p>&nbsp;<\/p>\n<p>&nbsp;<\/p>\n<p>&nbsp;<\/p>\n<p>&nbsp;<\/p>\n<p>&nbsp;<\/p>\n<p>&nbsp;<\/p>","protected":false},"excerpt":{"rendered":"<table style=\"height: 407px;\" width=\"704\">\n<tbody>\n<tr>\n<td width=\"808\">1 Afmetingen kraan<\/td>\n<td width=\"1177\">380*225mm<\/td>\n<\/tr>\n<tr>\n<td width=\"808\">2 Kraan Netto Gewicht<\/td>\n<td width=\"1177\">2,5 kg<\/td>\n<\/tr>\n<tr>\n<td width=\"808\">3 Kraan met doos Brutogewicht<\/td>\n<td width=\"1177\">2,8 kg<\/td>\n<\/tr>\n<tr>\n<td width=\"808\">4 Afmetingen doos<\/td>\n<td width=\"1177\">54*32*26mm<\/td>\n<\/tr>\n<tr>\n<td width=\"808\">5 Verpakking<\/td>\n<td width=\"1177\">4ST\/CTN; 10ST\/CTN; 12ST\/CTN<\/td>\n<\/tr>\n<tr>\n<td width=\"808\">6 Lengte inlaatslang<\/td>\n<td width=\"1177\">60 mm<\/td>\n<\/tr>\n<tr>\n<td width=\"808\">7 Maat waterlijnmoer<\/td>\n<td width=\"1177\">3\/8\u2033of 1\/2\u2033of 9\/16\u2033<\/td>\n<\/tr>\n<tr>\n<td width=\"808\">8 Montagegat Snijgrootte<\/td>\n<td width=\"1177\">35 mm<\/td>\n<\/tr>\n<tr>\n<td width=\"808\">9 Materialen voor kranen<\/td>\n<td width=\"1177\">Loodvrij Premium 304 Amerikaans Standaard Roestvast<br \/>\nstaal<\/td>\n<\/tr>\n<\/tbody>\n<\/table>","protected":false},"featured_media":2661,"template":"","meta":[],"product_brand":[],"product_cat":[57],"product_tag":[],"class_list":{"0":"post-2660","1":"product","2":"type-product","3":"status-publish","4":"has-post-thumbnail","6":"product_cat-stainless-steel-faucet","8":"first","9":"instock","10":"shipping-taxable","11":"product-type-simple"},"_links":{"self":[{"href":"https:\/\/sinkwithfaucet.com\/nl\/wp-json\/wp\/v2\/product\/2660","targetHints":{"allow":["GET"]}}],"collection":[{"href":"https:\/\/sinkwithfaucet.com\/nl\/wp-json\/wp\/v2\/product"}],"about":[{"href":"https:\/\/sinkwithfaucet.com\/nl\/wp-json\/wp\/v2\/types\/product"}],"wp:featuredmedia":[{"embeddable":true,"href":"https:\/\/sinkwithfaucet.com\/nl\/wp-json\/wp\/v2\/media\/2661"}],"wp:attachment":[{"href":"https:\/\/sinkwithfaucet.com\/nl\/wp-json\/wp\/v2\/media?parent=2660"}],"wp:term":[{"taxonomy":"product_brand","embeddable":true,"href":"https:\/\/sinkwithfaucet.com\/nl\/wp-json\/wp\/v2\/product_brand?post=2660"},{"taxonomy":"product_cat","embeddable":true,"href":"https:\/\/sinkwithfaucet.com\/nl\/wp-json\/wp\/v2\/product_cat?post=2660"},{"taxonomy":"product_tag","embeddable":true,"href":"https:\/\/sinkwithfaucet.com\/nl\/wp-json\/wp\/v2\/product_tag?post=2660"}],"curies":[{"name":"wp","href":"https:\/\/api.w.org\/{rel}","templated":true}]}}