{"id":2656,"date":"2024-11-11T10:04:28","date_gmt":"2024-11-11T10:04:28","guid":{"rendered":"https:\/\/sinkwithfaucet.com\/?post_type=product&#038;p=2656"},"modified":"2024-11-11T10:10:09","modified_gmt":"2024-11-11T10:10:09","slug":"single-lever-kitchen-faucet-1005","status":"publish","type":"product","link":"https:\/\/sinkwithfaucet.com\/nl\/single-lever-kitchen-faucet-1005\/","title":{"rendered":"E\u00e9ngreeps keukenkraan 1005"},"content":{"rendered":"<h2 data-sourcepos=\"1:1-1:49\">Keukenkranen met \u00e9\u00e9n greep: Een moderne klassieker<\/h2>\n<p data-sourcepos=\"3:1-3:124\">Keukenkranen met \u00e9\u00e9n hendel zijn een populaire keuze geworden vanwege hun strakke design, gebruiksgemak en effici\u00ebnte waterregeling.<\/p>\n<p data-sourcepos=\"5:1-5:18\"><strong>Hoe ze werken:<\/strong><\/p>\n<p data-sourcepos=\"7:1-7:213\">Een eenhendelkraan gebruikt een enkele hendel om zowel de watertemperatuur als het debiet te regelen. Door de hendel op en neer te bewegen, pas je de watertemperatuur aan, terwijl je door de hendel heen en weer te bewegen het debiet regelt.<\/p>\n<p data-sourcepos=\"9:1-9:49\"><strong>Belangrijkste voordelen van keukenkranen met \u00e9\u00e9n greep:<\/strong><\/p>\n<ul data-sourcepos=\"11:1-16:0\">\n<li data-sourcepos=\"11:1-11:88\"><strong>Gebruiksgemak:<\/strong> Een enkele hendel maakt het eenvoudig om de watertemperatuur en het debiet aan te passen.<\/li>\n<li data-sourcepos=\"12:1-12:80\"><strong>Slank ontwerp:<\/strong> Het minimalistische ontwerp is een aanvulling op de moderne keukenesthetiek.<\/li>\n<li data-sourcepos=\"13:1-13:136\"><strong>Watereffici\u00ebntie:<\/strong> Veel eenhendelkranen zijn WaterSense gecertificeerd, wat betekent dat ze minder water verbruiken zonder aan prestaties in te boeten.<\/li>\n<li data-sourcepos=\"14:1-14:117\"><strong>Duurzaamheid:<\/strong> Gemaakt van hoogwaardige materialen zoals messing en roestvrij staal, voor langdurige prestaties.<\/li>\n<li data-sourcepos=\"15:1-16:0\"><strong>Verschillende stijlen:<\/strong> Verkrijgbaar in verschillende afwerkingen, van chroom tot matzwart, om aan verschillende voorkeuren te voldoen.<\/li>\n<\/ul>\n<p data-sourcepos=\"17:1-17:60\"><strong>Overwegingsfactoren bij het kiezen van een eenhendelkraan:<\/strong><\/p>\n<ul data-sourcepos=\"19:1-24:0\">\n<li data-sourcepos=\"19:1-19:102\"><strong>Hoogte uitloop:<\/strong> Houd rekening met de hoogte van je gootsteen en de ruimte die je nodig hebt voor grote potten en pannen.<\/li>\n<li data-sourcepos=\"20:1-20:88\"><strong>Sproeikop:<\/strong> Een uittrekbare of uittrekbare sproeikop biedt flexibiliteit en gemak.<\/li>\n<li data-sourcepos=\"21:1-21:83\"><strong>Afwerking:<\/strong> Kies een afwerking die duurzaam is en de stijl van je keuken aanvult.<\/li>\n<li data-sourcepos=\"22:1-22:78\"><strong>Waterdruk:<\/strong> Controleer of de kraan de waterdruk in je huis aankan.<\/li>\n<li data-sourcepos=\"23:1-24:0\"><strong>Installatie:<\/strong> Houd rekening met het installatietype, of het een opbouw- of wandkraan is.<\/li>\n<\/ul>\n<p data-sourcepos=\"25:1-25:148\">Door deze factoren zorgvuldig te overwegen, kun je een eenhendel keukenkraan kiezen die zowel de functionaliteit als de stijl van je keuken verbetert.<\/p>","protected":false},"excerpt":{"rendered":"<table style=\"height: 407px;\" width=\"704\">\n<tbody>\n<tr>\n<td width=\"808\">1 Afmetingen kraan<\/td>\n<td width=\"1177\">380*225mm<\/td>\n<\/tr>\n<tr>\n<td width=\"808\">2 Kraan Netto Gewicht<\/td>\n<td width=\"1177\">2,5 kg<\/td>\n<\/tr>\n<tr>\n<td width=\"808\">3 Kraan met doos Brutogewicht<\/td>\n<td width=\"1177\">2,8 kg<\/td>\n<\/tr>\n<tr>\n<td width=\"808\">4 Afmetingen doos<\/td>\n<td width=\"1177\">54*32*26mm<\/td>\n<\/tr>\n<tr>\n<td width=\"808\">5 Verpakking<\/td>\n<td width=\"1177\">4ST\/CTN; 10ST\/CTN; 12ST\/CTN<\/td>\n<\/tr>\n<tr>\n<td width=\"808\">6 Lengte inlaatslang<\/td>\n<td width=\"1177\">60 mm<\/td>\n<\/tr>\n<tr>\n<td width=\"808\">7 Maat waterlijnmoer<\/td>\n<td width=\"1177\">3\/8\u2033of 1\/2\u2033of 9\/16\u2033<\/td>\n<\/tr>\n<tr>\n<td width=\"808\">8 Montagegat Snijgrootte<\/td>\n<td width=\"1177\">35 mm<\/td>\n<\/tr>\n<tr>\n<td width=\"808\">9 Materialen voor kranen<\/td>\n<td width=\"1177\">Loodvrij Premium 304 Amerikaans Standaard Roestvast<br \/>\nstaal<\/td>\n<\/tr>\n<\/tbody>\n<\/table>","protected":false},"featured_media":2657,"template":"","meta":[],"product_brand":[],"product_cat":[57],"product_tag":[],"class_list":{"0":"post-2656","1":"product","2":"type-product","3":"status-publish","4":"has-post-thumbnail","6":"product_cat-stainless-steel-faucet","8":"first","9":"instock","10":"shipping-taxable","11":"product-type-simple"},"_links":{"self":[{"href":"https:\/\/sinkwithfaucet.com\/nl\/wp-json\/wp\/v2\/product\/2656","targetHints":{"allow":["GET"]}}],"collection":[{"href":"https:\/\/sinkwithfaucet.com\/nl\/wp-json\/wp\/v2\/product"}],"about":[{"href":"https:\/\/sinkwithfaucet.com\/nl\/wp-json\/wp\/v2\/types\/product"}],"wp:featuredmedia":[{"embeddable":true,"href":"https:\/\/sinkwithfaucet.com\/nl\/wp-json\/wp\/v2\/media\/2657"}],"wp:attachment":[{"href":"https:\/\/sinkwithfaucet.com\/nl\/wp-json\/wp\/v2\/media?parent=2656"}],"wp:term":[{"taxonomy":"product_brand","embeddable":true,"href":"https:\/\/sinkwithfaucet.com\/nl\/wp-json\/wp\/v2\/product_brand?post=2656"},{"taxonomy":"product_cat","embeddable":true,"href":"https:\/\/sinkwithfaucet.com\/nl\/wp-json\/wp\/v2\/product_cat?post=2656"},{"taxonomy":"product_tag","embeddable":true,"href":"https:\/\/sinkwithfaucet.com\/nl\/wp-json\/wp\/v2\/product_tag?post=2656"}],"curies":[{"name":"wp","href":"https:\/\/api.w.org\/{rel}","templated":true}]}}