{"id":2391,"date":"2024-11-04T01:44:51","date_gmt":"2024-11-04T01:44:51","guid":{"rendered":"https:\/\/sinkwithfaucet.com\/?post_type=product&#038;p=2391"},"modified":"2024-11-04T01:46:08","modified_gmt":"2024-11-04T01:46:08","slug":"integrated-sink-7544sdu","status":"publish","type":"product","link":"https:\/\/sinkwithfaucet.com\/nl\/integrated-sink-7544sdu\/","title":{"rendered":"Ge\u00efntegreerde spoelbak 7544SDU"},"content":{"rendered":"<h2 data-sourcepos=\"1:1-1:46\">Ge\u00efntegreerde spoelbakken: Een naadloos keukenontwerp<\/h2>\n<p data-sourcepos=\"3:1-3:176\"><strong>Ge\u00efntegreerde spoelbakken<\/strong> zijn een moderne en stijlvolle keuze voor keukenwerkbladen. Ze zijn naadloos ge\u00efntegreerd in het materiaal van het aanrechtblad en cre\u00ebren een strakke en minimalistische look.<\/p>\n<p data-sourcepos=\"5:1-5:37\"><strong>Belangrijkste kenmerken:<\/strong><\/p>\n<ul data-sourcepos=\"7:1-11:0\">\n<li data-sourcepos=\"7:1-7:139\"><strong>Naadloos ontwerp:<\/strong> De spoelbak en het aanrechtblad vormen \u00e9\u00e9n enkel oppervlak, waardoor er geen kieren en spleten zijn waar bacteri\u00ebn zich kunnen ophopen.<\/li>\n<li data-sourcepos=\"8:1-8:117\"><strong>Aanpassing:<\/strong> Ge\u00efntegreerde spoelbakken kunnen worden aangepast aan je specifieke behoeften, zoals grootte, vorm en diepte.<\/li>\n<li data-sourcepos=\"9:1-9:121\"><strong>Duurzaamheid:<\/strong> Ge\u00efntegreerde spoelbakken zijn gemaakt van duurzame materialen zoals kwarts, graniet of massief oppervlak en gaan lang mee.<\/li>\n<li data-sourcepos=\"10:1-11:0\"><strong>Gemakkelijk schoon te maken:<\/strong> Het gladde, naadloze oppervlak is gemakkelijk schoon te maken en te onderhouden.<\/li>\n<\/ul>\n<p data-sourcepos=\"12:1-12:30\"><strong>Soorten:<\/strong><\/p>\n<ul data-sourcepos=\"14:1-17:0\">\n<li data-sourcepos=\"14:1-14:90\"><strong>Kwarts:<\/strong> Een populaire keuze vanwege de duurzaamheid, hittebestendigheid en verscheidenheid aan kleuren.<\/li>\n<li data-sourcepos=\"15:1-15:79\"><strong>Graniet:<\/strong> Een natuurstenen optie die een luxueuze en elegante look biedt.<\/li>\n<li data-sourcepos=\"16:1-17:0\"><strong>Solid Surface:<\/strong> Een door de mens gemaakt materiaal dat zowel duurzaam als stijlvol is.<\/li>\n<\/ul>\n<p data-sourcepos=\"18:1-18:52\"><strong>Overwegingen bij het kiezen van een ge\u00efntegreerde spoelbak:<\/strong><\/p>\n<ul data-sourcepos=\"20:1-24:0\">\n<li data-sourcepos=\"20:1-20:108\"><strong>Materiaal:<\/strong> Kies een materiaal dat de esthetiek van je keuken aanvult en aan je functionele behoeften voldoet.<\/li>\n<li data-sourcepos=\"21:1-21:128\"><strong>Grootte en vorm:<\/strong> Overweeg de grootte en vorm van de gootsteen om er zeker van te zijn dat hij past bij de indeling van je keuken en voldoet aan je behoeften.<\/li>\n<li data-sourcepos=\"22:1-22:101\"><strong>Installatie:<\/strong> Professionele installatie wordt aanbevolen om een naadloze en waterdichte pasvorm te garanderen.<\/li>\n<li data-sourcepos=\"23:1-24:0\"><strong>Onderhoud:<\/strong> Volg de door de fabrikant aanbevolen reinigings- en onderhoudsrichtlijnen.<\/li>\n<\/ul>\n<p data-sourcepos=\"25:1-25:184\"><strong>Ge\u00efntegreerde spoelbakken bieden een strakke en moderne look die de stijl van je keuken kan opwaarderen.<\/strong> Ze zijn een geweldige keuze voor huiseigenaren die zowel esthetiek als functionaliteit belangrijk vinden.<\/p>","protected":false},"excerpt":{"rendered":"<p>Totale grootte: 750*440*220 mm<\/p>\n<p>Komgrootte : 400*400 mm<\/p>\n<p>Afmetingen uitsparing: 710*400 mm<\/p>\n<p>Radiale hoek : R10<\/p>","protected":false},"featured_media":2392,"template":"","meta":[],"product_brand":[],"product_cat":[52],"product_tag":[],"class_list":{"0":"post-2391","1":"product","2":"type-product","3":"status-publish","4":"has-post-thumbnail","6":"product_cat-undermount-sink-1","8":"first","9":"instock","10":"shipping-taxable","11":"product-type-simple"},"_links":{"self":[{"href":"https:\/\/sinkwithfaucet.com\/nl\/wp-json\/wp\/v2\/product\/2391","targetHints":{"allow":["GET"]}}],"collection":[{"href":"https:\/\/sinkwithfaucet.com\/nl\/wp-json\/wp\/v2\/product"}],"about":[{"href":"https:\/\/sinkwithfaucet.com\/nl\/wp-json\/wp\/v2\/types\/product"}],"wp:featuredmedia":[{"embeddable":true,"href":"https:\/\/sinkwithfaucet.com\/nl\/wp-json\/wp\/v2\/media\/2392"}],"wp:attachment":[{"href":"https:\/\/sinkwithfaucet.com\/nl\/wp-json\/wp\/v2\/media?parent=2391"}],"wp:term":[{"taxonomy":"product_brand","embeddable":true,"href":"https:\/\/sinkwithfaucet.com\/nl\/wp-json\/wp\/v2\/product_brand?post=2391"},{"taxonomy":"product_cat","embeddable":true,"href":"https:\/\/sinkwithfaucet.com\/nl\/wp-json\/wp\/v2\/product_cat?post=2391"},{"taxonomy":"product_tag","embeddable":true,"href":"https:\/\/sinkwithfaucet.com\/nl\/wp-json\/wp\/v2\/product_tag?post=2391"}],"curies":[{"name":"wp","href":"https:\/\/api.w.org\/{rel}","templated":true}]}}