{"id":2665,"date":"2024-11-11T10:29:22","date_gmt":"2024-11-11T10:29:22","guid":{"rendered":"https:\/\/sinkwithfaucet.com\/?post_type=product&#038;p=2665"},"modified":"2024-11-11T10:29:22","modified_gmt":"2024-11-11T10:29:22","slug":"modern-sink-faucet-1008","status":"publish","type":"product","link":"https:\/\/sinkwithfaucet.com\/lv\/modern-sink-faucet-1008\/","title":{"rendered":"M\u016bsdien\u012bgs izlietnes kr\u0101ns 1008"},"content":{"rendered":"<h2 data-sourcepos=\"1:1-1:52\">M\u016bsdien\u012bgi izlietnes jauc\u0113jkr\u0101ni: Formas un funkcijas apvienojums<\/h2>\n<p data-sourcepos=\"3:1-3:211\">M\u016bsdien\u012bgs izlietnes kr\u0101ns ir kas vair\u0101k nek\u0101 tikai funkcion\u0101ls santehnikas piederums. Tas ir dizaina paraugs, kas var uzlabot j\u016bsu virtuves vai vannas istabas est\u0113tiku. L\u016bk, da\u017eas modernu izlietnes jauc\u0113jkr\u0101nu galven\u0101s \u012bpa\u0161\u012bbas:<\/p>\n<h3 data-sourcepos=\"5:1-5:40\">M\u016bsdien\u012bgu izlietnes jauc\u0113jkr\u0101nu galven\u0101s iez\u012bmes:<\/h3>\n<ul data-sourcepos=\"7:1-13:0\">\n<li data-sourcepos=\"7:1-7:87\"><strong>Minim\u0101lisma dizains:<\/strong> T\u012bras l\u012bnijas, vienk\u0101r\u0161as formas un uzsvars uz b\u016btiskiem elementiem.<\/li>\n<li data-sourcepos=\"8:1-8:87\"><strong>Eleganta apdare:<\/strong> Popul\u0101r\u0101kie apdares materi\u0101li ir mat\u0113ts melns, mat\u0113ts ni\u0137elis un hroms.<\/li>\n<li data-sourcepos=\"9:1-9:65\"><strong>Augstspiediena loka sprauslas:<\/strong> \u013bauj viegli piepild\u012bt augstus traukus.<\/li>\n<li data-sourcepos=\"10:1-10:72\"><strong>Izvelkamie vai izvelkamie smidzin\u0101t\u0101ji:<\/strong> pied\u0101v\u0101 elast\u012bgumu un \u0113rt\u012bbas.<\/li>\n<li data-sourcepos=\"11:1-11:70\"><strong>Bezsk\u0101rienu tehnolo\u0123ija:<\/strong> Darbs bez rok\u0101m, kas nodro\u0161ina lab\u0101ku higi\u0113nu.<\/li>\n<li data-sourcepos=\"12:1-13:0\"><strong>Efekt\u012bvs \u016bdens pat\u0113ri\u0146a dizains:<\/strong> Samaziniet \u016bdens pat\u0113ri\u0146u, nemazinot veiktsp\u0113ju.<\/li>\n<\/ul>\n<h3 data-sourcepos=\"14:1-14:33\">M\u016bsdienu izliet\u0146u jauc\u0113jkr\u0101nu veidi:<\/h3>\n<ul data-sourcepos=\"16:1-20:0\">\n<li data-sourcepos=\"16:1-16:104\"><strong>Vienas roktur\u012b\u0161a jauc\u0113jkr\u0101ni:<\/strong> Viegli lietojams ar vienu sviru, ar kuru var regul\u0113t gan \u016bdens temperat\u016bru, gan pl\u016bsmu.<\/li>\n<li data-sourcepos=\"17:1-17:70\"><strong>Divviru mais\u012bt\u0101ji:<\/strong> Prec\u012bza karst\u0101 un aukst\u0101 \u016bdens kontrole.<\/li>\n<li data-sourcepos=\"18:1-18:86\"><strong>Tilta jauc\u0113jkr\u0101ni:<\/strong> Klasisks stils ar diviem atsevi\u0161\u0137iem rokturiem, kas savienoti ar tilti\u0146u.<\/li>\n<li data-sourcepos=\"19:1-20:0\"><strong>Pie sienas uzst\u0101d\u0101mie jauc\u0113jkr\u0101ni:<\/strong> Izveidojiet minim\u0101lisma un m\u016bsdien\u012bguma stilu.<\/li>\n<\/ul>\n<h3 data-sourcepos=\"21:1-21:59\">Faktori, kas j\u0101\u0146em v\u0113r\u0101, izv\u0113loties modernu izlietnes kr\u0101nu:<\/h3>\n<ul data-sourcepos=\"23:1-29:0\">\n<li data-sourcepos=\"23:1-23:85\"><strong>Stils:<\/strong> Izv\u0113lieties stilu, kas papildina j\u016bsu virtuves vai vannas istabas kop\u0113jo dizainu.<\/li>\n<li data-sourcepos=\"24:1-24:72\"><strong>Apdare:<\/strong> Izv\u0113lieties iztur\u012bgu apdari, kas sader ar j\u016bsu aparat\u016bru.<\/li>\n<li data-sourcepos=\"25:1-25:88\"><strong>Funkcionalit\u0101te:<\/strong> Apsveriet t\u0101das funkcijas k\u0101 izvelkamais smidzin\u0101t\u0101js vai bezsk\u0101rienu tehnolo\u0123ija.<\/li>\n<li data-sourcepos=\"26:1-26:78\"><strong>\u016adens spiediens:<\/strong> P\u0101rliecinieties, ka kr\u0101ns sp\u0113j nodro\u0161in\u0101t j\u016bsu m\u0101jas \u016bdens spiedienu.<\/li>\n<li data-sourcepos=\"27:1-27:99\"><strong>Uzst\u0101d\u012b\u0161ana:<\/strong> Izv\u0113lieties kr\u0101nu, kuru ir viegli uzst\u0101d\u012bt, vai konsult\u0113jieties ar profesion\u0101lu santehni\u0137i.<\/li>\n<li data-sourcepos=\"28:1-29:0\"><strong>Bud\u017eets:<\/strong> Nosakiet bud\u017eetu un izp\u0113tiet iesp\u0113jas, kas iek\u013caujas j\u016bsu cenu diapazon\u0101.<\/li>\n<\/ul>\n<p data-sourcepos=\"30:1-30:137\">R\u016bp\u012bgi apsverot \u0161os faktorus, varat izv\u0113l\u0113ties modernu izlietnes jauc\u0113jkr\u0101nu, kas uzlabos j\u016bsu telpas stilu un funkcionalit\u0101ti.<\/p>","protected":false},"excerpt":{"rendered":"<table style=\"height: 407px;\" width=\"704\">\n<tbody>\n<tr>\n<td width=\"808\">1 Kr\u0101na izm\u0113ri Kop\u0113jie izm\u0113ri<\/td>\n<td width=\"1177\">300*225 mm<\/td>\n<\/tr>\n<tr>\n<td width=\"808\">2 Jauc\u0113jkr\u0101na neto svars<\/td>\n<td width=\"1177\">2 kg<\/td>\n<\/tr>\n<tr>\n<td width=\"808\">3 Jauc\u0113jkr\u0101ns ar kasti Bruto svars<\/td>\n<td width=\"1177\">2,5 kg<\/td>\n<\/tr>\n<tr>\n<td width=\"808\">4 kastes izm\u0113rs<\/td>\n<td width=\"1177\">54*32*26 mm<\/td>\n<\/tr>\n<tr>\n<td width=\"808\">5 Iepakojums<\/td>\n<td width=\"1177\">4 GAB\/CTN; 10 GAB\/CTN; 12 GAB\/CTN<\/td>\n<\/tr>\n<tr>\n<td width=\"808\">6 Iepl\u016bdes \u0161\u013c\u016btenes garums<\/td>\n<td width=\"1177\">60 mm<\/td>\n<\/tr>\n<tr>\n<td width=\"808\">7 \u016adensl\u012bnijas uzgrie\u017e\u0146a izm\u0113rs<\/td>\n<td width=\"1177\">3\/8\u2033 vai 1\/2\u2033 vai 9\/16\u2033<\/td>\n<\/tr>\n<tr>\n<td width=\"808\">8 Mont\u0101\u017eas caurumu izm\u0113rs<\/td>\n<td width=\"1177\">35 mm<\/td>\n<\/tr>\n<tr>\n<td width=\"808\">9 Jauc\u0113jkr\u0101nu materi\u0101li<\/td>\n<td width=\"1177\">Nesatur svinu Premium 304 America Standard Stainless<br \/>\nt\u0113rauds<\/td>\n<\/tr>\n<\/tbody>\n<\/table>","protected":false},"featured_media":2666,"template":"","meta":[],"product_brand":[],"product_cat":[57],"product_tag":[],"class_list":{"0":"post-2665","1":"product","2":"type-product","3":"status-publish","4":"has-post-thumbnail","6":"product_cat-stainless-steel-faucet","8":"first","9":"instock","10":"shipping-taxable","11":"product-type-simple"},"_links":{"self":[{"href":"https:\/\/sinkwithfaucet.com\/lv\/wp-json\/wp\/v2\/product\/2665","targetHints":{"allow":["GET"]}}],"collection":[{"href":"https:\/\/sinkwithfaucet.com\/lv\/wp-json\/wp\/v2\/product"}],"about":[{"href":"https:\/\/sinkwithfaucet.com\/lv\/wp-json\/wp\/v2\/types\/product"}],"wp:featuredmedia":[{"embeddable":true,"href":"https:\/\/sinkwithfaucet.com\/lv\/wp-json\/wp\/v2\/media\/2666"}],"wp:attachment":[{"href":"https:\/\/sinkwithfaucet.com\/lv\/wp-json\/wp\/v2\/media?parent=2665"}],"wp:term":[{"taxonomy":"product_brand","embeddable":true,"href":"https:\/\/sinkwithfaucet.com\/lv\/wp-json\/wp\/v2\/product_brand?post=2665"},{"taxonomy":"product_cat","embeddable":true,"href":"https:\/\/sinkwithfaucet.com\/lv\/wp-json\/wp\/v2\/product_cat?post=2665"},{"taxonomy":"product_tag","embeddable":true,"href":"https:\/\/sinkwithfaucet.com\/lv\/wp-json\/wp\/v2\/product_tag?post=2665"}],"curies":[{"name":"wp","href":"https:\/\/api.w.org\/{rel}","templated":true}]}}