{"id":2660,"date":"2024-11-11T10:19:02","date_gmt":"2024-11-11T10:19:02","guid":{"rendered":"https:\/\/sinkwithfaucet.com\/?post_type=product&#038;p=2660"},"modified":"2024-12-27T03:10:06","modified_gmt":"2024-12-27T03:10:06","slug":"single-handle-pull-out-sprayer-kitchen-faucet","status":"publish","type":"product","link":"https:\/\/sinkwithfaucet.com\/lv\/single-handle-pull-out-sprayer-kitchen-faucet\/","title":{"rendered":"Viena rokturis izvelciet izsmidzin\u0101t\u0101ju virtuves jauc\u0113jkr\u0101ns 1107"},"content":{"rendered":"<h2 class=\"a-size-base-plus a-text-bold\"><strong>Par virtuves mais\u012bt\u0101ju ar vienu rokturi un izvelkamu izsmidzin\u0101t\u0101ju<\/strong><\/h2>\n<ul class=\"a-unordered-list a-vertical a-spacing-mini\">\n<li class=\"a-spacing-mini\"><span class=\"a-list-item\"><strong>ILGM\u016a\u017d\u012aGS UN IZTUR\u012aGS: <\/strong>\u0160is izvelkamais virtuves kr\u0101ns ir izgatavots no augstas kvalit\u0101tes ner\u016bs\u0113jo\u0161\u0101 t\u0113rauda ar stabilu strukt\u016bru, un t\u0101 virsmai ir izmantota augstas temperat\u016bras cepam\u0101s kr\u0101sas tehnolo\u0123ija, kas ir nodilumiztur\u012bga un iztur\u012bga, nav viegli r\u016bs\u0113t un izbalin\u0101t, un to var lietot ilgu laiku.<\/span><\/li>\n<li class=\"a-spacing-mini\"><span class=\"a-list-item\"><strong>DUBULT\u0100S IZPL\u016aDES RE\u017d\u012aMS: <\/strong>Virtuves izlietnes jauc\u0113jkr\u0101ns ir apr\u012bkots ar\u012b ar dubulto izsmidzin\u0101\u0161anas funkciju, ko var viegli p\u0101rsl\u0113gt starp parasto \u016bdens kolonnu un sp\u0113c\u012bgu du\u0161u, lai apmierin\u0101tu j\u016bsu da\u017e\u0101d\u0101s vajadz\u012bbas.<\/span><\/li>\n<li class=\"a-spacing-mini\"><span class=\"a-list-item\"><strong>TEMPERAT\u016aRAS REGUL\u0112\u0160ANA: <\/strong>Port\u0101ls <a href=\"https:\/\/kitchensink.us\/stainless-steel-kitchen-faucet\/\" target=\"_blank\" rel=\"noopener\">izlietnes kr\u0101ns<\/a> ir apr\u012bkots ar\u012b ar temperat\u016bras regul\u0113\u0161anas funkciju, lai p\u0113c v\u0113l\u0113\u0161an\u0101s piel\u0101gotu v\u0113lamo temperat\u016bru, t\u0101d\u0113j\u0101di ietaupot r\u016bpes par karst\u0101 un aukst\u0101 \u016bdens manu\u0101lu sajauk\u0161anu.<\/span><\/li>\n<li class=\"a-spacing-mini\"><span class=\"a-list-item\"><strong>360 GR\u0100DU ROT\u0100CIJA: <\/strong>360 gr\u0101du rot\u0101cijas funkcija nodro\u0161ina pilnu kust\u012bbu diapazonu un elast\u012bbu, \u013caujot \u016bdens pl\u016bsmai elast\u012bgi sasniegt visus izlietnes st\u016brus, nodro\u0161inot pietiekami daudz vietas katlu un trauku t\u012br\u012b\u0161anai.<\/span><\/li>\n<li class=\"a-spacing-mini\"><span class=\"a-list-item\"><strong>AUGSTAS KVALIT\u0100TES SPRAUSLA: <\/strong>M\u012bkst\u0101s \u0101das putot\u0101ji var ne tikai padar\u012bt \u016bdens pl\u016bsmu bag\u0101t\u012bgu ar put\u0101m, m\u012bkstu un netraipojo\u0161u, pat\u012bkamu piesk\u0101rienam, bet ar\u012b filtr\u0113t piemais\u012bjumus un pal\u012bdz\u0113t jums ietaup\u012bt \u016bdeni ikdien\u0101.<\/span><\/li>\n<\/ul>\n<p>&nbsp;<\/p>\n<h2><strong>Izvelkamo virtuves jauc\u0113jkr\u0101nu veidi<\/strong><\/h2>\n<ul>\n<li><strong>Viena rokturis:<\/strong><\/li>\n<\/ul>\n<p>Visizplat\u012bt\u0101kais veids.Ar vienu sviru, kas regul\u0113 gan \u016bdens temperat\u016bru, gan pl\u016bsmu.  Viegla un intuit\u012bva lieto\u0161ana.<\/p>\n<ul>\n<li><strong>Profesion\u0101la stila:<\/strong><\/li>\n<\/ul>\n<p>Bie\u017ei vien tiem ir augsta loka iztekas, kas nodro\u0161ina lab\u0101ku vietu zem jauc\u0113jkr\u0101na.  Parasti tiem ir sp\u0113c\u012bga smidzin\u0101\u0161anas sist\u0113ma un iztur\u012bga konstrukcija, t\u0101p\u0113c tos iecien\u012bju\u0161i pav\u0101ri un nopietni m\u0101jsaimniec\u012bbu pav\u0101ri.<\/p>\n<ul>\n<li><strong>Sv\u0113rtais:<\/strong><\/li>\n<\/ul>\n<p>Sprauslas galvi\u0146as pamatn\u0113 ievietojiet atsvaru, kas pal\u012bdz tai vienm\u0113r\u012bgi savilkties un nov\u0113r\u0161 sv\u0101rst\u012b\u0161anos.Tas nodro\u0161ina elegant\u0101ku un lietot\u0101jam \u0113rt\u0101ku lieto\u0161anu.<\/p>\n<ul>\n<li><strong>atsperes iel\u0101d\u0113ts:<\/strong><\/li>\n<\/ul>\n<p>Izmantojiet atsperu meh\u0101nismu, lai \u0101tri un bez piep\u016bles ievilktu smidzin\u0101\u0161anas galvi\u0146u.  Tas var ietaup\u012bt laiku un p\u016bles lieto\u0161anas laik\u0101.<\/p>\n<p>&nbsp;<\/p>\n<h2 data-sourcepos=\"16:1-16:57\"><strong>Faktori, kas j\u0101\u0146em v\u0113r\u0101, izv\u0113loties virtuves jauc\u0113jkr\u0101nu ar vienu rokturi Pull Out Sprayer<\/strong><\/h2>\n<ul data-sourcepos=\"18:1-22:0\">\n<li data-sourcepos=\"18:1-18:114\"><strong>Iztekas augstums:<\/strong>\u00a0P\u0101rliecinieties, ka izlietnes augstums atbilst izlietnes dzi\u013cumam un j\u016bsu izmantoto katlu un pannu izm\u0113ram.<\/li>\n<li data-sourcepos=\"19:1-19:116\"><strong>Apdare:<\/strong>\u00a0Izv\u0113lieties t\u0101du apdari, kas papildina j\u016bsu virtuves stilu, piem\u0113ram, hrom\u0113tu, mat\u0113ta ni\u0137e\u013ca vai mat\u0113ti melnu.<\/li>\n<li data-sourcepos=\"20:1-20:91\"><strong>Uzst\u0101d\u012b\u0161ana:<\/strong>\u00a0Apsveriet uzst\u0101d\u012b\u0161anas metodi un nepiecie\u0161amos santehnikas savienojumus.<\/li>\n<li data-sourcepos=\"21:1-22:0\"><strong>\u016adens spiediens:<\/strong>\u00a0P\u0101rliecinieties, ka kr\u0101ns sp\u0113j nodro\u0161in\u0101t j\u016bsu m\u0101jas \u016bdens spiedienu.<\/li>\n<\/ul>\n<p>&nbsp;<\/p>\n<h2><strong>Izvelkam\u0101 virtuves jauc\u0113jkr\u0101na funkcijas un priek\u0161roc\u012bbas<\/strong><\/h2>\n<ul>\n<li>Uzst\u0101d\u012b\u0161ana ar vienu atveri - maksim\u0101lais kl\u0101ja biezums 1,75\"<\/li>\n<li>Atbilst\u012bba ADA pras\u012bb\u0101m - ar vienu sviru rokturi vad\u012bba ir vienk\u0101r\u0161a<\/li>\n<li>Vertik\u0101ls roktura dizains galvenajam korpusam, pagrie\u017eams par 90\u00b0 uz priek\u0161u, kas \u013cauj darboties \u0161aur\u0101s telp\u0101s ar aizmugur\u0113j\u0101m pl\u0101tn\u0113m.<\/li>\n<li>Divu funkciju smidzin\u0101\u0161anas galvi\u0146a - 1,8 GPM \u016bdens pl\u016bsma main\u0101s starp sp\u0113c\u012bgu smidzin\u0101\u0161anu un aer\u0101cijas pl\u016bsmu: Ide\u0101li piem\u0113rots sp\u0113c\u012bgai t\u012br\u012b\u0161anai, maigai skalo\u0161anai un trauku uzpild\u012b\u0161anai.<\/li>\n<li>Nesatur svinu CALGreen Kalifornijas pras\u012bb\u0101m atbilsto\u0161a iztur\u012bga misi\u0146a konstrukcija<\/li>\n<li>360\u00b0 pagrie\u017eamais izsmidzin\u0101t\u0101js nodro\u0161ina netrauc\u0113tu izvilk\u0161anas darb\u012bbu<\/li>\n<li>Augsta loka izsmidzin\u0101t\u0101ja konstrukcija nodro\u0161ina pietiekami daudz vietas katlu uzpild\u012b\u0161anai un liel\u0101ku trauku t\u012br\u012b\u0161anai.<\/li>\n<li>Keramikas k\u0101rtrid\u017es - augst\u0101k\u0101s kvalit\u0101tes precizit\u0101te bez pilienu veido\u0161an\u0101s<\/li>\n<li>Augstas efektivit\u0101tes aerators, nodro\u0161ina maigu straumi bez \u0161\u013cakat\u0101m<\/li>\n<li>Izvelkama izvelkama izsmidzin\u0101\u0161anas galvi\u0146a ar 60 collu neilona p\u012btu \u0161\u013c\u016bteni \u013cauj izskalot izlietni visos st\u016bros.<\/li>\n<li>Gumijas smidzin\u0101\u0161anas galvi\u0146as sprauslas ir viegli not\u012br\u0101mas no miner\u0101lu nogulsn\u0113m, nodro\u0161inot ilgsto\u0161u darb\u012bbu<\/li>\n<li>Daudzk\u0101rt p\u0101rkl\u0101ta, pret koroziju notur\u012bga apdare, kas laika gait\u0101 nemirdz un neizbal\u0113.<\/li>\n<li>Komplekt\u0101 ietilpst iepriek\u0161 uzst\u0101d\u012bta mont\u0101\u017eas aparat\u016bra un karst\u0101\/aukst\u0101 \u016bdens l\u012bnijas pret p\u0101rr\u0101vumiem.<\/li>\n<\/ul>\n<p>&nbsp;<\/p>\n<p>\u0160is elegantais kr\u0101ns ar klasisko dizainu un vienk\u0101r\u0161\u0101m l\u012bnij\u0101m lieliski izskat\u012bsies jebkur\u0101 virtuv\u0113. Izvelkamajam kr\u0101nam ir divas iztur\u012bgas apdares iesp\u0113jas, lai papildin\u0101tu j\u016bsu virtuves kr\u0101su paleti. T\u0101 dubult\u0101s darb\u012bbas smidzin\u0101\u0161anas galvi\u0146a ar izvelkamo \u0161\u013c\u016bteni padar\u012bs mazg\u0101\u0161anu un skalo\u0161anu pavisam vienk\u0101r\u0161u. \u0160is meistar\u012bgi izgatavotais kr\u0101ns ir izgatavots no augst\u0101k\u0101s kvalit\u0101tes materi\u0101liem un nodro\u0161in\u0101s daudzus gadus ilgu un neuzm\u0101c\u012bgu lieto\u0161anu.<\/p>\n<p>&nbsp;<\/p>\n<p>&nbsp;<\/p>\n<p>&nbsp;<\/p>\n<p>&nbsp;<\/p>\n<p>&nbsp;<\/p>\n<p>&nbsp;<\/p>","protected":false},"excerpt":{"rendered":"<table style=\"height: 407px;\" width=\"704\">\n<tbody>\n<tr>\n<td width=\"808\">1 Kr\u0101na izm\u0113ri Kop\u0113jie izm\u0113ri<\/td>\n<td width=\"1177\">380*225 mm<\/td>\n<\/tr>\n<tr>\n<td width=\"808\">2 Jauc\u0113jkr\u0101na neto svars<\/td>\n<td width=\"1177\">2,5 kg<\/td>\n<\/tr>\n<tr>\n<td width=\"808\">3 Jauc\u0113jkr\u0101ns ar kasti Bruto svars<\/td>\n<td width=\"1177\">2,8 kg<\/td>\n<\/tr>\n<tr>\n<td width=\"808\">4 kastes izm\u0113rs<\/td>\n<td width=\"1177\">54*32*26 mm<\/td>\n<\/tr>\n<tr>\n<td width=\"808\">5 Iepakojums<\/td>\n<td width=\"1177\">4 GAB\/CTN; 10 GAB\/CTN; 12 GAB\/CTN<\/td>\n<\/tr>\n<tr>\n<td width=\"808\">6 Iepl\u016bdes \u0161\u013c\u016btenes garums<\/td>\n<td width=\"1177\">60 mm<\/td>\n<\/tr>\n<tr>\n<td width=\"808\">7 \u016adensl\u012bnijas uzgrie\u017e\u0146a izm\u0113rs<\/td>\n<td width=\"1177\">3\/8\u2033 vai 1\/2\u2033 vai 9\/16\u2033<\/td>\n<\/tr>\n<tr>\n<td width=\"808\">8 Mont\u0101\u017eas caurumu izm\u0113rs<\/td>\n<td width=\"1177\">35 mm<\/td>\n<\/tr>\n<tr>\n<td width=\"808\">9 Jauc\u0113jkr\u0101nu materi\u0101li<\/td>\n<td width=\"1177\">Nesatur svinu Premium 304 America Standard Stainless<br \/>\nt\u0113rauds<\/td>\n<\/tr>\n<\/tbody>\n<\/table>","protected":false},"featured_media":2661,"template":"","meta":[],"product_brand":[],"product_cat":[57],"product_tag":[],"class_list":{"0":"post-2660","1":"product","2":"type-product","3":"status-publish","4":"has-post-thumbnail","6":"product_cat-stainless-steel-faucet","8":"first","9":"instock","10":"shipping-taxable","11":"product-type-simple"},"_links":{"self":[{"href":"https:\/\/sinkwithfaucet.com\/lv\/wp-json\/wp\/v2\/product\/2660","targetHints":{"allow":["GET"]}}],"collection":[{"href":"https:\/\/sinkwithfaucet.com\/lv\/wp-json\/wp\/v2\/product"}],"about":[{"href":"https:\/\/sinkwithfaucet.com\/lv\/wp-json\/wp\/v2\/types\/product"}],"wp:featuredmedia":[{"embeddable":true,"href":"https:\/\/sinkwithfaucet.com\/lv\/wp-json\/wp\/v2\/media\/2661"}],"wp:attachment":[{"href":"https:\/\/sinkwithfaucet.com\/lv\/wp-json\/wp\/v2\/media?parent=2660"}],"wp:term":[{"taxonomy":"product_brand","embeddable":true,"href":"https:\/\/sinkwithfaucet.com\/lv\/wp-json\/wp\/v2\/product_brand?post=2660"},{"taxonomy":"product_cat","embeddable":true,"href":"https:\/\/sinkwithfaucet.com\/lv\/wp-json\/wp\/v2\/product_cat?post=2660"},{"taxonomy":"product_tag","embeddable":true,"href":"https:\/\/sinkwithfaucet.com\/lv\/wp-json\/wp\/v2\/product_tag?post=2660"}],"curies":[{"name":"wp","href":"https:\/\/api.w.org\/{rel}","templated":true}]}}