{"id":2656,"date":"2024-11-11T10:04:28","date_gmt":"2024-11-11T10:04:28","guid":{"rendered":"https:\/\/sinkwithfaucet.com\/?post_type=product&#038;p=2656"},"modified":"2024-11-11T10:10:09","modified_gmt":"2024-11-11T10:10:09","slug":"single-lever-kitchen-faucet-1005","status":"publish","type":"product","link":"https:\/\/sinkwithfaucet.com\/lv\/single-lever-kitchen-faucet-1005\/","title":{"rendered":"Vienviras virtuves kr\u0101ns 1005"},"content":{"rendered":"<h2 data-sourcepos=\"1:1-1:49\">Virtuves jauc\u0113jkr\u0101ni ar vienu sviru: M\u016bsdienu klasika<\/h2>\n<p data-sourcepos=\"3:1-3:124\">Vienviras virtuves jauc\u0113jkr\u0101ni ir k\u013cuvu\u0161i par popul\u0101ru izv\u0113li, pateicoties to elegantajam dizainam, \u0113rtai lieto\u0161anai un efekt\u012bvai \u016bdens kontrolei.<\/p>\n<p data-sourcepos=\"5:1-5:18\"><strong>K\u0101 tie darbojas:<\/strong><\/p>\n<p data-sourcepos=\"7:1-7:213\">Vienviru kr\u0101ns ar vienu sviru izmanto vienu rokturi, lai regul\u0113tu gan \u016bdens temperat\u016bru, gan pl\u016bsmas \u0101trumu. P\u0101rvietojot rokturi uz aug\u0161u un uz leju, regul\u0113 \u016bdens temperat\u016bru, bet, p\u0101rvietojot to no vienas puses uz otru, regul\u0113 \u016bdens pl\u016bsmu.<\/p>\n<p data-sourcepos=\"9:1-9:49\"><strong>Virtuves jauc\u0113jkr\u0101nu ar vienu sviru galven\u0101s priek\u0161roc\u012bbas:<\/strong><\/p>\n<ul data-sourcepos=\"11:1-16:0\">\n<li data-sourcepos=\"11:1-11:88\"><strong>Lieto\u0161anas \u0113rtums:<\/strong> Ar vienu rokturi ir viegli regul\u0113t \u016bdens temperat\u016bru un pl\u016bsmu.<\/li>\n<li data-sourcepos=\"12:1-12:80\"><strong>Elegants dizains:<\/strong> Minim\u0101listiskais dizains papildina m\u016bsdienu virtuves est\u0113tiku.<\/li>\n<li data-sourcepos=\"13:1-13:136\"><strong>\u016adens efektivit\u0101te:<\/strong> Daudzi vienvirziena kr\u0101ni ir sertific\u0113ti WaterSense, kas noz\u012bm\u0113, ka tie pat\u0113r\u0113 maz\u0101k \u016bdens, nezaud\u0113jot veiktsp\u0113ju.<\/li>\n<li data-sourcepos=\"14:1-14:117\"><strong>Iztur\u012bba:<\/strong> Izgatavots no augstas kvalit\u0101tes materi\u0101liem, piem\u0113ram, misi\u0146a un ner\u016bs\u0113jo\u0161\u0101 t\u0113rauda, kas nodro\u0161ina ilgsto\u0161u darb\u012bbu.<\/li>\n<li data-sourcepos=\"15:1-16:0\"><strong>Stilu da\u017e\u0101d\u012bba:<\/strong> Pieejamas da\u017e\u0101das apdares, s\u0101kot no hroma l\u012bdz mat\u0113ti melnam, lai atbilstu da\u017e\u0101d\u0101m v\u0113lm\u0113m.<\/li>\n<\/ul>\n<p data-sourcepos=\"17:1-17:60\"><strong>Faktori, kas j\u0101\u0146em v\u0113r\u0101, izv\u0113loties vienvirziena kr\u0101nu:<\/strong><\/p>\n<ul data-sourcepos=\"19:1-24:0\">\n<li data-sourcepos=\"19:1-19:102\"><strong>Iztekas augstums:<\/strong> \u0145emiet v\u0113r\u0101 izlietnes augstumu un br\u012bvo vietu, kas nepiecie\u0161ama lieliem katliem un pann\u0101m.<\/li>\n<li data-sourcepos=\"20:1-20:88\"><strong>Izsmidzin\u0101\u0161anas galva:<\/strong> Izvelkam\u0101 vai izvelkam\u0101 smidzin\u0101\u0161anas galvi\u0146a nodro\u0161ina elast\u012bbu un \u0113rt\u012bbas.<\/li>\n<li data-sourcepos=\"21:1-21:83\"><strong>Apdare:<\/strong> Izv\u0113lieties iztur\u012bgu apdari, kas papildina j\u016bsu virtuves stilu.<\/li>\n<li data-sourcepos=\"22:1-22:78\"><strong>\u016adens spiediens:<\/strong> P\u0101rliecinieties, ka kr\u0101ns sp\u0113j nodro\u0161in\u0101t j\u016bsu m\u0101jas \u016bdens spiedienu.<\/li>\n<li data-sourcepos=\"23:1-24:0\"><strong>Uzst\u0101d\u012b\u0161ana:<\/strong> Apsveriet uzst\u0101d\u012b\u0161anas veidu - vai tas ir kr\u0101ns, ko var uzst\u0101d\u012bt uz kl\u0101ja, vai pie sienas.<\/li>\n<\/ul>\n<p data-sourcepos=\"25:1-25:148\">R\u016bp\u012bgi apsverot \u0161os faktorus, varat izv\u0113l\u0113ties virtuves jauc\u0113jkr\u0101nu ar vienu sviru, kas uzlabo gan j\u016bsu virtuves funkcionalit\u0101ti, gan stilu.<\/p>","protected":false},"excerpt":{"rendered":"<table style=\"height: 407px;\" width=\"704\">\n<tbody>\n<tr>\n<td width=\"808\">1 Kr\u0101na izm\u0113ri Kop\u0113jie izm\u0113ri<\/td>\n<td width=\"1177\">380*225 mm<\/td>\n<\/tr>\n<tr>\n<td width=\"808\">2 Jauc\u0113jkr\u0101na neto svars<\/td>\n<td width=\"1177\">2,5 kg<\/td>\n<\/tr>\n<tr>\n<td width=\"808\">3 Jauc\u0113jkr\u0101ns ar kasti Bruto svars<\/td>\n<td width=\"1177\">2,8 kg<\/td>\n<\/tr>\n<tr>\n<td width=\"808\">4 kastes izm\u0113rs<\/td>\n<td width=\"1177\">54*32*26 mm<\/td>\n<\/tr>\n<tr>\n<td width=\"808\">5 Iepakojums<\/td>\n<td width=\"1177\">4 GAB\/CTN; 10 GAB\/CTN; 12 GAB\/CTN<\/td>\n<\/tr>\n<tr>\n<td width=\"808\">6 Iepl\u016bdes \u0161\u013c\u016btenes garums<\/td>\n<td width=\"1177\">60 mm<\/td>\n<\/tr>\n<tr>\n<td width=\"808\">7 \u016adensl\u012bnijas uzgrie\u017e\u0146a izm\u0113rs<\/td>\n<td width=\"1177\">3\/8\u2033 vai 1\/2\u2033 vai 9\/16\u2033<\/td>\n<\/tr>\n<tr>\n<td width=\"808\">8 Mont\u0101\u017eas caurumu izm\u0113rs<\/td>\n<td width=\"1177\">35 mm<\/td>\n<\/tr>\n<tr>\n<td width=\"808\">9 Jauc\u0113jkr\u0101nu materi\u0101li<\/td>\n<td width=\"1177\">Nesatur svinu Premium 304 America Standard Stainless<br \/>\nt\u0113rauds<\/td>\n<\/tr>\n<\/tbody>\n<\/table>","protected":false},"featured_media":2657,"template":"","meta":[],"product_brand":[],"product_cat":[57],"product_tag":[],"class_list":{"0":"post-2656","1":"product","2":"type-product","3":"status-publish","4":"has-post-thumbnail","6":"product_cat-stainless-steel-faucet","8":"first","9":"instock","10":"shipping-taxable","11":"product-type-simple"},"_links":{"self":[{"href":"https:\/\/sinkwithfaucet.com\/lv\/wp-json\/wp\/v2\/product\/2656","targetHints":{"allow":["GET"]}}],"collection":[{"href":"https:\/\/sinkwithfaucet.com\/lv\/wp-json\/wp\/v2\/product"}],"about":[{"href":"https:\/\/sinkwithfaucet.com\/lv\/wp-json\/wp\/v2\/types\/product"}],"wp:featuredmedia":[{"embeddable":true,"href":"https:\/\/sinkwithfaucet.com\/lv\/wp-json\/wp\/v2\/media\/2657"}],"wp:attachment":[{"href":"https:\/\/sinkwithfaucet.com\/lv\/wp-json\/wp\/v2\/media?parent=2656"}],"wp:term":[{"taxonomy":"product_brand","embeddable":true,"href":"https:\/\/sinkwithfaucet.com\/lv\/wp-json\/wp\/v2\/product_brand?post=2656"},{"taxonomy":"product_cat","embeddable":true,"href":"https:\/\/sinkwithfaucet.com\/lv\/wp-json\/wp\/v2\/product_cat?post=2656"},{"taxonomy":"product_tag","embeddable":true,"href":"https:\/\/sinkwithfaucet.com\/lv\/wp-json\/wp\/v2\/product_tag?post=2656"}],"curies":[{"name":"wp","href":"https:\/\/api.w.org\/{rel}","templated":true}]}}