{"id":2599,"date":"2024-11-09T07:20:10","date_gmt":"2024-11-09T07:20:10","guid":{"rendered":"https:\/\/sinkwithfaucet.com\/?post_type=product&#038;p=2599"},"modified":"2024-11-09T07:20:10","modified_gmt":"2024-11-09T07:20:10","slug":"kitchen-one-handle-faucet-1001","status":"publish","type":"product","link":"https:\/\/sinkwithfaucet.com\/lv\/kitchen-one-handle-faucet-1001\/","title":{"rendered":"Virtuves jauc\u0113jkr\u0101ns ar vienu rokturi 1001"},"content":{"rendered":"<h2 data-sourcepos=\"1:1-1:50\">Virtuves jauc\u0113jkr\u0101ni ar vienu rokturi: M\u016bsdienu klasika<\/h2>\n<p data-sourcepos=\"1:1-1:50\">Virtuves jauc\u0113jkr\u0101ni ar vienu rokturi <span style=\"font-size: 14.4px;\">ir popul\u0101ra izv\u0113le, pateicoties to gl\u012btajam dizainam un \u0113rtai lieto\u0161anai. Ar vienu sviru, ar kuru var regul\u0113t gan \u016bdens temperat\u016bru, gan pl\u016bsmu, tie nodro\u0161ina racion\u0101lu un efekt\u012bvu virtuves jauc\u0113jkr\u0101na vad\u012bbu.<\/span><\/p>\n<p data-sourcepos=\"5:1-5:50\"><strong>Virtuves jauc\u0113jkr\u0101nu ar vienu rokturi galven\u0101s funkcijas:<\/strong><\/p>\n<ul data-sourcepos=\"7:1-11:0\">\n<li data-sourcepos=\"7:1-7:89\"><strong>Elegants dizains:<\/strong> Moderns un minim\u0101lisma stils, kas papildina da\u017e\u0101dus virtuves stilus.<\/li>\n<li data-sourcepos=\"8:1-8:91\"><strong>Viegli lietojams:<\/strong> Viena svira nodro\u0161ina prec\u012bzu \u016bdens pl\u016bsmas un temperat\u016bras kontroli.<\/li>\n<li data-sourcepos=\"9:1-9:116\"><strong>Iztur\u012bba:<\/strong> Izgatavots no augstas kvalit\u0101tes materi\u0101liem, piem\u0113ram, ner\u016bs\u0113jo\u0161\u0101 t\u0113rauda vai misi\u0146a, kas nodro\u0161ina ilgsto\u0161u darb\u012bbu.<\/li>\n<li data-sourcepos=\"10:1-11:0\"><strong>Stilu da\u017e\u0101d\u012bba:<\/strong> Pieejams pla\u0161s stilu, apdares un izsmidzin\u0101t\u0101ju augstumu kl\u0101sts, kas atbilst da\u017e\u0101d\u0101m v\u0113lm\u0113m.<\/li>\n<\/ul>\n<p data-sourcepos=\"12:1-12:43\"><strong>Virtuves jauc\u0113jkr\u0101nu ar vienu rokturi veidi:<\/strong><\/p>\n<ul data-sourcepos=\"14:1-17:0\">\n<li data-sourcepos=\"14:1-14:99\"><strong>Lejami jauc\u0113jkr\u0101ni:<\/strong> Ietverama izvelkam\u0101 smidzin\u0101\u0161anas galvi\u0146a, kas nodro\u0161ina liel\u0101ku daudzpus\u012bbu un t\u012br\u012b\u0161anas jaudu.<\/li>\n<li data-sourcepos=\"15:1-15:97\"><strong>Izvelkamie jauc\u0113jkr\u0101ni:<\/strong> L\u012bdz\u012bgi izvelkamajiem kr\u0101niem, ta\u010du ar elast\u012bgu \u0161\u013c\u016bteni, kas nodro\u0161ina liel\u0101ku sasniedzam\u012bbu.<\/li>\n<li data-sourcepos=\"16:1-17:0\"><strong>Bezsk\u0101rienjut\u012bgie jauc\u0113jkr\u0101ni:<\/strong> Darb\u012bba bez rok\u0101m papildu \u0113rt\u012bbai un higi\u0113nai.<\/li>\n<\/ul>\n<p data-sourcepos=\"18:1-18:64\"><strong>Apsv\u0113rumi, izv\u0113loties virtuves jauc\u0113jkr\u0101nu ar vienu rokturi:<\/strong><\/p>\n<ul data-sourcepos=\"20:1-25:0\">\n<li data-sourcepos=\"20:1-20:75\"><strong>Stils:<\/strong> Izv\u0113lieties stilu, kas papildina j\u016bsu virtuves kop\u0113jo dizainu.<\/li>\n<li data-sourcepos=\"21:1-21:113\"><strong>Apdare:<\/strong> Izv\u0113lieties t\u0101du apdari, kas ir gan stil\u012bga, gan praktiska, piem\u0113ram, mat\u0113ts ni\u0137elis, hroms vai mat\u0113ts melns.<\/li>\n<li data-sourcepos=\"22:1-22:131\"><strong>Iztekas augstums:<\/strong> Apsveriet izlietnes augstumu, lai p\u0101rliecin\u0101tos, ka t\u0101 ir piem\u0113rota j\u016bsu izlietnei un nodro\u0161ina pietiekamu atstarpi katliem un pann\u0101m.<\/li>\n<li data-sourcepos=\"23:1-23:96\"><strong>\u016adens pl\u016bsma:<\/strong> \u016adens pl\u016bsmas \u0101trumam j\u0101b\u016bt pietiekamam j\u016bsu vajadz\u012bb\u0101m, bet ne p\u0101r\u0101k sp\u0113c\u012bgam.<\/li>\n<li data-sourcepos=\"24:1-25:0\"><strong>Uzst\u0101d\u012b\u0161ana:<\/strong> Nodro\u0161iniet pareizu uzst\u0101d\u012b\u0161anu, lai nov\u0113rstu nopl\u016bdes un boj\u0101jumus.<\/li>\n<\/ul>\n<p data-sourcepos=\"26:1-26:147\">R\u016bp\u012bgi apsverot \u0161os faktorus, varat izv\u0113l\u0113ties ide\u0101lu virtuves jauc\u0113jkr\u0101nu ar vienu rokturi, lai uzlabotu j\u016bsu virtuves funkcionalit\u0101ti un stilu.<\/p>","protected":false},"excerpt":{"rendered":"<p data-sourcepos=\"7:1-7:39\">M\u016bsu viendurvju izvelkamais jauc\u0113jkr\u0101ns pied\u0101v\u0101:<\/p>\n<ul data-sourcepos=\"9:1-13:0\">\n<li data-sourcepos=\"9:1-9:53\"><strong>Elegants dizains:<\/strong> Stil\u012bgs papildin\u0101jums jebkurai virtuvei<\/li>\n<li data-sourcepos=\"10:1-10:60\"><strong>Viegla t\u012br\u012b\u0161ana:<\/strong> Izvelkamais smidzin\u0101t\u0101js efekt\u012bvai t\u012br\u012b\u0161anai<\/li>\n<li data-sourcepos=\"11:1-11:72\"><strong>Iztur\u012bga apdare:<\/strong> Pret r\u016bsu un koroziju iztur\u012bga mat\u0113ta ni\u0137e\u013ca apdare<\/li>\n<li data-sourcepos=\"12:1-13:0\"><strong>Optimiz\u0113ta telpa:<\/strong> Kompakts dizains maksim\u0101li palielina letes telpu<\/li>\n<\/ul>","protected":false},"featured_media":2600,"template":"","meta":[],"product_brand":[],"product_cat":[57],"product_tag":[],"class_list":{"0":"post-2599","1":"product","2":"type-product","3":"status-publish","4":"has-post-thumbnail","6":"product_cat-stainless-steel-faucet","8":"first","9":"instock","10":"shipping-taxable","11":"product-type-simple"},"_links":{"self":[{"href":"https:\/\/sinkwithfaucet.com\/lv\/wp-json\/wp\/v2\/product\/2599","targetHints":{"allow":["GET"]}}],"collection":[{"href":"https:\/\/sinkwithfaucet.com\/lv\/wp-json\/wp\/v2\/product"}],"about":[{"href":"https:\/\/sinkwithfaucet.com\/lv\/wp-json\/wp\/v2\/types\/product"}],"wp:featuredmedia":[{"embeddable":true,"href":"https:\/\/sinkwithfaucet.com\/lv\/wp-json\/wp\/v2\/media\/2600"}],"wp:attachment":[{"href":"https:\/\/sinkwithfaucet.com\/lv\/wp-json\/wp\/v2\/media?parent=2599"}],"wp:term":[{"taxonomy":"product_brand","embeddable":true,"href":"https:\/\/sinkwithfaucet.com\/lv\/wp-json\/wp\/v2\/product_brand?post=2599"},{"taxonomy":"product_cat","embeddable":true,"href":"https:\/\/sinkwithfaucet.com\/lv\/wp-json\/wp\/v2\/product_cat?post=2599"},{"taxonomy":"product_tag","embeddable":true,"href":"https:\/\/sinkwithfaucet.com\/lv\/wp-json\/wp\/v2\/product_tag?post=2599"}],"curies":[{"name":"wp","href":"https:\/\/api.w.org\/{rel}","templated":true}]}}