{"id":2580,"date":"2024-11-09T06:33:57","date_gmt":"2024-11-09T06:33:57","guid":{"rendered":"https:\/\/sinkwithfaucet.com\/?post_type=product&#038;p=2580"},"modified":"2024-11-09T06:33:57","modified_gmt":"2024-11-09T06:33:57","slug":"drainboard-kitchen-sink-6844","status":"publish","type":"product","link":"https:\/\/sinkwithfaucet.com\/lv\/drainboard-kitchen-sink-6844\/","title":{"rendered":"Virtuves izlietne 6844"},"content":{"rendered":"<h2 data-sourcepos=\"1:1-1:56\">Virtuves izlietnes ar divpus\u0113ju iztuk\u0161o\u0161anu: Praktiska izv\u0113le<\/h2>\n<p data-sourcepos=\"3:1-3:212\">Divpus\u0113j\u0101 izlietne ir funkcion\u0101ls un stil\u012bgs papildin\u0101jums jebkurai virtuvei. T\u0101 ir apr\u012bkota ar ab\u0101s izlietnes pus\u0113s izlietn\u0113m, kas nodro\u0161ina pietiekami daudz vietas trauku, piederumu un citu virtuves piederumu \u017e\u0101v\u0113\u0161anai.<\/p>\n<p data-sourcepos=\"5:1-5:54\"><strong>Galven\u0101s funkcijas:<\/strong><\/p>\n<ul data-sourcepos=\"7:1-11:0\">\n<li data-sourcepos=\"7:1-7:102\"><strong>Liel\u0101ka funkcionalit\u0101te:<\/strong> Dubultie notekcaurules pane\u013ci nodro\u0161ina vair\u0101k vietas trauku \u017e\u0101v\u0113\u0161anai un sak\u0101rto\u0161anai.<\/li>\n<li data-sourcepos=\"8:1-8:109\"><strong>Uzlabota efektivit\u0101te:<\/strong> Atsevi\u0161\u0137as notekcaurules t\u012briem un net\u012briem traukiem var pal\u012bdz\u0113t racionaliz\u0113t virtuves darbus.<\/li>\n<li data-sourcepos=\"9:1-9:105\"><strong>M\u016bsdien\u012bgs dizains:<\/strong> Pieejami da\u017e\u0101di stili un apdares, lai papildin\u0101tu da\u017e\u0101du virtuves est\u0113tiku.<\/li>\n<li data-sourcepos=\"10:1-11:0\"><strong>Iztur\u012bgi materi\u0101li:<\/strong> Parasti izgatavoti no ner\u016bs\u0113jo\u0161\u0101 t\u0113rauda, kas nodro\u0161ina ilgsto\u0161u darb\u012bbu.<\/li>\n<\/ul>\n<p data-sourcepos=\"12:1-12:68\"><strong>Apsv\u0113rumi, izv\u0113loties divpus\u0113jo izlietni Virtuves izlietne:<\/strong><\/p>\n<ul data-sourcepos=\"14:1-18:0\">\n<li data-sourcepos=\"14:1-14:73\"><strong>Izm\u0113rs:<\/strong> Izv\u0113lieties izm\u0113ru, kas atbilst j\u016bsu virtuves pl\u0101nojumam un j\u016bsu vajadz\u012bb\u0101m.<\/li>\n<li data-sourcepos=\"15:1-15:85\"><strong>Materi\u0101ls:<\/strong> Izv\u0113lieties iztur\u012bgu un viegli t\u012br\u0101mu materi\u0101lu, piem\u0113ram, ner\u016bs\u0113jo\u0161o t\u0113raudu.<\/li>\n<li data-sourcepos=\"16:1-16:105\"><strong>Dren\u0101\u017eas pane\u013ca izm\u0113rs:<\/strong> Apsveriet notekcauru\u013cu izm\u0113rus, lai p\u0101rliecin\u0101tos, ka taj\u0101s var ievietot traukus.<\/li>\n<li data-sourcepos=\"17:1-18:0\"><strong>Uzst\u0101d\u012b\u0161ana:<\/strong> Nodro\u0161iniet pareizu uzst\u0101d\u012b\u0161anu, lai nov\u0113rstu nopl\u016bdes un boj\u0101jumus.<\/li>\n<\/ul>\n<p data-sourcepos=\"19:1-19:150\">R\u016bp\u012bgi apsverot \u0161os faktorus, varat izv\u0113l\u0113ties perfektu virtuves izlietni ar divpus\u0113jo izlietni, kas uzlabos j\u016bsu virtuves funkcionalit\u0101ti un stilu.<\/p>","protected":false},"excerpt":{"rendered":"<p>Kop\u0113jais izm\u0113rs: 1000 * 500 * 150 mm<\/p>\n<p>Izgriezuma izm\u0113rs: 980 * 480 mm<\/p>\n<p>Materi\u0101ls : ner\u016bs\u0113jo\u0161ais t\u0113rauds<\/p>","protected":false},"featured_media":2581,"template":"","meta":[],"product_brand":[],"product_cat":[56],"product_tag":[],"class_list":{"0":"post-2580","1":"product","2":"type-product","3":"status-publish","4":"has-post-thumbnail","6":"product_cat-pressing-kitchen-sink","8":"first","9":"instock","10":"shipping-taxable","11":"product-type-simple"},"_links":{"self":[{"href":"https:\/\/sinkwithfaucet.com\/lv\/wp-json\/wp\/v2\/product\/2580","targetHints":{"allow":["GET"]}}],"collection":[{"href":"https:\/\/sinkwithfaucet.com\/lv\/wp-json\/wp\/v2\/product"}],"about":[{"href":"https:\/\/sinkwithfaucet.com\/lv\/wp-json\/wp\/v2\/types\/product"}],"wp:featuredmedia":[{"embeddable":true,"href":"https:\/\/sinkwithfaucet.com\/lv\/wp-json\/wp\/v2\/media\/2581"}],"wp:attachment":[{"href":"https:\/\/sinkwithfaucet.com\/lv\/wp-json\/wp\/v2\/media?parent=2580"}],"wp:term":[{"taxonomy":"product_brand","embeddable":true,"href":"https:\/\/sinkwithfaucet.com\/lv\/wp-json\/wp\/v2\/product_brand?post=2580"},{"taxonomy":"product_cat","embeddable":true,"href":"https:\/\/sinkwithfaucet.com\/lv\/wp-json\/wp\/v2\/product_cat?post=2580"},{"taxonomy":"product_tag","embeddable":true,"href":"https:\/\/sinkwithfaucet.com\/lv\/wp-json\/wp\/v2\/product_tag?post=2580"}],"curies":[{"name":"wp","href":"https:\/\/api.w.org\/{rel}","templated":true}]}}