{"id":2434,"date":"2024-11-04T06:57:38","date_gmt":"2024-11-04T06:57:38","guid":{"rendered":"https:\/\/sinkwithfaucet.com\/?post_type=product&#038;p=2434"},"modified":"2024-11-04T06:57:38","modified_gmt":"2024-11-04T06:57:38","slug":"undermount-sink-3322dsa","status":"publish","type":"product","link":"https:\/\/sinkwithfaucet.com\/lv\/undermount-sink-3322dsa\/","title":{"rendered":"Zemgr\u012bdas izlietne 3322DSA"},"content":{"rendered":"<h2 data-sourcepos=\"1:1-1:46\">Ieb\u016bv\u0113jam\u0101s izlietnes: Eleganta un moderna izv\u0113le<\/h2>\n<p data-sourcepos=\"3:1-3:210\"><strong>Ieb\u016bv\u0113jam\u0101s izlietnes<\/strong> ir popul\u0101ra izv\u0113le tiem m\u0101jok\u013cu \u012bpa\u0161niekiem, kas mekl\u0113 t\u012bru un m\u016bsdien\u012bgu virtuves izskatu. \u0160\u012bs izlietnes tiek uzst\u0101d\u012btas zem darba virsmas, radot viengabalainu un integr\u0113tu izskatu.<\/p>\n<p data-sourcepos=\"5:1-5:37\"><strong>Galven\u0101s funkcijas:<\/strong><\/p>\n<ul data-sourcepos=\"7:1-11:0\">\n<li data-sourcepos=\"7:1-7:144\"><strong>Elegants dizains:<\/strong> Zemgr\u012bdas uzst\u0101d\u012b\u0161ana nov\u0113r\u0161 atstarpes starp izlietni un darba virsmu, t\u0101d\u0113j\u0101di radot minim\u0101lisma un modernu est\u0113tiku.<\/li>\n<li data-sourcepos=\"8:1-8:125\"><strong>Viegli t\u012br\u0101ms:<\/strong> Bez\u0161uvju konstrukcija padara t\u012br\u012b\u0161anu pavisam vienk\u0101r\u0161u, jo nav spraugu, kur\u0101s var\u0113tu uzkr\u0101ties net\u012brumi un gru\u017ei.<\/li>\n<li data-sourcepos=\"9:1-9:140\"><strong>Papla\u0161in\u0101ta galda virsmas telpa:<\/strong> Zem darba virsmas ieb\u016bv\u0113t\u0101 konstrukcija palielina darba virsmas laukumu, nodro\u0161inot vair\u0101k vietas \u0113diena gatavo\u0161anai un citiem uzdevumiem.<\/li>\n<li data-sourcepos=\"10:1-11:0\"><strong>Iztur\u012bba:<\/strong> Izlietnes, kas ir zem uzst\u0101d\u0101mas, parasti ir izgatavotas no iztur\u012bgiem materi\u0101liem, piem\u0113ram, ner\u016bs\u0113jo\u0161\u0101 t\u0113rauda vai kompoz\u012btmateri\u0101la, kas nodro\u0161ina ilgm\u016b\u017e\u012bgu darb\u012bbu.<\/li>\n<\/ul>\n<p data-sourcepos=\"19:1-19:52\"><strong>Apsv\u0113rumi, izv\u0113loties zemgr\u012bdas izlietni:<\/strong><\/p>\n<ul data-sourcepos=\"21:1-25:0\">\n<li data-sourcepos=\"21:1-21:69\"><strong>Izm\u0113rs:<\/strong> P\u0101rliecinieties, ka izlietnes izm\u0113rs ir piem\u0113rots j\u016bsu virtuves telpai.<\/li>\n<li data-sourcepos=\"22:1-22:98\"><strong>Materi\u0101ls:<\/strong> Izv\u0113lieties iztur\u012bgu un viegli t\u012br\u0101mu materi\u0101lu, piem\u0113ram, ner\u016bs\u0113jo\u0161o t\u0113raudu vai kompoz\u012btu.<\/li>\n<li data-sourcepos=\"23:1-23:112\"><strong>Kr\u0101na atveres:<\/strong> Apsveriet jauc\u0113jkr\u0101na atveru skaitu un izvietojumu, lai piel\u0101gotos v\u0113lamajai konfigur\u0101cijai.<\/li>\n<li data-sourcepos=\"24:1-25:0\"><strong>Uzst\u0101d\u012b\u0161ana:<\/strong> Lai nodro\u0161in\u0101tu pareizu un dro\u0161u mont\u0101\u017eu, ir nepiecie\u0161ama profesion\u0101la uzst\u0101d\u012b\u0161ana.<\/li>\n<\/ul>\n<p data-sourcepos=\"26:1-26:139\">R\u016bp\u012bgi apsverot \u0161os faktorus, varat izv\u0113l\u0113ties perfektu zemgr\u012bdas izlietni, lai uzlabotu savas virtuves stilu un funkcionalit\u0101ti.<\/p>","protected":false},"excerpt":{"rendered":"<p>Kop\u0113jais izm\u0113rs: 33 * 22 * 10 collas \/ 838 * 559 * 254 mm<\/p>\n<p>B\u013codas izm\u0113rs: 430*452\/330*452 mm<\/p>\n<p>Izgriezuma izm\u0113rs: 839 * 560 mm<\/p>\n<p>Radi\u0101na st\u016bris : R10<\/p>","protected":false},"featured_media":2435,"template":"","meta":[],"product_brand":[],"product_cat":[54],"product_tag":[],"class_list":{"0":"post-2434","1":"product","2":"type-product","3":"status-publish","4":"has-post-thumbnail","6":"product_cat-apron-sink-1","8":"first","9":"instock","10":"shipping-taxable","11":"product-type-simple"},"_links":{"self":[{"href":"https:\/\/sinkwithfaucet.com\/lv\/wp-json\/wp\/v2\/product\/2434","targetHints":{"allow":["GET"]}}],"collection":[{"href":"https:\/\/sinkwithfaucet.com\/lv\/wp-json\/wp\/v2\/product"}],"about":[{"href":"https:\/\/sinkwithfaucet.com\/lv\/wp-json\/wp\/v2\/types\/product"}],"wp:featuredmedia":[{"embeddable":true,"href":"https:\/\/sinkwithfaucet.com\/lv\/wp-json\/wp\/v2\/media\/2435"}],"wp:attachment":[{"href":"https:\/\/sinkwithfaucet.com\/lv\/wp-json\/wp\/v2\/media?parent=2434"}],"wp:term":[{"taxonomy":"product_brand","embeddable":true,"href":"https:\/\/sinkwithfaucet.com\/lv\/wp-json\/wp\/v2\/product_brand?post=2434"},{"taxonomy":"product_cat","embeddable":true,"href":"https:\/\/sinkwithfaucet.com\/lv\/wp-json\/wp\/v2\/product_cat?post=2434"},{"taxonomy":"product_tag","embeddable":true,"href":"https:\/\/sinkwithfaucet.com\/lv\/wp-json\/wp\/v2\/product_tag?post=2434"}],"curies":[{"name":"wp","href":"https:\/\/api.w.org\/{rel}","templated":true}]}}