{"id":2429,"date":"2024-11-04T06:26:45","date_gmt":"2024-11-04T06:26:45","guid":{"rendered":"https:\/\/sinkwithfaucet.com\/?post_type=product&#038;p=2429"},"modified":"2024-11-04T06:27:51","modified_gmt":"2024-11-04T06:27:51","slug":"stainless-apron-sink-3322da","status":"publish","type":"product","link":"https:\/\/sinkwithfaucet.com\/lv\/stainless-apron-sink-3322da\/","title":{"rendered":"Ner\u016bs\u0113jo\u0161\u0101 priek\u0161auta izlietne 3322DA"},"content":{"rendered":"<h2><strong><b>Ner\u016bs\u0113jo\u0161\u0101 priek\u0161auta izlietnes: Ilgm\u016b\u017e\u012bga klasika<\/b><\/strong><\/h2>\n<p>Ner\u016bs\u0113jo\u0161\u0101 priek\u0161auta izlietnes ir \u013coti pievilc\u012bgas m\u0101jok\u013cu \u012bpa\u0161niekiem, kas mekl\u0113 gan stil\u012bgu, gan \u013coti funkcion\u0101lu virtuvi. \u0160\u012bs liel\u0101s un dzi\u013c\u0101s izlietnes, ko bie\u017ei d\u0113v\u0113 par \"lauku m\u0101jas izlietn\u0113m\", var lepoties ar unik\u0101lu priek\u0161autu, kas izvirz\u0101s \u0101rpus darba virsmas.<\/p>\n<p>&nbsp;<\/p>\n<p><strong>Ner\u016bs\u0113jo\u0161\u0101 t\u0113rauda priek\u0161autuvju izliet\u0146u galven\u0101s iez\u012bmes:<\/strong><\/p>\n<ul>\n<li>Pla\u0161a b\u013coda: Pied\u0101v\u0101 pietiekami daudz vietas lielu katlu un pannu mazg\u0101\u0161anai.<\/li>\n<li>Stil\u012bgs dizains: Priek\u0161auts pie\u0161\u0137ir virtuvei klasisku un izsmalcin\u0101tu izskatu.<\/li>\n<li>Iztur\u012bba: Izgatavots no augstas kvalit\u0101tes ner\u016bs\u0113jo\u0161\u0101 t\u0113rauda, kas garant\u0113 ilgsto\u0161u darb\u012bbu.<\/li>\n<li>Viegli t\u012br\u0101ms: Glud\u0101 virsma ir viegli kopjama un dezinfic\u0113jama.<\/li>\n<\/ul>\n<p><strong><b>Apsv\u0113rumi, izv\u0113loties ner\u016bs\u0113jo\u0161\u0101 t\u0113rauda priek\u0161auta priek\u0161autuves izlietni:<\/b><\/strong><\/p>\n<ul>\n<li>Izm\u0113rs: Izv\u0113lieties izm\u0113ru, kas atbilst j\u016bsu virtuves pl\u0101nojumam un j\u016bsu \u012bpa\u0161aj\u0101m pras\u012bb\u0101m.<\/li>\n<li>B\u013codas konfigur\u0101cija: Atkar\u012bb\u0101 no sav\u0101m v\u0113lm\u0113m izv\u0113lieties viena vai divu trauku konfigur\u0101ciju.<\/li>\n<li>M\u0113rinstruments: Biez\u0101ks izm\u0113rs noz\u012bm\u0113 iztur\u012bg\u0101ku izlietni.<\/li>\n<li>Apdare: Izv\u0113lieties t\u0101du apdari, kas sader ar j\u016bsu virtuves stilu, piem\u0113ram, mat\u0113tu vai pul\u0113tu ner\u016bs\u0113jo\u0161o t\u0113raudu.<\/li>\n<\/ul>\n<p><strong><b>Uzst\u0101d\u012b\u0161ana:<\/b><\/strong><\/p>\n<p>R\u016bp\u012bgi izsverot \u0161os faktorus, varat izv\u0113l\u0113ties ide\u0101lu ner\u016bs\u0113jo\u0161\u0101 t\u0113rauda priek\u0161autuves izlietni, kas uzlabos j\u016bsu virtuves stilu un funkcionalit\u0101ti.<\/p>","protected":false},"excerpt":{"rendered":"<p>Kop\u0113jais izm\u0113rs: 33 * 22 * 10 collas \/ 838 * 559 * 254 mm<\/p>\n<p>B\u013codas izm\u0113rs: 788*420\/330*452 mm<\/p>\n<p>Izgriezuma izm\u0113rs: 839 * 503 mm<\/p>\n<p>Radi\u0101na st\u016bris : R10<\/p>","protected":false},"featured_media":2430,"template":"","meta":[],"product_brand":[],"product_cat":[54],"product_tag":[],"class_list":{"0":"post-2429","1":"product","2":"type-product","3":"status-publish","4":"has-post-thumbnail","6":"product_cat-apron-sink-1","8":"first","9":"instock","10":"shipping-taxable","11":"product-type-simple"},"_links":{"self":[{"href":"https:\/\/sinkwithfaucet.com\/lv\/wp-json\/wp\/v2\/product\/2429","targetHints":{"allow":["GET"]}}],"collection":[{"href":"https:\/\/sinkwithfaucet.com\/lv\/wp-json\/wp\/v2\/product"}],"about":[{"href":"https:\/\/sinkwithfaucet.com\/lv\/wp-json\/wp\/v2\/types\/product"}],"wp:featuredmedia":[{"embeddable":true,"href":"https:\/\/sinkwithfaucet.com\/lv\/wp-json\/wp\/v2\/media\/2430"}],"wp:attachment":[{"href":"https:\/\/sinkwithfaucet.com\/lv\/wp-json\/wp\/v2\/media?parent=2429"}],"wp:term":[{"taxonomy":"product_brand","embeddable":true,"href":"https:\/\/sinkwithfaucet.com\/lv\/wp-json\/wp\/v2\/product_brand?post=2429"},{"taxonomy":"product_cat","embeddable":true,"href":"https:\/\/sinkwithfaucet.com\/lv\/wp-json\/wp\/v2\/product_cat?post=2429"},{"taxonomy":"product_tag","embeddable":true,"href":"https:\/\/sinkwithfaucet.com\/lv\/wp-json\/wp\/v2\/product_tag?post=2429"}],"curies":[{"name":"wp","href":"https:\/\/api.w.org\/{rel}","templated":true}]}}