{"id":2427,"date":"2024-11-04T06:16:23","date_gmt":"2024-11-04T06:16:23","guid":{"rendered":"https:\/\/sinkwithfaucet.com\/?post_type=product&#038;p=2427"},"modified":"2024-11-04T06:16:23","modified_gmt":"2024-11-04T06:16:23","slug":"stainless-steel-apron-sink-3022sa","status":"publish","type":"product","link":"https:\/\/sinkwithfaucet.com\/lv\/stainless-steel-apron-sink-3022sa\/","title":{"rendered":"Ner\u016bs\u0113jo\u0161\u0101 t\u0113rauda priek\u0161auts izlietne 3022SA"},"content":{"rendered":"<h2 data-sourcepos=\"1:1-1:56\">Ner\u016bs\u0113jo\u0161\u0101 t\u0113rauda priek\u0161autuvju izlietnes: P\u0101rlaic\u012bga klasika<\/h2>\n<p data-sourcepos=\"3:1-3:252\">Ner\u016bs\u0113jo\u0161\u0101 t\u0113rauda priek\u0161auta izlietnes ir popul\u0101ra izv\u0113le m\u0101jok\u013cu \u012bpa\u0161niekiem, kuri v\u0113las stil\u012bgu un funkcion\u0101lu virtuvi. \u0160\u012bm lielaj\u0101m, dzi\u013caj\u0101m izlietn\u0113m, ko bie\u017ei d\u0113v\u0113 par \"lauku m\u0101jas izlietn\u0113m\", ir rakstur\u012bgs rakstur\u012bgs priek\u0161auts, kas sniedzas p\u0101ri darba virsmai.<\/p>\n<p data-sourcepos=\"5:1-5:54\"><strong>Ner\u016bs\u0113jo\u0161\u0101 t\u0113rauda priek\u0161autuvju izliet\u0146u galven\u0101s iez\u012bmes:<\/strong><\/p>\n<ul data-sourcepos=\"7:1-11:0\">\n<li data-sourcepos=\"7:1-7:64\"><strong>Pla\u0161a b\u013coda:<\/strong> Pla\u0161a telpa lielu katlu un pannu mazg\u0101\u0161anai.<\/li>\n<li data-sourcepos=\"8:1-8:86\"><strong>Stil\u012bgs dizains:<\/strong> Priek\u0161auts pie\u0161\u0137ir virtuvei klasisku un elegantu izskatu.<\/li>\n<li data-sourcepos=\"9:1-9:92\"><strong>Iztur\u012bba:<\/strong> Izgatavots no augstas kvalit\u0101tes ner\u016bs\u0113jo\u0161\u0101 t\u0113rauda, kas nodro\u0161ina ilgsto\u0161u darb\u012bbu.<\/li>\n<li data-sourcepos=\"10:1-11:0\"><strong>Viegli t\u012br\u0101ms:<\/strong> Gluda virsma ir viegli kopjama un dezinfic\u0113jama.<\/li>\n<\/ul>\n<p data-sourcepos=\"12:1-12:68\"><strong>Apsv\u0113rumi, izv\u0113loties ner\u016bs\u0113jo\u0161\u0101 t\u0113rauda priek\u0161auta priek\u0161autuves izlietni:<\/strong><\/p>\n<ul data-sourcepos=\"14:1-19:0\">\n<li data-sourcepos=\"14:1-14:73\"><strong>Izm\u0113rs:<\/strong> Izv\u0113lieties izm\u0113ru, kas atbilst j\u016bsu virtuves pl\u0101nojumam un j\u016bsu vajadz\u012bb\u0101m.<\/li>\n<li data-sourcepos=\"15:1-15:97\"><strong>B\u013codas konfigur\u0101cija:<\/strong> Atkar\u012bb\u0101 no sav\u0101m v\u0113lm\u0113m izv\u0113lieties vienviet\u012bgu vai divviet\u012bgu trauku konfigur\u0101ciju.<\/li>\n<li data-sourcepos=\"16:1-16:59\"><strong>M\u0113rinstruments:<\/strong> Biez\u0101ks izm\u0113rs nor\u0101da uz iztur\u012bg\u0101ku izlietni.<\/li>\n<li data-sourcepos=\"17:1-17:113\"><strong>Apdare:<\/strong> Izv\u0113lieties t\u0101du apdari, kas papildina j\u016bsu virtuves stilu, piem\u0113ram, mat\u0113tu vai pul\u0113tu ner\u016bs\u0113jo\u0161o t\u0113raudu.<\/li>\n<li data-sourcepos=\"18:1-19:0\"><strong>Uzst\u0101d\u012b\u0161ana:<\/strong> Apsveriet iesp\u0113ju uzst\u0101d\u012bt zem vai virs\u016b.<\/li>\n<\/ul>\n<p data-sourcepos=\"20:1-20:150\">R\u016bp\u012bgi apsverot \u0161os faktorus, varat izv\u0113l\u0113ties perfektu ner\u016bs\u0113jo\u0161\u0101 t\u0113rauda priek\u0161autuves izlietni, lai uzlabotu j\u016bsu virtuves stilu un funkcionalit\u0101ti.<\/p>","protected":false},"excerpt":{"rendered":"<p>Kop\u0113jais izm\u0113rs: 30 * 22 * 10 collas \/ 762 * 559 * 254 mm<\/p>\n<p>B\u013codas izm\u0113rs: 712 * 451 mm<\/p>\n<p>Izgriezuma izm\u0113rs: 763 * 503 mm<\/p>\n<p>Radi\u0101na st\u016bris : R10<\/p>","protected":false},"featured_media":2428,"template":"","meta":[],"product_brand":[],"product_cat":[54],"product_tag":[],"class_list":{"0":"post-2427","1":"product","2":"type-product","3":"status-publish","4":"has-post-thumbnail","6":"product_cat-apron-sink-1","8":"first","9":"instock","10":"shipping-taxable","11":"product-type-simple"},"_links":{"self":[{"href":"https:\/\/sinkwithfaucet.com\/lv\/wp-json\/wp\/v2\/product\/2427","targetHints":{"allow":["GET"]}}],"collection":[{"href":"https:\/\/sinkwithfaucet.com\/lv\/wp-json\/wp\/v2\/product"}],"about":[{"href":"https:\/\/sinkwithfaucet.com\/lv\/wp-json\/wp\/v2\/types\/product"}],"wp:featuredmedia":[{"embeddable":true,"href":"https:\/\/sinkwithfaucet.com\/lv\/wp-json\/wp\/v2\/media\/2428"}],"wp:attachment":[{"href":"https:\/\/sinkwithfaucet.com\/lv\/wp-json\/wp\/v2\/media?parent=2427"}],"wp:term":[{"taxonomy":"product_brand","embeddable":true,"href":"https:\/\/sinkwithfaucet.com\/lv\/wp-json\/wp\/v2\/product_brand?post=2427"},{"taxonomy":"product_cat","embeddable":true,"href":"https:\/\/sinkwithfaucet.com\/lv\/wp-json\/wp\/v2\/product_cat?post=2427"},{"taxonomy":"product_tag","embeddable":true,"href":"https:\/\/sinkwithfaucet.com\/lv\/wp-json\/wp\/v2\/product_tag?post=2427"}],"curies":[{"name":"wp","href":"https:\/\/api.w.org\/{rel}","templated":true}]}}