{"id":2425,"date":"2024-11-04T06:09:13","date_gmt":"2024-11-04T06:09:13","guid":{"rendered":"https:\/\/sinkwithfaucet.com\/?post_type=product&#038;p=2425"},"modified":"2024-11-04T06:09:28","modified_gmt":"2024-11-04T06:09:28","slug":"matte-black-kitchen-sink-9246","status":"publish","type":"product","link":"https:\/\/sinkwithfaucet.com\/lv\/matte-black-kitchen-sink-9246\/","title":{"rendered":"Mat\u0113ta melna virtuves izlietne 9246"},"content":{"rendered":"<h2 data-sourcepos=\"1:1-1:55\">Mat\u0113ti melnas virtuves izlietnes: M\u016bsdien\u012bga un eleganta izv\u0113le<\/h2>\n<p data-sourcepos=\"3:1-3:165\">Mat\u0113ti melnas virtuves izlietnes k\u013c\u016bst arvien popul\u0101r\u0101kas, jo t\u0101s ir stil\u012bgas un modernas. Tie var pie\u0161\u0137irt izsmalcin\u0101t\u012bbu jebkurai virtuves dizainam.<\/p>\n<p data-sourcepos=\"5:1-5:46\"><strong>Galven\u0101s funkcijas:<\/strong><\/p>\n<ul data-sourcepos=\"7:1-11:0\">\n<li data-sourcepos=\"7:1-7:100\"><strong>Eleganta un moderna est\u0113tika:<\/strong> Mat\u0113ti meln\u0101 apdare rada m\u016bsdien\u012bgu un minim\u0101lisma stilu.<\/li>\n<li data-sourcepos=\"8:1-8:107\"><strong>Iztur\u012bgs pret pirkstu nospiedumiem:<\/strong> Mat\u0113t\u0101 apdare pal\u012bdz samazin\u0101t pirkstu nospiedumu un traipu redzam\u012bbu.<\/li>\n<li data-sourcepos=\"9:1-9:99\"><strong>Iztur\u012bgs un ilgm\u016b\u017e\u012bgs:<\/strong> Izgatavoti no augstas kvalit\u0101tes materi\u0101liem, piem\u0113ram, ner\u016bs\u0113jo\u0161\u0101 t\u0113rauda vai kompoz\u012btmateri\u0101liem.<\/li>\n<li data-sourcepos=\"10:1-11:0\"><strong>Univers\u0101ls:<\/strong> Pieejami da\u017e\u0101di stili, tostarp zemgr\u012bdas, aug\u0161\u0113j\u0101 un lauku m\u0101jas.<\/li>\n<\/ul>\n<p data-sourcepos=\"12:1-12:60\"><strong>Apsv\u0113rumi, izv\u0113loties mat\u0113ti melnu virtuves izlietni:<\/strong><\/p>\n<ul data-sourcepos=\"14:1-19:0\">\n<li data-sourcepos=\"14:1-14:76\"><strong>Materi\u0101ls:<\/strong> Izv\u0113lieties iztur\u012bgu materi\u0101lu, piem\u0113ram, ner\u016bs\u0113jo\u0161o t\u0113raudu vai kompoz\u012btu.<\/li>\n<li data-sourcepos=\"15:1-15:78\"><strong>Apdare:<\/strong> P\u0101rliecinieties, ka mat\u0113ti meln\u0101 apdare ir viendab\u012bga un kvalitat\u012bva.<\/li>\n<li data-sourcepos=\"16:1-16:86\"><strong>Izm\u0113rs un forma:<\/strong> Izv\u0113lieties izm\u0113ru un formu, kas atbilst j\u016bsu virtuves pl\u0101nojumam un vajadz\u012bb\u0101m.<\/li>\n<li data-sourcepos=\"17:1-17:91\"><strong>Uzst\u0101d\u012b\u0161ana:<\/strong> Apsveriet uzst\u0101d\u012b\u0161anas metodi, vai t\u0101 ir zemgr\u012bdas vai aug\u0161\u0113j\u0101 uzst\u0101d\u012b\u0161ana.<\/li>\n<li data-sourcepos=\"18:1-19:0\"><strong>Uztur\u0113\u0161ana:<\/strong> Lai gan mat\u0113ti melnas izlietnes ir iztur\u012bgas, to izskata saglab\u0101\u0161anai ir nepiecie\u0161ama regul\u0101ra t\u012br\u012b\u0161ana.<\/li>\n<\/ul>\n<p data-sourcepos=\"20:1-20:143\">R\u016bp\u012bgi apsverot \u0161os faktorus, varat izv\u0113l\u0113ties perfektu mat\u0113ti melnu virtuves izlietni, kas uzlabos j\u016bsu virtuves stilu un funkcionalit\u0101ti.<\/p>","protected":false},"excerpt":{"rendered":"<p>Kop\u0113jais izm\u0113rs: 9200*460*230 mm<\/p>\n<p>B\u013codas izm\u0113rs: 700*363 mm<\/p>\n<p>Izgriezuma izm\u0113rs: 896*436 mm<\/p>\n<p>Radi\u0101na st\u016bris : R10<\/p>","protected":false},"featured_media":2426,"template":"","meta":[],"product_brand":[],"product_cat":[53],"product_tag":[],"class_list":{"0":"post-2425","1":"product","2":"type-product","3":"status-publish","4":"has-post-thumbnail","6":"product_cat-topmount-sink-1","8":"first","9":"instock","10":"shipping-taxable","11":"product-type-simple"},"_links":{"self":[{"href":"https:\/\/sinkwithfaucet.com\/lv\/wp-json\/wp\/v2\/product\/2425","targetHints":{"allow":["GET"]}}],"collection":[{"href":"https:\/\/sinkwithfaucet.com\/lv\/wp-json\/wp\/v2\/product"}],"about":[{"href":"https:\/\/sinkwithfaucet.com\/lv\/wp-json\/wp\/v2\/types\/product"}],"wp:featuredmedia":[{"embeddable":true,"href":"https:\/\/sinkwithfaucet.com\/lv\/wp-json\/wp\/v2\/media\/2426"}],"wp:attachment":[{"href":"https:\/\/sinkwithfaucet.com\/lv\/wp-json\/wp\/v2\/media?parent=2425"}],"wp:term":[{"taxonomy":"product_brand","embeddable":true,"href":"https:\/\/sinkwithfaucet.com\/lv\/wp-json\/wp\/v2\/product_brand?post=2425"},{"taxonomy":"product_cat","embeddable":true,"href":"https:\/\/sinkwithfaucet.com\/lv\/wp-json\/wp\/v2\/product_cat?post=2425"},{"taxonomy":"product_tag","embeddable":true,"href":"https:\/\/sinkwithfaucet.com\/lv\/wp-json\/wp\/v2\/product_tag?post=2425"}],"curies":[{"name":"wp","href":"https:\/\/api.w.org\/{rel}","templated":true}]}}