{"id":2423,"date":"2024-11-04T06:01:20","date_gmt":"2024-11-04T06:01:20","guid":{"rendered":"https:\/\/sinkwithfaucet.com\/?post_type=product&#038;p=2423"},"modified":"2024-11-04T06:01:20","modified_gmt":"2024-11-04T06:01:20","slug":"flush-mount-sink-7948","status":"publish","type":"product","link":"https:\/\/sinkwithfaucet.com\/lv\/flush-mount-sink-7948\/","title":{"rendered":"Izlietne ar ieb\u016bv\u0113tu izlietni 7948"},"content":{"rendered":"<h2 data-sourcepos=\"1:1-1:50\">Ieb\u016bv\u0113jam\u0101s izlietnes: M\u016bsdien\u012bga un higi\u0113niska izv\u0113le<\/h2>\n<p data-sourcepos=\"3:1-3:186\">Ieb\u016bv\u0113jam\u0101s izlietnes ir moderns un stil\u012bgs virtuves risin\u0101jums. T\u0101s tiek uzst\u0101d\u012btas t\u0101, lai izlietnes apmale b\u016btu vien\u0101 l\u012bmen\u012b ar darba virsmu, t\u0101d\u0113j\u0101di radot viengabalainu un higi\u0113nisku virsmu.<\/p>\n<p data-sourcepos=\"5:1-5:38\"><strong>Galven\u0101s funkcijas:<\/strong><\/p>\n<ul data-sourcepos=\"7:1-11:0\">\n<li data-sourcepos=\"7:1-7:81\"><strong>Elegants dizains:<\/strong> Ieb\u016bv\u0113jamais dizains rada t\u012bru un minim\u0101listisku izskatu.<\/li>\n<li data-sourcepos=\"8:1-8:127\"><strong>Viegli t\u012br\u0101ms:<\/strong> Viengabalaina integr\u0101cija ar darba virsmu nov\u0113r\u0161 gru\u017eu iespr\u016b\u0161anu, t\u0101d\u0113j\u0101di atvieglojot t\u012br\u012b\u0161anu.<\/li>\n<li data-sourcepos=\"9:1-9:72\"><strong>Higi\u0113nisks:<\/strong> Plaisu neesam\u012bba samazina bakt\u0113riju aug\u0161anas risku.<\/li>\n<li data-sourcepos=\"10:1-11:0\"><strong>M\u016bsdienu est\u0113tika:<\/strong> Papildina m\u016bsdien\u012bgu virtuves dizainu.<\/li>\n<\/ul>\n<p data-sourcepos=\"12:1-12:52\"><strong>Apsv\u0113rumi, izv\u0113loties izlietni ar ieb\u016bv\u0113tu izlietni:<\/strong><\/p>\n<ul data-sourcepos=\"14:1-18:0\">\n<li data-sourcepos=\"14:1-14:76\"><strong>Materi\u0101ls:<\/strong> Izv\u0113lieties iztur\u012bgu materi\u0101lu, piem\u0113ram, ner\u016bs\u0113jo\u0161o t\u0113raudu vai kompoz\u012btu.<\/li>\n<li data-sourcepos=\"15:1-15:86\"><strong>Izm\u0113rs un forma:<\/strong> Izv\u0113lieties izm\u0113ru un formu, kas atbilst j\u016bsu virtuves pl\u0101nojumam un vajadz\u012bb\u0101m.<\/li>\n<li data-sourcepos=\"16:1-16:93\"><strong>Uzst\u0101d\u012b\u0161ana:<\/strong> Lai nodro\u0161in\u0101tu pareizu mont\u0101\u017eu un bl\u012bv\u0113jumu, ieteicams veikt profesion\u0101lu uzst\u0101d\u012b\u0161anu.<\/li>\n<li data-sourcepos=\"17:1-18:0\"><strong>Galda virsmas materi\u0101ls:<\/strong> Galda virsmas materi\u0101lam j\u0101b\u016bt sader\u012bgam ar ieb\u016bv\u0113jam\u0101s izlietnes uzst\u0101d\u012b\u0161anas metodi.<\/li>\n<\/ul>\n<p data-sourcepos=\"19:1-19:135\">R\u016bp\u012bgi apsverot \u0161os faktorus, varat izv\u0113l\u0113ties perfektu izlietni ar ieb\u016bv\u0113jamu virsmu, lai uzlabotu j\u016bsu virtuves stilu un funkcionalit\u0101ti.<\/p>","protected":false},"excerpt":{"rendered":"<p>Kop\u0113jais izm\u0113rs: 787*480*230 mm<\/p>\n<p>B\u013codas izm\u0113rs: 736*362 mm<\/p>\n<p>Izgriezuma izm\u0113rs: 763*456 mm<\/p>\n<p>Radi\u0101na st\u016bris : R10<\/p>","protected":false},"featured_media":2424,"template":"","meta":[],"product_brand":[],"product_cat":[53],"product_tag":[],"class_list":{"0":"post-2423","1":"product","2":"type-product","3":"status-publish","4":"has-post-thumbnail","6":"product_cat-topmount-sink-1","8":"first","9":"instock","10":"shipping-taxable","11":"product-type-simple"},"_links":{"self":[{"href":"https:\/\/sinkwithfaucet.com\/lv\/wp-json\/wp\/v2\/product\/2423","targetHints":{"allow":["GET"]}}],"collection":[{"href":"https:\/\/sinkwithfaucet.com\/lv\/wp-json\/wp\/v2\/product"}],"about":[{"href":"https:\/\/sinkwithfaucet.com\/lv\/wp-json\/wp\/v2\/types\/product"}],"wp:featuredmedia":[{"embeddable":true,"href":"https:\/\/sinkwithfaucet.com\/lv\/wp-json\/wp\/v2\/media\/2424"}],"wp:attachment":[{"href":"https:\/\/sinkwithfaucet.com\/lv\/wp-json\/wp\/v2\/media?parent=2423"}],"wp:term":[{"taxonomy":"product_brand","embeddable":true,"href":"https:\/\/sinkwithfaucet.com\/lv\/wp-json\/wp\/v2\/product_brand?post=2423"},{"taxonomy":"product_cat","embeddable":true,"href":"https:\/\/sinkwithfaucet.com\/lv\/wp-json\/wp\/v2\/product_cat?post=2423"},{"taxonomy":"product_tag","embeddable":true,"href":"https:\/\/sinkwithfaucet.com\/lv\/wp-json\/wp\/v2\/product_tag?post=2423"}],"curies":[{"name":"wp","href":"https:\/\/api.w.org\/{rel}","templated":true}]}}