{"id":2418,"date":"2024-11-04T03:36:44","date_gmt":"2024-11-04T03:36:44","guid":{"rendered":"https:\/\/sinkwithfaucet.com\/?post_type=product&#038;p=2418"},"modified":"2024-11-04T03:36:44","modified_gmt":"2024-11-04T03:36:44","slug":"black-kitchen-sink-7647b","status":"publish","type":"product","link":"https:\/\/sinkwithfaucet.com\/lv\/black-kitchen-sink-7647b\/","title":{"rendered":"Melna virtuves izlietne 7647B"},"content":{"rendered":"<h2 data-sourcepos=\"1:1-1:215\">Melnas virtuves izlietnes:<\/h2>\n<p data-sourcepos=\"1:1-1:215\">P\u0113d\u0113jos gados arvien popul\u0101r\u0101kas k\u013c\u016bst meln\u0101s virtuves izlietnes, kas pied\u0101v\u0101 modernu un izsmalcin\u0101tu izskatu, kas var uzlabot jebkuras virtuves dizainu. Tie ir pieejami no da\u017e\u0101diem materi\u0101liem un da\u017e\u0101dos stilos.<\/p>\n<ul data-sourcepos=\"5:1-8:0\">\n<li data-sourcepos=\"5:1-5:89\"><strong>Elegants un moderns:<\/strong> Tum\u0161\u0101, mat\u0113t\u0101 apdare pie\u0161\u0137ir j\u016bsu virtuvei m\u016bsdien\u012bgu izskatu.<\/li>\n<li data-sourcepos=\"6:1-6:84\"><strong>Iztur\u012bgs un higi\u0113nisks:<\/strong> Ner\u016bs\u0113jo\u0161ais t\u0113rauds ir iztur\u012bgs un viegli t\u012br\u0101ms materi\u0101ls.<\/li>\n<li data-sourcepos=\"7:1-8:0\"><strong>Iztur\u012bgs pret pirkstu nospiedumiem:<\/strong> \u012apa\u0161i p\u0101rkl\u0101jumi pal\u012bdz samazin\u0101t pirkstu nospiedumus un traipus.<\/li>\n<\/ul>\n<p data-sourcepos=\"21:1-21:71\"><strong>Izv\u0113loties melnu virtuves izlietni, \u0146emiet v\u0113r\u0101 \u0161\u0101dus faktorus:<\/strong><\/p>\n<ul data-sourcepos=\"23:1-28:0\">\n<li data-sourcepos=\"23:1-23:67\"><strong>Materi\u0101ls:<\/strong> Izv\u0113lieties j\u016bsu stilam un bud\u017eetam atbilsto\u0161u materi\u0101lu.<\/li>\n<li data-sourcepos=\"24:1-24:76\"><strong>Izm\u0113rs un forma:<\/strong> Izv\u0113lieties j\u016bsu virtuves pl\u0101nojumam atbilsto\u0161u izm\u0113ru un formu.<\/li>\n<li data-sourcepos=\"25:1-25:72\"><strong>Uzst\u0101d\u012b\u0161ana:<\/strong> Izlemiet, vai uzst\u0101d\u012bt zem vai virs\u016b.<\/li>\n<li data-sourcepos=\"26:1-26:74\"><strong>Apdare:<\/strong> Apsveriet konkr\u0113to meln\u0101s kr\u0101sas toni un sp\u012bduma l\u012bmeni.<\/li>\n<li data-sourcepos=\"27:1-28:0\"><strong>Uztur\u0113\u0161ana:<\/strong> Iev\u0113rojiet ra\u017eot\u0101ja nor\u0101d\u012bjumus par izlietnes kop\u0161anu, lai saglab\u0101tu t\u0101s lab\u0101ko izskatu.<\/li>\n<\/ul>\n<p data-sourcepos=\"29:1-29:142\">R\u016bp\u012bgi apsverot \u0161os faktorus, varat izv\u0113l\u0113ties perfektu melno izlietni, lai uzlabotu savas virtuves stilu un funkcionalit\u0101ti.<\/p>","protected":false},"excerpt":{"rendered":"<p>Kop\u0113jais izm\u0113rs: 760*470*230 mm<\/p>\n<p>B\u013codas izm\u0113rs: 720*363 mm<\/p>\n<p>Izgriezuma izm\u0113rs: 736 * 446 mm<\/p>\n<p>Radi\u0101na st\u016bris : R10<\/p>","protected":false},"featured_media":2419,"template":"","meta":[],"product_brand":[],"product_cat":[53],"product_tag":[],"class_list":{"0":"post-2418","1":"product","2":"type-product","3":"status-publish","4":"has-post-thumbnail","6":"product_cat-topmount-sink-1","8":"first","9":"instock","10":"shipping-taxable","11":"product-type-simple"},"_links":{"self":[{"href":"https:\/\/sinkwithfaucet.com\/lv\/wp-json\/wp\/v2\/product\/2418","targetHints":{"allow":["GET"]}}],"collection":[{"href":"https:\/\/sinkwithfaucet.com\/lv\/wp-json\/wp\/v2\/product"}],"about":[{"href":"https:\/\/sinkwithfaucet.com\/lv\/wp-json\/wp\/v2\/types\/product"}],"wp:featuredmedia":[{"embeddable":true,"href":"https:\/\/sinkwithfaucet.com\/lv\/wp-json\/wp\/v2\/media\/2419"}],"wp:attachment":[{"href":"https:\/\/sinkwithfaucet.com\/lv\/wp-json\/wp\/v2\/media?parent=2418"}],"wp:term":[{"taxonomy":"product_brand","embeddable":true,"href":"https:\/\/sinkwithfaucet.com\/lv\/wp-json\/wp\/v2\/product_brand?post=2418"},{"taxonomy":"product_cat","embeddable":true,"href":"https:\/\/sinkwithfaucet.com\/lv\/wp-json\/wp\/v2\/product_cat?post=2418"},{"taxonomy":"product_tag","embeddable":true,"href":"https:\/\/sinkwithfaucet.com\/lv\/wp-json\/wp\/v2\/product_tag?post=2418"}],"curies":[{"name":"wp","href":"https:\/\/api.w.org\/{rel}","templated":true}]}}