{"id":2403,"date":"2024-11-04T02:39:18","date_gmt":"2024-11-04T02:39:18","guid":{"rendered":"https:\/\/sinkwithfaucet.com\/?post_type=product&#038;p=2403"},"modified":"2024-11-04T02:39:18","modified_gmt":"2024-11-04T02:39:18","slug":"black-stainless-steel-kitchen-sink-7843","status":"publish","type":"product","link":"https:\/\/sinkwithfaucet.com\/lv\/black-stainless-steel-kitchen-sink-7843\/","title":{"rendered":"Melna ner\u016bs\u0113jo\u0161\u0101 t\u0113rauda virtuves izlietne 7843"},"content":{"rendered":"<h2 data-sourcepos=\"1:1-1:57\">Melnas ner\u016bs\u0113jo\u0161\u0101 t\u0113rauda virtuves izlietnes: M\u016bsdien\u012bga un eleganta izv\u0113le<\/h2>\n<p data-sourcepos=\"3:1-3:231\">P\u0113d\u0113jos gados arvien popul\u0101r\u0101kas k\u013c\u016bst meln\u0101s ner\u016bs\u0113jo\u0161\u0101 t\u0113rauda virtuves izlietnes, kas ir stil\u012bga un moderna alternat\u012bva tradicion\u0101lajam ner\u016bs\u0113jo\u0161ajam t\u0113raudam. \u0160\u012b unik\u0101l\u0101 apdare jebkurai virtuvei pie\u0161\u0137ir izsmalcin\u0101t\u012bbu un eleganci.<\/p>\n<p data-sourcepos=\"5:1-5:48\"><strong>Meln\u0101 ner\u016bs\u0113jo\u0161\u0101 t\u0113rauda izliet\u0146u galven\u0101s iez\u012bmes:<\/strong><\/p>\n<ul data-sourcepos=\"7:1-11:0\">\n<li data-sourcepos=\"7:1-7:93\"><strong>M\u016bsdienu est\u0113tika:<\/strong> Tum\u0161\u0101, glud\u0101 apdare rada m\u016bsdien\u012bgu un izsmalcin\u0101tu izskatu.<\/li>\n<li data-sourcepos=\"8:1-8:92\"><strong>Iztur\u012bba:<\/strong> Izgatavots no augstas kvalit\u0101tes ner\u016bs\u0113jo\u0161\u0101 t\u0113rauda, kas nodro\u0161ina ilgsto\u0161u darb\u012bbu.<\/li>\n<li data-sourcepos=\"9:1-9:113\"><strong>Iztur\u012bba pret pirkstu nospiedumiem:<\/strong> \u012apa\u0161i p\u0101rkl\u0101jumi pal\u012bdz samazin\u0101t pirkstu nospiedumus un traipus, t\u0101d\u0113j\u0101di atvieglojot t\u012br\u012b\u0161anu.<\/li>\n<li data-sourcepos=\"10:1-11:0\"><strong>Stilu da\u017e\u0101d\u012bba:<\/strong> Pieejami da\u017e\u0101du stilu izlietnes, tostarp zemgr\u012bdas, virsgr\u012bdas un lauku m\u0101jas izlietnes.<\/li>\n<\/ul>\n<p data-sourcepos=\"12:1-12:62\"><strong>Apsv\u0113rumi, izv\u0113loties melnu ner\u016bs\u0113jo\u0161\u0101 t\u0113rauda izlietni:<\/strong><\/p>\n<ul data-sourcepos=\"14:1-18:0\">\n<li data-sourcepos=\"14:1-14:120\"><strong>Apdare:<\/strong> Izv\u0113lieties apdari, kas papildina j\u016bsu virtuves kop\u0113jo stilu, piem\u0113ram, mat\u0113ts melns vai mat\u0113ts melns t\u0113rauds.<\/li>\n<li data-sourcepos=\"15:1-15:75\"><strong>Izm\u0113rs:<\/strong> Izv\u0113lieties izm\u0113rus, kas atbilst j\u016bsu \u012bpa\u0161aj\u0101m vajadz\u012bb\u0101m un virtuves izk\u0101rtojumam.<\/li>\n<li data-sourcepos=\"16:1-16:91\"><strong>Uzst\u0101d\u012b\u0161ana:<\/strong> Apsveriet uzst\u0101d\u012b\u0161anas metodi, vai t\u0101 ir zemgr\u012bdas vai aug\u0161\u0113j\u0101 uzst\u0101d\u012b\u0161ana.<\/li>\n<li data-sourcepos=\"17:1-18:0\"><strong>Uztur\u0113\u0161ana:<\/strong> Lai gan melnais ner\u016bs\u0113jo\u0161ais t\u0113rauds ir iztur\u012bgs, t\u0101 izskata saglab\u0101\u0161anai ir nepiecie\u0161ama regul\u0101ra t\u012br\u012b\u0161ana.<\/li>\n<\/ul>\n<p data-sourcepos=\"19:1-19:149\">R\u016bp\u012bgi apsverot \u0161os faktorus, varat izv\u0113l\u0113ties perfektu melnu ner\u016bs\u0113jo\u0161\u0101 t\u0113rauda izlietni, kas uzlabos j\u016bsu virtuves stilu un funkcionalit\u0101ti.<\/p>","protected":false},"excerpt":{"rendered":"<p>Kop\u0113jais izm\u0113rs: 780*430*220 mm<\/p>\n<p>B\u013codas izm\u0113rs: 740*381 mm<\/p>\n<p>Izgriezuma izm\u0113rs: 740*381 mm<\/p>\n<p>Radi\u0101na st\u016bris : R10<\/p>","protected":false},"featured_media":2404,"template":"","meta":[],"product_brand":[],"product_cat":[52],"product_tag":[],"class_list":{"0":"post-2403","1":"product","2":"type-product","3":"status-publish","4":"has-post-thumbnail","6":"product_cat-undermount-sink-1","8":"first","9":"instock","10":"shipping-taxable","11":"product-type-simple"},"_links":{"self":[{"href":"https:\/\/sinkwithfaucet.com\/lv\/wp-json\/wp\/v2\/product\/2403","targetHints":{"allow":["GET"]}}],"collection":[{"href":"https:\/\/sinkwithfaucet.com\/lv\/wp-json\/wp\/v2\/product"}],"about":[{"href":"https:\/\/sinkwithfaucet.com\/lv\/wp-json\/wp\/v2\/types\/product"}],"wp:featuredmedia":[{"embeddable":true,"href":"https:\/\/sinkwithfaucet.com\/lv\/wp-json\/wp\/v2\/media\/2404"}],"wp:attachment":[{"href":"https:\/\/sinkwithfaucet.com\/lv\/wp-json\/wp\/v2\/media?parent=2403"}],"wp:term":[{"taxonomy":"product_brand","embeddable":true,"href":"https:\/\/sinkwithfaucet.com\/lv\/wp-json\/wp\/v2\/product_brand?post=2403"},{"taxonomy":"product_cat","embeddable":true,"href":"https:\/\/sinkwithfaucet.com\/lv\/wp-json\/wp\/v2\/product_cat?post=2403"},{"taxonomy":"product_tag","embeddable":true,"href":"https:\/\/sinkwithfaucet.com\/lv\/wp-json\/wp\/v2\/product_tag?post=2403"}],"curies":[{"name":"wp","href":"https:\/\/api.w.org\/{rel}","templated":true}]}}