{"id":2401,"date":"2024-11-04T02:18:10","date_gmt":"2024-11-04T02:18:10","guid":{"rendered":"https:\/\/sinkwithfaucet.com\/?post_type=product&#038;p=2401"},"modified":"2024-11-04T02:18:10","modified_gmt":"2024-11-04T02:18:10","slug":"flat-sink-8348dr","status":"publish","type":"product","link":"https:\/\/sinkwithfaucet.com\/lv\/flat-sink-8348dr\/","title":{"rendered":"Plakan\u0101 izlietne 8348DR"},"content":{"rendered":"<h2 data-sourcepos=\"1:1-1:45\">Plakan\u0101s izlietnes: Minim\u0101listiska un moderna izv\u0113le<\/h2>\n<p data-sourcepos=\"3:1-3:191\">Plakan\u0101s izlietnes ir minim\u0101lisma un m\u016bsdien\u012bga dizaina izv\u0113le virtuv\u0113m un vannas istab\u0101m. T\u0101m ir plakana, neierobe\u017eota izlietne, kas bie\u017ei vien ir izgatavota no t\u0101diem materi\u0101liem k\u0101 ner\u016bs\u0113jo\u0161ais t\u0113rauds vai keramika.<\/p>\n<p data-sourcepos=\"5:1-5:31\"><strong>Galven\u0101s funkcijas:<\/strong><\/p>\n<ul data-sourcepos=\"7:1-11:0\">\n<li data-sourcepos=\"7:1-7:83\"><strong>Minim\u0101lisma est\u0113tika:<\/strong> T\u012brais, plakanais dizains rada elegantu un modernu izskatu.<\/li>\n<li data-sourcepos=\"8:1-8:96\"><strong>Viegli t\u012br\u0101ms:<\/strong> Glud\u0101 virsma ir viegli noslauc\u0101ma, t\u0101d\u0113j\u0101di samazinot bakt\u0113riju uzkr\u0101\u0161anos.<\/li>\n<li data-sourcepos=\"9:1-9:61\"><strong>Vietas taup\u012b\u0161ana:<\/strong> Kompakts dizains var optimiz\u0113t mazas telpas.<\/li>\n<li data-sourcepos=\"10:1-11:0\"><strong>Unik\u0101ls stils:<\/strong> Pie\u0161\u0137ir vannas istabai vai virtuvei at\u0161\u0137ir\u012bgu izskatu.<\/li>\n<\/ul>\n<p data-sourcepos=\"12:1-12:45\"><strong>Apsv\u0113rumi, izv\u0113loties plakano izlietni:<\/strong><\/p>\n<ul data-sourcepos=\"14:1-18:0\">\n<li data-sourcepos=\"14:1-14:79\"><strong>Dren\u0101\u017ea:<\/strong> P\u0101rliecinieties, ka izlietn\u0113 ir atbilsto\u0161a dren\u0101\u017ea, lai nov\u0113rstu \u016bdens uzkr\u0101\u0161anos.<\/li>\n<li data-sourcepos=\"15:1-15:92\"><strong>Materi\u0101ls:<\/strong> Izv\u0113lieties iztur\u012bgu un viegli t\u012br\u0101mu materi\u0101lu, piem\u0113ram, ner\u016bs\u0113jo\u0161o t\u0113raudu vai keramiku.<\/li>\n<li data-sourcepos=\"16:1-16:89\"><strong>Uzst\u0101d\u012b\u0161ana:<\/strong> Apsveriet uzst\u0101d\u012b\u0161anas metodi, vai t\u0101 ir zemgr\u012bdas vai ielai\u017eam\u0101.<\/li>\n<li data-sourcepos=\"17:1-18:0\"><strong>Jauc\u0113jkr\u0101ns:<\/strong> Izv\u0113lieties jauc\u0113jkr\u0101nu, kas papildina izlietnes minim\u0101lisma dizainu.<\/li>\n<\/ul>","protected":false},"excerpt":{"rendered":"<p>Kop\u0113jais izm\u0113rs: 33*19*10\/838*483*254 mm<\/p>\n<p>B\u013codas izm\u0113rs: 381*397\/381*397 mm<\/p>\n<p>Izgriezuma izm\u0113rs: 788 * 433 mm<\/p>\n<p>Radi\u0101na st\u016bris : R10<\/p>","protected":false},"featured_media":2402,"template":"","meta":[],"product_brand":[],"product_cat":[52],"product_tag":[],"class_list":{"0":"post-2401","1":"product","2":"type-product","3":"status-publish","4":"has-post-thumbnail","6":"product_cat-undermount-sink-1","8":"first","9":"instock","10":"shipping-taxable","11":"product-type-simple"},"_links":{"self":[{"href":"https:\/\/sinkwithfaucet.com\/lv\/wp-json\/wp\/v2\/product\/2401","targetHints":{"allow":["GET"]}}],"collection":[{"href":"https:\/\/sinkwithfaucet.com\/lv\/wp-json\/wp\/v2\/product"}],"about":[{"href":"https:\/\/sinkwithfaucet.com\/lv\/wp-json\/wp\/v2\/types\/product"}],"wp:featuredmedia":[{"embeddable":true,"href":"https:\/\/sinkwithfaucet.com\/lv\/wp-json\/wp\/v2\/media\/2402"}],"wp:attachment":[{"href":"https:\/\/sinkwithfaucet.com\/lv\/wp-json\/wp\/v2\/media?parent=2401"}],"wp:term":[{"taxonomy":"product_brand","embeddable":true,"href":"https:\/\/sinkwithfaucet.com\/lv\/wp-json\/wp\/v2\/product_brand?post=2401"},{"taxonomy":"product_cat","embeddable":true,"href":"https:\/\/sinkwithfaucet.com\/lv\/wp-json\/wp\/v2\/product_cat?post=2401"},{"taxonomy":"product_tag","embeddable":true,"href":"https:\/\/sinkwithfaucet.com\/lv\/wp-json\/wp\/v2\/product_tag?post=2401"}],"curies":[{"name":"wp","href":"https:\/\/api.w.org\/{rel}","templated":true}]}}