{"id":2394,"date":"2024-11-04T01:54:04","date_gmt":"2024-11-04T01:54:04","guid":{"rendered":"https:\/\/sinkwithfaucet.com\/?post_type=product&#038;p=2394"},"modified":"2024-11-04T01:55:37","modified_gmt":"2024-11-04T01:55:37","slug":"undermount-bar-sink-1144ddu","status":"publish","type":"product","link":"https:\/\/sinkwithfaucet.com\/lv\/undermount-bar-sink-1144ddu\/","title":{"rendered":"B\u0101ra izlietne 1144DDU"},"content":{"rendered":"<h2 data-sourcepos=\"1:1-1:50\">B\u0101ra izlietnes: Eleganta un moderna izv\u0113le<\/h2>\n<p data-sourcepos=\"3:1-3:193\"><strong>B\u0101ra izlietnes<\/strong> ir popul\u0101ra izv\u0113le m\u0101jas b\u0101riem, mitrajiem b\u0101riem un maz\u0101k\u0101m virtuves zon\u0101m. Tie ir paredz\u0113ti uzst\u0101d\u012b\u0161anai zem darba virsmas, radot viengabalainu un modernu izskatu.<\/p>\n<p data-sourcepos=\"5:1-5:41\"><strong>Galven\u0101s funkcijas:<\/strong><\/p>\n<ul data-sourcepos=\"7:1-11:0\">\n<li data-sourcepos=\"7:1-7:92\"><strong>Elegants dizains:<\/strong> Zemgr\u012bdas uzst\u0101d\u012b\u0161ana nodro\u0161ina t\u012bru un m\u016bsdien\u012bgu est\u0113tiku.<\/li>\n<li data-sourcepos=\"8:1-8:119\"><strong>Viegli t\u012br\u0101ms:<\/strong> Viengabalaina integr\u0101cija ar darba virsmu nov\u0113r\u0161 spraugas, kur\u0101s var uzkr\u0101ties net\u012brumi un gru\u017ei.<\/li>\n<li data-sourcepos=\"9:1-9:58\"><strong>Vietas taup\u012b\u0161ana:<\/strong> Kompakts izm\u0113rs ir ide\u0101li piem\u0113rots maz\u0101k\u0101m telp\u0101m.<\/li>\n<li data-sourcepos=\"10:1-11:0\"><strong>Iztur\u012bba:<\/strong> Parasti izgatavoti no augstas kvalit\u0101tes ner\u016bs\u0113jo\u0161\u0101 t\u0113rauda, kas nodro\u0161ina ilgsto\u0161u darb\u012bbu.<\/li>\n<\/ul>\n<p data-sourcepos=\"12:1-12:56\"><strong>Apsv\u0113rumi, izv\u0113loties b\u0101ra izlietni:<\/strong><\/p>\n<ul data-sourcepos=\"14:1-18:0\">\n<li data-sourcepos=\"14:1-14:66\"><strong>Izm\u0113rs:<\/strong> Izv\u0113lieties izm\u0113ru, kas atbilst j\u016bsu konkr\u0113tajai vietai un vajadz\u012bb\u0101m.<\/li>\n<li data-sourcepos=\"15:1-15:109\"><strong>Dzi\u013cums:<\/strong> Apsveriet izlietnes dzi\u013cumu da\u017e\u0101diem uzdevumiem, piem\u0113ram, stikla trauku mazg\u0101\u0161anai vai dz\u0113rienu pagatavo\u0161anai.<\/li>\n<li data-sourcepos=\"16:1-16:92\"><strong>Materi\u0101ls:<\/strong> Ner\u016bs\u0113jo\u0161ais t\u0113rauds ir popul\u0101ra izv\u0113le t\u0101 iztur\u012bbas un viegl\u0101s apkopes d\u0113\u013c.<\/li>\n<li data-sourcepos=\"17:1-18:0\"><strong>Kr\u0101na atveres:<\/strong> P\u0101rliecinieties, ka izlietnei ir atbilsto\u0161s jauc\u0113jkr\u0101na atveru skaits j\u016bsu v\u0113lamajai konfigur\u0101cijai.<\/li>\n<\/ul>\n<p data-sourcepos=\"19:1-20:30\">R\u016bp\u012bgi apsverot \u0161os faktorus, varat izv\u0113l\u0113ties perfektu b\u0101ra izlietni, kas papildin\u0101s j\u016bsu virtuves vai b\u0101ra zonu.<\/p>","protected":false},"excerpt":{"rendered":"<p>Kop\u0113jais izm\u0113rs \uff1a 1150*440*220 mm<\/p>\n<p>B\u013codas izm\u0113rs \uff1a400*400\/300*400 mm<\/p>\n<p>Izgriezuma izm\u0113rs \uff1a1110*400 mm<\/p>\n<p>Radi\u0101na st\u016bris \uff1aR10<\/p>","protected":false},"featured_media":2397,"template":"","meta":[],"product_brand":[],"product_cat":[52],"product_tag":[],"class_list":{"0":"post-2394","1":"product","2":"type-product","3":"status-publish","4":"has-post-thumbnail","6":"product_cat-undermount-sink-1","8":"first","9":"instock","10":"shipping-taxable","11":"product-type-simple"},"_links":{"self":[{"href":"https:\/\/sinkwithfaucet.com\/lv\/wp-json\/wp\/v2\/product\/2394","targetHints":{"allow":["GET"]}}],"collection":[{"href":"https:\/\/sinkwithfaucet.com\/lv\/wp-json\/wp\/v2\/product"}],"about":[{"href":"https:\/\/sinkwithfaucet.com\/lv\/wp-json\/wp\/v2\/types\/product"}],"wp:featuredmedia":[{"embeddable":true,"href":"https:\/\/sinkwithfaucet.com\/lv\/wp-json\/wp\/v2\/media\/2397"}],"wp:attachment":[{"href":"https:\/\/sinkwithfaucet.com\/lv\/wp-json\/wp\/v2\/media?parent=2394"}],"wp:term":[{"taxonomy":"product_brand","embeddable":true,"href":"https:\/\/sinkwithfaucet.com\/lv\/wp-json\/wp\/v2\/product_brand?post=2394"},{"taxonomy":"product_cat","embeddable":true,"href":"https:\/\/sinkwithfaucet.com\/lv\/wp-json\/wp\/v2\/product_cat?post=2394"},{"taxonomy":"product_tag","embeddable":true,"href":"https:\/\/sinkwithfaucet.com\/lv\/wp-json\/wp\/v2\/product_tag?post=2394"}],"curies":[{"name":"wp","href":"https:\/\/api.w.org\/{rel}","templated":true}]}}