{"id":2389,"date":"2024-11-04T01:38:16","date_gmt":"2024-11-04T01:38:16","guid":{"rendered":"https:\/\/sinkwithfaucet.com\/?post_type=product&#038;p=2389"},"modified":"2024-11-04T01:38:17","modified_gmt":"2024-11-04T01:38:17","slug":"free-standing-sink-7544du","status":"publish","type":"product","link":"https:\/\/sinkwithfaucet.com\/lv\/free-standing-sink-7544du\/","title":{"rendered":"Br\u012bvi st\u0101vo\u0161a izlietne 7544DU"},"content":{"rendered":"<h2 data-sourcepos=\"1:1-1:54\">Br\u012bvi st\u0101vo\u0161as izlietnes: Stil\u012bga un funkcion\u0101la izv\u0113le<\/h2>\n<p data-sourcepos=\"3:1-3:226\">Br\u012bvi st\u0101vo\u0161as izlietnes ir daudzpus\u012bgs un uzman\u012bbu piesaisto\u0161s papildin\u0101jums gan vannas istab\u0101m, gan virtuv\u0113m. At\u0161\u0137ir\u012bb\u0101 no tradicion\u0101laj\u0101m galda virsmas izlietn\u0113m br\u012bvi st\u0101vo\u0161\u0101s izlietnes tiek uzst\u0101d\u012btas uz gr\u012bdas, pie\u0161\u0137irot j\u016bsu telpai unik\u0101lu un elegantu izskatu.<\/p>\n<p data-sourcepos=\"5:1-5:39\"><strong>Br\u012bvi st\u0101vo\u0161u izliet\u0146u galven\u0101s iez\u012bmes:<\/strong><\/p>\n<ul data-sourcepos=\"7:1-11:0\">\n<li data-sourcepos=\"7:1-7:90\"><strong>Univers\u0101ls dizains:<\/strong> Pieejams pla\u0161s stilu kl\u0101sts - no klasisk\u0101 l\u012bdz m\u016bsdien\u012bgajam.<\/li>\n<li data-sourcepos=\"8:1-8:90\"><strong>Viegla uzst\u0101d\u012b\u0161ana:<\/strong> Vienk\u0101r\u0161a uzst\u0101d\u012b\u0161ana bez nepiecie\u0161am\u012bbas veikt pla\u0161us darbi\u0146us uz darba virsmas.<\/li>\n<li data-sourcepos=\"9:1-9:74\"><strong>Unik\u0101la est\u0113tika:<\/strong> Izveido centr\u0101lo punktu j\u016bsu vannas istab\u0101 vai virtuv\u0113.<\/li>\n<li data-sourcepos=\"10:1-11:0\"><strong>Viegli t\u012br\u0101ms:<\/strong> Gludas virsmas un atv\u0113rts dizains padara t\u012br\u012b\u0161anu vieglu.<\/li>\n<li data-sourcepos=\"10:1-11:0\"><strong>Virtuves izlietnes:<\/strong>\n<ul data-sourcepos=\"19:5-21:0\">\n<li data-sourcepos=\"19:5-19:126\"><strong>Lauku s\u0113tas izlietnes:<\/strong> Lielas, dzi\u013cas izlietnes ar priek\u0161autu, kas nodro\u0161ina pietiekami daudz vietas trauku mazg\u0101\u0161anai un \u0113diena gatavo\u0161anai.<\/li>\n<li data-sourcepos=\"20:5-21:0\"><strong>Komun\u0101lo pakalpojumu izlietnes:<\/strong> Ide\u0101li piem\u0113rots ve\u013cas mazg\u0101tav\u0101m, gar\u0101\u017e\u0101m vai \u0101ra virtuv\u0113m.<\/li>\n<\/ul>\n<\/li>\n<\/ul>\n<ul data-sourcepos=\"14:1-21:0\">\n<li style=\"list-style-type: none;\" data-sourcepos=\"14:1-17:100\"><\/li>\n<\/ul>\n<p data-sourcepos=\"22:1-22:53\"><strong>Apsv\u0113rumi, izv\u0113loties br\u012bvi st\u0101vo\u0161u izlietni:<\/strong><\/p>\n<ul data-sourcepos=\"24:1-28:0\">\n<li data-sourcepos=\"24:1-24:74\"><strong>Stils:<\/strong> Izv\u0113lieties izlietni, kas papildina j\u016bsu kop\u0113jo dizaina est\u0113tiku.<\/li>\n<li data-sourcepos=\"25:1-25:78\"><strong>Izm\u0113rs:<\/strong> Izv\u0113lieties izm\u0113ru, kas atbilst j\u016bsu pieejamai vietai un vajadz\u012bb\u0101m.<\/li>\n<li data-sourcepos=\"26:1-26:129\"><strong>Materi\u0101ls:<\/strong> Apsveriet materi\u0101lu, piem\u0113ram, keramiku, porcel\u0101nu vai ner\u016bs\u0113jo\u0161o t\u0113raudu, \u0146emot v\u0113r\u0101 iztur\u012bbu un stila izv\u0113li.<\/li>\n<li data-sourcepos=\"27:1-28:0\"><strong>Santehnika:<\/strong> Nodro\u0161iniet pareizus santehnikas savienojumus un apsveriet visas iesp\u0113jam\u0101s probl\u0113mas, \u012bpa\u0161i attiec\u012bb\u0101 uz br\u012bvi st\u0101vo\u0161\u0101m virtuves izlietn\u0113m.<\/li>\n<\/ul>","protected":false},"excerpt":{"rendered":"<p>Kop\u0113jais izm\u0113rs: 750 * 440 * 220 mm<\/p>\n<p>B\u013codas izm\u0113rs: 340*400\/340*400 mm<\/p>\n<p>Izgriezuma izm\u0113rs: 710 * 400 mm<\/p>\n<p>Radi\u0101na st\u016bris : R10<\/p>","protected":false},"featured_media":2390,"template":"","meta":[],"product_brand":[],"product_cat":[52],"product_tag":[],"class_list":{"0":"post-2389","1":"product","2":"type-product","3":"status-publish","4":"has-post-thumbnail","6":"product_cat-undermount-sink-1","8":"first","9":"instock","10":"shipping-taxable","11":"product-type-simple"},"_links":{"self":[{"href":"https:\/\/sinkwithfaucet.com\/lv\/wp-json\/wp\/v2\/product\/2389","targetHints":{"allow":["GET"]}}],"collection":[{"href":"https:\/\/sinkwithfaucet.com\/lv\/wp-json\/wp\/v2\/product"}],"about":[{"href":"https:\/\/sinkwithfaucet.com\/lv\/wp-json\/wp\/v2\/types\/product"}],"wp:featuredmedia":[{"embeddable":true,"href":"https:\/\/sinkwithfaucet.com\/lv\/wp-json\/wp\/v2\/media\/2390"}],"wp:attachment":[{"href":"https:\/\/sinkwithfaucet.com\/lv\/wp-json\/wp\/v2\/media?parent=2389"}],"wp:term":[{"taxonomy":"product_brand","embeddable":true,"href":"https:\/\/sinkwithfaucet.com\/lv\/wp-json\/wp\/v2\/product_brand?post=2389"},{"taxonomy":"product_cat","embeddable":true,"href":"https:\/\/sinkwithfaucet.com\/lv\/wp-json\/wp\/v2\/product_cat?post=2389"},{"taxonomy":"product_tag","embeddable":true,"href":"https:\/\/sinkwithfaucet.com\/lv\/wp-json\/wp\/v2\/product_tag?post=2389"}],"curies":[{"name":"wp","href":"https:\/\/api.w.org\/{rel}","templated":true}]}}