{"id":2342,"date":"2024-11-01T07:21:34","date_gmt":"2024-11-01T07:21:34","guid":{"rendered":"https:\/\/sinkwithfaucet.com\/?post_type=product&#038;p=2342"},"modified":"2024-11-01T07:23:29","modified_gmt":"2024-11-01T07:23:29","slug":"small-stainless-steel-sink-2344su","status":"publish","type":"product","link":"https:\/\/sinkwithfaucet.com\/lv\/small-stainless-steel-sink-2344su\/","title":{"rendered":"Maza ner\u016bs\u0113jo\u0161\u0101 t\u0113rauda izlietne 2344SU"},"content":{"rendered":"<h2 data-sourcepos=\"1:1-1:50\">Mazas ner\u016bs\u0113jo\u0161\u0101 t\u0113rauda izlietnes: Kompakts risin\u0101jums<\/h2>\n<p data-sourcepos=\"3:1-3:87\">Maz\u0101s ner\u016bs\u0113jo\u0161\u0101 t\u0113rauda izlietnes ir praktiska izv\u0113le da\u017e\u0101diem lietojumiem.<\/p>\n<p data-sourcepos=\"10:1-10:44\"><strong>Ieguvumi:<\/strong><\/p>\n<ul data-sourcepos=\"12:1-16:0\">\n<li data-sourcepos=\"12:1-12:58\"><strong>Vietas taup\u012b\u0161ana:<\/strong> Kompakts dizains ir piem\u0113rots neliel\u0101m telp\u0101m.<\/li>\n<li data-sourcepos=\"13:1-13:88\"><strong>Iztur\u012bba:<\/strong> Ner\u016bs\u0113jo\u0161ais t\u0113rauds ir iztur\u012bgs materi\u0101ls, kas ir notur\u012bgs pret r\u016bsu un koroziju.<\/li>\n<li data-sourcepos=\"14:1-14:66\"><strong>Viegli t\u012br\u0101ms:<\/strong> Gluda virsma ir viegli kopjama un t\u012br\u0101ma.<\/li>\n<li data-sourcepos=\"15:1-16:0\"><strong>M\u016bsdienu est\u0113tika:<\/strong> Elegants un stil\u012bgs dizains papildina da\u017e\u0101dus virtuves stilus.<\/li>\n<\/ul>\n<p data-sourcepos=\"17:1-17:41\"><strong>Veidi:<\/strong><\/p>\n<ul data-sourcepos=\"19:1-23:0\">\n<li data-sourcepos=\"19:1-19:77\"><strong>Ieb\u016bv\u0113jam\u0101s izlietnes:<\/strong> Uzst\u0101d\u012bts zem darba virsmas, lai pan\u0101ktu viengabalainu izskatu.<\/li>\n<li data-sourcepos=\"20:1-20:93\"><strong>Uz aug\u0161as mont\u0113jamas izlietnes:<\/strong> Uzst\u0101d\u012bts uz galda virsmas, nodro\u0161inot tradicion\u0101lu izskatu.<\/li>\n<li data-sourcepos=\"21:1-21:65\"><strong>Vienas b\u013codas izlietnes:<\/strong> Viens izlietnis pamata t\u012br\u012b\u0161anas darbiem.<\/li>\n<li data-sourcepos=\"22:1-23:0\"><strong>Izlietnes ar dubulto b\u013codu:<\/strong> Divi atsevi\u0161\u0137i baseini daudzfunkcion\u0101lai lieto\u0161anai.<\/li>\n<\/ul>\n<p data-sourcepos=\"24:1-24:78\"><strong>Izv\u0113loties nelielu ner\u016bs\u0113jo\u0161\u0101 t\u0113rauda izlietni, \u0146emiet v\u0113r\u0101 \u0161\u0101dus faktorus:<\/strong><\/p>\n<ul data-sourcepos=\"26:1-30:0\">\n<li data-sourcepos=\"26:1-26:76\"><strong>Izm\u0113rs:<\/strong> Izv\u0113lieties izm\u0113ru, kas atbilst j\u016bsu \u012bpa\u0161aj\u0101m vajadz\u012bb\u0101m un pieejamai vietai.<\/li>\n<li data-sourcepos=\"27:1-27:64\"><strong>Dzi\u013cums:<\/strong> Dzi\u013c\u0101k\u0101 izlietn\u0113 var izvietot liel\u0101kus katlus un pannas.<\/li>\n<li data-sourcepos=\"28:1-28:93\"><strong>M\u0113rinstruments:<\/strong> Ner\u016bs\u0113jo\u0161\u0101 t\u0113rauda biezums var ietekm\u0113t izlietnes iztur\u012bbu un ska\u0146u.<\/li>\n<li data-sourcepos=\"29:1-30:0\"><strong>Apdare:<\/strong> Izv\u0113lieties t\u0101du apdari, kas papildina j\u016bsu virtuves stilu, piem\u0113ram, mat\u0113tu vai pul\u0113tu ner\u016bs\u0113jo\u0161o t\u0113raudu.<\/li>\n<\/ul>\n<p data-sourcepos=\"31:1-31:109\">R\u016bp\u012bgi apsverot \u0161os faktorus, varat izv\u0113l\u0113ties sav\u0101m vajadz\u012bb\u0101m piem\u0113rotu mazo ner\u016bs\u0113jo\u0161\u0101 t\u0113rauda izlietni.<\/p>","protected":false},"excerpt":{"rendered":"<p>Kop\u0113jais izm\u0113rs \uff1a 230*440*200 mm<\/p>\n<p>B\u013codas izm\u0113rs \uff1a190*400 mm<\/p>\n<p>Izgriezuma izm\u0113rs \uff1a190*400 mm<\/p>\n<p>Radi\u0101na st\u016bris \uff1aR10<\/p>","protected":false},"featured_media":2343,"template":"","meta":[],"product_brand":[],"product_cat":[52],"product_tag":[],"class_list":{"0":"post-2342","1":"product","2":"type-product","3":"status-publish","4":"has-post-thumbnail","6":"product_cat-undermount-sink-1","8":"first","9":"instock","10":"shipping-taxable","11":"product-type-simple"},"_links":{"self":[{"href":"https:\/\/sinkwithfaucet.com\/lv\/wp-json\/wp\/v2\/product\/2342","targetHints":{"allow":["GET"]}}],"collection":[{"href":"https:\/\/sinkwithfaucet.com\/lv\/wp-json\/wp\/v2\/product"}],"about":[{"href":"https:\/\/sinkwithfaucet.com\/lv\/wp-json\/wp\/v2\/types\/product"}],"wp:featuredmedia":[{"embeddable":true,"href":"https:\/\/sinkwithfaucet.com\/lv\/wp-json\/wp\/v2\/media\/2343"}],"wp:attachment":[{"href":"https:\/\/sinkwithfaucet.com\/lv\/wp-json\/wp\/v2\/media?parent=2342"}],"wp:term":[{"taxonomy":"product_brand","embeddable":true,"href":"https:\/\/sinkwithfaucet.com\/lv\/wp-json\/wp\/v2\/product_brand?post=2342"},{"taxonomy":"product_cat","embeddable":true,"href":"https:\/\/sinkwithfaucet.com\/lv\/wp-json\/wp\/v2\/product_cat?post=2342"},{"taxonomy":"product_tag","embeddable":true,"href":"https:\/\/sinkwithfaucet.com\/lv\/wp-json\/wp\/v2\/product_tag?post=2342"}],"curies":[{"name":"wp","href":"https:\/\/api.w.org\/{rel}","templated":true}]}}