{"id":2050,"date":"2024-10-19T09:28:07","date_gmt":"2024-10-19T09:28:07","guid":{"rendered":"https:\/\/sinkwithfaucet.com\/?page_id=2050"},"modified":"2024-11-11T08:47:26","modified_gmt":"2024-11-11T08:47:26","slug":"faqs-about-kitchen-sink","status":"publish","type":"page","link":"https:\/\/sinkwithfaucet.com\/lv\/faqs-about-kitchen-sink\/","title":{"rendered":"Bie\u017e\u0101k uzdotie jaut\u0101jumi"},"content":{"rendered":"<div class=\"banner has-hover has-parallax\" id=\"banner-1945867822\">\n          <div class=\"banner-inner fill\">\n        <div class=\"banner-bg fill\" data-parallax=\"-3\" data-parallax-container=\".banner\" data-parallax-background>\n            <div class=\"bg fill bg-fill\"><\/div>\n                                    \n                    <\/div>\n\t\t\n        <div class=\"banner-layers container\">\n            <div class=\"fill banner-link\"><\/div>            \n   <div id=\"text-box-2053739470\" class=\"text-box banner-layer x50 md-x50 lg-x50 y50 md-y50 lg-y50 res-text\">\n                     <div data-animate=\"fadeInLeft\">           <div class=\"text-box-content text dark\">\n              \n              <div class=\"text-inner text-center\">\n                  \n<h1 style=\"text-align: center;\">Bie\u017e\u0101k uzdotie jaut\u0101jumi<\/h1>\n              <\/div>\n           <\/div>\n       <\/div>                     \n<style>\n#text-box-2053739470 {\n  width: 80%;\n}\n#text-box-2053739470 .text-box-content {\n  font-size: 100%;\n}\n@media (min-width:550px) {\n  #text-box-2053739470 {\n    width: 41%;\n  }\n}\n<\/style>\n    <\/div>\n \n        <\/div>\n      <\/div>\n\n            \n<style>\n#banner-1945867822 {\n  padding-top: 145px;\n}\n#banner-1945867822 .bg.bg-loaded {\n  background-image: 8950;\n}\n#banner-1945867822 .overlay {\n  background-color: rgba(0, 0, 0, 0.3);\n}\n#banner-1945867822 .bg {\n  background-position: 35% 23%;\n}\n<\/style>\n  <\/div>\n\n\n\t<section class=\"section\" id=\"section_760442269\">\n\t\t<div class=\"bg section-bg fill bg-fill  bg-loaded\" >\n\n\t\t\t\n\t\t\t\n\t\t\t\n\n\t\t<\/div>\n\n\t\t\n\n\t\t<div class=\"section-content relative\">\n\t\t\t\n<div class=\"row\"  id=\"row-1334375813\">\n\n\t<div id=\"col-1951670098\" class=\"col small-12 large-12\"  >\n\t\t\t\t<div class=\"col-inner\"  >\n\t\t\t\n\t\t\t\n<h3 data-sourcepos=\"3:1-3:58\"><strong>1. Personaliz\u0113jiet savu virtuvi ar piel\u0101gotu logotipa druk\u0101\u0161anu<\/strong><\/h3>\n<p data-sourcepos=\"5:1-5:170\">Izceliet savu z\u012bmolu, izmantojot m\u016bsu piel\u0101gotos logotipu druk\u0101\u0161anas pakalpojumus. M\u0113s varam l\u0101zerdruk\u0101t vai sudraba meln\u0101 kr\u0101s\u0101 uzdruk\u0101t j\u016bsu logotipu tie\u0161i uz m\u016bsu ner\u016bs\u0113jo\u0161\u0101 t\u0113rauda virtuves izlietn\u0113m un jauc\u0113jkr\u0101niem.<\/p>\n<p data-sourcepos=\"7:1-7:150\">Lai s\u0101ktu darbu, vienk\u0101r\u0161i iesniedziet mums logotipa lieto\u0161anas at\u013caujas v\u0113stuli. M\u0113s str\u0101d\u0101sim kop\u0101 ar jums, lai izveidotu unik\u0101lu, z\u012bmola produktu, kas j\u016bs at\u0161\u0137irs.<\/p>\n<h3 data-sourcepos=\"9:1-9:50\"><strong>2. Tie\u0161i jums piel\u0101goti virtuves risin\u0101jumi<\/strong><\/h3>\n<p data-sourcepos=\"11:1-11:134\">Nepiecie\u0161ama virtuves izlietne, kas ir tikpat unik\u0101la k\u0101 j\u016bsu telpa? M\u016bsu pieredz\u0113jus\u012b projekt\u0113\u0161anas komanda var izveidot izlietnes p\u0113c j\u016bsu prec\u012bz\u0101m specifik\u0101cij\u0101m.<\/p>\n<p data-sourcepos=\"13:1-13:176\">Ar vair\u0101k nek\u0101 5-10 gadu pieredzi nozar\u0113 m\u0113s past\u0101v\u012bgi ievie\u0161am inov\u0101cijas un jaunas produktu l\u012bnijas. Sazinieties ar mums jau \u0161odien, lai apspriestu savas virtuves izlietnes vai jauc\u0113jkr\u0101nus.<\/p>\n<h3 data-sourcepos=\"15:1-15:41\"><strong>3. Garant\u0113ta kvalit\u0101te un efektivit\u0101te<\/strong><\/h3>\n<p data-sourcepos=\"17:1-17:173\">Uz\u0146\u0113mum\u0101 Dexing m\u0113s esam ap\u0146\u0113mu\u0161ies nodro\u0161in\u0101t izcilu kvalit\u0101ti un efektivit\u0101ti. M\u016bsu ISO9001 sertific\u0113tais ra\u017eo\u0161anas process nodro\u0161ina, ka katrs produkts atbilst visaugst\u0101kajiem standartiem.<\/p>\n<p data-sourcepos=\"19:1-19:112\">M\u0113s r\u016bp\u012bgi uzraug\u0101m katru posmu, s\u0101kot no materi\u0101lu sa\u0146em\u0161anas l\u012bdz gal\u012bgajai p\u0101rbaudei, lai garant\u0113tu nevainojamu izstr\u0101d\u0101jumu.<\/p>\n<h3 data-sourcepos=\"21:1-21:45\"><strong>4. Piln\u012bgi virtuves risin\u0101jumi, vienk\u0101r\u0161oti<\/strong><\/h3>\n<p data-sourcepos=\"23:1-23:190\">Papildus m\u016bsu augst\u0101k\u0101s kvalit\u0101tes virtuves izlietn\u0113m m\u0113s pied\u0101v\u0101jam pla\u0161u piederumu kl\u0101stu, lai papildin\u0101tu j\u016bsu virtuvi. No jauc\u0113jkr\u0101niem un izlietn\u0113m l\u012bdz ziepju dozatoriem un grie\u0161anas d\u0113l\u012b\u0161iem - mums ir viss, kas jums nepiecie\u0161ams.<\/p>\n<p data-sourcepos=\"25:1-25:97\">Izv\u0113lieties Dexing, lai ieg\u016btu visaptvero\u0161u virtuves risin\u0101jumu, kas apvieno stilu, funkcionalit\u0101ti un iztur\u012bbu.<\/p>\n<h3 data-sourcepos=\"27:1-27:40\"><strong>5. Ar rok\u0101m darin\u0101tu virtuves izliet\u0146u m\u0101ksla<\/strong><\/h3>\n<p data-sourcepos=\"29:1-29:150\">Izbaudiet ar rok\u0101m darin\u0101tas virtuves izlietnes skaistumu un meistar\u012bbu. Katra izlietne ir unik\u0101ls m\u0101kslas darbs, kas r\u016bp\u012bgi izgatavots, piev\u0113r\u0161ot uzman\u012bbu deta\u013c\u0101m.<\/p>\n<p data-sourcepos=\"31:1-31:31\"><strong>K\u0101p\u0113c izv\u0113l\u0113ties ar rok\u0101m veidotu izlietni?<\/strong><\/p>\n<ul data-sourcepos=\"33:1-36:0\">\n<li data-sourcepos=\"33:1-33:65\"><strong>At\u0161\u0137ir\u012bgs stils:<\/strong> Pie\u0161\u0137iriet savai virtuvei eleganci.<\/li>\n<li data-sourcepos=\"34:1-34:67\"><strong>Izcila meistar\u012bba:<\/strong> Izgatavots, lai kalpotu ilgi, izmantojot augst\u0101k\u0101s kvalit\u0101tes materi\u0101lus.<\/li>\n<li data-sourcepos=\"35:1-36:0\"><strong>Personaliz\u0113ts dizains:<\/strong> Izveidojiet unik\u0101lu izlietni.<\/li>\n<\/ul>\n<p data-sourcepos=\"37:1-37:66\">Ieguldiet ar rok\u0101m darin\u0101t\u0101 virtuves izlietn\u0113 un uzlabojiet savu kulin\u0101rijas telpu.<\/p>\n\t\t<\/div>\n\t\t\t\t\t<\/div>\n\n\t\n<\/div>\n\t\t<\/div>\n\n\t\t\n<style>\n#section_760442269 {\n  padding-top: 30px;\n  padding-bottom: 30px;\n}\n<\/style>\n\t<\/section>\n\t\n\t<section class=\"section\" id=\"section_7624077\">\n\t\t<div class=\"bg section-bg fill bg-fill  bg-loaded\" >\n\n\t\t\t\n\t\t\t\n\t\t\t\n\n\t\t<\/div>\n\n\t\t\n\n\t\t<div class=\"section-content relative\">\n\t\t\t\n<div class=\"row\"  id=\"row-50315998\">\n\n\t<div id=\"col-1279849029\" class=\"col small-12 large-12\"  >\n\t\t\t\t<div class=\"col-inner\"  >\n\t\t\t\n\t\t\t\n<h2 style=\"text-align: center;\">Sazinieties ar mums<\/h2>\n<p style=\"text-align: center;\">Sa\u0146emt jaun\u0101ko cenu? M\u0113s atbild\u0113sim p\u0113c iesp\u0113jas \u0101tr\u0101k (12 stundu laik\u0101).<\/p>\n\t\t<\/div>\n\t\t\t\t\t<\/div>\n\n\t\n<\/div>\n<div class=\"row\"  id=\"row-1545902239\">\n\n\t<div id=\"col-2134443828\" class=\"col small-12 large-12\"  >\n\t\t\t\t<div class=\"col-inner\"  >\n\t\t\t\n\t\t\t\n\n<div class=\"wpcf7 no-js\" id=\"wpcf7-f280-o1\" lang=\"en-US\" dir=\"ltr\" data-wpcf7-id=\"280\">\n<div class=\"screen-reader-response\"><p role=\"status\" aria-live=\"polite\" aria-atomic=\"true\"><\/p> <ul><\/ul><\/div>\n<form action=\"\/lv\/wp-json\/wp\/v2\/pages\/2050#wpcf7-f280-o1\" method=\"post\" class=\"wpcf7-form init\" aria-label=\"Kontaktinform\u0101cija\" novalidate=\"novalidate\" data-status=\"init\" data-trp-original-action=\"\/lv\/wp-json\/wp\/v2\/pages\/2050#wpcf7-f280-o1\">\n<fieldset class=\"hidden-fields-container\"><input type=\"hidden\" name=\"_wpcf7\" value=\"280\" \/><input type=\"hidden\" name=\"_wpcf7_version\" value=\"6.1\" \/><input type=\"hidden\" name=\"_wpcf7_locale\" value=\"en_US\" \/><input type=\"hidden\" name=\"_wpcf7_unit_tag\" value=\"wpcf7-f280-o1\" \/><input type=\"hidden\" name=\"_wpcf7_container_post\" value=\"0\" \/><input type=\"hidden\" name=\"_wpcf7_posted_data_hash\" value=\"\" \/>\n<\/fieldset>\n<div class='custom_contact_style'>\n\t<div class=\"row row-small\">\n\t\t<div class=\"col medium-6 small-12 large-6\">\n\t\t\t<div class=\"col-inner\">\n\t\t\t\t<p><span class=\"wpcf7-form-control-wrap\" data-name=\"your-name\"><input size=\"40\" maxlength=\"400\" class=\"wpcf7-form-control wpcf7-text wpcf7-validates-as-required\" aria-required=\"true\" aria-invalid=\"false\" placeholder=\"V\u0101rds*\" value=\"\" type=\"text\" name=\"your-name\" \/><\/span>\n\t\t\t\t<\/p>\n\t\t\t<\/div>\n\t\t<\/div>\n\t\t<div class=\"col medium-6 small-12 large-6\">\n\t\t\t<div class=\"col-inner\">\n\t\t\t\t<p><span class=\"wpcf7-form-control-wrap\" data-name=\"your-email\"><input size=\"40\" maxlength=\"400\" class=\"wpcf7-form-control wpcf7-email wpcf7-validates-as-required wpcf7-text wpcf7-validates-as-email\" aria-required=\"true\" aria-invalid=\"false\" placeholder=\"E-pasts*\" value=\"\" type=\"email\" name=\"your-email\" \/><\/span>\n\t\t\t\t<\/p>\n\t\t\t<\/div>\n\t\t<\/div>\n\t<\/div>\n\t<div class='cus_contact_form_bottom'>\n\t\t<p><span class=\"wpcf7-form-control-wrap\" data-name=\"your-phone\"><input size=\"40\" maxlength=\"400\" class=\"wpcf7-form-control wpcf7-text\" aria-invalid=\"false\" placeholder=\"T\u0101lrunis\" value=\"\" type=\"text\" name=\"your-phone\" \/><\/span>\n\t\t<\/p>\n\t<\/div>\n\t<div class='cus_contact_form_bottom'>\n\t\t<p><span class=\"wpcf7-form-control-wrap\" data-name=\"your-country\"><input size=\"40\" maxlength=\"400\" class=\"wpcf7-form-control wpcf7-text\" aria-invalid=\"false\" placeholder=\"Valsts\" value=\"\" type=\"text\" name=\"your-country\" \/><\/span>\n\t\t<\/p>\n\t<\/div>\n\t<p><span class=\"wpcf7-form-control-wrap\" data-name=\"your-message\"><textarea cols=\"40\" rows=\"10\" maxlength=\"2000\" class=\"wpcf7-form-control wpcf7-textarea wpcf7-validates-as-required\" aria-required=\"true\" aria-invalid=\"false\" placeholder=\"J\u016bsu zi\u0146ojums *\" name=\"your-message\"><\/textarea><\/span>\n\t<\/p>\n\t<div style=\"margin-bottom:10px;\">\n\t\t<p><span class=\"wpcf7-form-control-wrap kc_captcha cf7ic-toggle\" data-name=\"kc_captcha\"><span class=\"wpcf7-form-control wpcf7-radio\"><span class=\"captcha-image\" style=\"display: none;\"><span class=\"cf7ic_instructions\">L\u016bdzu, pier\u0101diet, ka esat cilv\u0113ks, izv\u0113loties<span> karogs<\/span>.<\/span><label><input aria-label=\"1\" type=\"radio\" name=\"kc_captcha\" value=\"bot\" \/><svg aria-hidden=\"true\" role=\"img\" xmlns=\"http:\/\/www.w3.org\/2000\/svg\" viewbox=\"0 0 576 512\"><path fill=\"currentColor\" d=\"M415 24c-53 0-103 42-127 65-24-23-74-65-127-65C70 24 16 77 16 166c0 72 67 133 69 135l187 181c9 8 23 8 32 0l187-180c2-3 69-64 69-136 0-89-54-142-145-142z\"\/><\/svg><\/label><label><input aria-label=\"2\" type=\"radio\" name=\"kc_captcha\" value=\"bot\" \/><svg aria-hidden=\"true\" role=\"img\" xmlns=\"http:\/\/www.w3.org\/2000\/svg\" viewbox=\"0 0 512 512\"><path fill=\"currentColor\" d=\"M500 168h-55l-8-21a127 127 0 00-120-83H195a127 127 0 00-120 83l-8 21H12c-8 0-14 8-11 16l8 24a12 12 0 0011 8h29a64 64 0 00-33 56v48c0 16 6 31 16 42v62c0 13 11 24 24 24h48c13 0 24-11 24-24v-40h256v40c0 13 11 24 24 24h48c13 0 24-11 24-24v-62c10-11 16-26 16-42v-48c0-24-13-45-33-56h29a12 12 0 0011-8l8-24c3-8-3-16-11-16zm-365 2c9-25 33-42 60-42h122c27 0 51 17 60 42l15 38H120l15-38zM88 328a32 32 0 010-64c18 0 48 30 48 48s-30 16-48 16zm336 0c-18 0-48 2-48-16s30-48 48-48 32 14 32 32-14 32-32 32z\"\/><\/svg><\/label><label><input aria-label=\"3\" type=\"radio\" name=\"kc_captcha\" value=\"kc_human\" \/><svg aria-hidden=\"true\" role=\"img\" xmlns=\"http:\/\/www.w3.org\/2000\/svg\" viewbox=\"0 0 512 512\"><path fill=\"currentColor\" d=\"M350 99c-54 0-98-35-166-35-25 0-47 4-68 12a56 56 0 004-24C118 24 95 1 66 0a56 56 0 00-34 102v386c0 13 11 24 24 24h16c13 0 24-11 24-24v-94c28-12 64-23 114-23 54 0 98 35 166 35 48 0 86-16 122-41 9-6 14-15 14-26V96c0-23-24-39-45-29-35 16-77 32-117 32z\"\/><\/svg><\/label>\r\n    <\/span>\r\n    <span style=\"display:none\">\r\n        <input type=\"text\" name=\"kc_honeypot\">\r\n    <\/span><\/span><\/span>\n\t\t<\/p>\n\t<\/div>\n\t<p><input class=\"wpcf7-form-control wpcf7-submit has-spinner\" type=\"submit\" value=\"S\u016bt\u012bt zi\u0146u\" \/>\n\t<\/p>\n<\/div><div class=\"wpcf7-response-output\" aria-hidden=\"true\"><\/div>\n<input type=\"hidden\" name=\"trp-form-language\" value=\"lv\"\/><\/form>\n<\/div>\n\n\t\t<\/div>\n\t\t\t\t\t<\/div>\n\n\t\n<\/div>\n\t\t<\/div>\n\n\t\t\n<style>\n#section_7624077 {\n  padding-top: 30px;\n  padding-bottom: 30px;\n  background-color: rgba(216, 247, 240, 0.39);\n}\n<\/style>\n\t<\/section>","protected":false},"excerpt":{"rendered":"","protected":false},"author":4,"featured_media":2076,"parent":0,"menu_order":0,"comment_status":"closed","ping_status":"closed","template":"page-blank.php","meta":{"footnotes":""},"class_list":["post-2050","page","type-page","status-publish","has-post-thumbnail","hentry"],"_links":{"self":[{"href":"https:\/\/sinkwithfaucet.com\/lv\/wp-json\/wp\/v2\/pages\/2050","targetHints":{"allow":["GET"]}}],"collection":[{"href":"https:\/\/sinkwithfaucet.com\/lv\/wp-json\/wp\/v2\/pages"}],"about":[{"href":"https:\/\/sinkwithfaucet.com\/lv\/wp-json\/wp\/v2\/types\/page"}],"author":[{"embeddable":true,"href":"https:\/\/sinkwithfaucet.com\/lv\/wp-json\/wp\/v2\/users\/4"}],"replies":[{"embeddable":true,"href":"https:\/\/sinkwithfaucet.com\/lv\/wp-json\/wp\/v2\/comments?post=2050"}],"version-history":[{"count":11,"href":"https:\/\/sinkwithfaucet.com\/lv\/wp-json\/wp\/v2\/pages\/2050\/revisions"}],"predecessor-version":[{"id":2632,"href":"https:\/\/sinkwithfaucet.com\/lv\/wp-json\/wp\/v2\/pages\/2050\/revisions\/2632"}],"wp:featuredmedia":[{"embeddable":true,"href":"https:\/\/sinkwithfaucet.com\/lv\/wp-json\/wp\/v2\/media\/2076"}],"wp:attachment":[{"href":"https:\/\/sinkwithfaucet.com\/lv\/wp-json\/wp\/v2\/media?parent=2050"}],"curies":[{"name":"wp","href":"https:\/\/api.w.org\/{rel}","templated":true}]}}