{"id":2660,"date":"2024-11-11T10:19:02","date_gmt":"2024-11-11T10:19:02","guid":{"rendered":"https:\/\/sinkwithfaucet.com\/?post_type=product&#038;p=2660"},"modified":"2024-12-27T03:10:06","modified_gmt":"2024-12-27T03:10:06","slug":"single-handle-pull-out-sprayer-kitchen-faucet","status":"publish","type":"product","link":"https:\/\/sinkwithfaucet.com\/lt\/single-handle-pull-out-sprayer-kitchen-faucet\/","title":{"rendered":"Vienos rankenos virtuv\u0117s mai\u0161ytuvas su i\u0161traukiamu purk\u0161tuvu 1107"},"content":{"rendered":"<h2 class=\"a-size-base-plus a-text-bold\"><strong>Apie \"Single Handle Pull Out Sprayer\" virtuv\u0117s mai\u0161ytuv\u0105<\/strong><\/h2>\n<ul class=\"a-unordered-list a-vertical a-spacing-mini\">\n<li class=\"a-spacing-mini\"><span class=\"a-list-item\"><strong>ILGAAM\u017dIS IR PATVARUS: <\/strong>\u0160is i\u0161traukiamasis virtuv\u0117s mai\u0161ytuvas pagamintas i\u0161 auk\u0161tos kokyb\u0117s ner\u016bdijan\u010diojo plieno, turi tvirt\u0105 strukt\u016br\u0105, o pavir\u0161ius padengtas auk\u0161tos temperat\u016bros kepimo da\u017eais, kurie yra atspar\u016bs d\u0117v\u0117jimuisi ir ilgaam\u017eiai, nelengvai r\u016bdija ir bluksta, tod\u0117l gali b\u016bti naudojami ilg\u0105 laik\u0105.<\/span><\/li>\n<li class=\"a-spacing-mini\"><span class=\"a-list-item\"><strong>DVIGUBO SNAPELIO RE\u017dIMAS: <\/strong>Virtuv\u0117s kriaukl\u0117s mai\u0161ytuvas taip pat turi dvigubo snapelio funkcij\u0105, kuri\u0105 galima lengvai perjungti tarp \u012fprasto vandens stulpelio ir galingo du\u0161o, kad atitikt\u0173 skirtingus j\u016bs\u0173 poreikius.<\/span><\/li>\n<li class=\"a-spacing-mini\"><span class=\"a-list-item\"><strong>TEMPERAT\u016aROS REGULIAVIMAS: <\/strong>Svetain\u0117 <a href=\"https:\/\/kitchensink.us\/stainless-steel-kitchen-faucet\/\" target=\"_blank\" rel=\"noopener\">kriaukl\u0117s mai\u0161ytuvas<\/a> taip pat turi temperat\u016bros reguliavimo funkcij\u0105, tod\u0117l galite reguliuoti norim\u0105 temperat\u016br\u0105, kad nereik\u0117t\u0173 rankiniu b\u016bdu mai\u0161yti kar\u0161to ir \u0161alto vandens.<\/span><\/li>\n<li class=\"a-spacing-mini\"><span class=\"a-list-item\"><strong>SUKIMASIS 360 LAIPSNI\u0172 KAMPU: <\/strong>360 laipsni\u0173 pasukimo funkcija leid\u017eia atlikti visus judesius, tod\u0117l vandens srov\u0117 lanks\u010diai pasiekia visus kriaukl\u0117s kampus ir suteikia pakankamai vietos puodams ir dubenims plauti.<\/span><\/li>\n<li class=\"a-spacing-mini\"><span class=\"a-list-item\"><strong>AUK\u0160TOS KOKYB\u0116S ANTGALIS: <\/strong>D\u0117l \u0161velnios odos put\u0173 putotuvo vanduo ne tik gausiai putoja, yra mink\u0161tas ir nesiplaka, malonus liesti, bet ir filtruoja ne\u0161varumus bei padeda taupyti vanden\u012f kasdieniame gyvenime.<\/span><\/li>\n<\/ul>\n<p>&nbsp;<\/p>\n<h2><strong>I\u0161traukiam\u0173 virtuv\u0117s mai\u0161ytuv\u0173 tipai<\/strong><\/h2>\n<ul>\n<li><strong>Viena rankena:<\/strong><\/li>\n<\/ul>\n<p>Da\u017eniausiai pasitaikantis tipas.Turi vien\u0105 svirt\u012f, kuria valdoma ir vandens temperat\u016bra, ir srautas.  Lengvai ir intuityviai valdomas.<\/p>\n<ul>\n<li><strong>Profesionalus stilius:<\/strong><\/li>\n<\/ul>\n<p>Da\u017enai jie turi auk\u0161tai i\u0161lenkt\u0105 snapel\u012f, kad b\u016bt\u0173 geresn\u0117 laisva vieta po mai\u0161ytuvu.  Paprastai pasi\u017eymi galingu purk\u0161tuku ir patvaria konstrukcija, tod\u0117l yra populiar\u016bs tarp vir\u0117j\u0173 ir rimt\u0173 nam\u0173 \u0161ef\u0173.<\/p>\n<ul>\n<li><strong>Svertinis:<\/strong><\/li>\n<\/ul>\n<p>Purk\u0161tuvo galvut\u0117s apa\u010dioje \u012fmontuokite svor\u012f, kad ji skland\u017eiai u\u017esitraukt\u0173 ir nevirp\u0117t\u0173.Taip u\u017etikrinsite eleganti\u0161kesn\u012f ir patogesn\u012f naudojim\u0105.<\/p>\n<ul>\n<li><strong>Spyruoklinis pakrovimas:<\/strong><\/li>\n<\/ul>\n<p>Naudojant spyruoklin\u012f mechanizm\u0105 purk\u0161tuvo galvut\u0117 \u012ftraukiama greitai ir be pastang\u0173.  Tai gali pad\u0117ti sutaupyti laiko ir pastang\u0173 naudojant purk\u0161tuv\u0105.<\/p>\n<p>&nbsp;<\/p>\n<h2 data-sourcepos=\"16:1-16:57\"><strong>Veiksniai, \u012f kuriuos reikia atsi\u017evelgti renkantis vienos rankenos i\u0161traukiam\u0105j\u012f virtuv\u0117s mai\u0161ytuv\u0105<\/strong><\/h2>\n<ul data-sourcepos=\"18:1-22:0\">\n<li data-sourcepos=\"18:1-18:114\"><strong>I\u0161pylimo auk\u0161tis:<\/strong>\u00a0\u012esitikinkite, kad snapelio auk\u0161tis atitinka j\u016bs\u0173 kriaukl\u0117s gyl\u012f ir naudojam\u0173 puod\u0173 bei keptuvi\u0173 dyd\u012f.<\/li>\n<li data-sourcepos=\"19:1-19:116\"><strong>Apdaila:<\/strong>\u00a0Pasirinkite apdail\u0105, kuri der\u0117t\u0173 prie j\u016bs\u0173 virtuv\u0117s stiliaus, pavyzd\u017eiui, chromo, \u0161lifuoto nikelio arba matin\u0117s juodos spalvos.<\/li>\n<li data-sourcepos=\"20:1-20:91\"><strong>\u012erengimas:<\/strong>\u00a0Apsvarstykite montavimo b\u016bd\u0105 ir reikalingas vandentiekio jungtis.<\/li>\n<li data-sourcepos=\"21:1-22:0\"><strong>Vandens sl\u0117gis:<\/strong>\u00a0\u012esitikinkite, kad mai\u0161ytuvas atitinka j\u016bs\u0173 namuose esant\u012f vandens sl\u0117g\u012f.<\/li>\n<\/ul>\n<p>&nbsp;<\/p>\n<h2><strong>I\u0161traukiamo virtuv\u0117s mai\u0161ytuvo savyb\u0117s ir privalumai<\/strong><\/h2>\n<ul>\n<li>Vienos angos montavimas - maksimalus 1,75\" denio storis<\/li>\n<li>ADA reikalavimus atitinkanti ranken\u0117l\u0117 - paprasta valdyti viena svirtimi<\/li>\n<li>Vertikali rankenos konstrukcija prie pagrindinio korpuso, pasukama 90\u00b0 kampu \u012f priek\u012f, kad b\u016bt\u0173 galima naudoti ank\u0161tose erdv\u0117se su nugar\u0117l\u0117mis<\/li>\n<li>Dviej\u0173 funkcij\u0173 pur\u0161kimo galvut\u0117 - 1,8 GPM vandens srautas kaitaliojasi tarp galingo pur\u0161kimo ir aeracinio srauto: Puikiai tinka galingam \u0161veitimui, \u0161velniam skalavimui ir puod\u0173 pripildymui<\/li>\n<li>\u0160vino neturinti CALGreen Kalifornijos reikalavimus atitinkanti patvari \u017ealvario konstrukcija<\/li>\n<li>360\u00b0 pasukamas snapelis u\u017etikrina skland\u0173 traukimo \u017eemyn veikim\u0105<\/li>\n<li>Auk\u0161to lanko snapelio konstrukcija suteikia pakankamai vietos puodams pripildyti ir didesniems indams valyti.<\/li>\n<li>Keramin\u0117 kaset\u0117 - auk\u0161\u010diausios kokyb\u0117s \"be la\u0161\u0173\" tikslumas<\/li>\n<li>Didelio efektyvumo aeratorius, u\u017etikrinantis \u0161velni\u0105 srov\u0119 be pursl\u0173<\/li>\n<li>I\u0161traukiama i\u0161traukiama purk\u0161tuvo galvut\u0117 su 60 coli\u0173 nailonine pinta \u017earna leid\u017eia i\u0161plauti kriaukl\u0119 kiekviename kampe.<\/li>\n<li>Guminius purk\u0161tuk\u0173 purk\u0161tukus lengva i\u0161valyti nuo mineralini\u0173 nuos\u0117d\u0173, kad jie veikt\u0173 ilgai.<\/li>\n<li>Daugiasluoksn\u0117, korozijai atspari apdaila, kuri laikui b\u0117gant netams\u0117ja ir neblunka<\/li>\n<li>\u012e komplekt\u0105 \u012feina i\u0161 anksto sumontuota montavimo \u012franga ir kar\u0161to \/ \u0161alto vandens linijos<\/li>\n<\/ul>\n<p>&nbsp;<\/p>\n<p>Klasikinio dizaino ir paprast\u0173 linij\u0173 eleganti\u0161kas mai\u0161ytuvas puikiai atrodys bet kurioje virtuv\u0117je. I\u0161traukiamasis mai\u0161ytuvas yra dviej\u0173 patvari\u0173 apdailos variant\u0173, kad papildyt\u0173 j\u016bs\u0173 virtuv\u0117s spalv\u0173 palet\u0119. D\u0117l dvigubo veikimo pur\u0161kimo galvut\u0117s su i\u0161traukiama \u017earna plauti ir skalauti bus paprasta. \u0160is meistri\u0161kai pagamintas mai\u0161ytuvas pagamintas i\u0161 auk\u0161\u010diausios kokyb\u0117s med\u017eiag\u0173 ir bus naudojamas daugel\u012f met\u0173 be r\u016bpes\u010di\u0173.<\/p>\n<p>&nbsp;<\/p>\n<p>&nbsp;<\/p>\n<p>&nbsp;<\/p>\n<p>&nbsp;<\/p>\n<p>&nbsp;<\/p>\n<p>&nbsp;<\/p>","protected":false},"excerpt":{"rendered":"<table style=\"height: 407px;\" width=\"704\">\n<tbody>\n<tr>\n<td width=\"808\">1 Mai\u0161ytuvo matmenys<\/td>\n<td width=\"1177\">380 * 225 mm<\/td>\n<\/tr>\n<tr>\n<td width=\"808\">2 Mai\u0161ytuvo grynasis svoris<\/td>\n<td width=\"1177\">2,5 kg<\/td>\n<\/tr>\n<tr>\n<td width=\"808\">3 mai\u0161ytuvas su d\u0117\u017eute Bendrasis svoris<\/td>\n<td width=\"1177\">2,8 kg<\/td>\n<\/tr>\n<tr>\n<td width=\"808\">4 D\u0117\u017eut\u0117s matmenys<\/td>\n<td width=\"1177\">54*32*26 mm<\/td>\n<\/tr>\n<tr>\n<td width=\"808\">5 pakuot\u0117s<\/td>\n<td width=\"1177\">4 VNT\/CTN; 10 VNT\/CTN; 12 VNT\/CTN<\/td>\n<\/tr>\n<tr>\n<td width=\"808\">6 \u012eleidimo \u017earnos ilgis<\/td>\n<td width=\"1177\">60 mm<\/td>\n<\/tr>\n<tr>\n<td width=\"808\">7 Vandentiekio linijos ver\u017el\u0117s dydis<\/td>\n<td width=\"1177\">3\/8\u2033 arba 1\/2\u2033 arba 9\/16\u2033<\/td>\n<\/tr>\n<tr>\n<td width=\"808\">8 Montavimo skyl\u0117s i\u0161pjovimo dydis<\/td>\n<td width=\"1177\">35 mm<\/td>\n<\/tr>\n<tr>\n<td width=\"808\">9 Mai\u0161ytuv\u0173 med\u017eiagos<\/td>\n<td width=\"1177\">Be \u0161vino Premium 304 Amerikos standartinis ner\u016bdijantis<br \/>\nplienas<\/td>\n<\/tr>\n<\/tbody>\n<\/table>","protected":false},"featured_media":2661,"template":"","meta":[],"product_brand":[],"product_cat":[57],"product_tag":[],"class_list":{"0":"post-2660","1":"product","2":"type-product","3":"status-publish","4":"has-post-thumbnail","6":"product_cat-stainless-steel-faucet","8":"first","9":"instock","10":"shipping-taxable","11":"product-type-simple"},"_links":{"self":[{"href":"https:\/\/sinkwithfaucet.com\/lt\/wp-json\/wp\/v2\/product\/2660","targetHints":{"allow":["GET"]}}],"collection":[{"href":"https:\/\/sinkwithfaucet.com\/lt\/wp-json\/wp\/v2\/product"}],"about":[{"href":"https:\/\/sinkwithfaucet.com\/lt\/wp-json\/wp\/v2\/types\/product"}],"wp:featuredmedia":[{"embeddable":true,"href":"https:\/\/sinkwithfaucet.com\/lt\/wp-json\/wp\/v2\/media\/2661"}],"wp:attachment":[{"href":"https:\/\/sinkwithfaucet.com\/lt\/wp-json\/wp\/v2\/media?parent=2660"}],"wp:term":[{"taxonomy":"product_brand","embeddable":true,"href":"https:\/\/sinkwithfaucet.com\/lt\/wp-json\/wp\/v2\/product_brand?post=2660"},{"taxonomy":"product_cat","embeddable":true,"href":"https:\/\/sinkwithfaucet.com\/lt\/wp-json\/wp\/v2\/product_cat?post=2660"},{"taxonomy":"product_tag","embeddable":true,"href":"https:\/\/sinkwithfaucet.com\/lt\/wp-json\/wp\/v2\/product_tag?post=2660"}],"curies":[{"name":"wp","href":"https:\/\/api.w.org\/{rel}","templated":true}]}}