{"id":2653,"date":"2024-11-11T09:53:20","date_gmt":"2024-11-11T09:53:20","guid":{"rendered":"https:\/\/sinkwithfaucet.com\/?post_type=product&#038;p=2653"},"modified":"2024-11-11T10:14:00","modified_gmt":"2024-11-11T10:14:00","slug":"spring-pull-down-kitchen-faucet-1003","status":"publish","type":"product","link":"https:\/\/sinkwithfaucet.com\/lt\/spring-pull-down-kitchen-faucet-1003\/","title":{"rendered":"Pavasarinis nuleid\u017eiamasis virtuv\u0117s mai\u0161ytuvas 1003"},"content":{"rendered":"<h2 data-sourcepos=\"1:1-1:57\">Pavasariniai nuleid\u017eiami virtuv\u0117s mai\u0161ytuvai: \u0160iuolaikinis patogumas<\/h2>\n<p data-sourcepos=\"3:1-3:174\">Spyruoklinis i\u0161traukiamasis virtuv\u0117s mai\u0161ytuvas yra populiarus pasirinkimas \u0161iuolaikin\u0117se virtuv\u0117se. Jame dera stilius, funkcionalumas ir paprastas naudojimas. Pateikiame jo savybi\u0173 ir privalum\u0173 ap\u017evalg\u0105:<\/p>\n<h3 data-sourcepos=\"5:1-5:21\">Kaip tai veikia?<\/h3>\n<p data-sourcepos=\"6:1-6:227\">Spyruoklinis i\u0161traukiamasis mai\u0161ytuvas turi lankst\u0173 snapel\u012f, kur\u012f galima nuleisti ir i\u0161traukti, kad pasiektum\u0117te \u012fvairias kriaukl\u0117s dalis. Kai atleid\u017eiate snapel\u012f, d\u0117l \u012fmontuoto spyruoklinio mechanizmo jis skland\u017eiai gr\u012f\u017eta \u012f viet\u0105.<\/p>\n<h3 data-sourcepos=\"8:1-8:44\">Pagrindiniai \"Spring Pull Down\" mai\u0161ytuv\u0173 privalumai<\/h3>\n<ul data-sourcepos=\"9:1-13:0\">\n<li data-sourcepos=\"9:1-9:128\"><strong>Lankstumas:<\/strong> D\u0117l nuleid\u017eiamos konstrukcijos galite lengvai pripildyti didelius puodus ir keptuves arba i\u0161valyti sunkiai pasiekiamas kriaukl\u0117s vietas.<\/li>\n<li data-sourcepos=\"10:1-10:136\"><strong>Universalumas:<\/strong> Daugelyje modeli\u0173 galima pasirinkti kelis pur\u0161kimo nustatymus, pavyzd\u017eiui, aeracin\u0119 srov\u0119 ir galing\u0105 pur\u0161kim\u0105, kad b\u016bt\u0173 galima atlikti \u012fvairias u\u017eduotis.<\/li>\n<li data-sourcepos=\"11:1-11:91\"><strong>Naudojimo paprastumas:<\/strong> Spyruoklinis mechanizmas u\u017etikrina skland\u0173 veikim\u0105 ir lengv\u0105 i\u0161traukim\u0105.<\/li>\n<li data-sourcepos=\"12:1-13:0\"><strong>Stilingas dizainas:<\/strong> Galima rinktis \u012fvairios apdailos ir stili\u0173, kad papildyt\u0173 bet kokios virtuv\u0117s interjer\u0105.<\/li>\n<\/ul>\n<p data-sourcepos=\"21:1-21:143\">Atid\u017eiai apsvarst\u0119 \u0161iuos veiksnius, galite i\u0161sirinkti spyruoklin\u012f nuleid\u017eiam\u0105 virtuv\u0117s mai\u0161ytuv\u0105, kuris pagerins j\u016bs\u0173 virtuv\u0117s funkcionalum\u0105 ir stili\u0173.<\/p>","protected":false},"excerpt":{"rendered":"<table style=\"height: 407px;\" width=\"704\">\n<tbody>\n<tr>\n<td width=\"808\">1 Mai\u0161ytuvo matmenys<\/td>\n<td width=\"1177\">405 * 225 mm<\/td>\n<\/tr>\n<tr>\n<td width=\"808\">2 Mai\u0161ytuvo grynasis svoris<\/td>\n<td width=\"1177\">2,5 kg<\/td>\n<\/tr>\n<tr>\n<td width=\"808\">3 mai\u0161ytuvas su d\u0117\u017eute Bendrasis svoris<\/td>\n<td width=\"1177\">2,8 kg<\/td>\n<\/tr>\n<tr>\n<td width=\"808\">4 D\u0117\u017eut\u0117s matmenys<\/td>\n<td width=\"1177\">54*32*26 mm<\/td>\n<\/tr>\n<tr>\n<td width=\"808\">5 pakuot\u0117s<\/td>\n<td width=\"1177\">4 VNT\/CTN; 10 VNT\/CTN; 12 VNT\/CTN<\/td>\n<\/tr>\n<tr>\n<td width=\"808\">6 \u012eleidimo \u017earnos ilgis<\/td>\n<td width=\"1177\">60 mm<\/td>\n<\/tr>\n<tr>\n<td width=\"808\">7 Vandentiekio linijos ver\u017el\u0117s dydis<\/td>\n<td width=\"1177\">3\/8\u2033 arba 1\/2\u2033 arba 9\/16\u2033<\/td>\n<\/tr>\n<tr>\n<td width=\"808\">8 Montavimo skyl\u0117s i\u0161pjovimo dydis<\/td>\n<td width=\"1177\">35 mm<\/td>\n<\/tr>\n<tr>\n<td width=\"808\">9 Mai\u0161ytuv\u0173 med\u017eiagos<\/td>\n<td width=\"1177\">Be \u0161vino Premium 304 Amerikos standartinis ner\u016bdijantis<br \/>\nplienas<\/td>\n<\/tr>\n<\/tbody>\n<\/table>","protected":false},"featured_media":2654,"template":"","meta":[],"product_brand":[],"product_cat":[57],"product_tag":[],"class_list":{"0":"post-2653","1":"product","2":"type-product","3":"status-publish","4":"has-post-thumbnail","6":"product_cat-stainless-steel-faucet","8":"first","9":"instock","10":"shipping-taxable","11":"product-type-simple"},"_links":{"self":[{"href":"https:\/\/sinkwithfaucet.com\/lt\/wp-json\/wp\/v2\/product\/2653","targetHints":{"allow":["GET"]}}],"collection":[{"href":"https:\/\/sinkwithfaucet.com\/lt\/wp-json\/wp\/v2\/product"}],"about":[{"href":"https:\/\/sinkwithfaucet.com\/lt\/wp-json\/wp\/v2\/types\/product"}],"wp:featuredmedia":[{"embeddable":true,"href":"https:\/\/sinkwithfaucet.com\/lt\/wp-json\/wp\/v2\/media\/2654"}],"wp:attachment":[{"href":"https:\/\/sinkwithfaucet.com\/lt\/wp-json\/wp\/v2\/media?parent=2653"}],"wp:term":[{"taxonomy":"product_brand","embeddable":true,"href":"https:\/\/sinkwithfaucet.com\/lt\/wp-json\/wp\/v2\/product_brand?post=2653"},{"taxonomy":"product_cat","embeddable":true,"href":"https:\/\/sinkwithfaucet.com\/lt\/wp-json\/wp\/v2\/product_cat?post=2653"},{"taxonomy":"product_tag","embeddable":true,"href":"https:\/\/sinkwithfaucet.com\/lt\/wp-json\/wp\/v2\/product_tag?post=2653"}],"curies":[{"name":"wp","href":"https:\/\/api.w.org\/{rel}","templated":true}]}}