{"id":2650,"date":"2024-11-11T09:47:41","date_gmt":"2024-11-11T09:47:41","guid":{"rendered":"https:\/\/sinkwithfaucet.com\/?post_type=product&#038;p=2650"},"modified":"2024-11-11T09:50:38","modified_gmt":"2024-11-11T09:50:38","slug":"commercial-sink-faucet-1101","status":"publish","type":"product","link":"https:\/\/sinkwithfaucet.com\/lt\/commercial-sink-faucet-1101\/","title":{"rendered":"Komercinis kriaukl\u0117s mai\u0161ytuvas 1101"},"content":{"rendered":"<h2 data-sourcepos=\"1:1-1:61\">Komercin\u0117s paskirties kriaukli\u0173 mai\u0161ytuvai: Kaip i\u0161sirinkti tinkam\u0105 mai\u0161ytuv\u0105: Tinkamo mai\u0161ytuvo pasirinkimo vadovas<\/h2>\n<p data-sourcepos=\"3:1-3:194\">Komercin\u0117s paskirties kriaukli\u0173 mai\u0161ytuvai sukurti taip, kad atlaikyt\u0173 intensyv\u0173 naudojim\u0105, auk\u0161to sl\u0117gio vanden\u012f ir at\u0161iaurias valymo chemines med\u017eiagas. Jie pagaminti taip, kad tarnaut\u0173 ilgai ir patikimai veikt\u0173 sud\u0117tingoje aplinkoje.<\/p>\n<h3 data-sourcepos=\"5:1-5:43\">Pagrindin\u0117s komercini\u0173 kriaukli\u0173 mai\u0161ytuv\u0173 savyb\u0117s<\/h3>\n<ul data-sourcepos=\"7:1-12:0\">\n<li data-sourcepos=\"7:1-7:88\"><strong>Patvarumas:<\/strong> Pagaminti i\u0161 auk\u0161tos kokyb\u0117s med\u017eiag\u0173, pavyzd\u017eiui, \u017ealvario arba ner\u016bdijan\u010dio plieno.<\/li>\n<li data-sourcepos=\"8:1-8:78\"><strong>Didelis srauto greitis:<\/strong> Galinga vandens srov\u0117 u\u017etikrina efektyv\u0173 valym\u0105.<\/li>\n<li data-sourcepos=\"9:1-9:51\"><strong>Lengva prie\u017ei\u016bra:<\/strong> Paprasta valyti ir taisyti.<\/li>\n<li data-sourcepos=\"10:1-10:89\"><strong>Stili\u0173 \u012fvairov\u0117:<\/strong> Galimi \u012fvair\u016bs stiliai, atitinkantys j\u016bs\u0173 virtuv\u0117s estetik\u0105.<\/li>\n<li data-sourcepos=\"11:1-12:0\"><strong>Specialiosios funkcijos:<\/strong> Kai kurie mai\u0161ytuvai turi papildom\u0173 funkcij\u0173, pavyzd\u017eiui, purk\u0161tuk\u0173 galvutes, temperat\u016bros reguliatorius ir valdym\u0105 be prisilietim\u0173.<\/li>\n<\/ul>\n<h3 data-sourcepos=\"13:1-13:36\">Komercini\u0173 kriaukli\u0173 mai\u0161ytuv\u0173 tipai<\/h3>\n<ol data-sourcepos=\"15:1-34:0\">\n<li data-sourcepos=\"15:1-18:3\">\n<p data-sourcepos=\"15:4-15:28\"><strong>Sieniniai mai\u0161ytuvai:<\/strong><\/p>\n<ul data-sourcepos=\"16:4-18:3\">\n<li data-sourcepos=\"16:4-16:45\">Idealiai tinka lengvam valymui ir prie\u017ei\u016brai.<\/li>\n<li data-sourcepos=\"17:4-18:3\">Lankstus i\u0161d\u0117stymas ir dizainas.<\/li>\n<\/ul>\n<\/li>\n<li data-sourcepos=\"19:1-22:3\">\n<p data-sourcepos=\"19:4-19:28\"><strong>Ant denio montuojami mai\u0161ytuvai:<\/strong><\/p>\n<ul data-sourcepos=\"20:4-22:3\">\n<li data-sourcepos=\"20:4-20:42\">Montuojamas tiesiai ant stalvir\u0161io.<\/li>\n<li data-sourcepos=\"21:4-22:3\">Galimos \u012fvairios konfig\u016bracijos, \u012fskaitant vienos ir dviej\u0173 ranken\u0173 modelius.<\/li>\n<\/ul>\n<\/li>\n<li data-sourcepos=\"23:1-26:3\">\n<p data-sourcepos=\"23:4-23:25\"><strong>\u017d\u0105sies kaklelio mai\u0161ytuvai:<\/strong><\/p>\n<ul data-sourcepos=\"24:4-26:3\">\n<li data-sourcepos=\"24:4-24:70\">Turi auk\u0161tai i\u0161lenkt\u0105 snapel\u012f, kad b\u016bt\u0173 lengva pasiekti didelius puodus ir keptuves.<\/li>\n<li data-sourcepos=\"25:4-26:3\">D\u0117l universalumo da\u017enai naudojamos komercin\u0117se virtuv\u0117se.<\/li>\n<\/ul>\n<\/li>\n<li data-sourcepos=\"27:1-30:3\">\n<p data-sourcepos=\"27:4-27:25\"><strong>I\u0161ankstinio nusiplovimo mai\u0161ytuvai:<\/strong><\/p>\n<ul data-sourcepos=\"28:4-30:3\">\n<li data-sourcepos=\"28:4-28:85\">Skirtas sunkiems valymo darbams, pavyzd\u017eiui, maisto liku\u010diams nuo ind\u0173 nuplauti.<\/li>\n<li data-sourcepos=\"29:4-30:3\">Paprastai turi auk\u0161to sl\u0117gio pur\u0161kimo galvut\u0119.<\/li>\n<\/ul>\n<\/li>\n<li data-sourcepos=\"31:1-34:0\">\n<p data-sourcepos=\"31:4-31:25\"><strong>Bekontak\u010diai mai\u0161ytuvai:<\/strong><\/p>\n<ul data-sourcepos=\"32:4-34:0\">\n<li data-sourcepos=\"32:4-32:81\">Skatina higien\u0105, nes nereikia rankomis liestis prie mai\u0161ytuvo.<\/li>\n<li data-sourcepos=\"33:4-34:0\">Idealiai tinka didelio eismo intensyvumo patalpoms, pavyzd\u017eiui, komercin\u0117ms virtuv\u0117ms ir tualetams.<\/li>\n<\/ul>\n<\/li>\n<\/ol>\n<p data-sourcepos=\"44:1-44:135\">Atid\u017eiai apsvarst\u0119 \u0161iuos veiksnius, galite i\u0161sirinkti puik\u0173 komercini\u0173 kriaukli\u0173 mai\u0161ytuv\u0105, atitinkant\u012f konkre\u010dius j\u016bs\u0173 \u012fmon\u0117s poreikius.<\/p>","protected":false},"excerpt":{"rendered":"<h3 data-sourcepos=\"35:1-35:62\">Veiksniai, \u012f kuriuos reikia atsi\u017evelgti renkantis komercin\u012f kriaukl\u0117s mai\u0161ytuv\u0105<\/h3>\n<ul data-sourcepos=\"37:1-43:0\">\n<li data-sourcepos=\"37:1-37:94\"><strong>Srauto greitis:<\/strong> \u012esitikinkite, kad mai\u0161ytuvas gali u\u017etikrinti reikiam\u0105 vandens sraut\u0105 pagal j\u016bs\u0173 konkre\u010dius poreikius.<\/li>\n<li data-sourcepos=\"38:1-38:96\"><strong>Patvarumas:<\/strong> Rinkit\u0117s mai\u0161ytuv\u0105, pagamint\u0105 i\u0161 auk\u0161tos kokyb\u0117s med\u017eiag\u0173, kurios atlaiko intensyv\u0173 naudojim\u0105.<\/li>\n<li data-sourcepos=\"39:1-39:79\"><strong>Apdaila:<\/strong> Pasirinkite atspari\u0105 korozijai ir lengvai valom\u0105 apdail\u0105.<\/li>\n<li data-sourcepos=\"40:1-40:91\"><strong>\u012erengimas:<\/strong> Apsvarstykite montavimo b\u016bd\u0105 ir reikalingas vandentiekio jungtis.<\/li>\n<li data-sourcepos=\"41:1-41:97\"><strong>Technin\u0117 prie\u017ei\u016bra:<\/strong> Ie\u0161kokite mai\u0161ytuv\u0173 su lengvai kei\u010diamomis dalimis ir paprastomis prie\u017ei\u016bros proced\u016bromis.<\/li>\n<li data-sourcepos=\"42:1-43:0\"><strong>Atitiktis kodeksui:<\/strong> \u012esitikinkite, kad mai\u0161ytuvas atitinka vietos santechnikos taisykles ir reglamentus.<\/li>\n<\/ul>","protected":false},"featured_media":2651,"template":"","meta":[],"product_brand":[],"product_cat":[57],"product_tag":[],"class_list":{"0":"post-2650","1":"product","2":"type-product","3":"status-publish","4":"has-post-thumbnail","6":"product_cat-stainless-steel-faucet","8":"first","9":"instock","10":"shipping-taxable","11":"product-type-simple"},"_links":{"self":[{"href":"https:\/\/sinkwithfaucet.com\/lt\/wp-json\/wp\/v2\/product\/2650","targetHints":{"allow":["GET"]}}],"collection":[{"href":"https:\/\/sinkwithfaucet.com\/lt\/wp-json\/wp\/v2\/product"}],"about":[{"href":"https:\/\/sinkwithfaucet.com\/lt\/wp-json\/wp\/v2\/types\/product"}],"wp:featuredmedia":[{"embeddable":true,"href":"https:\/\/sinkwithfaucet.com\/lt\/wp-json\/wp\/v2\/media\/2651"}],"wp:attachment":[{"href":"https:\/\/sinkwithfaucet.com\/lt\/wp-json\/wp\/v2\/media?parent=2650"}],"wp:term":[{"taxonomy":"product_brand","embeddable":true,"href":"https:\/\/sinkwithfaucet.com\/lt\/wp-json\/wp\/v2\/product_brand?post=2650"},{"taxonomy":"product_cat","embeddable":true,"href":"https:\/\/sinkwithfaucet.com\/lt\/wp-json\/wp\/v2\/product_cat?post=2650"},{"taxonomy":"product_tag","embeddable":true,"href":"https:\/\/sinkwithfaucet.com\/lt\/wp-json\/wp\/v2\/product_tag?post=2650"}],"curies":[{"name":"wp","href":"https:\/\/api.w.org\/{rel}","templated":true}]}}