{"id":2647,"date":"2024-11-11T09:41:51","date_gmt":"2024-11-11T09:41:51","guid":{"rendered":"https:\/\/sinkwithfaucet.com\/?post_type=product&#038;p=2647"},"modified":"2024-11-11T09:41:51","modified_gmt":"2024-11-11T09:41:51","slug":"lead-free-kitchen-faucet-1021","status":"publish","type":"product","link":"https:\/\/sinkwithfaucet.com\/lt\/lead-free-kitchen-faucet-1021\/","title":{"rendered":"\u0160vino neturintis virtuv\u0117s mai\u0161ytuvas 1021"},"content":{"rendered":"<h2 data-sourcepos=\"1:1-1:57\">\u0160vino neturintys virtuv\u0117s mai\u0161ytuvai: Saugus pasirinkimas j\u016bs\u0173 namams<\/h2>\n<p data-sourcepos=\"3:1-3:288\">\u0160vino neturintis virtuv\u0117s mai\u0161ytuvas yra labai svarbus komponentas, u\u017etikrinantis geriamojo vandens saug\u0105 ir kokyb\u0119. \u0160vino poveikis, ypa\u010d vaikams, gali tur\u0117ti rimt\u0173 pasekmi\u0173 sveikatai. Pasirink\u0119 \u0161vino neturint\u012f mai\u0161ytuv\u0105, \u017eengsite aktyv\u0173 \u017eingsn\u012f, kad apsaugotum\u0117te savo \u0161eimos gerov\u0119.<\/p>\n<h3 data-sourcepos=\"5:1-5:34\">Kod\u0117l verta rinktis be\u0161vin\u012f mai\u0161ytuv\u0105?<\/h3>\n<ul data-sourcepos=\"7:1-10:0\">\n<li data-sourcepos=\"7:1-7:152\"><strong>Privalumai sveikatai:<\/strong> \u0160vino poveikis gali sukelti \u012fvairi\u0173 sveikatos problem\u0173, \u012fskaitant raidos sul\u0117t\u0117jim\u0105, mokymosi sutrikimus ir elgesio problemas.<\/li>\n<li data-sourcepos=\"8:1-8:110\"><strong>Atitiktis teis\u0117s aktams:<\/strong> Daugelyje region\u0173 galioja grie\u017etos taisykl\u0117s d\u0117l \u0161vino kiekio santechnikos prietaisuose.<\/li>\n<li data-sourcepos=\"9:1-10:0\"><strong>Ramyb\u0117:<\/strong> \u017dinojimas, kad j\u016bs\u0173 vandenyje n\u0117ra kenksming\u0173 ter\u0161al\u0173, gali suteikti pasitik\u0117jimo.<\/li>\n<\/ul>\n<h3 data-sourcepos=\"11:1-11:38\">Kaip atpa\u017einti be\u0161vin\u012f mai\u0161ytuv\u0105<\/h3>\n<p data-sourcepos=\"13:1-13:49\">Ie\u0161kokite \u0161i\u0173 sertifikat\u0173 ir etike\u010di\u0173:<\/p>\n<ul data-sourcepos=\"15:1-17:0\">\n<li data-sourcepos=\"15:1-15:102\"><strong>NSF\/ANSI 61:<\/strong> \u0160is sertifikatas u\u017etikrina, kad mai\u0161ytuvas atitinka grie\u017etus \u0161vino kiekio standartus.<\/li>\n<li data-sourcepos=\"16:1-17:0\"><strong>WaterSense:<\/strong> \u0160i etiket\u0117 rodo, kad mai\u0161ytuvas taupiai naudoja vanden\u012f.<\/li>\n<\/ul>\n<p data-sourcepos=\"25:1-25:119\">Rinkdamiesi s\u0105moningai, galite pasirinkti \u0161vino neturint\u012f virtuv\u0117s mai\u0161ytuv\u0105, kuriame dera stilius, funkcionalumas ir saugumas.<\/p>","protected":false},"excerpt":{"rendered":"<h3 data-sourcepos=\"18:1-18:48\">\u0160vino neturin\u010dio virtuv\u0117s mai\u0161ytuvo pasirinkimas<\/h3>\n<ol data-sourcepos=\"20:1-24:0\">\n<li data-sourcepos=\"20:1-20:125\"><strong>Patikrinkite med\u017eiag\u0105:<\/strong> Rinkit\u0117s mai\u0161ytuvus, pagamintus i\u0161 toki\u0173 med\u017eiag\u0173 kaip ner\u016bdijantis plienas ar \u017ealvaris, kuriuose i\u0161 esm\u0117s yra ma\u017eai \u0161vino.<\/li>\n<li data-sourcepos=\"21:1-21:99\"><strong>Perskaitykite gaminio etiket\u0119:<\/strong> Ie\u0161kokite konkre\u010dios informacijos apie \u0161vino turin\u012f ir sertifikatus.<\/li>\n<li data-sourcepos=\"22:1-22:143\"><strong>Apsvarstykite apdail\u0105:<\/strong> Nors apdaila neturi tiesiogin\u0117s \u012ftakos \u0161vino kiekiui, ji gali tur\u0117ti \u012ftakos bendrai mai\u0161ytuvo i\u0161vaizdai ir ilgaam\u017ei\u0161kumui.<\/li>\n<li data-sourcepos=\"23:1-24:0\"><strong>Pasirinkite patikim\u0105 prek\u0117s \u017eenkl\u0105:<\/strong> \u017dinomi preki\u0173 \u017eenklai da\u017enai teikia pirmenyb\u0119 kokybei ir saugai.<\/li>\n<\/ol>","protected":false},"featured_media":2648,"template":"","meta":[],"product_brand":[],"product_cat":[57],"product_tag":[],"class_list":{"0":"post-2647","1":"product","2":"type-product","3":"status-publish","4":"has-post-thumbnail","6":"product_cat-stainless-steel-faucet","8":"first","9":"instock","10":"shipping-taxable","11":"product-type-simple"},"_links":{"self":[{"href":"https:\/\/sinkwithfaucet.com\/lt\/wp-json\/wp\/v2\/product\/2647","targetHints":{"allow":["GET"]}}],"collection":[{"href":"https:\/\/sinkwithfaucet.com\/lt\/wp-json\/wp\/v2\/product"}],"about":[{"href":"https:\/\/sinkwithfaucet.com\/lt\/wp-json\/wp\/v2\/types\/product"}],"wp:featuredmedia":[{"embeddable":true,"href":"https:\/\/sinkwithfaucet.com\/lt\/wp-json\/wp\/v2\/media\/2648"}],"wp:attachment":[{"href":"https:\/\/sinkwithfaucet.com\/lt\/wp-json\/wp\/v2\/media?parent=2647"}],"wp:term":[{"taxonomy":"product_brand","embeddable":true,"href":"https:\/\/sinkwithfaucet.com\/lt\/wp-json\/wp\/v2\/product_brand?post=2647"},{"taxonomy":"product_cat","embeddable":true,"href":"https:\/\/sinkwithfaucet.com\/lt\/wp-json\/wp\/v2\/product_cat?post=2647"},{"taxonomy":"product_tag","embeddable":true,"href":"https:\/\/sinkwithfaucet.com\/lt\/wp-json\/wp\/v2\/product_tag?post=2647"}],"curies":[{"name":"wp","href":"https:\/\/api.w.org\/{rel}","templated":true}]}}