{"id":2599,"date":"2024-11-09T07:20:10","date_gmt":"2024-11-09T07:20:10","guid":{"rendered":"https:\/\/sinkwithfaucet.com\/?post_type=product&#038;p=2599"},"modified":"2024-11-09T07:20:10","modified_gmt":"2024-11-09T07:20:10","slug":"kitchen-one-handle-faucet-1001","status":"publish","type":"product","link":"https:\/\/sinkwithfaucet.com\/lt\/kitchen-one-handle-faucet-1001\/","title":{"rendered":"Virtuv\u0117s mai\u0161ytuvas su viena rankena 1001"},"content":{"rendered":"<h2 data-sourcepos=\"1:1-1:50\">Virtuv\u0117s mai\u0161ytuvai su viena rankena: \u0160iuolaikin\u0117 klasika<\/h2>\n<p data-sourcepos=\"1:1-1:50\">Virtuv\u0117s mai\u0161ytuvai su viena rankena <span style=\"font-size: 14.4px;\">yra populiarus pasirinkimas d\u0117l savo eleganti\u0161ko dizaino ir paprasto naudojimo. Viena svirtimi galima valdyti ir vandens temperat\u016br\u0105, ir sraut\u0105, tod\u0117l virtuv\u0117s mai\u0161ytuvas valdomas racionaliai ir efektyviai.<\/span><\/p>\n<p data-sourcepos=\"5:1-5:50\"><strong>Pagrindin\u0117s virtuv\u0117s mai\u0161ytuv\u0173 su viena rankena savyb\u0117s:<\/strong><\/p>\n<ul data-sourcepos=\"7:1-11:0\">\n<li data-sourcepos=\"7:1-7:89\"><strong>Eleganti\u0161kas dizainas:<\/strong> \u0160iuolaiki\u0161ka ir minimalistin\u0117 i\u0161vaizda, tinkanti prie \u012fvairi\u0173 virtuv\u0117s stili\u0173.<\/li>\n<li data-sourcepos=\"8:1-8:91\"><strong>Lengva naudoti:<\/strong> Viena svirtimi galima tiksliai valdyti vandens sraut\u0105 ir temperat\u016br\u0105.<\/li>\n<li data-sourcepos=\"9:1-9:116\"><strong>Patvarumas:<\/strong> Pagaminti i\u0161 auk\u0161tos kokyb\u0117s med\u017eiag\u0173, toki\u0173 kaip ner\u016bdijantis plienas ar \u017ealvaris, tod\u0117l veikia ilgai.<\/li>\n<li data-sourcepos=\"10:1-11:0\"><strong>Stili\u0173 \u012fvairov\u0117:<\/strong> Galima rinktis \u012fvairi\u0173 stili\u0173, apdailos ir snapeli\u0173 auk\u0161\u010di\u0173, kad atitikt\u0173 skirtingus pageidavimus.<\/li>\n<\/ul>\n<p data-sourcepos=\"12:1-12:43\"><strong>Vienos rankenos virtuv\u0117s mai\u0161ytuv\u0173 tipai:<\/strong><\/p>\n<ul data-sourcepos=\"14:1-17:0\">\n<li data-sourcepos=\"14:1-14:99\"><strong>Nuleid\u017eiamieji mai\u0161ytuvai:<\/strong> Turi i\u0161traukiam\u0105 pur\u0161kimo galvut\u0119, kuri suteikia daugiau universalumo ir valymo galios.<\/li>\n<li data-sourcepos=\"15:1-15:97\"><strong>I\u0161traukiamieji mai\u0161ytuvai:<\/strong> Pana\u0161\u016bs \u012f nuleid\u017eiamus mai\u0161ytuvus, ta\u010diau su lanks\u010dia \u017earna, kad b\u016bt\u0173 lengviau pasiekti.<\/li>\n<li data-sourcepos=\"16:1-17:0\"><strong>Bekontak\u010diai mai\u0161ytuvai:<\/strong> Rankomis laisvai valdomas, kad b\u016bt\u0173 patogiau ir higieni\u0161kiau.<\/li>\n<\/ul>\n<p data-sourcepos=\"18:1-18:64\"><strong>\u012e k\u0105 atsi\u017evelgti renkantis vienos rankenos virtuv\u0117s mai\u0161ytuv\u0105:<\/strong><\/p>\n<ul data-sourcepos=\"20:1-25:0\">\n<li data-sourcepos=\"20:1-20:75\"><strong>Stilius:<\/strong> Pasirinkite stili\u0173, kuris papildyt\u0173 bendr\u0105 virtuv\u0117s dizain\u0105.<\/li>\n<li data-sourcepos=\"21:1-21:113\"><strong>Apdaila:<\/strong> Rinkit\u0117s stiling\u0105 ir prakti\u0161k\u0105 apdail\u0105, pavyzd\u017eiui, \u0161lifuoto nikelio, chromo arba matin\u0117s juodos spalvos.<\/li>\n<li data-sourcepos=\"22:1-22:131\"><strong>I\u0161pylimo auk\u0161tis:<\/strong> Atsi\u017evelkite \u012f snapelio auk\u0161t\u012f, kad jis tikt\u0173 j\u016bs\u0173 kriauklei ir b\u016bt\u0173 pakankamai laisvos vietos puodams ir keptuv\u0117ms.<\/li>\n<li data-sourcepos=\"23:1-23:96\"><strong>Vandens srautas:<\/strong> Vandens srautas tur\u0117t\u0173 b\u016bti pakankamas j\u016bs\u0173 poreikiams, bet ne per stiprus.<\/li>\n<li data-sourcepos=\"24:1-25:0\"><strong>\u012erengimas:<\/strong> U\u017etikrinkite tinkam\u0105 montavim\u0105, kad i\u0161vengtum\u0117te nuot\u0117kio ir \u017ealos.<\/li>\n<\/ul>\n<p data-sourcepos=\"26:1-26:147\">Atid\u017eiai apsvarst\u0119 \u0161iuos veiksnius, galite i\u0161sirinkti puik\u0173 vienos ranken\u0117l\u0117s virtuv\u0117s mai\u0161ytuv\u0105, kuris pagerins j\u016bs\u0173 virtuv\u0117s funkcionalum\u0105 ir stili\u0173.<\/p>","protected":false},"excerpt":{"rendered":"<p data-sourcepos=\"7:1-7:39\">M\u016bs\u0173 vienos angos i\u0161traukiamasis mai\u0161ytuvas si\u016blo:<\/p>\n<ul data-sourcepos=\"9:1-13:0\">\n<li data-sourcepos=\"9:1-9:53\"><strong>Eleganti\u0161kas dizainas:<\/strong> Stilingas bet kurios virtuv\u0117s priedas<\/li>\n<li data-sourcepos=\"10:1-10:60\"><strong>Lengvas valymas:<\/strong> I\u0161traukiamasis purk\u0161tuvas efektyviam valymui<\/li>\n<li data-sourcepos=\"11:1-11:72\"><strong>Patvari apdaila:<\/strong> R\u016bdims ir korozijai atspari \u0161lifuoto nikelio apdaila<\/li>\n<li data-sourcepos=\"12:1-13:0\"><strong>Optimizuota erdv\u0117:<\/strong> Kompakti\u0161kas dizainas maksimaliai padidina prekystalio erdv\u0119<\/li>\n<\/ul>","protected":false},"featured_media":2600,"template":"","meta":[],"product_brand":[],"product_cat":[57],"product_tag":[],"class_list":{"0":"post-2599","1":"product","2":"type-product","3":"status-publish","4":"has-post-thumbnail","6":"product_cat-stainless-steel-faucet","8":"first","9":"instock","10":"shipping-taxable","11":"product-type-simple"},"_links":{"self":[{"href":"https:\/\/sinkwithfaucet.com\/lt\/wp-json\/wp\/v2\/product\/2599","targetHints":{"allow":["GET"]}}],"collection":[{"href":"https:\/\/sinkwithfaucet.com\/lt\/wp-json\/wp\/v2\/product"}],"about":[{"href":"https:\/\/sinkwithfaucet.com\/lt\/wp-json\/wp\/v2\/types\/product"}],"wp:featuredmedia":[{"embeddable":true,"href":"https:\/\/sinkwithfaucet.com\/lt\/wp-json\/wp\/v2\/media\/2600"}],"wp:attachment":[{"href":"https:\/\/sinkwithfaucet.com\/lt\/wp-json\/wp\/v2\/media?parent=2599"}],"wp:term":[{"taxonomy":"product_brand","embeddable":true,"href":"https:\/\/sinkwithfaucet.com\/lt\/wp-json\/wp\/v2\/product_brand?post=2599"},{"taxonomy":"product_cat","embeddable":true,"href":"https:\/\/sinkwithfaucet.com\/lt\/wp-json\/wp\/v2\/product_cat?post=2599"},{"taxonomy":"product_tag","embeddable":true,"href":"https:\/\/sinkwithfaucet.com\/lt\/wp-json\/wp\/v2\/product_tag?post=2599"}],"curies":[{"name":"wp","href":"https:\/\/api.w.org\/{rel}","templated":true}]}}