{"id":2587,"date":"2024-11-09T06:44:02","date_gmt":"2024-11-09T06:44:02","guid":{"rendered":"https:\/\/sinkwithfaucet.com\/?post_type=product&#038;p=2587"},"modified":"2024-11-09T06:44:03","modified_gmt":"2024-11-09T06:44:03","slug":"double-bowl-farmhouse-sink-7649","status":"publish","type":"product","link":"https:\/\/sinkwithfaucet.com\/lt\/double-bowl-farmhouse-sink-7649\/","title":{"rendered":"Dvigubo dubens kriaukl\u0117 7649"},"content":{"rendered":"<h2 data-sourcepos=\"1:1-1:63\">Dvigubo dubens \u016bkinio pastato kriaukl\u0117s: Stilingas ir funkcionalus pasirinkimas<\/h2>\n<p data-sourcepos=\"3:1-3:231\">Dvigubo dubens \u016bkin\u0117 kriaukl\u0117 yra populiarus pasirinkimas nam\u0173 savininkams, norintiems stilingos ir funkcionalios virtuv\u0117s. \u0160io tipo kriaukl\u0117se yra du atskiri praustuvai, da\u017enai su prijuost\u0117s priekiu, tod\u0117l jose yra pakankamai vietos \u012fvairioms virtuv\u0117s u\u017eduotims atlikti.<\/p>\n<p data-sourcepos=\"5:1-5:48\"><strong>Pagrindin\u0117s \"Double Bowl Farmhouse Sinks\" kriaukli\u0173 savyb\u0117s:<\/strong><\/p>\n<ul data-sourcepos=\"7:1-11:0\">\n<li data-sourcepos=\"7:1-7:108\"><strong>Erdvus dizainas:<\/strong> Daug vietos indams plauti, maistui ruo\u0161ti ir dideliems indams mirkyti.<\/li>\n<li data-sourcepos=\"8:1-8:138\"><strong>Universalus funkcionalumas:<\/strong> D\u0117l dviej\u0173 praustuv\u0173 galima atlikti kelias funkcijas, pavyzd\u017eiui, plauti indus viename praustuv\u0117lyje ir ruo\u0161ti maist\u0105 kitame.<\/li>\n<li data-sourcepos=\"9:1-9:90\"><strong>Stilinga estetika:<\/strong> Prijuost\u0117s priekis suteikia virtuvei klasikin\u0119 ir nesenstan\u010di\u0105 i\u0161vaizd\u0105.<\/li>\n<li data-sourcepos=\"10:1-11:0\"><strong>Patvarios med\u017eiagos:<\/strong> Paprastai jie gaminami i\u0161 ner\u016bdijan\u010dio plieno, \u0161amoto arba ketaus, tod\u0117l yra ilgaam\u017eiai.<\/li>\n<\/ul>\n<p data-sourcepos=\"12:1-12:62\"><strong>Dvigubo dubens \u016bkinio pastato kriaukl\u0117s pasirinkimo aspektai:<\/strong><\/p>\n<ul data-sourcepos=\"14:1-19:0\">\n<li data-sourcepos=\"14:1-14:73\"><strong>Dydis:<\/strong> Pasirinkite dyd\u012f, atitinkant\u012f j\u016bs\u0173 virtuv\u0117s i\u0161planavim\u0105 ir j\u016bs\u0173 poreikius.<\/li>\n<li data-sourcepos=\"15:1-15:106\"><strong>Dubens konfig\u016bracija:<\/strong> Atsi\u017evelkite \u012f dviej\u0173 duben\u0173 dyd\u012f ir form\u0105, kad jie atitikt\u0173 j\u016bs\u0173 konkre\u010dius reikalavimus.<\/li>\n<li data-sourcepos=\"16:1-16:97\"><strong>Med\u017eiaga:<\/strong> Pasirinkite patvari\u0105 ir lengvai valom\u0105 med\u017eiag\u0105, pavyzd\u017eiui, ner\u016bdijant\u012f plien\u0105 arba \u0161amot\u0105.<\/li>\n<li data-sourcepos=\"17:1-17:85\"><strong>\u012erengimas:<\/strong> U\u017etikrinkite tinkam\u0105 montavim\u0105, nesvarbu, ar tai b\u016bt\u0173 montuojama po grindimis, ar ant vir\u0161aus.<\/li>\n<li data-sourcepos=\"18:1-19:0\"><strong>Stilius:<\/strong> Pasirinkite stili\u0173, kuris papildyt\u0173 bendr\u0105 virtuv\u0117s dizain\u0105.<\/li>\n<\/ul>\n<p data-sourcepos=\"20:1-20:145\">Atid\u017eiai apsvarst\u0119 \u0161iuos veiksnius, galite i\u0161sirinkti puiki\u0105 dvigubo dubens \u016bkin\u0119 kriaukl\u0119, kuri pagerins j\u016bs\u0173 virtuv\u0117s funkcionalum\u0105 ir stili\u0173.<\/p>","protected":false},"excerpt":{"rendered":"<p>Bendras dydis: 1500 * 500 * 180 mm<\/p>\n<p>I\u0161pjovos dydis: 1480 * 480 mm<\/p>\n<p>Med\u017eiaga : ner\u016bdijantis plienas<\/p>","protected":false},"featured_media":2589,"template":"","meta":[],"product_brand":[],"product_cat":[56],"product_tag":[],"class_list":{"0":"post-2587","1":"product","2":"type-product","3":"status-publish","4":"has-post-thumbnail","6":"product_cat-pressing-kitchen-sink","8":"first","9":"instock","10":"shipping-taxable","11":"product-type-simple"},"_links":{"self":[{"href":"https:\/\/sinkwithfaucet.com\/lt\/wp-json\/wp\/v2\/product\/2587","targetHints":{"allow":["GET"]}}],"collection":[{"href":"https:\/\/sinkwithfaucet.com\/lt\/wp-json\/wp\/v2\/product"}],"about":[{"href":"https:\/\/sinkwithfaucet.com\/lt\/wp-json\/wp\/v2\/types\/product"}],"wp:featuredmedia":[{"embeddable":true,"href":"https:\/\/sinkwithfaucet.com\/lt\/wp-json\/wp\/v2\/media\/2589"}],"wp:attachment":[{"href":"https:\/\/sinkwithfaucet.com\/lt\/wp-json\/wp\/v2\/media?parent=2587"}],"wp:term":[{"taxonomy":"product_brand","embeddable":true,"href":"https:\/\/sinkwithfaucet.com\/lt\/wp-json\/wp\/v2\/product_brand?post=2587"},{"taxonomy":"product_cat","embeddable":true,"href":"https:\/\/sinkwithfaucet.com\/lt\/wp-json\/wp\/v2\/product_cat?post=2587"},{"taxonomy":"product_tag","embeddable":true,"href":"https:\/\/sinkwithfaucet.com\/lt\/wp-json\/wp\/v2\/product_tag?post=2587"}],"curies":[{"name":"wp","href":"https:\/\/api.w.org\/{rel}","templated":true}]}}