{"id":2580,"date":"2024-11-09T06:33:57","date_gmt":"2024-11-09T06:33:57","guid":{"rendered":"https:\/\/sinkwithfaucet.com\/?post_type=product&#038;p=2580"},"modified":"2024-11-09T06:33:57","modified_gmt":"2024-11-09T06:33:57","slug":"drainboard-kitchen-sink-6844","status":"publish","type":"product","link":"https:\/\/sinkwithfaucet.com\/lt\/drainboard-kitchen-sink-6844\/","title":{"rendered":"Virtuv\u0117s kriaukl\u0117 6844"},"content":{"rendered":"<h2 data-sourcepos=\"1:1-1:56\">Dvipus\u0117s i\u0161leidimo plok\u0161t\u0117s virtuv\u0117s plautuv\u0117s: Prakti\u0161kas pasirinkimas<\/h2>\n<p data-sourcepos=\"3:1-3:212\">Dvipus\u0117 kriaukl\u0117 su nuleidimo lenta yra funkcionalus ir stilingas bet kurios virtuv\u0117s papildymas. Abiejose kriaukl\u0117s pus\u0117se yra i\u0161leid\u017eiamosios lentel\u0117s, tod\u0117l jose yra pakankamai vietos indams, \u012frankiams ir kitiems virtuv\u0117s reikmenims d\u017eiovinti.<\/p>\n<p data-sourcepos=\"5:1-5:54\"><strong>Pagrindin\u0117s savyb\u0117s:<\/strong><\/p>\n<ul data-sourcepos=\"7:1-11:0\">\n<li data-sourcepos=\"7:1-7:102\"><strong>Didesnis funkcionalumas:<\/strong> Dvigubos i\u0161leidimo lentel\u0117s suteikia daugiau vietos indams d\u017eiovinti ir tvarkyti.<\/li>\n<li data-sourcepos=\"8:1-8:109\"><strong>Didesnis efektyvumas:<\/strong> Atskiros lentyn\u0117l\u0117s \u0161variems ir ne\u0161variems indams gali pad\u0117ti supaprastinti virtuv\u0117s darbus.<\/li>\n<li data-sourcepos=\"9:1-9:105\"><strong>Modernus dizainas:<\/strong> Galima rinktis \u012fvairi\u0173 stili\u0173 ir apdailos variant\u0173, kurie papildo skirting\u0105 virtuv\u0117s estetik\u0105.<\/li>\n<li data-sourcepos=\"10:1-11:0\"><strong>Patvarios med\u017eiagos:<\/strong> Paprastai gaminami i\u0161 ner\u016bdijan\u010dio plieno, tod\u0117l veikia ilgai.<\/li>\n<\/ul>\n<p data-sourcepos=\"12:1-12:68\"><strong>Dvipusio i\u0161leidimo virtuv\u0117s kriaukl\u0117s pasirinkimo aspektai:<\/strong><\/p>\n<ul data-sourcepos=\"14:1-18:0\">\n<li data-sourcepos=\"14:1-14:73\"><strong>Dydis:<\/strong> Pasirinkite dyd\u012f, atitinkant\u012f j\u016bs\u0173 virtuv\u0117s i\u0161planavim\u0105 ir j\u016bs\u0173 poreikius.<\/li>\n<li data-sourcepos=\"15:1-15:85\"><strong>Med\u017eiaga:<\/strong> Pasirinkite patvari\u0105 ir lengvai valom\u0105 med\u017eiag\u0105, pavyzd\u017eiui, ner\u016bdijant\u012f plien\u0105.<\/li>\n<li data-sourcepos=\"16:1-16:105\"><strong>Nusausinimo plok\u0161t\u0117s dydis:<\/strong> Apsvarstykite, kokio dyd\u017eio turi b\u016bti nutek\u0117jimo lentel\u0117s, kad \u012f jas tilpt\u0173 j\u016bs\u0173 indai.<\/li>\n<li data-sourcepos=\"17:1-18:0\"><strong>\u012erengimas:<\/strong> U\u017etikrinkite tinkam\u0105 montavim\u0105, kad i\u0161vengtum\u0117te nuot\u0117kio ir \u017ealos.<\/li>\n<\/ul>\n<p data-sourcepos=\"19:1-19:150\">Atid\u017eiai apsvarst\u0119 \u0161iuos veiksnius, galite i\u0161sirinkti puiki\u0105 virtuv\u0117s kriaukl\u0119 su dviej\u0173 pusi\u0173 i\u0161leidimo skydeliu, kuri pagerins j\u016bs\u0173 virtuv\u0117s funkcionalum\u0105 ir stili\u0173.<\/p>","protected":false},"excerpt":{"rendered":"<p>Bendras dydis: 1000 * 500 * 150 mm<\/p>\n<p>I\u0161pjovos dydis: 980 * 480 mm<\/p>\n<p>Med\u017eiaga : ner\u016bdijantis plienas<\/p>","protected":false},"featured_media":2581,"template":"","meta":[],"product_brand":[],"product_cat":[56],"product_tag":[],"class_list":{"0":"post-2580","1":"product","2":"type-product","3":"status-publish","4":"has-post-thumbnail","6":"product_cat-pressing-kitchen-sink","8":"first","9":"instock","10":"shipping-taxable","11":"product-type-simple"},"_links":{"self":[{"href":"https:\/\/sinkwithfaucet.com\/lt\/wp-json\/wp\/v2\/product\/2580","targetHints":{"allow":["GET"]}}],"collection":[{"href":"https:\/\/sinkwithfaucet.com\/lt\/wp-json\/wp\/v2\/product"}],"about":[{"href":"https:\/\/sinkwithfaucet.com\/lt\/wp-json\/wp\/v2\/types\/product"}],"wp:featuredmedia":[{"embeddable":true,"href":"https:\/\/sinkwithfaucet.com\/lt\/wp-json\/wp\/v2\/media\/2581"}],"wp:attachment":[{"href":"https:\/\/sinkwithfaucet.com\/lt\/wp-json\/wp\/v2\/media?parent=2580"}],"wp:term":[{"taxonomy":"product_brand","embeddable":true,"href":"https:\/\/sinkwithfaucet.com\/lt\/wp-json\/wp\/v2\/product_brand?post=2580"},{"taxonomy":"product_cat","embeddable":true,"href":"https:\/\/sinkwithfaucet.com\/lt\/wp-json\/wp\/v2\/product_cat?post=2580"},{"taxonomy":"product_tag","embeddable":true,"href":"https:\/\/sinkwithfaucet.com\/lt\/wp-json\/wp\/v2\/product_tag?post=2580"}],"curies":[{"name":"wp","href":"https:\/\/api.w.org\/{rel}","templated":true}]}}