{"id":2577,"date":"2024-11-09T06:30:16","date_gmt":"2024-11-09T06:30:16","guid":{"rendered":"https:\/\/sinkwithfaucet.com\/?post_type=product&#038;p=2577"},"modified":"2024-11-09T06:30:16","modified_gmt":"2024-11-09T06:30:16","slug":"kitchen-sink-with-drainboard-7848b","status":"publish","type":"product","link":"https:\/\/sinkwithfaucet.com\/lt\/kitchen-sink-with-drainboard-7848b\/","title":{"rendered":"Virtuv\u0117s kriaukl\u0117 su i\u0161leidimo plok\u0161te 7848B"},"content":{"rendered":"<h2 data-sourcepos=\"1:1-1:53\">Virtuv\u0117s kriaukl\u0117 su i\u0161leidimo plok\u0161t\u0117mis: Prakti\u0161kas pasirinkimas<\/h2>\n<p data-sourcepos=\"3:1-3:212\"><strong>Virtuv\u0117s plautuv\u0117s su drena\u017eo plok\u0161t\u0117mis<\/strong> tai prakti\u0161kas ir efektyvus ind\u0173 plovimo ir d\u017eiovinimo sprendimas. Integruotoje d\u017eiovykl\u0117je yra patogi vieta indams, \u012frankiams ir kitiems virtuv\u0117s reikmenims d\u017eiovinti.<\/p>\n<p data-sourcepos=\"5:1-5:51\"><strong>Pagrindin\u0117s virtuv\u0117s plautuvi\u0173 su i\u0161leidimo plok\u0161t\u0117mis savyb\u0117s:<\/strong><\/p>\n<ul data-sourcepos=\"7:1-10:0\">\n<li data-sourcepos=\"7:1-7:113\"><strong>Didesnis funkcionalumas:<\/strong> D\u017eiovykl\u0117 suteikia patogi\u0105 d\u017eiovinimo viet\u0105 ir suma\u017eina netvark\u0105 ant stalvir\u0161io.<\/li>\n<li data-sourcepos=\"8:1-8:103\"><strong>Geresn\u0117 higiena:<\/strong> Jei ind\u0173 nelaikysite ant prekystalio, pad\u0117site i\u0161vengti bakterij\u0173 plitimo.<\/li>\n<li data-sourcepos=\"9:1-10:0\"><strong>Erdv\u0119 taupantis dizainas:<\/strong> Viename \u012frenginyje sujungta kriaukl\u0117 ir d\u017eiovinimo lentyna, tod\u0117l j\u016bs\u0173 virtuv\u0117 tampa kuo efektyvesn\u0117.<\/li>\n<\/ul>\n<p data-sourcepos=\"11:1-11:44\"><strong>Virtuv\u0117s plautuvi\u0173 su i\u0161leidimo plok\u0161t\u0117mis tipai:<\/strong><\/p>\n<ul data-sourcepos=\"13:1-16:0\">\n<li data-sourcepos=\"13:1-13:90\"><strong>Ner\u016bdijantis plienas:<\/strong> Populiarus pasirinkimas d\u0117l ilgaam\u017ei\u0161kumo, higienos ir modernios estetikos.<\/li>\n<li data-sourcepos=\"14:1-14:81\"><strong>\u0160amotinis molis:<\/strong> Patvari ir kar\u0161\u010diui atspari med\u017eiaga, pasi\u017eyminti klasikine i\u0161vaizda.<\/li>\n<li data-sourcepos=\"15:1-16:0\"><strong>Kompozitas:<\/strong> Toki\u0173 med\u017eiag\u0173, kaip kvarcas ar granitas, mi\u0161inys - stilingas ir patvarus variantas.<\/li>\n<\/ul>\n<p data-sourcepos=\"17:1-17:64\"><strong>\u012e k\u0105 atsi\u017evelgti renkantis virtuv\u0117s kriaukl\u0119 su i\u0161leidimo plok\u0161te:<\/strong><\/p>\n<ul data-sourcepos=\"19:1-24:0\">\n<li data-sourcepos=\"19:1-19:71\"><strong>Dydis:<\/strong> Pasirinkite dyd\u012f, atitinkant\u012f j\u016bs\u0173 virtuv\u0117s i\u0161planavim\u0105 ir poreikius.<\/li>\n<li data-sourcepos=\"20:1-20:93\"><strong>Drena\u017eo plok\u0161t\u0117s vieta:<\/strong> Apsvarstykite, ar pageidaujate kair\u0117je, ar de\u0161in\u0117je pus\u0117je esan\u010dio drena\u017eo skydo.<\/li>\n<li data-sourcepos=\"21:1-21:60\"><strong>Med\u017eiaga:<\/strong> Pasirinkite patvari\u0105 ir lengvai valom\u0105 med\u017eiag\u0105.<\/li>\n<li data-sourcepos=\"22:1-22:72\"><strong>\u012erengimas:<\/strong> Galite rinktis montavim\u0105 po grindimis arba ant vir\u0161aus.<\/li>\n<li data-sourcepos=\"23:1-24:0\"><strong>Stilius:<\/strong> Pasirinkite stili\u0173, kuris papildyt\u0173 bendr\u0105 virtuv\u0117s dizain\u0105.<\/li>\n<\/ul>\n<p data-sourcepos=\"25:1-25:146\">Atid\u017eiai apsvarst\u0119 \u0161iuos veiksnius, galite i\u0161sirinkti puiki\u0105 virtuv\u0117s kriaukl\u0119 su i\u0161leidimo skydeliu, kuri pagerins j\u016bs\u0173 virtuv\u0117s funkcionalum\u0105 ir stili\u0173.<\/p>","protected":false},"excerpt":{"rendered":"<p>Bendras dydis: 900 * 550 * 210 mm<\/p>\n<p>I\u0161pjovos dydis: 880 * 480 mm<\/p>\n<p>Med\u017eiaga : ner\u016bdijantis plienas<\/p>","protected":false},"featured_media":2579,"template":"","meta":[],"product_brand":[],"product_cat":[56],"product_tag":[],"class_list":{"0":"post-2577","1":"product","2":"type-product","3":"status-publish","4":"has-post-thumbnail","6":"product_cat-pressing-kitchen-sink","8":"first","9":"instock","10":"shipping-taxable","11":"product-type-simple"},"_links":{"self":[{"href":"https:\/\/sinkwithfaucet.com\/lt\/wp-json\/wp\/v2\/product\/2577","targetHints":{"allow":["GET"]}}],"collection":[{"href":"https:\/\/sinkwithfaucet.com\/lt\/wp-json\/wp\/v2\/product"}],"about":[{"href":"https:\/\/sinkwithfaucet.com\/lt\/wp-json\/wp\/v2\/types\/product"}],"wp:featuredmedia":[{"embeddable":true,"href":"https:\/\/sinkwithfaucet.com\/lt\/wp-json\/wp\/v2\/media\/2579"}],"wp:attachment":[{"href":"https:\/\/sinkwithfaucet.com\/lt\/wp-json\/wp\/v2\/media?parent=2577"}],"wp:term":[{"taxonomy":"product_brand","embeddable":true,"href":"https:\/\/sinkwithfaucet.com\/lt\/wp-json\/wp\/v2\/product_brand?post=2577"},{"taxonomy":"product_cat","embeddable":true,"href":"https:\/\/sinkwithfaucet.com\/lt\/wp-json\/wp\/v2\/product_cat?post=2577"},{"taxonomy":"product_tag","embeddable":true,"href":"https:\/\/sinkwithfaucet.com\/lt\/wp-json\/wp\/v2\/product_tag?post=2577"}],"curies":[{"name":"wp","href":"https:\/\/api.w.org\/{rel}","templated":true}]}}