{"id":2434,"date":"2024-11-04T06:57:38","date_gmt":"2024-11-04T06:57:38","guid":{"rendered":"https:\/\/sinkwithfaucet.com\/?post_type=product&#038;p=2434"},"modified":"2024-11-04T06:57:38","modified_gmt":"2024-11-04T06:57:38","slug":"undermount-sink-3322dsa","status":"publish","type":"product","link":"https:\/\/sinkwithfaucet.com\/lt\/undermount-sink-3322dsa\/","title":{"rendered":"Kriaukl\u0117 3322DSA"},"content":{"rendered":"<h2 data-sourcepos=\"1:1-1:46\">\u012emontuojamos plautuv\u0117s: Eleganti\u0161kas ir modernus pasirinkimas<\/h2>\n<p data-sourcepos=\"3:1-3:210\"><strong>\u012emontuojamos kriaukl\u0117s<\/strong> yra populiarus pasirinkimas nam\u0173 savininkams, siekiantiems \u0161varios ir \u0161iuolaiki\u0161kos virtuv\u0117s i\u0161vaizdos. \u0160ios kriaukl\u0117s montuojamos po stalvir\u0161iu, tod\u0117l atrodo vientisai ir integruotai.<\/p>\n<p data-sourcepos=\"5:1-5:37\"><strong>Pagrindin\u0117s savyb\u0117s:<\/strong><\/p>\n<ul data-sourcepos=\"7:1-11:0\">\n<li data-sourcepos=\"7:1-7:144\"><strong>Eleganti\u0161kas dizainas:<\/strong> \u012emontavus praustuv\u0105, tarp kriaukl\u0117s ir stalvir\u0161io nelieka tarpeli\u0173, tod\u0117l jis atrodo minimalisti\u0161kai ir moderniai.<\/li>\n<li data-sourcepos=\"8:1-8:125\"><strong>Lengva valyti:<\/strong> D\u0117l vientisos konstrukcijos valymas tampa lengvas, nes n\u0117ra ply\u0161i\u0173, kuriuose kaupt\u0173si ne\u0161varumai ir \u0161iuk\u0161l\u0117s.<\/li>\n<li data-sourcepos=\"9:1-9:140\"><strong>Padidinta stalvir\u0161io erdv\u0117:<\/strong> Padedama konstrukcija maksimaliai padidina stalvir\u0161io erdv\u0119, tod\u0117l daugiau vietos maisto ruo\u0161imui ir kitoms u\u017eduotims.<\/li>\n<li data-sourcepos=\"10:1-11:0\"><strong>Patvarumas:<\/strong> Po plautuve montuojamos kriaukl\u0117s paprastai gaminamos i\u0161 patvari\u0173 med\u017eiag\u0173, toki\u0173 kaip ner\u016bdijantis plienas ar kompozitas, tod\u0117l jos yra ilgaam\u017e\u0117s.<\/li>\n<\/ul>\n<p data-sourcepos=\"19:1-19:52\"><strong>Svarstymai renkantis kriaukl\u0119:<\/strong><\/p>\n<ul data-sourcepos=\"21:1-25:0\">\n<li data-sourcepos=\"21:1-21:69\"><strong>Dydis:<\/strong> \u012esitikinkite, kad kriaukl\u0117 yra tinkamo dyd\u017eio pagal j\u016bs\u0173 virtuv\u0117s erdv\u0119.<\/li>\n<li data-sourcepos=\"22:1-22:98\"><strong>Med\u017eiaga:<\/strong> Pasirinkite patvari\u0105 ir lengvai valom\u0105 med\u017eiag\u0105, pvz., ner\u016bdijant\u012f plien\u0105 arba kompozit\u0105.<\/li>\n<li data-sourcepos=\"23:1-23:112\"><strong>Mai\u0161ytuvo angos:<\/strong> Atsi\u017evelkite \u012f mai\u0161ytuvo skyli\u0173 skai\u010di\u0173 ir i\u0161d\u0117stym\u0105, kad gal\u0117tum\u0117te pritaikyti norim\u0105 konfig\u016bracij\u0105.<\/li>\n<li data-sourcepos=\"24:1-25:0\"><strong>\u012erengimas:<\/strong> Norint u\u017etikrinti tinkam\u0105 ir patikim\u0105 montavim\u0105, praustuvus reikia profesionaliai sumontuoti.<\/li>\n<\/ul>\n<p data-sourcepos=\"26:1-26:139\">Atid\u017eiai apsvarst\u0119 \u0161iuos veiksnius, galite i\u0161sirinkti tobul\u0105 \u012fmontuojam\u0105 kriaukl\u0119, kuri pagerins j\u016bs\u0173 virtuv\u0117s stili\u0173 ir funkcionalum\u0105.<\/p>","protected":false},"excerpt":{"rendered":"<p>Bendras dydis: 33 * 22 * 10 coli\u0173 \/ 838 * 559 * 254 mm<\/p>\n<p>Dubens dydis: 430*452\/330*452 mm<\/p>\n<p>I\u0161pjovos dydis: 839 * 560 mm<\/p>\n<p>Radian Corner : R10<\/p>","protected":false},"featured_media":2435,"template":"","meta":[],"product_brand":[],"product_cat":[54],"product_tag":[],"class_list":{"0":"post-2434","1":"product","2":"type-product","3":"status-publish","4":"has-post-thumbnail","6":"product_cat-apron-sink-1","8":"first","9":"instock","10":"shipping-taxable","11":"product-type-simple"},"_links":{"self":[{"href":"https:\/\/sinkwithfaucet.com\/lt\/wp-json\/wp\/v2\/product\/2434","targetHints":{"allow":["GET"]}}],"collection":[{"href":"https:\/\/sinkwithfaucet.com\/lt\/wp-json\/wp\/v2\/product"}],"about":[{"href":"https:\/\/sinkwithfaucet.com\/lt\/wp-json\/wp\/v2\/types\/product"}],"wp:featuredmedia":[{"embeddable":true,"href":"https:\/\/sinkwithfaucet.com\/lt\/wp-json\/wp\/v2\/media\/2435"}],"wp:attachment":[{"href":"https:\/\/sinkwithfaucet.com\/lt\/wp-json\/wp\/v2\/media?parent=2434"}],"wp:term":[{"taxonomy":"product_brand","embeddable":true,"href":"https:\/\/sinkwithfaucet.com\/lt\/wp-json\/wp\/v2\/product_brand?post=2434"},{"taxonomy":"product_cat","embeddable":true,"href":"https:\/\/sinkwithfaucet.com\/lt\/wp-json\/wp\/v2\/product_cat?post=2434"},{"taxonomy":"product_tag","embeddable":true,"href":"https:\/\/sinkwithfaucet.com\/lt\/wp-json\/wp\/v2\/product_tag?post=2434"}],"curies":[{"name":"wp","href":"https:\/\/api.w.org\/{rel}","templated":true}]}}