{"id":2432,"date":"2024-11-04T06:50:40","date_gmt":"2024-11-04T06:50:40","guid":{"rendered":"https:\/\/sinkwithfaucet.com\/?post_type=product&#038;p=2432"},"modified":"2024-11-11T02:44:49","modified_gmt":"2024-11-11T02:44:49","slug":"30-inch-kitchen-sink-3022ssa","status":"publish","type":"product","link":"https:\/\/sinkwithfaucet.com\/lt\/30-inch-kitchen-sink-3022ssa\/","title":{"rendered":"30 coli\u0173 virtuv\u0117s kriaukl\u0117 3022SSA"},"content":{"rendered":"<p data-sourcepos=\"1:1-1:227\">30 coli\u0173 virtuv\u0117s plautuv\u0117s yra populiarus daugelio nam\u0173 savinink\u0173 pasirinkimas, nes u\u017etikrina dyd\u017eio ir funkcionalumo pusiausvyr\u0105. J\u0173 yra \u012fvairi\u0173 stili\u0173, med\u017eiag\u0173 ir konfig\u016bracij\u0173, kad atitikt\u0173 skirtingus virtuv\u0117s dizainus ir poreikius.<\/p>\n<h3 data-sourcepos=\"3:1-3:42\">Pagrindin\u0117s 30 coli\u0173 virtuv\u0117s kriaukli\u0173 savyb\u0117s:<\/h3>\n<ul data-sourcepos=\"5:1-9:0\">\n<li data-sourcepos=\"5:1-5:107\"><strong>Didel\u0117 erdv\u0117:<\/strong> U\u017etenka vietos indams plauti, maistui ruo\u0161ti ir dideliems indams mirkyti.<\/li>\n<li data-sourcepos=\"6:1-6:94\"><strong>Universalus dizainas:<\/strong> Galima rinktis vieno dubens, dviej\u0173 duben\u0173 ir darbo vietos konfig\u016bracijas.<\/li>\n<li data-sourcepos=\"7:1-7:80\"><strong>Patvarios med\u017eiagos:<\/strong> Da\u017enai gaminami i\u0161 ner\u016bdijan\u010dio plieno, kompozito arba keramikos.<\/li>\n<li data-sourcepos=\"8:1-9:0\"><strong>Stilingos parinktys:<\/strong> Galima rinktis \u012fvairios apdailos ir stili\u0173, kad papildyt\u0173 skirting\u0105 virtuv\u0117s estetik\u0105.<\/li>\n<\/ul>\n<h3 data-sourcepos=\"10:1-10:35\">30 coli\u0173 virtuv\u0117s kriaukli\u0173 tipai:<\/h3>\n<ul data-sourcepos=\"12:1-15:0\">\n<li data-sourcepos=\"12:1-12:85\"><strong><a href=\"https:\/\/sinkwithfaucet.com\/lt\/undermount-sink-1\/\">\u012emontuojamos plautuv\u0117s<\/a>:<\/strong> Montuojamas po stalvir\u0161iu, kad atrodyt\u0173 eleganti\u0161kai ir moderniai.<\/li>\n<li data-sourcepos=\"13:1-13:93\"><strong><a href=\"https:\/\/sinkwithfaucet.com\/lt\/topmount-sink-1\/\">Ant vir\u0161aus montuojamos plautuv\u0117s<\/a>:<\/strong> Montuojamas ant stalvir\u0161io, tod\u0117l atrodo tradici\u0161kai.<\/li>\n<li data-sourcepos=\"14:1-15:0\"><strong><a href=\"https:\/\/sinkwithfaucet.com\/lt\/apron-sink-1\/\">\u016akin\u0117s paskirties kriaukl\u0117s<\/a>:<\/strong> Didel\u0117s, gilios kriaukl\u0117s su prijuost\u0117s priekiu, suteikian\u010dios kaimi\u0161k\u0105 ir funkcional\u0173 dizain\u0105.<\/li>\n<\/ul>\n<h3 data-sourcepos=\"16:1-16:56\">30 coli\u0173 virtuv\u0117s kriaukl\u0117s pasirinkimo aspektai:<\/h3>\n<ul data-sourcepos=\"18:1-23:0\">\n<li data-sourcepos=\"18:1-18:94\"><strong>Med\u017eiaga:<\/strong> Pasirinkite patvari\u0105 ir lengvai valom\u0105 med\u017eiag\u0105, pvz., ner\u016bdijant\u012f plien\u0105 arba kompozit\u0105.<\/li>\n<li data-sourcepos=\"19:1-19:91\"><strong>Dubens konfig\u016bracija:<\/strong> Pagal savo poreikius pasirinkite vieno arba dviej\u0173 duben\u0173 konfig\u016bracij\u0105.<\/li>\n<li data-sourcepos=\"20:1-20:78\"><strong>Gylis:<\/strong> Atsi\u017evelkite \u012f dubens gyl\u012f, kad jame tilpt\u0173 didesni indai.<\/li>\n<li data-sourcepos=\"21:1-21:105\"><strong>Apdaila:<\/strong> Rinkit\u0117s virtuv\u0117s stili\u0173 atitinkan\u010di\u0105 apdail\u0105, pavyzd\u017eiui, \u0161lifuot\u0105, poliruot\u0105 arba matin\u0119.<\/li>\n<li data-sourcepos=\"22:1-23:0\"><strong>\u012erengimas:<\/strong> U\u017etikrinkite tinkam\u0105 montavim\u0105, nepriklausomai nuo to, ar montuojama po grindimis, ar ant vir\u0161aus.<\/li>\n<\/ul>\n<p data-sourcepos=\"24:1-24:139\">Atid\u017eiai apsvarst\u0119 \u0161iuos veiksnius, galite i\u0161sirinkti tobul\u0105 30 coli\u0173 virtuv\u0117s plautuv\u0119, kuri pagerins j\u016bs\u0173 virtuv\u0117s funkcionalum\u0105 ir stili\u0173.<\/p>","protected":false},"excerpt":{"rendered":"<p>Bendras dydis: 30 * 22 * 10 coli\u0173 \/ 762 * 559 * 254 mm<\/p>\n<p>Dubens dydis: 712 * 451 mm<\/p>\n<p>I\u0161pjovos dydis: 763 * 503 mm<\/p>\n<p>Radian Corner : R10<\/p>","protected":false},"featured_media":2433,"template":"","meta":[],"product_brand":[],"product_cat":[54],"product_tag":[],"class_list":{"0":"post-2432","1":"product","2":"type-product","3":"status-publish","4":"has-post-thumbnail","6":"product_cat-apron-sink-1","8":"first","9":"instock","10":"shipping-taxable","11":"product-type-simple"},"_links":{"self":[{"href":"https:\/\/sinkwithfaucet.com\/lt\/wp-json\/wp\/v2\/product\/2432","targetHints":{"allow":["GET"]}}],"collection":[{"href":"https:\/\/sinkwithfaucet.com\/lt\/wp-json\/wp\/v2\/product"}],"about":[{"href":"https:\/\/sinkwithfaucet.com\/lt\/wp-json\/wp\/v2\/types\/product"}],"wp:featuredmedia":[{"embeddable":true,"href":"https:\/\/sinkwithfaucet.com\/lt\/wp-json\/wp\/v2\/media\/2433"}],"wp:attachment":[{"href":"https:\/\/sinkwithfaucet.com\/lt\/wp-json\/wp\/v2\/media?parent=2432"}],"wp:term":[{"taxonomy":"product_brand","embeddable":true,"href":"https:\/\/sinkwithfaucet.com\/lt\/wp-json\/wp\/v2\/product_brand?post=2432"},{"taxonomy":"product_cat","embeddable":true,"href":"https:\/\/sinkwithfaucet.com\/lt\/wp-json\/wp\/v2\/product_cat?post=2432"},{"taxonomy":"product_tag","embeddable":true,"href":"https:\/\/sinkwithfaucet.com\/lt\/wp-json\/wp\/v2\/product_tag?post=2432"}],"curies":[{"name":"wp","href":"https:\/\/api.w.org\/{rel}","templated":true}]}}