{"id":2429,"date":"2024-11-04T06:26:45","date_gmt":"2024-11-04T06:26:45","guid":{"rendered":"https:\/\/sinkwithfaucet.com\/?post_type=product&#038;p=2429"},"modified":"2024-11-04T06:27:51","modified_gmt":"2024-11-04T06:27:51","slug":"stainless-apron-sink-3322da","status":"publish","type":"product","link":"https:\/\/sinkwithfaucet.com\/lt\/stainless-apron-sink-3322da\/","title":{"rendered":"Ner\u016bdijan\u010dioji kriaukl\u0117 3322DA"},"content":{"rendered":"<h2><strong><b>Ner\u016bdijan\u010dio plieno prijuost\u0117s kriaukl\u0117s: Ilgaam\u017e\u0117 klasika<\/b><\/strong><\/h2>\n<p>Ner\u016bdijan\u010dio plieno prijuost\u0117s kriaukl\u0117s labai patinka nam\u0173 savininkams, norintiems stilingos ir labai funkcionalios virtuv\u0117s. \u0160ios didel\u0117s ir gilios kriaukl\u0117s, da\u017enai vadinamos \"\u016bkin\u0117mis kriaukl\u0117mis\", pasi\u017eymi unikalia prijuost\u0117s priekine dalimi, i\u0161siki\u0161usia u\u017e stalvir\u0161io.<\/p>\n<p>&nbsp;<\/p>\n<p><strong>Pagrindin\u0117s ner\u016bdijan\u010dio plieno kriaukli\u0173 \"Apron Front\" savyb\u0117s:<\/strong><\/p>\n<ul>\n<li>Erdvus dubuo: Jame gausu vietos dideliems puodams ir keptuv\u0117ms plauti.<\/li>\n<li>Stilingas dizainas: Prijuost\u0117s priekis suteikia virtuvei klasikin\u0119 ir rafinuot\u0105 i\u0161vaizd\u0105.<\/li>\n<li>Patvarumas: Pagaminta i\u0161 auk\u0161tos kokyb\u0117s ner\u016bdijan\u010dio plieno, u\u017etikrinan\u010dio ilgalaik\u012f veikim\u0105.<\/li>\n<li>Lengva valyti: Lyg\u0173 pavir\u0161i\u0173 lengva pri\u017ei\u016br\u0117ti ir dezinfekuoti.<\/li>\n<\/ul>\n<p><strong><b>Ner\u016bdijan\u010dio plieno prijuost\u0117s kriaukl\u0117s pasirinkimo aspektai:<\/b><\/strong><\/p>\n<ul>\n<li>Dydis: Pasirinkite tok\u012f dyd\u012f, kuris atitikt\u0173 j\u016bs\u0173 virtuv\u0117s i\u0161planavim\u0105 ir konkre\u010dius reikalavimus.<\/li>\n<li>Dubens konfig\u016bracija: Pasirinkite vieno arba dviej\u0173 duben\u0173 konfig\u016bracij\u0105 pagal savo pageidavimus.<\/li>\n<li>Matuoklis: Storas gabaritas rei\u0161kia, kad kriaukl\u0117 yra patvaresn\u0117.<\/li>\n<li>Apdaila: pasirinkite apdail\u0105, kuri der\u0117t\u0173 prie j\u016bs\u0173 virtuv\u0117s stiliaus, pavyzd\u017eiui, \u0161lifuot\u0105 arba poliruot\u0105 ner\u016bdijant\u012f plien\u0105.<\/li>\n<\/ul>\n<p><strong><b>\u012erengimas:<\/b><\/strong><\/p>\n<p>Kruop\u0161\u010diai \u012fvertin\u0119 \u0161iuos veiksnius, galite i\u0161sirinkti ideali\u0105 ner\u016bdijan\u010dio plieno prijuost\u0117s kriaukl\u0119, kuri pagerins j\u016bs\u0173 virtuv\u0117s stili\u0173 ir funkcionalum\u0105.<\/p>","protected":false},"excerpt":{"rendered":"<p>Bendras dydis: 33 * 22 * 10 coli\u0173 \/ 838 * 559 * 254 mm<\/p>\n<p>Dubens dydis: 788*420\/330*452 mm<\/p>\n<p>I\u0161pjovos dydis: 839 * 503 mm<\/p>\n<p>Radian Corner : R10<\/p>","protected":false},"featured_media":2430,"template":"","meta":[],"product_brand":[],"product_cat":[54],"product_tag":[],"class_list":{"0":"post-2429","1":"product","2":"type-product","3":"status-publish","4":"has-post-thumbnail","6":"product_cat-apron-sink-1","8":"first","9":"instock","10":"shipping-taxable","11":"product-type-simple"},"_links":{"self":[{"href":"https:\/\/sinkwithfaucet.com\/lt\/wp-json\/wp\/v2\/product\/2429","targetHints":{"allow":["GET"]}}],"collection":[{"href":"https:\/\/sinkwithfaucet.com\/lt\/wp-json\/wp\/v2\/product"}],"about":[{"href":"https:\/\/sinkwithfaucet.com\/lt\/wp-json\/wp\/v2\/types\/product"}],"wp:featuredmedia":[{"embeddable":true,"href":"https:\/\/sinkwithfaucet.com\/lt\/wp-json\/wp\/v2\/media\/2430"}],"wp:attachment":[{"href":"https:\/\/sinkwithfaucet.com\/lt\/wp-json\/wp\/v2\/media?parent=2429"}],"wp:term":[{"taxonomy":"product_brand","embeddable":true,"href":"https:\/\/sinkwithfaucet.com\/lt\/wp-json\/wp\/v2\/product_brand?post=2429"},{"taxonomy":"product_cat","embeddable":true,"href":"https:\/\/sinkwithfaucet.com\/lt\/wp-json\/wp\/v2\/product_cat?post=2429"},{"taxonomy":"product_tag","embeddable":true,"href":"https:\/\/sinkwithfaucet.com\/lt\/wp-json\/wp\/v2\/product_tag?post=2429"}],"curies":[{"name":"wp","href":"https:\/\/api.w.org\/{rel}","templated":true}]}}