{"id":2427,"date":"2024-11-04T06:16:23","date_gmt":"2024-11-04T06:16:23","guid":{"rendered":"https:\/\/sinkwithfaucet.com\/?post_type=product&#038;p=2427"},"modified":"2024-11-04T06:16:23","modified_gmt":"2024-11-04T06:16:23","slug":"stainless-steel-apron-sink-3022sa","status":"publish","type":"product","link":"https:\/\/sinkwithfaucet.com\/lt\/stainless-steel-apron-sink-3022sa\/","title":{"rendered":"Ner\u016bdijan\u010dio plieno kriaukl\u0117 3022SA"},"content":{"rendered":"<h2 data-sourcepos=\"1:1-1:56\">Ner\u016bdijan\u010dio plieno prijuost\u0117s kriaukl\u0117s: Am\u017eina klasika<\/h2>\n<p data-sourcepos=\"3:1-3:252\">Ner\u016bdijan\u010dio plieno prijuost\u0117s kriaukl\u0117s yra populiarus pasirinkimas nam\u0173 savininkams, norintiems stilingos ir funkcionalios virtuv\u0117s. \u0160ios didel\u0117s ir gilios plautuv\u0117s, da\u017enai vadinamos \u016bkin\u0117mis, turi i\u0161skirtin\u012f prijuost\u0117s priek\u012f, kuris t\u0119siasi u\u017e stalvir\u0161io.<\/p>\n<p data-sourcepos=\"5:1-5:54\"><strong>Pagrindin\u0117s ner\u016bdijan\u010dio plieno kriaukli\u0173 \"Apron Front\" savyb\u0117s:<\/strong><\/p>\n<ul data-sourcepos=\"7:1-11:0\">\n<li data-sourcepos=\"7:1-7:64\"><strong>Erdvus dubuo:<\/strong> Daug vietos dideliems puodams ir keptuv\u0117ms plauti.<\/li>\n<li data-sourcepos=\"8:1-8:86\"><strong>Stilingas dizainas:<\/strong> Prijuost\u0117s priekis suteikia virtuvei klasikin\u0119 ir eleganti\u0161k\u0105 i\u0161vaizd\u0105.<\/li>\n<li data-sourcepos=\"9:1-9:92\"><strong>Patvarumas:<\/strong> Pagamintas i\u0161 auk\u0161tos kokyb\u0117s ner\u016bdijan\u010diojo plieno, tod\u0117l veikia ilgai.<\/li>\n<li data-sourcepos=\"10:1-11:0\"><strong>Lengva valyti:<\/strong> Lyg\u0173 pavir\u0161i\u0173 lengva pri\u017ei\u016br\u0117ti ir dezinfekuoti.<\/li>\n<\/ul>\n<p data-sourcepos=\"12:1-12:68\"><strong>Ner\u016bdijan\u010dio plieno prijuost\u0117s kriaukl\u0117s pasirinkimo aspektai:<\/strong><\/p>\n<ul data-sourcepos=\"14:1-19:0\">\n<li data-sourcepos=\"14:1-14:73\"><strong>Dydis:<\/strong> Pasirinkite dyd\u012f, atitinkant\u012f j\u016bs\u0173 virtuv\u0117s i\u0161planavim\u0105 ir j\u016bs\u0173 poreikius.<\/li>\n<li data-sourcepos=\"15:1-15:97\"><strong>Dubens konfig\u016bracija:<\/strong> Pagal pageidavimus pasirinkite vieno arba dviej\u0173 duben\u0173 konfig\u016bracij\u0105.<\/li>\n<li data-sourcepos=\"16:1-16:59\"><strong>Matuoklis:<\/strong> Storesnis gabaritas rei\u0161kia, kad kriaukl\u0117 yra patvaresn\u0117.<\/li>\n<li data-sourcepos=\"17:1-17:113\"><strong>Apdaila:<\/strong> Pasirinkite apdail\u0105, kuri der\u0117t\u0173 prie j\u016bs\u0173 virtuv\u0117s stiliaus, pavyzd\u017eiui, \u0161lifuot\u0105 arba poliruot\u0105 ner\u016bdijant\u012f plien\u0105.<\/li>\n<li data-sourcepos=\"18:1-19:0\"><strong>\u012erengimas:<\/strong> Apsvarstykite galimyb\u0119 montuoti po grindimis arba ant vir\u0161aus.<\/li>\n<\/ul>\n<p data-sourcepos=\"20:1-20:150\">Atid\u017eiai apsvarst\u0119 \u0161iuos veiksnius, galite i\u0161sirinkti puiki\u0105 ner\u016bdijan\u010dio plieno prijuost\u0117s kriaukl\u0119, kuri pagerins j\u016bs\u0173 virtuv\u0117s stili\u0173 ir funkcionalum\u0105.<\/p>","protected":false},"excerpt":{"rendered":"<p>Bendras dydis: 30 * 22 * 10 coli\u0173 \/ 762 * 559 * 254 mm<\/p>\n<p>Dubens dydis: 712 * 451 mm<\/p>\n<p>I\u0161pjovos dydis: 763 * 503 mm<\/p>\n<p>Radian Corner : R10<\/p>","protected":false},"featured_media":2428,"template":"","meta":[],"product_brand":[],"product_cat":[54],"product_tag":[],"class_list":{"0":"post-2427","1":"product","2":"type-product","3":"status-publish","4":"has-post-thumbnail","6":"product_cat-apron-sink-1","8":"first","9":"instock","10":"shipping-taxable","11":"product-type-simple"},"_links":{"self":[{"href":"https:\/\/sinkwithfaucet.com\/lt\/wp-json\/wp\/v2\/product\/2427","targetHints":{"allow":["GET"]}}],"collection":[{"href":"https:\/\/sinkwithfaucet.com\/lt\/wp-json\/wp\/v2\/product"}],"about":[{"href":"https:\/\/sinkwithfaucet.com\/lt\/wp-json\/wp\/v2\/types\/product"}],"wp:featuredmedia":[{"embeddable":true,"href":"https:\/\/sinkwithfaucet.com\/lt\/wp-json\/wp\/v2\/media\/2428"}],"wp:attachment":[{"href":"https:\/\/sinkwithfaucet.com\/lt\/wp-json\/wp\/v2\/media?parent=2427"}],"wp:term":[{"taxonomy":"product_brand","embeddable":true,"href":"https:\/\/sinkwithfaucet.com\/lt\/wp-json\/wp\/v2\/product_brand?post=2427"},{"taxonomy":"product_cat","embeddable":true,"href":"https:\/\/sinkwithfaucet.com\/lt\/wp-json\/wp\/v2\/product_cat?post=2427"},{"taxonomy":"product_tag","embeddable":true,"href":"https:\/\/sinkwithfaucet.com\/lt\/wp-json\/wp\/v2\/product_tag?post=2427"}],"curies":[{"name":"wp","href":"https:\/\/api.w.org\/{rel}","templated":true}]}}