{"id":2425,"date":"2024-11-04T06:09:13","date_gmt":"2024-11-04T06:09:13","guid":{"rendered":"https:\/\/sinkwithfaucet.com\/?post_type=product&#038;p=2425"},"modified":"2024-11-04T06:09:28","modified_gmt":"2024-11-04T06:09:28","slug":"matte-black-kitchen-sink-9246","status":"publish","type":"product","link":"https:\/\/sinkwithfaucet.com\/lt\/matte-black-kitchen-sink-9246\/","title":{"rendered":"Matin\u0117s juodos spalvos virtuv\u0117s kriaukl\u0117 9246"},"content":{"rendered":"<h2 data-sourcepos=\"1:1-1:55\">Matin\u0117s juodos spalvos virtuv\u0117s plautuv\u0117s: Modernus ir eleganti\u0161kas pasirinkimas<\/h2>\n<p data-sourcepos=\"3:1-3:165\">Matin\u0117s juodos spalvos virtuv\u0117s plautuv\u0117s tampa vis populiaresn\u0117s d\u0117l savo stilingos ir modernios i\u0161vaizdos. Jos gali suteikti rafinuotumo bet kokiam virtuv\u0117s dizainui.<\/p>\n<p data-sourcepos=\"5:1-5:46\"><strong>Pagrindin\u0117s savyb\u0117s:<\/strong><\/p>\n<ul data-sourcepos=\"7:1-11:0\">\n<li data-sourcepos=\"7:1-7:100\"><strong>Eleganti\u0161ka ir moderni estetika:<\/strong> Matin\u0117 juoda apdaila sukuria \u0161iuolaiki\u0161k\u0105 ir minimalistin\u0119 i\u0161vaizd\u0105.<\/li>\n<li data-sourcepos=\"8:1-8:107\"><strong>Atsparus pir\u0161t\u0173 atspaudams:<\/strong> Matin\u0117 apdaila padeda suma\u017einti pir\u0161t\u0173 atspaud\u0173 ir d\u0117mi\u0173 matomum\u0105.<\/li>\n<li data-sourcepos=\"9:1-9:99\"><strong>Patvarus ir ilgaam\u017eis:<\/strong> Pagaminti i\u0161 auk\u0161tos kokyb\u0117s med\u017eiag\u0173, pavyzd\u017eiui, ner\u016bdijan\u010diojo plieno arba kompozito.<\/li>\n<li data-sourcepos=\"10:1-11:0\"><strong>Universalus:<\/strong> Galimi \u012fvair\u016bs stiliai, \u012fskaitant apatin\u012f, vir\u0161utin\u012f ir \u016bkin\u012f.<\/li>\n<\/ul>\n<p data-sourcepos=\"12:1-12:60\"><strong>Svarstymai renkantis matin\u0117s juodos spalvos virtuv\u0117s kriaukl\u0119:<\/strong><\/p>\n<ul data-sourcepos=\"14:1-19:0\">\n<li data-sourcepos=\"14:1-14:76\"><strong>Med\u017eiaga:<\/strong> Pasirinkite patvari\u0105 med\u017eiag\u0105, pavyzd\u017eiui, ner\u016bdijant\u012f plien\u0105 arba kompozit\u0105.<\/li>\n<li data-sourcepos=\"15:1-15:78\"><strong>Apdaila:<\/strong> U\u017etikrinkite, kad matin\u0117 juoda apdaila b\u016bt\u0173 vientisa ir kokybi\u0161ka.<\/li>\n<li data-sourcepos=\"16:1-16:86\"><strong>Dydis ir forma:<\/strong> Pasirinkite dyd\u012f ir form\u0105, atitinkan\u010di\u0105 j\u016bs\u0173 virtuv\u0117s i\u0161planavim\u0105 ir poreikius.<\/li>\n<li data-sourcepos=\"17:1-17:91\"><strong>\u012erengimas:<\/strong> Apsvarstykite montavimo b\u016bd\u0105 - ar tai b\u016bt\u0173 montavimas po grindimis, ar ant vir\u0161aus.<\/li>\n<li data-sourcepos=\"18:1-19:0\"><strong>Technin\u0117 prie\u017ei\u016bra:<\/strong> Nors matin\u0117s juodos spalvos kriaukl\u0117s yra patvarios, norint i\u0161laikyti j\u0173 i\u0161vaizd\u0105, b\u016btina reguliariai jas valyti.<\/li>\n<\/ul>\n<p data-sourcepos=\"20:1-20:143\">Atid\u017eiai apsvarst\u0119 \u0161iuos veiksnius, galite i\u0161sirinkti puiki\u0105 matin\u0117s juodos spalvos virtuv\u0117s kriaukl\u0119, kuri pagerins j\u016bs\u0173 virtuv\u0117s stili\u0173 ir funkcionalum\u0105.<\/p>","protected":false},"excerpt":{"rendered":"<p>Bendras dydis: 9200*460*230 mm<\/p>\n<p>Dubens dydis: 700 * 363 mm<\/p>\n<p>I\u0161pjovos dydis: 896 * 436 mm<\/p>\n<p>Radian Corner : R10<\/p>","protected":false},"featured_media":2426,"template":"","meta":[],"product_brand":[],"product_cat":[53],"product_tag":[],"class_list":{"0":"post-2425","1":"product","2":"type-product","3":"status-publish","4":"has-post-thumbnail","6":"product_cat-topmount-sink-1","8":"first","9":"instock","10":"shipping-taxable","11":"product-type-simple"},"_links":{"self":[{"href":"https:\/\/sinkwithfaucet.com\/lt\/wp-json\/wp\/v2\/product\/2425","targetHints":{"allow":["GET"]}}],"collection":[{"href":"https:\/\/sinkwithfaucet.com\/lt\/wp-json\/wp\/v2\/product"}],"about":[{"href":"https:\/\/sinkwithfaucet.com\/lt\/wp-json\/wp\/v2\/types\/product"}],"wp:featuredmedia":[{"embeddable":true,"href":"https:\/\/sinkwithfaucet.com\/lt\/wp-json\/wp\/v2\/media\/2426"}],"wp:attachment":[{"href":"https:\/\/sinkwithfaucet.com\/lt\/wp-json\/wp\/v2\/media?parent=2425"}],"wp:term":[{"taxonomy":"product_brand","embeddable":true,"href":"https:\/\/sinkwithfaucet.com\/lt\/wp-json\/wp\/v2\/product_brand?post=2425"},{"taxonomy":"product_cat","embeddable":true,"href":"https:\/\/sinkwithfaucet.com\/lt\/wp-json\/wp\/v2\/product_cat?post=2425"},{"taxonomy":"product_tag","embeddable":true,"href":"https:\/\/sinkwithfaucet.com\/lt\/wp-json\/wp\/v2\/product_tag?post=2425"}],"curies":[{"name":"wp","href":"https:\/\/api.w.org\/{rel}","templated":true}]}}