{"id":2421,"date":"2024-11-04T03:43:55","date_gmt":"2024-11-04T03:43:55","guid":{"rendered":"https:\/\/sinkwithfaucet.com\/?post_type=product&#038;p=2421"},"modified":"2024-11-04T03:43:55","modified_gmt":"2024-11-04T03:43:55","slug":"30-inch-sink-7046-a","status":"publish","type":"product","link":"https:\/\/sinkwithfaucet.com\/lt\/30-inch-sink-7046-a\/","title":{"rendered":"30 coli\u0173 kriaukl\u0117 7046-A"},"content":{"rendered":"<h2 data-sourcepos=\"1:1-1:45\">30 coli\u0173 kriaukl\u0117s: Universalus pasirinkimas<\/h2>\n<p data-sourcepos=\"3:1-3:203\">30 coli\u0173 kriaukl\u0117 yra populiarus dydis, u\u017etikrinantis erdv\u0117s ir funkcionalumo pusiausvyr\u0105. J\u0173 yra \u012fvairi\u0173 stili\u0173, med\u017eiag\u0173 ir konfig\u016bracij\u0173, kad atitikt\u0173 skirtingus virtuv\u0117s dizainus ir poreikius.<\/p>\n<p data-sourcepos=\"5:1-5:42\"><strong>Pagrindin\u0117s 30 coli\u0173 kriaukli\u0173 savyb\u0117s:<\/strong><\/p>\n<ul data-sourcepos=\"7:1-11:0\">\n<li data-sourcepos=\"7:1-7:107\"><strong>Didel\u0117 erdv\u0117:<\/strong> U\u017etenka vietos indams plauti, maistui ruo\u0161ti ir dideliems indams mirkyti.<\/li>\n<li data-sourcepos=\"8:1-8:94\"><strong>Universalus dizainas:<\/strong> Galima rinktis vieno dubens, dviej\u0173 duben\u0173 ir darbo vietos konfig\u016bracijas.<\/li>\n<li data-sourcepos=\"9:1-9:92\"><strong>Patvarios med\u017eiagos:<\/strong> Da\u017enai gaminami i\u0161 ner\u016bdijan\u010diojo plieno, ketaus arba kompozicini\u0173 med\u017eiag\u0173.<\/li>\n<li data-sourcepos=\"10:1-11:0\"><strong>\u0160iuolaikin\u0117 estetika:<\/strong> Eleganti\u0161kas ir \u0161iuolaiki\u0161kas dizainas, tinkantis \u012fvairiems virtuv\u0117s stiliams.<\/li>\n<\/ul>\n<p data-sourcepos=\"12:1-12:35\"><strong>30 coli\u0173 virtuv\u0117s plautuvi\u0173 tipai:<\/strong><\/p>\n<ul data-sourcepos=\"14:1-17:0\">\n<li data-sourcepos=\"14:1-14:77\"><strong>\u012emontuojamos plautuv\u0117s:<\/strong> Montuojamas po stalvir\u0161iu, kad atrodyt\u0173 vientisai.<\/li>\n<li data-sourcepos=\"15:1-15:93\"><strong>Ant vir\u0161aus montuojamos kriaukl\u0117s:<\/strong> Montuojamas ant stalvir\u0161io, tod\u0117l atrodo tradici\u0161kai.<\/li>\n<li data-sourcepos=\"16:1-17:0\"><strong>\u016akin\u0117s paskirties kriaukl\u0117s:<\/strong> Didel\u0117s, gilios kriaukl\u0117s su prijuost\u0117s priekiu, suteikian\u010dios kaimi\u0161k\u0105 ir funkcional\u0173 dizain\u0105.<\/li>\n<\/ul>\n<p data-sourcepos=\"18:1-18:73\"><strong>Rinkdamiesi 30 coli\u0173 virtuv\u0117s kriaukl\u0119 atsi\u017evelkite \u012f \u0161iuos veiksnius:<\/strong><\/p>\n<ul data-sourcepos=\"20:1-25:0\">\n<li data-sourcepos=\"20:1-20:94\"><strong>Med\u017eiaga:<\/strong> Pasirinkite patvari\u0105 ir lengvai valom\u0105 med\u017eiag\u0105, pvz., ner\u016bdijant\u012f plien\u0105 arba kompozit\u0105.<\/li>\n<li data-sourcepos=\"21:1-21:100\"><strong>Dubens konfig\u016bracija:<\/strong> Pagal savo poreikius pasirinkite vieno, dviej\u0173 arba trij\u0173 duben\u0173 konfig\u016bracij\u0105.<\/li>\n<li data-sourcepos=\"22:1-22:64\"><strong>Gylis:<\/strong> \u012e gilesn\u012f duben\u012f telpa didesni puodai ir keptuv\u0117s.<\/li>\n<li data-sourcepos=\"23:1-23:105\"><strong>Apdaila:<\/strong> Rinkit\u0117s virtuv\u0117s stili\u0173 atitinkan\u010di\u0105 apdail\u0105, pavyzd\u017eiui, \u0161lifuot\u0105, poliruot\u0105 ar satinuot\u0105.<\/li>\n<li data-sourcepos=\"24:1-25:0\"><strong>\u012erengimas:<\/strong> Apsvarstykite montavimo b\u016bd\u0105 - ar tai b\u016bt\u0173 montavimas po grindimis, ar ant vir\u0161aus.<\/li>\n<\/ul>\n<p data-sourcepos=\"26:1-26:138\">Atid\u017eiai apsvarst\u0119 \u0161iuos veiksnius galite i\u0161sirinkti puiki\u0105 30 coli\u0173 virtuv\u0117s kriaukl\u0119<\/p>","protected":false},"excerpt":{"rendered":"<p>Bendras dydis: 700*460*230 mm<\/p>\n<p>Dubens dydis: 660*363 mm<\/p>\n<p>I\u0161pjovos dydis: 676*436 mm<\/p>\n<p>Radian Corner : R10<\/p>","protected":false},"featured_media":2422,"template":"","meta":[],"product_brand":[],"product_cat":[53],"product_tag":[],"class_list":{"0":"post-2421","1":"product","2":"type-product","3":"status-publish","4":"has-post-thumbnail","6":"product_cat-topmount-sink-1","8":"first","9":"instock","10":"shipping-taxable","11":"product-type-simple"},"_links":{"self":[{"href":"https:\/\/sinkwithfaucet.com\/lt\/wp-json\/wp\/v2\/product\/2421","targetHints":{"allow":["GET"]}}],"collection":[{"href":"https:\/\/sinkwithfaucet.com\/lt\/wp-json\/wp\/v2\/product"}],"about":[{"href":"https:\/\/sinkwithfaucet.com\/lt\/wp-json\/wp\/v2\/types\/product"}],"wp:featuredmedia":[{"embeddable":true,"href":"https:\/\/sinkwithfaucet.com\/lt\/wp-json\/wp\/v2\/media\/2422"}],"wp:attachment":[{"href":"https:\/\/sinkwithfaucet.com\/lt\/wp-json\/wp\/v2\/media?parent=2421"}],"wp:term":[{"taxonomy":"product_brand","embeddable":true,"href":"https:\/\/sinkwithfaucet.com\/lt\/wp-json\/wp\/v2\/product_brand?post=2421"},{"taxonomy":"product_cat","embeddable":true,"href":"https:\/\/sinkwithfaucet.com\/lt\/wp-json\/wp\/v2\/product_cat?post=2421"},{"taxonomy":"product_tag","embeddable":true,"href":"https:\/\/sinkwithfaucet.com\/lt\/wp-json\/wp\/v2\/product_tag?post=2421"}],"curies":[{"name":"wp","href":"https:\/\/api.w.org\/{rel}","templated":true}]}}