{"id":2418,"date":"2024-11-04T03:36:44","date_gmt":"2024-11-04T03:36:44","guid":{"rendered":"https:\/\/sinkwithfaucet.com\/?post_type=product&#038;p=2418"},"modified":"2024-11-04T03:36:44","modified_gmt":"2024-11-04T03:36:44","slug":"black-kitchen-sink-7647b","status":"publish","type":"product","link":"https:\/\/sinkwithfaucet.com\/lt\/black-kitchen-sink-7647b\/","title":{"rendered":"Juoda virtuv\u0117s kriaukl\u0117 7647B"},"content":{"rendered":"<h2 data-sourcepos=\"1:1-1:215\">Juodos spalvos virtuv\u0117s plautuv\u0117s:<\/h2>\n<p data-sourcepos=\"1:1-1:215\">Pastaraisiais metais vis labiau populiar\u0117ja juodos spalvos virtuv\u0117s plautuv\u0117s, kurios pasi\u017eymi modernia ir rafinuota i\u0161vaizda, galin\u010dia patobulinti bet kokios virtuv\u0117s dizain\u0105. J\u0173 galima \u012fsigyti i\u0161 \u012fvairi\u0173 med\u017eiag\u0173 ir stili\u0173.<\/p>\n<ul data-sourcepos=\"5:1-8:0\">\n<li data-sourcepos=\"5:1-5:89\"><strong>Eleganti\u0161kas ir modernus:<\/strong> Tamsi matin\u0117 apdaila suteikia virtuvei \u0161iuolaiki\u0161kumo.<\/li>\n<li data-sourcepos=\"6:1-6:84\"><strong>Patvarus ir higieni\u0161kas:<\/strong> Ner\u016bdijantis plienas yra patvari ir lengvai valoma med\u017eiaga.<\/li>\n<li data-sourcepos=\"7:1-8:0\"><strong>Atsparus pir\u0161t\u0173 atspaudams:<\/strong> Specialios dangos padeda suma\u017einti pir\u0161t\u0173 atspaud\u0173 ir d\u0117mi\u0173 kiek\u012f.<\/li>\n<\/ul>\n<p data-sourcepos=\"21:1-21:71\"><strong>Rinkdamiesi juod\u0105 virtuv\u0117s kriaukl\u0119 atsi\u017evelkite \u012f \u0161iuos veiksnius:<\/strong><\/p>\n<ul data-sourcepos=\"23:1-28:0\">\n<li data-sourcepos=\"23:1-23:67\"><strong>Med\u017eiaga:<\/strong> Pasirinkite savo stili\u0173 ir biud\u017eet\u0105 atitinkan\u010di\u0105 med\u017eiag\u0105.<\/li>\n<li data-sourcepos=\"24:1-24:76\"><strong>Dydis ir forma:<\/strong> Pasirinkite dyd\u012f ir form\u0105, atitinkan\u010di\u0105 j\u016bs\u0173 virtuv\u0117s i\u0161planavim\u0105.<\/li>\n<li data-sourcepos=\"25:1-25:72\"><strong>\u012erengimas:<\/strong> Apsispr\u0119skite, ar norite montuoti po grindimis, ar ant vir\u0161aus.<\/li>\n<li data-sourcepos=\"26:1-26:74\"><strong>Apdaila:<\/strong> Atsi\u017evelkite \u012f konkret\u0173 juodos spalvos atspalv\u012f ir blizgesio lyg\u012f.<\/li>\n<li data-sourcepos=\"27:1-28:0\"><strong>Technin\u0117 prie\u017ei\u016bra:<\/strong> Laikykit\u0117s gamintojo prie\u017ei\u016bros instrukcij\u0173, kad kriaukl\u0117 atrodyt\u0173 kuo geriau.<\/li>\n<\/ul>\n<p data-sourcepos=\"29:1-29:142\">Atid\u017eiai apsvarst\u0119 \u0161iuos veiksnius, galite i\u0161sirinkti puiki\u0105 juod\u0105 kriaukl\u0119, kuri pagerins j\u016bs\u0173 virtuv\u0117s stili\u0173 ir funkcionalum\u0105.<\/p>","protected":false},"excerpt":{"rendered":"<p>Bendras dydis: 760*470*230 mm<\/p>\n<p>Dubens dydis: 720*363 mm<\/p>\n<p>I\u0161pjovos dydis: 736 * 446 mm<\/p>\n<p>Radian Corner : R10<\/p>","protected":false},"featured_media":2419,"template":"","meta":[],"product_brand":[],"product_cat":[53],"product_tag":[],"class_list":{"0":"post-2418","1":"product","2":"type-product","3":"status-publish","4":"has-post-thumbnail","6":"product_cat-topmount-sink-1","8":"first","9":"instock","10":"shipping-taxable","11":"product-type-simple"},"_links":{"self":[{"href":"https:\/\/sinkwithfaucet.com\/lt\/wp-json\/wp\/v2\/product\/2418","targetHints":{"allow":["GET"]}}],"collection":[{"href":"https:\/\/sinkwithfaucet.com\/lt\/wp-json\/wp\/v2\/product"}],"about":[{"href":"https:\/\/sinkwithfaucet.com\/lt\/wp-json\/wp\/v2\/types\/product"}],"wp:featuredmedia":[{"embeddable":true,"href":"https:\/\/sinkwithfaucet.com\/lt\/wp-json\/wp\/v2\/media\/2419"}],"wp:attachment":[{"href":"https:\/\/sinkwithfaucet.com\/lt\/wp-json\/wp\/v2\/media?parent=2418"}],"wp:term":[{"taxonomy":"product_brand","embeddable":true,"href":"https:\/\/sinkwithfaucet.com\/lt\/wp-json\/wp\/v2\/product_brand?post=2418"},{"taxonomy":"product_cat","embeddable":true,"href":"https:\/\/sinkwithfaucet.com\/lt\/wp-json\/wp\/v2\/product_cat?post=2418"},{"taxonomy":"product_tag","embeddable":true,"href":"https:\/\/sinkwithfaucet.com\/lt\/wp-json\/wp\/v2\/product_tag?post=2418"}],"curies":[{"name":"wp","href":"https:\/\/api.w.org\/{rel}","templated":true}]}}