{"id":2413,"date":"2024-11-04T03:17:48","date_gmt":"2024-11-04T03:17:48","guid":{"rendered":"https:\/\/sinkwithfaucet.com\/?post_type=product&#038;p=2413"},"modified":"2024-11-04T06:17:09","modified_gmt":"2024-11-04T06:17:09","slug":"stainless-sink-3322so","status":"publish","type":"product","link":"https:\/\/sinkwithfaucet.com\/lt\/stainless-sink-3322so\/","title":{"rendered":"Ner\u016bdijan\u010dio plieno kriaukl\u0117 3322SO"},"content":{"rendered":"<h2 data-sourcepos=\"1:1-1:44\">Ner\u016bdijan\u010dio plieno kriaukl\u0117s: Am\u017eina klasika<\/h2>\n<p data-sourcepos=\"3:1-3:251\">Ner\u016bdijan\u010dio plieno kriaukl\u0117s yra populiarus virtuv\u0117s pasirinkimas d\u0117l j\u0173 ilgaam\u017ei\u0161kumo, higieni\u0161kumo ir modernios estetikos. Jos pagamintos i\u0161 metalo lydinio, atsparaus r\u016bdims, korozijai ir d\u0117m\u0117ms, tod\u0117l yra ilgaam\u017e\u0117s ir lengvai valomos.<\/p>\n<p data-sourcepos=\"18:1-18:38\"><strong>Ner\u016bdijan\u010dio plieno plautuvi\u0173 privalumai:<\/strong><\/p>\n<ul data-sourcepos=\"20:1-24:0\">\n<li data-sourcepos=\"20:1-20:57\"><strong>Patvarumas:<\/strong> Atsparus r\u016bdims, korozijai ir kar\u0161\u010diui.<\/li>\n<li data-sourcepos=\"21:1-21:42\"><strong>Higiena:<\/strong> Lengva valyti ir dezinfekuoti.<\/li>\n<li data-sourcepos=\"22:1-22:86\"><strong>Stilius:<\/strong> Galima rinktis \u012fvairios apdailos ir stili\u0173, kad der\u0117t\u0173 prie bet kokio virtuv\u0117s interjero.<\/li>\n<li data-sourcepos=\"23:1-24:0\"><strong>Universalumas:<\/strong> Tinka tiek gyvenam\u0173j\u0173 nam\u0173, tiek komercin\u0117ms virtuv\u0117ms.<\/li>\n<\/ul>\n<p data-sourcepos=\"25:1-25:56\"><strong>Ner\u016bdijan\u010dio plieno kriaukl\u0117s pasirinkimo aspektai:<\/strong><\/p>\n<ul data-sourcepos=\"27:1-31:0\">\n<li data-sourcepos=\"27:1-27:90\"><strong>Matuoklis:<\/strong> Ner\u016bdijan\u010diojo plieno storis, nes storesni storiai yra patvaresni.<\/li>\n<li data-sourcepos=\"28:1-28:85\"><strong>Apdaila:<\/strong> Galite rinktis \u012fvairi\u0105 apdail\u0105, pavyzd\u017eiui, \u0161lifuot\u0105, poliruot\u0105 arba satinuot\u0105.<\/li>\n<li data-sourcepos=\"29:1-29:73\"><strong>Dydis:<\/strong> Pasirinkite dyd\u012f, atitinkant\u012f j\u016bs\u0173 virtuv\u0117s i\u0161planavim\u0105 ir j\u016bs\u0173 poreikius.<\/li>\n<li data-sourcepos=\"30:1-31:0\"><strong>\u012erengimas:<\/strong> Apsvarstykite, ar norite montuoti kriaukl\u0119 \u012f apa\u010di\u0105, ar \u012f vir\u0161\u0173.<\/li>\n<\/ul>\n<p data-sourcepos=\"32:1-32:143\">Atid\u017eiai apsvarst\u0119 \u0161iuos veiksnius, galite i\u0161sirinkti puiki\u0105 ner\u016bdijan\u010dio plieno kriaukl\u0119, kuri pagerins j\u016bs\u0173 virtuv\u0117s funkcionalum\u0105 ir stili\u0173.<\/p>","protected":false},"excerpt":{"rendered":"<p>Bendras dydis: 33 * 22 * 10 coli\u0173 \/ 838 * 559 * 254 mm<\/p>\n<p>Dubens dydis: 768 * 394 mm<\/p>\n<p>I\u0161pjovos dydis: 814*535 mm<\/p>\n<p>Kampinis spindulys : R0<\/p>","protected":false},"featured_media":2414,"template":"","meta":[],"product_brand":[],"product_cat":[53],"product_tag":[],"class_list":{"0":"post-2413","1":"product","2":"type-product","3":"status-publish","4":"has-post-thumbnail","6":"product_cat-topmount-sink-1","8":"first","9":"instock","10":"shipping-taxable","11":"product-type-simple"},"_links":{"self":[{"href":"https:\/\/sinkwithfaucet.com\/lt\/wp-json\/wp\/v2\/product\/2413","targetHints":{"allow":["GET"]}}],"collection":[{"href":"https:\/\/sinkwithfaucet.com\/lt\/wp-json\/wp\/v2\/product"}],"about":[{"href":"https:\/\/sinkwithfaucet.com\/lt\/wp-json\/wp\/v2\/types\/product"}],"wp:featuredmedia":[{"embeddable":true,"href":"https:\/\/sinkwithfaucet.com\/lt\/wp-json\/wp\/v2\/media\/2414"}],"wp:attachment":[{"href":"https:\/\/sinkwithfaucet.com\/lt\/wp-json\/wp\/v2\/media?parent=2413"}],"wp:term":[{"taxonomy":"product_brand","embeddable":true,"href":"https:\/\/sinkwithfaucet.com\/lt\/wp-json\/wp\/v2\/product_brand?post=2413"},{"taxonomy":"product_cat","embeddable":true,"href":"https:\/\/sinkwithfaucet.com\/lt\/wp-json\/wp\/v2\/product_cat?post=2413"},{"taxonomy":"product_tag","embeddable":true,"href":"https:\/\/sinkwithfaucet.com\/lt\/wp-json\/wp\/v2\/product_tag?post=2413"}],"curies":[{"name":"wp","href":"https:\/\/api.w.org\/{rel}","templated":true}]}}