{"id":2411,"date":"2024-11-04T03:09:36","date_gmt":"2024-11-04T03:09:36","guid":{"rendered":"https:\/\/sinkwithfaucet.com\/?post_type=product&#038;p=2411"},"modified":"2024-11-04T03:09:36","modified_gmt":"2024-11-04T03:09:36","slug":"deep-sink-3120do","status":"publish","type":"product","link":"https:\/\/sinkwithfaucet.com\/lt\/deep-sink-3120do\/","title":{"rendered":"Gili kriaukl\u0117 3120DO"},"content":{"rendered":"<h2 data-sourcepos=\"1:1-1:53\">Gilios kriaukl\u0117s: Prakti\u0161kas ir stilingas pasirinkimas<\/h2>\n<p data-sourcepos=\"3:1-3:266\">Gilios kriaukl\u0117s turi daug privalum\u0173, \u012fskaitant didesn\u012f funkcionalum\u0105, geresn\u0119 estetik\u0105 ir geresnes valymo galimybes. Jos ypa\u010d praver\u010dia talpinant didelius puodus ir keptuves, mirkant dideli\u0173 gabarit\u0173 daiktus ir atliekant kitas virtuv\u0117s u\u017eduotis.<\/p>\n<p data-sourcepos=\"5:1-5:39\"><strong>Pagrindin\u0117s gili\u0173 virtuv\u0117s plautuvi\u0173 savyb\u0117s:<\/strong><\/p>\n<ul data-sourcepos=\"7:1-11:0\">\n<li data-sourcepos=\"7:1-7:87\"><strong>Didelis gylis:<\/strong> Daug vietos dideliems indams ir dideli\u0173 gabarit\u0173 daiktams plauti.<\/li>\n<li data-sourcepos=\"8:1-8:97\"><strong>Ma\u017eiau pursl\u0173:<\/strong> Gilesn\u0117 konstrukcija padeda suma\u017einti vandens pursl\u0173 patekim\u0105 ant stalvir\u0161io.<\/li>\n<li data-sourcepos=\"9:1-9:112\"><strong>Patobulintas funkcionalumas:<\/strong> Galima atlikti \u012fvairius virtuv\u0117s darbus - nuo ind\u0173 plovimo iki maisto ruo\u0161imo.<\/li>\n<li data-sourcepos=\"10:1-11:0\"><strong>Stilingas dizainas:<\/strong> Galima rinktis \u012fvairi\u0173 stili\u0173 ir apdailos variant\u0173, kad papildyt\u0173 bet kokios virtuv\u0117s interjer\u0105.<\/li>\n<\/ul>\n<p data-sourcepos=\"12:1-12:32\"><strong>Gili\u0173 virtuv\u0117s kriaukli\u0173 tipai:<\/strong><\/p>\n<ul data-sourcepos=\"14:1-17:0\">\n<li data-sourcepos=\"14:1-14:85\"><strong>\u012emontuojamos plautuv\u0117s:<\/strong> Montuojamas po stalvir\u0161iu, kad atrodyt\u0173 eleganti\u0161kai ir moderniai.<\/li>\n<li data-sourcepos=\"15:1-15:105\"><strong>Ant vir\u0161aus montuojamos kriaukl\u0117s:<\/strong> Montuojamas ant stalvir\u0161io, tod\u0117l atrodo klasikin\u0117s ir tradicin\u0117s i\u0161vaizdos.<\/li>\n<li data-sourcepos=\"16:1-17:0\"><strong>\u016akin\u0117s paskirties kriaukl\u0117s:<\/strong> Didel\u0117s, gilios kriaukl\u0117s su prijuost\u0117s priekiu, suteikian\u010dios kaimi\u0161k\u0105 ir funkcional\u0173 dizain\u0105.<\/li>\n<\/ul>\n<p data-sourcepos=\"18:1-18:53\"><strong>Apsvarstymai renkantis gili\u0105 virtuv\u0117s kriaukl\u0119:<\/strong><\/p>\n<ul data-sourcepos=\"20:1-24:0\">\n<li data-sourcepos=\"20:1-20:94\"><strong>Gylis:<\/strong> Pasirinkite savo poreikius atitinkant\u012f gyl\u012f, atsi\u017evelgdami \u012f puod\u0173 ir keptuvi\u0173 dyd\u012f.<\/li>\n<li data-sourcepos=\"21:1-21:89\"><strong>Med\u017eiaga:<\/strong> Ner\u016bdijantis plienas yra populiarus pasirinkimas d\u0117l savo patvarumo ir lengvo valymo.<\/li>\n<li data-sourcepos=\"22:1-22:78\"><strong>Dydis:<\/strong> Pasirinkite dyd\u012f, atitinkant\u012f j\u016bs\u0173 virtuv\u0117s i\u0161planavim\u0105 ir turim\u0105 erdv\u0119.<\/li>\n<li data-sourcepos=\"23:1-24:0\"><strong>Stilius:<\/strong> Pasirinkite stili\u0173, kuris papildyt\u0173 bendr\u0105 virtuv\u0117s dizain\u0105.<\/li>\n<\/ul>\n<p data-sourcepos=\"25:1-25:136\">Atid\u017eiai apsvarst\u0119 \u0161iuos veiksnius, galite i\u0161sirinkti tobul\u0105 gili\u0105 virtuv\u0117s kriaukl\u0119, kuri pagerins j\u016bs\u0173 virtuv\u0117s funkcionalum\u0105 ir stili\u0173.<\/p>","protected":false},"excerpt":{"rendered":"<p>Bendras dydis: 31*20*9 coli\u0173\/810*510*220 mm<\/p>\n<p>Dubens dydis: 350*398\/350*398 mm<\/p>\n<p>I\u0161pjovos dydis: 767 * 488 mm<\/p>\n<p>Radian Corner : R10<\/p>","protected":false},"featured_media":2412,"template":"","meta":[],"product_brand":[],"product_cat":[53],"product_tag":[],"class_list":{"0":"post-2411","1":"product","2":"type-product","3":"status-publish","4":"has-post-thumbnail","6":"product_cat-topmount-sink-1","8":"first","9":"instock","10":"shipping-taxable","11":"product-type-simple"},"_links":{"self":[{"href":"https:\/\/sinkwithfaucet.com\/lt\/wp-json\/wp\/v2\/product\/2411","targetHints":{"allow":["GET"]}}],"collection":[{"href":"https:\/\/sinkwithfaucet.com\/lt\/wp-json\/wp\/v2\/product"}],"about":[{"href":"https:\/\/sinkwithfaucet.com\/lt\/wp-json\/wp\/v2\/types\/product"}],"wp:featuredmedia":[{"embeddable":true,"href":"https:\/\/sinkwithfaucet.com\/lt\/wp-json\/wp\/v2\/media\/2412"}],"wp:attachment":[{"href":"https:\/\/sinkwithfaucet.com\/lt\/wp-json\/wp\/v2\/media?parent=2411"}],"wp:term":[{"taxonomy":"product_brand","embeddable":true,"href":"https:\/\/sinkwithfaucet.com\/lt\/wp-json\/wp\/v2\/product_brand?post=2411"},{"taxonomy":"product_cat","embeddable":true,"href":"https:\/\/sinkwithfaucet.com\/lt\/wp-json\/wp\/v2\/product_cat?post=2411"},{"taxonomy":"product_tag","embeddable":true,"href":"https:\/\/sinkwithfaucet.com\/lt\/wp-json\/wp\/v2\/product_tag?post=2411"}],"curies":[{"name":"wp","href":"https:\/\/api.w.org\/{rel}","templated":true}]}}