{"id":2405,"date":"2024-11-04T02:44:36","date_gmt":"2024-11-04T02:44:36","guid":{"rendered":"https:\/\/sinkwithfaucet.com\/?post_type=product&#038;p=2405"},"modified":"2024-11-04T02:45:56","modified_gmt":"2024-11-04T02:45:56","slug":"above-counter-sink-8151sdo","status":"publish","type":"product","link":"https:\/\/sinkwithfaucet.com\/lt\/above-counter-sink-8151sdo\/","title":{"rendered":"Vir\u0161 stalvir\u0161io esanti kriaukl\u0117 8151SDO"},"content":{"rendered":"<h2 data-sourcepos=\"1:1-1:51\">Vir\u0161 stalvir\u0161io esan\u010dios kriaukl\u0117s: Stilingas ir modernus pasirinkimas<\/h2>\n<p data-sourcepos=\"3:1-3:194\"><strong>Vir\u0161 prekystalio esan\u010dios kriaukl\u0117s<\/strong>, dar vadinamos ind\u0173 kriaukl\u0117mis, yra populiarus pasirinkimas tiek vonios kambariui, tiek virtuvei. Jos yra ant stalvir\u0161io, tod\u0117l sukuria unikal\u0173 ir ak\u012f traukiant\u012f pagrindin\u012f ta\u0161k\u0105.<\/p>\n<p data-sourcepos=\"5:1-5:40\"><strong>Pagrindin\u0117s vir\u0161 stalvir\u0161io esan\u010di\u0173 kriaukli\u0173 savyb\u0117s:<\/strong><\/p>\n<ul data-sourcepos=\"7:1-11:0\">\n<li data-sourcepos=\"7:1-7:88\"><strong>Stilingas dizainas:<\/strong> Galimi \u012fvair\u016bs stiliai - nuo klasikinio iki \u0161iuolaikinio.<\/li>\n<li data-sourcepos=\"8:1-8:78\"><strong>Lengvas montavimas:<\/strong> Paprasta montuoti ant esamo stalvir\u0161io.<\/li>\n<li data-sourcepos=\"9:1-9:72\"><strong>Med\u017eiag\u0173 \u012fvairov\u0117:<\/strong> Galite rinktis keramikos, stiklo, akmens arba metalo gaminius.<\/li>\n<li data-sourcepos=\"10:1-11:0\"><strong>Pritaikymas:<\/strong> Gali b\u016bti pritaikytas pagal j\u016bs\u0173 konkre\u010dius poreikius ir pageidavimus.<\/li>\n<\/ul>\n<p data-sourcepos=\"12:1-12:55\"><strong>\u012e k\u0105 atsi\u017evelgti renkantis vir\u0161 stalvir\u0161io esan\u010di\u0105 kriaukl\u0119:<\/strong><\/p>\n<ul data-sourcepos=\"14:1-18:0\">\n<li data-sourcepos=\"14:1-14:144\"><strong>Dydis ir forma:<\/strong> Atsi\u017evelkite \u012f kriaukl\u0117s dyd\u012f ir form\u0105, kad ji tikt\u0173 prie stalvir\u0161io ir papildyt\u0173 j\u016bs\u0173 vonios kambario ar virtuv\u0117s dizain\u0105.<\/li>\n<li data-sourcepos=\"15:1-15:82\"><strong>Med\u017eiaga:<\/strong> Pasirinkite patvari\u0105 ir lengvai valom\u0105 med\u017eiag\u0105, atitinkan\u010di\u0105 j\u016bs\u0173 stili\u0173.<\/li>\n<li data-sourcepos=\"16:1-16:87\"><strong>Mai\u0161ytuvas:<\/strong> Pasirinkite mai\u0161ytuv\u0105, atitinkant\u012f kriaukl\u0117s auk\u0161t\u012f ir stili\u0173.<\/li>\n<li data-sourcepos=\"17:1-18:0\"><strong>\u012erengimas:<\/strong> U\u017etikrinkite tinkam\u0105 montavim\u0105, kad b\u016bt\u0173 i\u0161vengta vandens \u017ealos ir u\u017etikrintas optimalus veikimas.<\/li>\n<\/ul>\n<p data-sourcepos=\"19:1-19:143\"><strong>Atid\u017eiai apsvarst\u0119 \u0161iuos veiksnius, galite i\u0161sirinkti puiki\u0105 kriaukl\u0119 vir\u0161 stalvir\u0161io, kuri pagerins j\u016bs\u0173 erdv\u0117s stili\u0173 ir funkcionalum\u0105.<\/strong><\/p>","protected":false},"excerpt":{"rendered":"<p>Bendras dydis: 810*510*220 mm<\/p>\n<p>Dubens dydis: 400 * 400 mm<\/p>\n<p>I\u0161pjovos dydis: 785 * 485 mm<\/p>\n<p>Radian Corner : R10<\/p>","protected":false},"featured_media":2406,"template":"","meta":[],"product_brand":[],"product_cat":[53],"product_tag":[],"class_list":{"0":"post-2405","1":"product","2":"type-product","3":"status-publish","4":"has-post-thumbnail","6":"product_cat-topmount-sink-1","8":"first","9":"instock","10":"shipping-taxable","11":"product-type-simple"},"_links":{"self":[{"href":"https:\/\/sinkwithfaucet.com\/lt\/wp-json\/wp\/v2\/product\/2405","targetHints":{"allow":["GET"]}}],"collection":[{"href":"https:\/\/sinkwithfaucet.com\/lt\/wp-json\/wp\/v2\/product"}],"about":[{"href":"https:\/\/sinkwithfaucet.com\/lt\/wp-json\/wp\/v2\/types\/product"}],"wp:featuredmedia":[{"embeddable":true,"href":"https:\/\/sinkwithfaucet.com\/lt\/wp-json\/wp\/v2\/media\/2406"}],"wp:attachment":[{"href":"https:\/\/sinkwithfaucet.com\/lt\/wp-json\/wp\/v2\/media?parent=2405"}],"wp:term":[{"taxonomy":"product_brand","embeddable":true,"href":"https:\/\/sinkwithfaucet.com\/lt\/wp-json\/wp\/v2\/product_brand?post=2405"},{"taxonomy":"product_cat","embeddable":true,"href":"https:\/\/sinkwithfaucet.com\/lt\/wp-json\/wp\/v2\/product_cat?post=2405"},{"taxonomy":"product_tag","embeddable":true,"href":"https:\/\/sinkwithfaucet.com\/lt\/wp-json\/wp\/v2\/product_tag?post=2405"}],"curies":[{"name":"wp","href":"https:\/\/api.w.org\/{rel}","templated":true}]}}