{"id":2403,"date":"2024-11-04T02:39:18","date_gmt":"2024-11-04T02:39:18","guid":{"rendered":"https:\/\/sinkwithfaucet.com\/?post_type=product&#038;p=2403"},"modified":"2024-11-04T02:39:18","modified_gmt":"2024-11-04T02:39:18","slug":"black-stainless-steel-kitchen-sink-7843","status":"publish","type":"product","link":"https:\/\/sinkwithfaucet.com\/lt\/black-stainless-steel-kitchen-sink-7843\/","title":{"rendered":"Juoda ner\u016bdijan\u010dio plieno virtuv\u0117s kriaukl\u0117 7843"},"content":{"rendered":"<h2 data-sourcepos=\"1:1-1:57\">Juodos ner\u016bdijan\u010dio plieno virtuv\u0117s plautuv\u0117s: Modernus ir eleganti\u0161kas pasirinkimas<\/h2>\n<p data-sourcepos=\"3:1-3:231\">Pastaraisiais metais vis labiau populiar\u0117ja juodos spalvos ner\u016bdijan\u010dio plieno virtuv\u0117s plautuv\u0117s, kurios yra stilinga ir moderni alternatyva tradiciniam ner\u016bdijan\u010diam plienui. \u0160i unikali apdaila suteikia rafinuotumo ir elegancijos bet kuriai virtuvei.<\/p>\n<p data-sourcepos=\"5:1-5:48\"><strong>Pagrindin\u0117s juod\u0173 ner\u016bdijan\u010dio plieno kriaukli\u0173 savyb\u0117s:<\/strong><\/p>\n<ul data-sourcepos=\"7:1-11:0\">\n<li data-sourcepos=\"7:1-7:93\"><strong>\u0160iuolaikin\u0117 estetika:<\/strong> Tamsus, glotnus pavir\u0161ius sukuria \u0161iuolaiki\u0161k\u0105 ir rafinuot\u0105 i\u0161vaizd\u0105.<\/li>\n<li data-sourcepos=\"8:1-8:92\"><strong>Patvarumas:<\/strong> Pagamintas i\u0161 auk\u0161tos kokyb\u0117s ner\u016bdijan\u010diojo plieno, tod\u0117l veikia ilgai.<\/li>\n<li data-sourcepos=\"9:1-9:113\"><strong>Atsparumas pir\u0161t\u0173 atspaudams:<\/strong> Specialios dangos padeda suma\u017einti pir\u0161t\u0173 atspaud\u0173 ir d\u0117mi\u0173 kiek\u012f, tod\u0117l lengviau valyti.<\/li>\n<li data-sourcepos=\"10:1-11:0\"><strong>Stili\u0173 \u012fvairov\u0117:<\/strong> Galimi \u012fvair\u016bs stiliai, \u012fskaitant \u012fleid\u017eiam\u0105sias, vir\u0161utines ir \u016bkines kriaukles.<\/li>\n<\/ul>\n<p data-sourcepos=\"12:1-12:62\"><strong>Svarstymai renkantis juod\u0105 ner\u016bdijan\u010dio plieno kriaukl\u0119:<\/strong><\/p>\n<ul data-sourcepos=\"14:1-18:0\">\n<li data-sourcepos=\"14:1-14:120\"><strong>Apdaila:<\/strong> Rinkit\u0117s apdail\u0105, kuri der\u0117t\u0173 prie bendro virtuv\u0117s stiliaus, pavyzd\u017eiui, matin\u0117s juodos arba \u0161lifuoto juodo plieno.<\/li>\n<li data-sourcepos=\"15:1-15:75\"><strong>Dydis:<\/strong> Pasirinkite dyd\u012f, atitinkant\u012f j\u016bs\u0173 konkre\u010dius poreikius ir virtuv\u0117s i\u0161planavim\u0105.<\/li>\n<li data-sourcepos=\"16:1-16:91\"><strong>\u012erengimas:<\/strong> Apsvarstykite montavimo b\u016bd\u0105 - ar tai b\u016bt\u0173 montavimas po grindimis, ar ant vir\u0161aus.<\/li>\n<li data-sourcepos=\"17:1-18:0\"><strong>Technin\u0117 prie\u017ei\u016bra:<\/strong> Nors juodas ner\u016bdijantis plienas yra patvarus, norint i\u0161laikyti jo i\u0161vaizd\u0105, b\u016btina j\u012f reguliariai valyti.<\/li>\n<\/ul>\n<p data-sourcepos=\"19:1-19:149\">Atid\u017eiai apsvarst\u0119 \u0161iuos veiksnius, galite i\u0161sirinkti puiki\u0105 juod\u0105 ner\u016bdijan\u010dio plieno kriaukl\u0119, kuri pagerins j\u016bs\u0173 virtuv\u0117s stili\u0173 ir funkcionalum\u0105.<\/p>","protected":false},"excerpt":{"rendered":"<p>Bendras dydis: 780 * 430 * 220 mm<\/p>\n<p>Dubens dydis: 740 * 381 mm<\/p>\n<p>I\u0161pjovos dydis: 740 * 381 mm<\/p>\n<p>Radian Corner : R10<\/p>","protected":false},"featured_media":2404,"template":"","meta":[],"product_brand":[],"product_cat":[52],"product_tag":[],"class_list":{"0":"post-2403","1":"product","2":"type-product","3":"status-publish","4":"has-post-thumbnail","6":"product_cat-undermount-sink-1","8":"first","9":"instock","10":"shipping-taxable","11":"product-type-simple"},"_links":{"self":[{"href":"https:\/\/sinkwithfaucet.com\/lt\/wp-json\/wp\/v2\/product\/2403","targetHints":{"allow":["GET"]}}],"collection":[{"href":"https:\/\/sinkwithfaucet.com\/lt\/wp-json\/wp\/v2\/product"}],"about":[{"href":"https:\/\/sinkwithfaucet.com\/lt\/wp-json\/wp\/v2\/types\/product"}],"wp:featuredmedia":[{"embeddable":true,"href":"https:\/\/sinkwithfaucet.com\/lt\/wp-json\/wp\/v2\/media\/2404"}],"wp:attachment":[{"href":"https:\/\/sinkwithfaucet.com\/lt\/wp-json\/wp\/v2\/media?parent=2403"}],"wp:term":[{"taxonomy":"product_brand","embeddable":true,"href":"https:\/\/sinkwithfaucet.com\/lt\/wp-json\/wp\/v2\/product_brand?post=2403"},{"taxonomy":"product_cat","embeddable":true,"href":"https:\/\/sinkwithfaucet.com\/lt\/wp-json\/wp\/v2\/product_cat?post=2403"},{"taxonomy":"product_tag","embeddable":true,"href":"https:\/\/sinkwithfaucet.com\/lt\/wp-json\/wp\/v2\/product_tag?post=2403"}],"curies":[{"name":"wp","href":"https:\/\/api.w.org\/{rel}","templated":true}]}}