{"id":2401,"date":"2024-11-04T02:18:10","date_gmt":"2024-11-04T02:18:10","guid":{"rendered":"https:\/\/sinkwithfaucet.com\/?post_type=product&#038;p=2401"},"modified":"2024-11-04T02:18:10","modified_gmt":"2024-11-04T02:18:10","slug":"flat-sink-8348dr","status":"publish","type":"product","link":"https:\/\/sinkwithfaucet.com\/lt\/flat-sink-8348dr\/","title":{"rendered":"Plok\u0161\u010dia kriaukl\u0117 8348DR"},"content":{"rendered":"<h2 data-sourcepos=\"1:1-1:45\">Plok\u0161\u010dios kriaukl\u0117s: Minimalistinis ir modernus pasirinkimas<\/h2>\n<p data-sourcepos=\"3:1-3:191\">Plok\u0161\u010dios kriaukl\u0117s yra minimalistinio ir \u0161iuolaiki\u0161ko dizaino pasirinkimas virtuv\u0117ms ir vonios kambariams. Jos turi plok\u0161\u010di\u0105, neu\u017edengt\u0105 praustuv\u0105, da\u017enai pagamint\u0105 i\u0161 toki\u0173 med\u017eiag\u0173 kaip ner\u016bdijantis plienas ar keramika.<\/p>\n<p data-sourcepos=\"5:1-5:31\"><strong>Pagrindin\u0117s savyb\u0117s:<\/strong><\/p>\n<ul data-sourcepos=\"7:1-11:0\">\n<li data-sourcepos=\"7:1-7:83\"><strong>Minimalistin\u0117 estetika:<\/strong> \u0160varus, plok\u0161\u010dias dizainas sukuria eleganti\u0161k\u0105 ir moderni\u0105 i\u0161vaizd\u0105.<\/li>\n<li data-sourcepos=\"8:1-8:96\"><strong>Lengva valyti:<\/strong> Lyg\u0173 pavir\u0161i\u0173 lengva nuvalyti, tod\u0117l ant jo nesikaupia bakterijos.<\/li>\n<li data-sourcepos=\"9:1-9:61\"><strong>Taupo viet\u0105:<\/strong> Kompakti\u0161kas dizainas gali optimizuoti ma\u017eas erdves.<\/li>\n<li data-sourcepos=\"10:1-11:0\"><strong>Unikalus stilius:<\/strong> Vonios kambariui ar virtuvei suteikia i\u0161skirtinumo.<\/li>\n<\/ul>\n<p data-sourcepos=\"12:1-12:45\"><strong>\u012e k\u0105 atsi\u017evelgti renkantis plok\u0161\u010di\u0105 kriaukl\u0119:<\/strong><\/p>\n<ul data-sourcepos=\"14:1-18:0\">\n<li data-sourcepos=\"14:1-14:79\"><strong>Drena\u017eas:<\/strong> Pasir\u016bpinkite, kad kriaukl\u0117 b\u016bt\u0173 tinkamai i\u0161tu\u0161tinta, kad nesikaupt\u0173 vanduo.<\/li>\n<li data-sourcepos=\"15:1-15:92\"><strong>Med\u017eiaga:<\/strong> Pasirinkite patvari\u0105 ir lengvai valom\u0105 med\u017eiag\u0105, pavyzd\u017eiui, ner\u016bdijant\u012f plien\u0105 arba keramik\u0105.<\/li>\n<li data-sourcepos=\"16:1-16:89\"><strong>\u012erengimas:<\/strong> Apsvarstykite montavimo b\u016bd\u0105 - ar tai b\u016bt\u0173 \u012fleid\u017eiamoji, ar \u012fleid\u017eiamoji krosnel\u0117.<\/li>\n<li data-sourcepos=\"17:1-18:0\"><strong>Mai\u0161ytuvas:<\/strong> Pasirinkite mai\u0161ytuv\u0105, kuris der\u0117t\u0173 prie minimalistinio kriaukl\u0117s dizaino.<\/li>\n<\/ul>","protected":false},"excerpt":{"rendered":"<p>Bendras dydis: 33*19*10\/838*483*254 mm<\/p>\n<p>Dubens dydis: 381*397\/381*397 mm<\/p>\n<p>I\u0161pjovos dydis: 788 * 433 mm<\/p>\n<p>Radian Corner : R10<\/p>","protected":false},"featured_media":2402,"template":"","meta":[],"product_brand":[],"product_cat":[52],"product_tag":[],"class_list":{"0":"post-2401","1":"product","2":"type-product","3":"status-publish","4":"has-post-thumbnail","6":"product_cat-undermount-sink-1","8":"first","9":"instock","10":"shipping-taxable","11":"product-type-simple"},"_links":{"self":[{"href":"https:\/\/sinkwithfaucet.com\/lt\/wp-json\/wp\/v2\/product\/2401","targetHints":{"allow":["GET"]}}],"collection":[{"href":"https:\/\/sinkwithfaucet.com\/lt\/wp-json\/wp\/v2\/product"}],"about":[{"href":"https:\/\/sinkwithfaucet.com\/lt\/wp-json\/wp\/v2\/types\/product"}],"wp:featuredmedia":[{"embeddable":true,"href":"https:\/\/sinkwithfaucet.com\/lt\/wp-json\/wp\/v2\/media\/2402"}],"wp:attachment":[{"href":"https:\/\/sinkwithfaucet.com\/lt\/wp-json\/wp\/v2\/media?parent=2401"}],"wp:term":[{"taxonomy":"product_brand","embeddable":true,"href":"https:\/\/sinkwithfaucet.com\/lt\/wp-json\/wp\/v2\/product_brand?post=2401"},{"taxonomy":"product_cat","embeddable":true,"href":"https:\/\/sinkwithfaucet.com\/lt\/wp-json\/wp\/v2\/product_cat?post=2401"},{"taxonomy":"product_tag","embeddable":true,"href":"https:\/\/sinkwithfaucet.com\/lt\/wp-json\/wp\/v2\/product_tag?post=2401"}],"curies":[{"name":"wp","href":"https:\/\/api.w.org\/{rel}","templated":true}]}}