{"id":2398,"date":"2024-11-04T02:02:40","date_gmt":"2024-11-04T02:02:40","guid":{"rendered":"https:\/\/sinkwithfaucet.com\/?post_type=product&#038;p=2398"},"modified":"2024-11-04T02:11:06","modified_gmt":"2024-11-04T02:11:06","slug":"ultimate-kitchen-sink-2519st","status":"publish","type":"product","link":"https:\/\/sinkwithfaucet.com\/lt\/ultimate-kitchen-sink-2519st\/","title":{"rendered":"\"Ultimate\" virtuv\u0117s kriaukl\u0117 2519ST"},"content":{"rendered":"<h2 data-sourcepos=\"1:1-1:58\">\"The Ultimate Kitchen Sink\": Formos ir funkcijos derinys<\/h2>\n<p data-sourcepos=\"3:1-3:219\">Geriausia virtuv\u0117s kriaukl\u0117 - tai ne tik vieta indams plauti; tai funkcionalus ir stilingas centrinis elementas, galintis pagerinti j\u016bs\u0173 virtuv\u0117s \u012fsp\u016bd\u017eius. \u0160tai keletas pagrindini\u0173 savybi\u0173, kuri\u0173 reik\u0117t\u0173 ie\u0161koti tobuloje virtuv\u0117s kriaukl\u0117je:<\/p>\n<h3 data-sourcepos=\"5:1-5:13\">Med\u017eiaga:<\/h3>\n<ul data-sourcepos=\"7:1-10:0\">\n<li data-sourcepos=\"7:1-7:97\"><strong>Ner\u016bdijantis plienas:<\/strong> Klasikinis pasirinkimas, \u017einomas d\u0117l savo patvarumo, higienos ir modernios estetikos.<\/li>\n<li data-sourcepos=\"8:1-8:94\"><strong>Ketaus ketaus:<\/strong> Si\u016bloma kaimi\u0161ka ir senovin\u0117 i\u0161vaizda, da\u017enai derinama su \u016bkinio stiliaus virtuv\u0117mis.<\/li>\n<li data-sourcepos=\"9:1-10:0\"><strong>Kompozitas:<\/strong> Toki\u0173 med\u017eiag\u0173, kaip granitas ar kvarcas, mi\u0161inys - stilingas ir patvarus variantas.<\/li>\n<\/ul>\n<h3 data-sourcepos=\"11:1-11:21\">Stilius ir dizainas:<\/h3>\n<ul data-sourcepos=\"13:1-19:0\">\n<li data-sourcepos=\"13:1-13:81\"><strong>Apatinis montavimas:<\/strong> Eleganti\u0161kas ir modernus, vientisai derantis su stalvir\u0161iu.<\/li>\n<li data-sourcepos=\"14:1-14:75\"><strong>Vir\u0161utinis montavimas:<\/strong> Tradicinis ir lengvai montuojamas, suteikiantis klasikin\u0119 i\u0161vaizd\u0105.<\/li>\n<li data-sourcepos=\"15:1-15:93\"><strong>\u016akinis pastatas:<\/strong> Didel\u0117s, gilios, da\u017enai su prijuost\u0117s priekiu, kaimi\u0161ko ir funkcionalaus dizaino.<\/li>\n<li data-sourcepos=\"16:1-16:70\"><strong>Vienas dubuo:<\/strong> Paprasta ir efektyvi, puikiai tinka ma\u017eesn\u0117ms virtuv\u0117ms.<\/li>\n<li data-sourcepos=\"17:1-17:71\"><strong>Dvigubas dubuo:<\/strong> Universalus ir funkcionalus, tod\u0117l galima atlikti daugyb\u0119 u\u017eduo\u010di\u0173.<\/li>\n<li data-sourcepos=\"18:1-19:0\"><strong>\"Triple Bowl\":<\/strong> Idealiai tinka dideliems nam\u0173 \u016bkiams arba tiems, kurie da\u017enai gamina maist\u0105 ir rengia pramogas.<\/li>\n<\/ul>\n<h3 data-sourcepos=\"20:1-20:24\">Papildomos funkcijos:<\/h3>\n<ul data-sourcepos=\"22:1-26:0\">\n<li data-sourcepos=\"22:1-22:64\"><strong>Drena\u017eo plok\u0161t\u0117:<\/strong> Patogi vieta indams d\u017eiovinti.<\/li>\n<li data-sourcepos=\"23:1-23:86\"><strong>Pjaustymo lenta:<\/strong> Integruota pjaustymo lenta padeda sutaupyti vietos ant stalvir\u0161io ir suma\u017einti netvark\u0105.<\/li>\n<li data-sourcepos=\"24:1-24:87\"><strong>Trintuv\u0117:<\/strong> D\u0117l \u012fmontuoto durklo efektyviau ruo\u0161kite maist\u0105 ir valykite.<\/li>\n<li data-sourcepos=\"25:1-26:0\"><strong>Muilo dozatorius:<\/strong> Patogus muilo dozavimo b\u016bdas, tod\u0117l nereikia atskiro muilo indo.<\/li>\n<\/ul>\n<p data-sourcepos=\"27:1-27:76\"><strong>Rinkdamiesi geriausi\u0105 virtuv\u0117s kriaukl\u0119, atsi\u017evelkite \u012f \u0161iuos veiksnius:<\/strong><\/p>\n<ul data-sourcepos=\"29:1-34:0\">\n<li data-sourcepos=\"29:1-29:70\"><strong>Dydis:<\/strong> \u012esitikinkite, kad kriaukl\u0117 atitinka j\u016bs\u0173 virtuv\u0117s i\u0161planavim\u0105 ir j\u016bs\u0173 poreikius.<\/li>\n<li data-sourcepos=\"30:1-30:61\"><strong>Gylis:<\/strong> Gilesn\u0117 kriaukl\u0117 idealiai tinka didesniems puodams ir keptuv\u0117ms.<\/li>\n<li data-sourcepos=\"31:1-31:105\"><strong>Apdaila:<\/strong> Rinkit\u0117s virtuv\u0117s stili\u0173 atitinkan\u010di\u0105 apdail\u0105, pavyzd\u017eiui, \u0161lifuot\u0105, poliruot\u0105 ar satinuot\u0105.<\/li>\n<li data-sourcepos=\"32:1-32:109\"><strong>\u012erengimas:<\/strong> Apsvarstykite montavimo b\u016bd\u0105: ar tai b\u016bt\u0173 montavimas po grindimis, ant vir\u0161aus, ar \u016bkinis stilius.<\/li>\n<li data-sourcepos=\"33:1-34:0\"><strong>Biud\u017eetas:<\/strong> Nustatykite biud\u017eet\u0105 ir i\u0161tirkite galimybes, kurios atitinka j\u016bs\u0173 kain\u0173 interval\u0105.<\/li>\n<\/ul>\n<p data-sourcepos=\"35:1-35:152\">Atid\u017eiai apsvarst\u0119 \u0161iuos veiksnius galite i\u0161sirinkti tobul\u0105 virtuv\u0117s plautuv\u0119, kuri pagerins j\u016bs\u0173 virtuv\u0117s funkcionalum\u0105 ir estetik\u0105.<\/p>","protected":false},"excerpt":{"rendered":"<table style=\"border-collapse: collapse; width: 501.02pt;\" border=\"0\" width=\"668\" cellspacing=\"0\" cellpadding=\"0\">\n<tbody>\n<tr style=\"height: 25.00pt;\">\n<td class=\"et2\" style=\"height: 25pt; width: 54pt; text-align: center;\" width=\"72\" height=\"33\"><strong>Modelis<\/strong><\/td>\n<td class=\"et2\" style=\"width: 112.5pt; text-align: center;\" width=\"150\"><strong>Bendras dydis\uff08mm\uff09<\/strong><\/td>\n<td class=\"et2\" style=\"width: 122.25pt; text-align: center;\" width=\"163\"><strong>Dubens dydis\uff08mm\uff09<\/strong><\/td>\n<td class=\"et2\" style=\"width: 121.5pt; text-align: center;\" width=\"162\"><strong>I\u0161pjovos dydis\uff08mm\uff09<\/strong><\/td>\n<td class=\"et2\" style=\"width: 90.75pt; text-align: center;\" width=\"121\"><strong>\"Radian Corner<\/strong><\/td>\n<\/tr>\n<tr style=\"height: 30.00pt;\">\n<td class=\"et3\" style=\"height: 30pt; text-align: center;\" height=\"40\">2519ST<\/td>\n<td class=\"et4\" style=\"width: 112.5pt; text-align: center;\" width=\"150\">25*19*10<br \/>\n635*483*254<\/td>\n<td class=\"et3\" style=\"text-align: center;\">585*397<\/td>\n<td class=\"et3\" style=\"text-align: center;\">585*433<\/td>\n<td class=\"et5\" style=\"text-align: center;\">R0+R10<\/td>\n<\/tr>\n<tr style=\"height: 30.00pt;\">\n<td class=\"et3\" style=\"height: 30pt; text-align: center;\" height=\"40\">2719ST<\/td>\n<td class=\"et4\" style=\"width: 112.5pt; text-align: center;\" width=\"150\">27*19*10<br \/>\n686*483*254<\/td>\n<td class=\"et3\" style=\"text-align: center;\">636*397<\/td>\n<td class=\"et3\" style=\"text-align: center;\">636*433<\/td>\n<td class=\"et5\" style=\"text-align: center;\">R0+R10<\/td>\n<\/tr>\n<tr style=\"height: 30.00pt;\">\n<td class=\"et3\" style=\"height: 30pt; text-align: center;\" height=\"40\">3019ST<\/td>\n<td class=\"et4\" style=\"width: 112.5pt; text-align: center;\" width=\"150\">30*19*10<br \/>\n762*483*254<\/td>\n<td class=\"et3\" style=\"text-align: center;\">712*397<\/td>\n<td class=\"et3\" style=\"text-align: center;\">712*433<\/td>\n<td class=\"et5\" style=\"text-align: center;\">R0+R10<\/td>\n<\/tr>\n<tr style=\"height: 30.00pt;\">\n<td class=\"et3\" style=\"height: 30pt; text-align: center;\" height=\"40\">3319ST<\/td>\n<td class=\"et4\" style=\"width: 112.5pt; text-align: center;\" width=\"150\">33*19*10<br \/>\n838*483*254<\/td>\n<td class=\"et3\" style=\"text-align: center;\">788*397<\/td>\n<td class=\"et3\" style=\"text-align: center;\">788*433<\/td>\n<td class=\"et5\" style=\"text-align: center;\">R0+R10<\/td>\n<\/tr>\n<\/tbody>\n<\/table>","protected":false},"featured_media":2399,"template":"","meta":[],"product_brand":[],"product_cat":[52],"product_tag":[],"class_list":{"0":"post-2398","1":"product","2":"type-product","3":"status-publish","4":"has-post-thumbnail","6":"product_cat-undermount-sink-1","8":"first","9":"instock","10":"shipping-taxable","11":"product-type-simple"},"_links":{"self":[{"href":"https:\/\/sinkwithfaucet.com\/lt\/wp-json\/wp\/v2\/product\/2398","targetHints":{"allow":["GET"]}}],"collection":[{"href":"https:\/\/sinkwithfaucet.com\/lt\/wp-json\/wp\/v2\/product"}],"about":[{"href":"https:\/\/sinkwithfaucet.com\/lt\/wp-json\/wp\/v2\/types\/product"}],"wp:featuredmedia":[{"embeddable":true,"href":"https:\/\/sinkwithfaucet.com\/lt\/wp-json\/wp\/v2\/media\/2399"}],"wp:attachment":[{"href":"https:\/\/sinkwithfaucet.com\/lt\/wp-json\/wp\/v2\/media?parent=2398"}],"wp:term":[{"taxonomy":"product_brand","embeddable":true,"href":"https:\/\/sinkwithfaucet.com\/lt\/wp-json\/wp\/v2\/product_brand?post=2398"},{"taxonomy":"product_cat","embeddable":true,"href":"https:\/\/sinkwithfaucet.com\/lt\/wp-json\/wp\/v2\/product_cat?post=2398"},{"taxonomy":"product_tag","embeddable":true,"href":"https:\/\/sinkwithfaucet.com\/lt\/wp-json\/wp\/v2\/product_tag?post=2398"}],"curies":[{"name":"wp","href":"https:\/\/api.w.org\/{rel}","templated":true}]}}