{"id":2394,"date":"2024-11-04T01:54:04","date_gmt":"2024-11-04T01:54:04","guid":{"rendered":"https:\/\/sinkwithfaucet.com\/?post_type=product&#038;p=2394"},"modified":"2024-11-04T01:55:37","modified_gmt":"2024-11-04T01:55:37","slug":"undermount-bar-sink-1144ddu","status":"publish","type":"product","link":"https:\/\/sinkwithfaucet.com\/lt\/undermount-bar-sink-1144ddu\/","title":{"rendered":"Baro kriaukl\u0117 1144DDU"},"content":{"rendered":"<h2 data-sourcepos=\"1:1-1:50\">Baro kriaukl\u0117s: Eleganti\u0161kas ir modernus pasirinkimas<\/h2>\n<p data-sourcepos=\"3:1-3:193\"><strong>Baro kriaukl\u0117s<\/strong> yra populiarus pasirinkimas nam\u0173 barams, dr\u0117gniesiems barams ir ma\u017eesn\u0117ms virtuv\u0117ms. Jie skirti montuoti po stalvir\u0161iu, tod\u0117l atrodo vientisai ir moderniai.<\/p>\n<p data-sourcepos=\"5:1-5:41\"><strong>Pagrindin\u0117s savyb\u0117s:<\/strong><\/p>\n<ul data-sourcepos=\"7:1-11:0\">\n<li data-sourcepos=\"7:1-7:92\"><strong>Eleganti\u0161kas dizainas:<\/strong> \u012emontuotas po grindimis suteikia \u0161vari\u0105 ir \u0161iuolaiki\u0161k\u0105 estetik\u0105.<\/li>\n<li data-sourcepos=\"8:1-8:119\"><strong>Lengva valyti:<\/strong> D\u0117l vientisos integracijos su stalvir\u0161iu nelieka tarp\u0173, kuriuose gali kauptis ne\u0161varumai ir \u0161iuk\u0161l\u0117s.<\/li>\n<li data-sourcepos=\"9:1-9:58\"><strong>Taupo viet\u0105:<\/strong> Kompakti\u0161kas dydis idealiai tinka ma\u017eesn\u0117ms erdv\u0117ms.<\/li>\n<li data-sourcepos=\"10:1-11:0\"><strong>Patvarumas:<\/strong> Paprastai jie gaminami i\u0161 auk\u0161tos kokyb\u0117s ner\u016bdijan\u010dio plieno, tod\u0117l veikia ilgai.<\/li>\n<\/ul>\n<p data-sourcepos=\"12:1-12:56\"><strong>Svarstymai renkantis baro kriaukl\u0119:<\/strong><\/p>\n<ul data-sourcepos=\"14:1-18:0\">\n<li data-sourcepos=\"14:1-14:66\"><strong>Dydis:<\/strong> Pasirinkite dyd\u012f, atitinkant\u012f konkre\u010di\u0105 erdv\u0119 ir poreikius.<\/li>\n<li data-sourcepos=\"15:1-15:109\"><strong>Gylis:<\/strong> Atsi\u017evelkite \u012f kriaukl\u0117s gyl\u012f \u012fvairioms u\u017eduotims atlikti, pavyzd\u017eiui, plauti stiklinius indus ar ruo\u0161ti g\u0117rimus.<\/li>\n<li data-sourcepos=\"16:1-16:92\"><strong>Med\u017eiaga:<\/strong> Ner\u016bdijantis plienas yra populiarus pasirinkimas d\u0117l savo ilgaam\u017ei\u0161kumo ir lengvos prie\u017ei\u016bros.<\/li>\n<li data-sourcepos=\"17:1-18:0\"><strong>Mai\u0161ytuvo angos:<\/strong> \u012esitikinkite, kad kriaukl\u0117 turi reikiam\u0105 mai\u0161ytuvo skyli\u0173 skai\u010di\u0173, kad atitikt\u0173 j\u016bs\u0173 pageidaujam\u0105 konfig\u016bracij\u0105.<\/li>\n<\/ul>\n<p data-sourcepos=\"19:1-20:30\">Atid\u017eiai apsvarst\u0119 \u0161iuos veiksnius galite i\u0161sirinkti puiki\u0105 baro kriaukl\u0119, kuri papildys j\u016bs\u0173 virtuv\u0117s ar baro erdv\u0119.<\/p>","protected":false},"excerpt":{"rendered":"<p>Bendras dydis \uff1a 1150*440*220 mm<\/p>\n<p>Dubens dydis \uff1a400*400\/300*400 mm<\/p>\n<p>I\u0161pjovos dydis \uff1a1110*400 mm<\/p>\n<p>Kampinis spindulys \uff1aR10<\/p>","protected":false},"featured_media":2397,"template":"","meta":[],"product_brand":[],"product_cat":[52],"product_tag":[],"class_list":{"0":"post-2394","1":"product","2":"type-product","3":"status-publish","4":"has-post-thumbnail","6":"product_cat-undermount-sink-1","8":"first","9":"instock","10":"shipping-taxable","11":"product-type-simple"},"_links":{"self":[{"href":"https:\/\/sinkwithfaucet.com\/lt\/wp-json\/wp\/v2\/product\/2394","targetHints":{"allow":["GET"]}}],"collection":[{"href":"https:\/\/sinkwithfaucet.com\/lt\/wp-json\/wp\/v2\/product"}],"about":[{"href":"https:\/\/sinkwithfaucet.com\/lt\/wp-json\/wp\/v2\/types\/product"}],"wp:featuredmedia":[{"embeddable":true,"href":"https:\/\/sinkwithfaucet.com\/lt\/wp-json\/wp\/v2\/media\/2397"}],"wp:attachment":[{"href":"https:\/\/sinkwithfaucet.com\/lt\/wp-json\/wp\/v2\/media?parent=2394"}],"wp:term":[{"taxonomy":"product_brand","embeddable":true,"href":"https:\/\/sinkwithfaucet.com\/lt\/wp-json\/wp\/v2\/product_brand?post=2394"},{"taxonomy":"product_cat","embeddable":true,"href":"https:\/\/sinkwithfaucet.com\/lt\/wp-json\/wp\/v2\/product_cat?post=2394"},{"taxonomy":"product_tag","embeddable":true,"href":"https:\/\/sinkwithfaucet.com\/lt\/wp-json\/wp\/v2\/product_tag?post=2394"}],"curies":[{"name":"wp","href":"https:\/\/api.w.org\/{rel}","templated":true}]}}