{"id":2391,"date":"2024-11-04T01:44:51","date_gmt":"2024-11-04T01:44:51","guid":{"rendered":"https:\/\/sinkwithfaucet.com\/?post_type=product&#038;p=2391"},"modified":"2024-11-04T01:46:08","modified_gmt":"2024-11-04T01:46:08","slug":"integrated-sink-7544sdu","status":"publish","type":"product","link":"https:\/\/sinkwithfaucet.com\/lt\/integrated-sink-7544sdu\/","title":{"rendered":"Integruota kriaukl\u0117 7544SDU"},"content":{"rendered":"<h2 data-sourcepos=\"1:1-1:46\">Integruotos kriaukl\u0117s: Vientisas virtuv\u0117s dizainas<\/h2>\n<p data-sourcepos=\"3:1-3:176\"><strong>Integruotos kriaukl\u0117s<\/strong> yra modernus ir stilingas virtuv\u0117s stalvir\u0161i\u0173 pasirinkimas. Jie skland\u017eiai integruojami \u012f stalvir\u0161io med\u017eiag\u0105, tod\u0117l atrodo \u0161variai ir minimalisti\u0161kai.<\/p>\n<p data-sourcepos=\"5:1-5:37\"><strong>Pagrindin\u0117s savyb\u0117s:<\/strong><\/p>\n<ul data-sourcepos=\"7:1-11:0\">\n<li data-sourcepos=\"7:1-7:139\"><strong>Vientisas dizainas:<\/strong> Kriaukl\u0117 ir stalvir\u0161is sudaro vientis\u0105 pavir\u0161i\u0173, tod\u0117l nebelieka tarp\u0173 ir ply\u0161i\u0173, kuriuose gali kauptis bakterijos.<\/li>\n<li data-sourcepos=\"8:1-8:117\"><strong>Pritaikymas:<\/strong> Integruotas kriaukles galima pritaikyti pagal konkre\u010dius poreikius, \u012fskaitant dyd\u012f, form\u0105 ir gyl\u012f.<\/li>\n<li data-sourcepos=\"9:1-9:121\"><strong>Patvarumas:<\/strong> Integruotos kriaukl\u0117s, pagamintos i\u0161 patvari\u0173 med\u017eiag\u0173, pavyzd\u017eiui, kvarco, granito ar kieto pavir\u0161iaus, yra ilgaam\u017e\u0117s.<\/li>\n<li data-sourcepos=\"10:1-11:0\"><strong>Lengva valyti:<\/strong> Lyg\u0173, vientis\u0105 pavir\u0161i\u0173 lengva valyti ir pri\u017ei\u016br\u0117ti.<\/li>\n<\/ul>\n<p data-sourcepos=\"12:1-12:30\"><strong>Tipai:<\/strong><\/p>\n<ul data-sourcepos=\"14:1-17:0\">\n<li data-sourcepos=\"14:1-14:90\"><strong>Kvarcas:<\/strong> Populiarus pasirinkimas d\u0117l ilgaam\u017ei\u0161kumo, atsparumo kar\u0161\u010diui ir spalv\u0173 \u012fvairov\u0117s.<\/li>\n<li data-sourcepos=\"15:1-15:79\"><strong>Granitas:<\/strong> Nat\u016bralaus akmens variantas, pasi\u017eymintis prabangia ir eleganti\u0161ka i\u0161vaizda.<\/li>\n<li data-sourcepos=\"16:1-17:0\"><strong>Kietas pavir\u0161ius:<\/strong> \u017dmogaus dirbtin\u0117 med\u017eiaga, kuri yra patvari ir stilinga.<\/li>\n<\/ul>\n<p data-sourcepos=\"18:1-18:52\"><strong>Argumentai renkantis integruot\u0105 kriaukl\u0119:<\/strong><\/p>\n<ul data-sourcepos=\"20:1-24:0\">\n<li data-sourcepos=\"20:1-20:108\"><strong>Med\u017eiaga:<\/strong> Pasirinkite med\u017eiag\u0105, kuri papildo j\u016bs\u0173 virtuv\u0117s estetik\u0105 ir atitinka j\u016bs\u0173 funkcinius poreikius.<\/li>\n<li data-sourcepos=\"21:1-21:128\"><strong>Dydis ir forma:<\/strong> Atsi\u017evelkite \u012f kriaukl\u0117s dyd\u012f ir form\u0105, kad ji tikt\u0173 j\u016bs\u0173 virtuv\u0117s i\u0161planavimui ir atitikt\u0173 j\u016bs\u0173 poreikius.<\/li>\n<li data-sourcepos=\"22:1-22:101\"><strong>\u012erengimas:<\/strong> Rekomenduojama profesionaliai sumontuoti, kad b\u016bt\u0173 u\u017etikrintas vientisas ir vandeniui nelaidus montavimas.<\/li>\n<li data-sourcepos=\"23:1-24:0\"><strong>Technin\u0117 prie\u017ei\u016bra:<\/strong> Laikykit\u0117s gamintojo rekomenduojam\u0173 valymo ir prie\u017ei\u016bros nurodym\u0173.<\/li>\n<\/ul>\n<p data-sourcepos=\"25:1-25:184\"><strong>Integruotos kriaukl\u0117s pasi\u017eymi eleganti\u0161ka ir modernia i\u0161vaizda, kuri gali pagerinti virtuv\u0117s stili\u0173.<\/strong> Tai puikus pasirinkimas nam\u0173 savininkams, kurie teikia pirmenyb\u0119 ir estetikai, ir funkcionalumui.<\/p>","protected":false},"excerpt":{"rendered":"<p>Bendras dydis: 750 * 440 * 220 mm<\/p>\n<p>Dubens dydis: 400 * 400 mm<\/p>\n<p>I\u0161pjovos dydis: 710 * 400 mm<\/p>\n<p>Radian Corner : R10<\/p>","protected":false},"featured_media":2392,"template":"","meta":[],"product_brand":[],"product_cat":[52],"product_tag":[],"class_list":{"0":"post-2391","1":"product","2":"type-product","3":"status-publish","4":"has-post-thumbnail","6":"product_cat-undermount-sink-1","8":"first","9":"instock","10":"shipping-taxable","11":"product-type-simple"},"_links":{"self":[{"href":"https:\/\/sinkwithfaucet.com\/lt\/wp-json\/wp\/v2\/product\/2391","targetHints":{"allow":["GET"]}}],"collection":[{"href":"https:\/\/sinkwithfaucet.com\/lt\/wp-json\/wp\/v2\/product"}],"about":[{"href":"https:\/\/sinkwithfaucet.com\/lt\/wp-json\/wp\/v2\/types\/product"}],"wp:featuredmedia":[{"embeddable":true,"href":"https:\/\/sinkwithfaucet.com\/lt\/wp-json\/wp\/v2\/media\/2392"}],"wp:attachment":[{"href":"https:\/\/sinkwithfaucet.com\/lt\/wp-json\/wp\/v2\/media?parent=2391"}],"wp:term":[{"taxonomy":"product_brand","embeddable":true,"href":"https:\/\/sinkwithfaucet.com\/lt\/wp-json\/wp\/v2\/product_brand?post=2391"},{"taxonomy":"product_cat","embeddable":true,"href":"https:\/\/sinkwithfaucet.com\/lt\/wp-json\/wp\/v2\/product_cat?post=2391"},{"taxonomy":"product_tag","embeddable":true,"href":"https:\/\/sinkwithfaucet.com\/lt\/wp-json\/wp\/v2\/product_tag?post=2391"}],"curies":[{"name":"wp","href":"https:\/\/api.w.org\/{rel}","templated":true}]}}