{"id":2389,"date":"2024-11-04T01:38:16","date_gmt":"2024-11-04T01:38:16","guid":{"rendered":"https:\/\/sinkwithfaucet.com\/?post_type=product&#038;p=2389"},"modified":"2024-11-04T01:38:17","modified_gmt":"2024-11-04T01:38:17","slug":"free-standing-sink-7544du","status":"publish","type":"product","link":"https:\/\/sinkwithfaucet.com\/lt\/free-standing-sink-7544du\/","title":{"rendered":"Laisvai pastatoma kriaukl\u0117 7544DU"},"content":{"rendered":"<h2 data-sourcepos=\"1:1-1:54\">Laisvai pastatomos kriaukl\u0117s: Stilingas ir funkcionalus pasirinkimas<\/h2>\n<p data-sourcepos=\"3:1-3:226\">Laisvai stovin\u010dios kriaukl\u0117s yra universalus ir ak\u012f traukiantis vonios kambario ir virtuv\u0117s priedas. Skirtingai nei tradicin\u0117s stalvir\u0161io kriaukl\u0117s, laisvai pastatomos kriaukl\u0117s montuojamos ant grind\u0173 ir suteikia j\u016bs\u0173 erdvei unikal\u0173 ir eleganti\u0161k\u0105 akcent\u0105.<\/p>\n<p data-sourcepos=\"5:1-5:39\"><strong>Pagrindin\u0117s laisvai pastatom\u0173 kriaukli\u0173 savyb\u0117s:<\/strong><\/p>\n<ul data-sourcepos=\"7:1-11:0\">\n<li data-sourcepos=\"7:1-7:90\"><strong>Universalus dizainas:<\/strong> Galimi \u012fvair\u016bs stiliai - nuo klasikinio iki \u0161iuolaikinio.<\/li>\n<li data-sourcepos=\"8:1-8:90\"><strong>Lengvas montavimas:<\/strong> Paprasta \u012frengti, nereikia atlikti dideli\u0173 stalvir\u0161io darb\u0173.<\/li>\n<li data-sourcepos=\"9:1-9:74\"><strong>Unikali estetika:<\/strong> Vonios kambaryje ar virtuv\u0117je sukuria centrin\u012f ta\u0161k\u0105.<\/li>\n<li data-sourcepos=\"10:1-11:0\"><strong>Lengva valyti:<\/strong> D\u0117l lygi\u0173 pavir\u0161i\u0173 ir atviros konstrukcijos valymas tampa lengvas.<\/li>\n<li data-sourcepos=\"10:1-11:0\"><strong>Virtuv\u0117s plautuv\u0117s:<\/strong>\n<ul data-sourcepos=\"19:5-21:0\">\n<li data-sourcepos=\"19:5-19:126\"><strong>\u016akin\u0117s paskirties kriaukl\u0117s:<\/strong> Didel\u0117s, gilios kriaukl\u0117s su prijuost\u0117mis, kuriose yra pakankamai vietos indams plauti ir maistui ruo\u0161ti.<\/li>\n<li data-sourcepos=\"20:5-21:0\"><strong>Komunalini\u0173 paslaug\u0173 kriaukl\u0117s:<\/strong> Puikiai tinka skalbykloms, gara\u017eams ar lauko virtuv\u0117ms.<\/li>\n<\/ul>\n<\/li>\n<\/ul>\n<ul data-sourcepos=\"14:1-21:0\">\n<li style=\"list-style-type: none;\" data-sourcepos=\"14:1-17:100\"><\/li>\n<\/ul>\n<p data-sourcepos=\"22:1-22:53\"><strong>\u012e k\u0105 atsi\u017evelgti renkantis laisvai pastatom\u0105 kriaukl\u0119:<\/strong><\/p>\n<ul data-sourcepos=\"24:1-28:0\">\n<li data-sourcepos=\"24:1-24:74\"><strong>Stilius:<\/strong> Pasirinkite kriaukl\u0119, kuri papildyt\u0173 bendr\u0105 dizaino estetik\u0105.<\/li>\n<li data-sourcepos=\"25:1-25:78\"><strong>Dydis:<\/strong> Pasirinkite dyd\u012f, kuris atitinka j\u016bs\u0173 turim\u0105 erdv\u0119 ir poreikius.<\/li>\n<li data-sourcepos=\"26:1-26:129\"><strong>Med\u017eiaga:<\/strong> Atsi\u017evelkite \u012f med\u017eiag\u0105, pavyzd\u017eiui, keramik\u0105, porcelian\u0105 ar ner\u016bdijant\u012f plien\u0105, atsi\u017evelgiant \u012f ilgaam\u017ei\u0161kum\u0105 ir pageidaujam\u0105 stili\u0173.<\/li>\n<li data-sourcepos=\"27:1-28:0\"><strong>Santechnika:<\/strong> U\u017etikrinkite tinkamas vandentiekio jungtis ir apsvarstykite visas galimas problemas, ypa\u010d laisvai stovin\u010di\u0173 virtuv\u0117s kriaukli\u0173 atveju.<\/li>\n<\/ul>","protected":false},"excerpt":{"rendered":"<p>Bendras dydis: 750 * 440 * 220 mm<\/p>\n<p>Dubens dydis: 340*400\/340*400 mm<\/p>\n<p>I\u0161pjovos dydis: 710 * 400 mm<\/p>\n<p>Radian Corner : R10<\/p>","protected":false},"featured_media":2390,"template":"","meta":[],"product_brand":[],"product_cat":[52],"product_tag":[],"class_list":{"0":"post-2389","1":"product","2":"type-product","3":"status-publish","4":"has-post-thumbnail","6":"product_cat-undermount-sink-1","8":"first","9":"instock","10":"shipping-taxable","11":"product-type-simple"},"_links":{"self":[{"href":"https:\/\/sinkwithfaucet.com\/lt\/wp-json\/wp\/v2\/product\/2389","targetHints":{"allow":["GET"]}}],"collection":[{"href":"https:\/\/sinkwithfaucet.com\/lt\/wp-json\/wp\/v2\/product"}],"about":[{"href":"https:\/\/sinkwithfaucet.com\/lt\/wp-json\/wp\/v2\/types\/product"}],"wp:featuredmedia":[{"embeddable":true,"href":"https:\/\/sinkwithfaucet.com\/lt\/wp-json\/wp\/v2\/media\/2390"}],"wp:attachment":[{"href":"https:\/\/sinkwithfaucet.com\/lt\/wp-json\/wp\/v2\/media?parent=2389"}],"wp:term":[{"taxonomy":"product_brand","embeddable":true,"href":"https:\/\/sinkwithfaucet.com\/lt\/wp-json\/wp\/v2\/product_brand?post=2389"},{"taxonomy":"product_cat","embeddable":true,"href":"https:\/\/sinkwithfaucet.com\/lt\/wp-json\/wp\/v2\/product_cat?post=2389"},{"taxonomy":"product_tag","embeddable":true,"href":"https:\/\/sinkwithfaucet.com\/lt\/wp-json\/wp\/v2\/product_tag?post=2389"}],"curies":[{"name":"wp","href":"https:\/\/api.w.org\/{rel}","templated":true}]}}