{"id":2342,"date":"2024-11-01T07:21:34","date_gmt":"2024-11-01T07:21:34","guid":{"rendered":"https:\/\/sinkwithfaucet.com\/?post_type=product&#038;p=2342"},"modified":"2024-11-01T07:23:29","modified_gmt":"2024-11-01T07:23:29","slug":"small-stainless-steel-sink-2344su","status":"publish","type":"product","link":"https:\/\/sinkwithfaucet.com\/lt\/small-stainless-steel-sink-2344su\/","title":{"rendered":"Ma\u017ea ner\u016bdijan\u010dio plieno kriaukl\u0117 2344SU"},"content":{"rendered":"<h2 data-sourcepos=\"1:1-1:50\">Ma\u017eos ner\u016bdijan\u010dio plieno kriaukl\u0117s: Kompakti\u0161kas sprendimas<\/h2>\n<p data-sourcepos=\"3:1-3:87\">Ma\u017eos ner\u016bdijan\u010dio plieno kriaukl\u0117s yra prakti\u0161kas pasirinkimas \u012fvairioms reikm\u0117ms.<\/p>\n<p data-sourcepos=\"10:1-10:44\"><strong>Privalumai:<\/strong><\/p>\n<ul data-sourcepos=\"12:1-16:0\">\n<li data-sourcepos=\"12:1-12:58\"><strong>Taupo viet\u0105:<\/strong> Kompakti\u0161kas dizainas telpa ma\u017eose erdv\u0117se.<\/li>\n<li data-sourcepos=\"13:1-13:88\"><strong>Patvarumas:<\/strong> Ner\u016bdijantis plienas yra patvari med\u017eiaga, atspari r\u016bdims ir korozijai.<\/li>\n<li data-sourcepos=\"14:1-14:66\"><strong>Lengva valyti:<\/strong> Lyg\u0173 pavir\u0161i\u0173 lengva pri\u017ei\u016br\u0117ti ir valyti.<\/li>\n<li data-sourcepos=\"15:1-16:0\"><strong>\u0160iuolaikin\u0117 estetika:<\/strong> Eleganti\u0161kas ir stilingas dizainas dera prie \u012fvairi\u0173 virtuv\u0117s stili\u0173.<\/li>\n<\/ul>\n<p data-sourcepos=\"17:1-17:41\"><strong>Tipai:<\/strong><\/p>\n<ul data-sourcepos=\"19:1-23:0\">\n<li data-sourcepos=\"19:1-19:77\"><strong>\u012emontuojamos plautuv\u0117s:<\/strong> Montuojamas po stalvir\u0161iu, kad atrodyt\u0173 vientisai.<\/li>\n<li data-sourcepos=\"20:1-20:93\"><strong>Ant vir\u0161aus montuojamos kriaukl\u0117s:<\/strong> Montuojamas ant stalvir\u0161io, tod\u0117l atrodo tradici\u0161kai.<\/li>\n<li data-sourcepos=\"21:1-21:65\"><strong>Vieno dubens kriaukl\u0117s:<\/strong> Vienas praustuvas pagrindin\u0117ms valymo u\u017eduotims atlikti.<\/li>\n<li data-sourcepos=\"22:1-23:0\"><strong>Dvigubo dubens kriaukl\u0117s:<\/strong> Dvi atskiros kriaukl\u0117s, kad gal\u0117tum\u0117te atlikti daugyb\u0119 u\u017eduo\u010di\u0173.<\/li>\n<\/ul>\n<p data-sourcepos=\"24:1-24:78\"><strong>Rinkdamiesi ma\u017e\u0105 ner\u016bdijan\u010dio plieno kriaukl\u0119 atsi\u017evelkite \u012f \u0161iuos veiksnius:<\/strong><\/p>\n<ul data-sourcepos=\"26:1-30:0\">\n<li data-sourcepos=\"26:1-26:76\"><strong>Dydis:<\/strong> Pasirinkite konkre\u010dius poreikius ir turim\u0105 erdv\u0119 atitinkant\u012f dyd\u012f.<\/li>\n<li data-sourcepos=\"27:1-27:64\"><strong>Gylis:<\/strong> Giliau esan\u010dioje kriaukl\u0117je telpa didesni puodai ir keptuv\u0117s.<\/li>\n<li data-sourcepos=\"28:1-28:93\"><strong>Matuoklis:<\/strong> Ner\u016bdijan\u010dio plieno storis gali tur\u0117ti \u012ftakos kriaukl\u0117s ilgaam\u017ei\u0161kumui ir skambesiui.<\/li>\n<li data-sourcepos=\"29:1-30:0\"><strong>Apdaila:<\/strong> Pasirinkite apdail\u0105, kuri der\u0117t\u0173 prie j\u016bs\u0173 virtuv\u0117s stiliaus, pavyzd\u017eiui, \u0161lifuot\u0105 arba poliruot\u0105 ner\u016bdijant\u012f plien\u0105.<\/li>\n<\/ul>\n<p data-sourcepos=\"31:1-31:109\">Atid\u017eiai apsvarst\u0119 \u0161iuos veiksnius, galite i\u0161sirinkti puiki\u0105 ma\u017e\u0105 ner\u016bdijan\u010dio plieno kriaukl\u0119, atitinkan\u010di\u0105 j\u016bs\u0173 poreikius.<\/p>","protected":false},"excerpt":{"rendered":"<p>Bendras dydis \uff1a 230*440*200 mm<\/p>\n<p>Dubens dydis \uff1a190*400 mm<\/p>\n<p>I\u0161pjovos dydis \uff1a190*400 mm<\/p>\n<p>Kampinis spindulys \uff1aR10<\/p>","protected":false},"featured_media":2343,"template":"","meta":[],"product_brand":[],"product_cat":[52],"product_tag":[],"class_list":{"0":"post-2342","1":"product","2":"type-product","3":"status-publish","4":"has-post-thumbnail","6":"product_cat-undermount-sink-1","8":"first","9":"instock","10":"shipping-taxable","11":"product-type-simple"},"_links":{"self":[{"href":"https:\/\/sinkwithfaucet.com\/lt\/wp-json\/wp\/v2\/product\/2342","targetHints":{"allow":["GET"]}}],"collection":[{"href":"https:\/\/sinkwithfaucet.com\/lt\/wp-json\/wp\/v2\/product"}],"about":[{"href":"https:\/\/sinkwithfaucet.com\/lt\/wp-json\/wp\/v2\/types\/product"}],"wp:featuredmedia":[{"embeddable":true,"href":"https:\/\/sinkwithfaucet.com\/lt\/wp-json\/wp\/v2\/media\/2343"}],"wp:attachment":[{"href":"https:\/\/sinkwithfaucet.com\/lt\/wp-json\/wp\/v2\/media?parent=2342"}],"wp:term":[{"taxonomy":"product_brand","embeddable":true,"href":"https:\/\/sinkwithfaucet.com\/lt\/wp-json\/wp\/v2\/product_brand?post=2342"},{"taxonomy":"product_cat","embeddable":true,"href":"https:\/\/sinkwithfaucet.com\/lt\/wp-json\/wp\/v2\/product_cat?post=2342"},{"taxonomy":"product_tag","embeddable":true,"href":"https:\/\/sinkwithfaucet.com\/lt\/wp-json\/wp\/v2\/product_tag?post=2342"}],"curies":[{"name":"wp","href":"https:\/\/api.w.org\/{rel}","templated":true}]}}