{"id":2050,"date":"2024-10-19T09:28:07","date_gmt":"2024-10-19T09:28:07","guid":{"rendered":"https:\/\/sinkwithfaucet.com\/?page_id=2050"},"modified":"2024-11-11T08:47:26","modified_gmt":"2024-11-11T08:47:26","slug":"faqs-about-kitchen-sink","status":"publish","type":"page","link":"https:\/\/sinkwithfaucet.com\/lt\/faqs-about-kitchen-sink\/","title":{"rendered":"DUK"},"content":{"rendered":"<div class=\"banner has-hover has-parallax\" id=\"banner-487672761\">\n          <div class=\"banner-inner fill\">\n        <div class=\"banner-bg fill\" data-parallax=\"-3\" data-parallax-container=\".banner\" data-parallax-background>\n            <div class=\"bg fill bg-fill\"><\/div>\n                                    \n                    <\/div>\n\t\t\n        <div class=\"banner-layers container\">\n            <div class=\"fill banner-link\"><\/div>            \n   <div id=\"text-box-1802375290\" class=\"text-box banner-layer x50 md-x50 lg-x50 y50 md-y50 lg-y50 res-text\">\n                     <div data-animate=\"fadeInLeft\">           <div class=\"text-box-content text dark\">\n              \n              <div class=\"text-inner text-center\">\n                  \n<h1 style=\"text-align: center;\">DUK<\/h1>\n              <\/div>\n           <\/div>\n       <\/div>                     \n<style>\n#text-box-1802375290 {\n  width: 80%;\n}\n#text-box-1802375290 .text-box-content {\n  font-size: 100%;\n}\n@media (min-width:550px) {\n  #text-box-1802375290 {\n    width: 41%;\n  }\n}\n<\/style>\n    <\/div>\n \n        <\/div>\n      <\/div>\n\n            \n<style>\n#banner-487672761 {\n  padding-top: 145px;\n}\n#banner-487672761 .bg.bg-loaded {\n  background-image: 8950;\n}\n#banner-487672761 .overlay {\n  background-color: rgba(0, 0, 0, 0.3);\n}\n#banner-487672761 .bg {\n  background-position: 35% 23%;\n}\n<\/style>\n  <\/div>\n\n\n\t<section class=\"section\" id=\"section_1645618717\">\n\t\t<div class=\"bg section-bg fill bg-fill  bg-loaded\" >\n\n\t\t\t\n\t\t\t\n\t\t\t\n\n\t\t<\/div>\n\n\t\t\n\n\t\t<div class=\"section-content relative\">\n\t\t\t\n<div class=\"row\"  id=\"row-1847184757\">\n\n\t<div id=\"col-986734652\" class=\"col small-12 large-12\"  >\n\t\t\t\t<div class=\"col-inner\"  >\n\t\t\t\n\t\t\t\n<h3 data-sourcepos=\"3:1-3:58\"><strong>1. Individualizuokite savo virtuv\u0119 naudodami pasirinktin\u012f logotip\u0105<\/strong><\/h3>\n<p data-sourcepos=\"5:1-5:170\">I\u0161ry\u0161kinkite savo prek\u0117s \u017eenkl\u0105 naudodamiesi m\u016bs\u0173 logotip\u0173 spausdinimo paslaugomis. J\u016bs\u0173 logotip\u0105 galime atspausdinti lazeriu arba sidabro juoda spalva tiesiai ant ner\u016bdijan\u010dio plieno virtuv\u0117s plautuvi\u0173 ir mai\u0161ytuv\u0173.<\/p>\n<p data-sourcepos=\"7:1-7:150\">Nor\u0117dami prad\u0117ti, tiesiog pateikite mums logotipo naudojimo leidimo lai\u0161k\u0105. Dirbdami su jumis sukursime unikal\u0173 firmin\u012f gamin\u012f, kuris jus i\u0161skirs.<\/p>\n<h3 data-sourcepos=\"9:1-9:50\"><strong>2. Tik jums pritaikyti virtuv\u0117s sprendimai<\/strong><\/h3>\n<p data-sourcepos=\"11:1-11:134\">Reikia virtuv\u0117s kriaukl\u0117s, kuri b\u016bt\u0173 tokia pat unikali kaip ir j\u016bs\u0173 erdv\u0117? M\u016bs\u0173 patyrusi dizaineri\u0173 komanda gali sukurti individualias plautuves pagal j\u016bs\u0173 specifikacijas.<\/p>\n<p data-sourcepos=\"13:1-13:176\">Tur\u0117dami daugiau kaip 5-10 met\u0173 patirt\u012f \u0161ioje srityje, nuolat diegiame naujoves ir naujas gamini\u0173 linijas. Susisiekite su mumis \u0161iandien ir aptarkite savo individualius virtuv\u0117s plautuv\u0117s ar mai\u0161ytuvo poreikius.<\/p>\n<h3 data-sourcepos=\"15:1-15:41\"><strong>3. Garantuota kokyb\u0117 ir efektyvumas<\/strong><\/h3>\n<p data-sourcepos=\"17:1-17:173\">\"Dexing\" yra \u012fsipareigojusi u\u017etikrinti i\u0161skirtin\u0119 kokyb\u0119 ir efektyvum\u0105. M\u016bs\u0173 ISO9001 sertifikuotas gamybos procesas u\u017etikrina, kad kiekvienas gaminys atitikt\u0173 auk\u0161\u010diausius standartus.<\/p>\n<p data-sourcepos=\"19:1-19:112\">Siekdami u\u017etikrinti nepriekai\u0161ting\u0105 gaminio kokyb\u0119, kruop\u0161\u010diai stebime kiekvien\u0105 etap\u0105 - nuo gaunam\u0173 med\u017eiag\u0173 iki galutinio patikrinimo.<\/p>\n<h3 data-sourcepos=\"21:1-21:45\"><strong>4. Supaprastinti virtuv\u0117s sprendimai<\/strong><\/h3>\n<p data-sourcepos=\"23:1-23:190\">Be auk\u0161\u010diausios kokyb\u0117s virtuv\u0117s plautuvi\u0173, si\u016blome plat\u0173 pried\u0173 asortiment\u0105 virtuvei papildyti. Turime visko, ko jums reikia, - nuo mai\u0161ytuv\u0173 ir nutekam\u0173j\u0173 latak\u0173 iki muilo dozatori\u0173 ir pjaustymo lenteli\u0173.<\/p>\n<p data-sourcepos=\"25:1-25:97\">Rinkit\u0117s \"Dexing\", jei norite visapusi\u0161ko virtuv\u0117s sprendimo, kuriame dera stilius, funkcionalumas ir ilgaam\u017ei\u0161kumas.<\/p>\n<h3 data-sourcepos=\"27:1-27:40\"><strong>5. Rank\u0173 darbo virtuv\u0117s plautuvi\u0173 menas<\/strong><\/h3>\n<p data-sourcepos=\"29:1-29:150\">Patirkite rank\u0173 darbo virtuv\u0117s plautuv\u0117s gro\u017e\u012f ir meistri\u0161kum\u0105. Kiekviena kriaukl\u0117 - unikalus meno k\u016brinys, kruop\u0161\u010diai pagamintas su d\u0117mesiu detal\u0117ms.<\/p>\n<p data-sourcepos=\"31:1-31:31\"><strong>Kod\u0117l verta rinktis rank\u0173 darbo kriaukl\u0119?<\/strong><\/p>\n<ul data-sourcepos=\"33:1-36:0\">\n<li data-sourcepos=\"33:1-33:65\"><strong>I\u0161skirtinis stilius:<\/strong> Suteikite savo virtuvei elegancijos.<\/li>\n<li data-sourcepos=\"34:1-34:67\"><strong>Puikus meistri\u0161kumas:<\/strong> Pagamintas i\u0161 auk\u0161\u010diausios kokyb\u0117s med\u017eiag\u0173.<\/li>\n<li data-sourcepos=\"35:1-36:0\"><strong>Personalizuotas dizainas:<\/strong> Sukurkite unikali\u0105 kriaukl\u0119.<\/li>\n<\/ul>\n<p data-sourcepos=\"37:1-37:66\">Investuokite \u012f rank\u0173 darbo virtuv\u0117s kriaukl\u0119 ir patobulinkite savo kulinarin\u0119 erdv\u0119.<\/p>\n\t\t<\/div>\n\t\t\t\t\t<\/div>\n\n\t\n<\/div>\n\t\t<\/div>\n\n\t\t\n<style>\n#section_1645618717 {\n  padding-top: 30px;\n  padding-bottom: 30px;\n}\n<\/style>\n\t<\/section>\n\t\n\t<section class=\"section\" id=\"section_1400832932\">\n\t\t<div class=\"bg section-bg fill bg-fill  bg-loaded\" >\n\n\t\t\t\n\t\t\t\n\t\t\t\n\n\t\t<\/div>\n\n\t\t\n\n\t\t<div class=\"section-content relative\">\n\t\t\t\n<div class=\"row\"  id=\"row-439918762\">\n\n\t<div id=\"col-389928383\" class=\"col small-12 large-12\"  >\n\t\t\t\t<div class=\"col-inner\"  >\n\t\t\t\n\t\t\t\n<h2 style=\"text-align: center;\">Susisiekite su mumis<\/h2>\n<p style=\"text-align: center;\">Gauti naujausi\u0105 kain\u0105? Atsakysime kuo grei\u010diau (per 12 valand\u0173)<\/p>\n\t\t<\/div>\n\t\t\t\t\t<\/div>\n\n\t\n<\/div>\n<div class=\"row\"  id=\"row-2130884197\">\n\n\t<div id=\"col-2105387036\" class=\"col small-12 large-12\"  >\n\t\t\t\t<div class=\"col-inner\"  >\n\t\t\t\n\t\t\t\n\n<div class=\"wpcf7 no-js\" id=\"wpcf7-f280-o1\" lang=\"en-US\" dir=\"ltr\" data-wpcf7-id=\"280\">\n<div class=\"screen-reader-response\"><p role=\"status\" aria-live=\"polite\" aria-atomic=\"true\"><\/p> <ul><\/ul><\/div>\n<form action=\"\/lt\/wp-json\/wp\/v2\/pages\/2050#wpcf7-f280-o1\" method=\"post\" class=\"wpcf7-form init\" aria-label=\"Kontaktin\u0117 forma\" novalidate=\"novalidate\" data-status=\"init\" data-trp-original-action=\"\/lt\/wp-json\/wp\/v2\/pages\/2050#wpcf7-f280-o1\">\n<fieldset class=\"hidden-fields-container\"><input type=\"hidden\" name=\"_wpcf7\" value=\"280\" \/><input type=\"hidden\" name=\"_wpcf7_version\" value=\"6.1\" \/><input type=\"hidden\" name=\"_wpcf7_locale\" value=\"en_US\" \/><input type=\"hidden\" name=\"_wpcf7_unit_tag\" value=\"wpcf7-f280-o1\" \/><input type=\"hidden\" name=\"_wpcf7_container_post\" value=\"0\" \/><input type=\"hidden\" name=\"_wpcf7_posted_data_hash\" value=\"\" \/>\n<\/fieldset>\n<div class='custom_contact_style'>\n\t<div class=\"row row-small\">\n\t\t<div class=\"col medium-6 small-12 large-6\">\n\t\t\t<div class=\"col-inner\">\n\t\t\t\t<p><span class=\"wpcf7-form-control-wrap\" data-name=\"your-name\"><input size=\"40\" maxlength=\"400\" class=\"wpcf7-form-control wpcf7-text wpcf7-validates-as-required\" aria-required=\"true\" aria-invalid=\"false\" placeholder=\"Vardas*\" value=\"\" type=\"text\" name=\"your-name\" \/><\/span>\n\t\t\t\t<\/p>\n\t\t\t<\/div>\n\t\t<\/div>\n\t\t<div class=\"col medium-6 small-12 large-6\">\n\t\t\t<div class=\"col-inner\">\n\t\t\t\t<p><span class=\"wpcf7-form-control-wrap\" data-name=\"your-email\"><input size=\"40\" maxlength=\"400\" class=\"wpcf7-form-control wpcf7-email wpcf7-validates-as-required wpcf7-text wpcf7-validates-as-email\" aria-required=\"true\" aria-invalid=\"false\" placeholder=\"El. pa\u0161tas*\" value=\"\" type=\"email\" name=\"your-email\" \/><\/span>\n\t\t\t\t<\/p>\n\t\t\t<\/div>\n\t\t<\/div>\n\t<\/div>\n\t<div class='cus_contact_form_bottom'>\n\t\t<p><span class=\"wpcf7-form-control-wrap\" data-name=\"your-phone\"><input size=\"40\" maxlength=\"400\" class=\"wpcf7-form-control wpcf7-text\" aria-invalid=\"false\" placeholder=\"Telefonas\" value=\"\" type=\"text\" name=\"your-phone\" \/><\/span>\n\t\t<\/p>\n\t<\/div>\n\t<div class='cus_contact_form_bottom'>\n\t\t<p><span class=\"wpcf7-form-control-wrap\" data-name=\"your-country\"><input size=\"40\" maxlength=\"400\" class=\"wpcf7-form-control wpcf7-text\" aria-invalid=\"false\" placeholder=\"\u0160alis\" value=\"\" type=\"text\" name=\"your-country\" \/><\/span>\n\t\t<\/p>\n\t<\/div>\n\t<p><span class=\"wpcf7-form-control-wrap\" data-name=\"your-message\"><textarea cols=\"40\" rows=\"10\" maxlength=\"2000\" class=\"wpcf7-form-control wpcf7-textarea wpcf7-validates-as-required\" aria-required=\"true\" aria-invalid=\"false\" placeholder=\"J\u016bs\u0173 \u017einut\u0117 *\" name=\"your-message\"><\/textarea><\/span>\n\t<\/p>\n\t<div style=\"margin-bottom:10px;\">\n\t\t<p><span class=\"wpcf7-form-control-wrap kc_captcha cf7ic-toggle\" data-name=\"kc_captcha\"><span class=\"wpcf7-form-control wpcf7-radio\"><span class=\"captcha-image\" style=\"display: none;\"><span class=\"cf7ic_instructions\">\u012erodykite, kad esate \u017emogus, pasirinkdami<span> automobilis<\/span>.<\/span><label><input aria-label=\"1\" type=\"radio\" name=\"kc_captcha\" value=\"bot\" \/><svg aria-hidden=\"true\" role=\"img\" xmlns=\"http:\/\/www.w3.org\/2000\/svg\" viewbox=\"0 0 576 512\"><path fill=\"currentColor\" d=\"M415 24c-53 0-103 42-127 65-24-23-74-65-127-65C70 24 16 77 16 166c0 72 67 133 69 135l187 181c9 8 23 8 32 0l187-180c2-3 69-64 69-136 0-89-54-142-145-142z\"\/><\/svg><\/label><label><input aria-label=\"2\" type=\"radio\" name=\"kc_captcha\" value=\"kc_human\" \/><svg aria-hidden=\"true\" role=\"img\" xmlns=\"http:\/\/www.w3.org\/2000\/svg\" viewbox=\"0 0 512 512\"><path fill=\"currentColor\" d=\"M500 168h-55l-8-21a127 127 0 00-120-83H195a127 127 0 00-120 83l-8 21H12c-8 0-14 8-11 16l8 24a12 12 0 0011 8h29a64 64 0 00-33 56v48c0 16 6 31 16 42v62c0 13 11 24 24 24h48c13 0 24-11 24-24v-40h256v40c0 13 11 24 24 24h48c13 0 24-11 24-24v-62c10-11 16-26 16-42v-48c0-24-13-45-33-56h29a12 12 0 0011-8l8-24c3-8-3-16-11-16zm-365 2c9-25 33-42 60-42h122c27 0 51 17 60 42l15 38H120l15-38zM88 328a32 32 0 010-64c18 0 48 30 48 48s-30 16-48 16zm336 0c-18 0-48 2-48-16s30-48 48-48 32 14 32 32-14 32-32 32z\"\/><\/svg><\/label><label><input aria-label=\"3\" type=\"radio\" name=\"kc_captcha\" value=\"bot\" \/><svg aria-hidden=\"true\" role=\"img\" xmlns=\"http:\/\/www.w3.org\/2000\/svg\" viewbox=\"0 0 512 512\"><path fill=\"currentColor\" d=\"M350 99c-54 0-98-35-166-35-25 0-47 4-68 12a56 56 0 004-24C118 24 95 1 66 0a56 56 0 00-34 102v386c0 13 11 24 24 24h16c13 0 24-11 24-24v-94c28-12 64-23 114-23 54 0 98 35 166 35 48 0 86-16 122-41 9-6 14-15 14-26V96c0-23-24-39-45-29-35 16-77 32-117 32z\"\/><\/svg><\/label>\r\n    <\/span>\r\n    <span style=\"display:none\">\r\n        <input type=\"text\" name=\"kc_honeypot\">\r\n    <\/span><\/span><\/span>\n\t\t<\/p>\n\t<\/div>\n\t<p><input class=\"wpcf7-form-control wpcf7-submit has-spinner\" type=\"submit\" value=\"Si\u0173sti \u017einut\u0119\" \/>\n\t<\/p>\n<\/div><div class=\"wpcf7-response-output\" aria-hidden=\"true\"><\/div>\n<input type=\"hidden\" name=\"trp-form-language\" value=\"lt\"\/><\/form>\n<\/div>\n\n\t\t<\/div>\n\t\t\t\t\t<\/div>\n\n\t\n<\/div>\n\t\t<\/div>\n\n\t\t\n<style>\n#section_1400832932 {\n  padding-top: 30px;\n  padding-bottom: 30px;\n  background-color: rgba(216, 247, 240, 0.39);\n}\n<\/style>\n\t<\/section>","protected":false},"excerpt":{"rendered":"","protected":false},"author":4,"featured_media":2076,"parent":0,"menu_order":0,"comment_status":"closed","ping_status":"closed","template":"page-blank.php","meta":{"footnotes":""},"class_list":["post-2050","page","type-page","status-publish","has-post-thumbnail","hentry"],"_links":{"self":[{"href":"https:\/\/sinkwithfaucet.com\/lt\/wp-json\/wp\/v2\/pages\/2050","targetHints":{"allow":["GET"]}}],"collection":[{"href":"https:\/\/sinkwithfaucet.com\/lt\/wp-json\/wp\/v2\/pages"}],"about":[{"href":"https:\/\/sinkwithfaucet.com\/lt\/wp-json\/wp\/v2\/types\/page"}],"author":[{"embeddable":true,"href":"https:\/\/sinkwithfaucet.com\/lt\/wp-json\/wp\/v2\/users\/4"}],"replies":[{"embeddable":true,"href":"https:\/\/sinkwithfaucet.com\/lt\/wp-json\/wp\/v2\/comments?post=2050"}],"version-history":[{"count":11,"href":"https:\/\/sinkwithfaucet.com\/lt\/wp-json\/wp\/v2\/pages\/2050\/revisions"}],"predecessor-version":[{"id":2632,"href":"https:\/\/sinkwithfaucet.com\/lt\/wp-json\/wp\/v2\/pages\/2050\/revisions\/2632"}],"wp:featuredmedia":[{"embeddable":true,"href":"https:\/\/sinkwithfaucet.com\/lt\/wp-json\/wp\/v2\/media\/2076"}],"wp:attachment":[{"href":"https:\/\/sinkwithfaucet.com\/lt\/wp-json\/wp\/v2\/media?parent=2050"}],"curies":[{"name":"wp","href":"https:\/\/api.w.org\/{rel}","templated":true}]}}