{"id":1608,"date":"2024-10-14T01:54:52","date_gmt":"2024-10-14T01:54:52","guid":{"rendered":"https:\/\/sinkwithfaucet.com\/?page_id=1608"},"modified":"2025-05-12T07:17:31","modified_gmt":"2025-05-12T07:17:31","slug":"stainless-steel-kitchen-faucet","status":"publish","type":"page","link":"https:\/\/sinkwithfaucet.com\/lt\/stainless-steel-kitchen-faucet\/","title":{"rendered":"Virtuv\u0117s mai\u0161ytuvas"},"content":{"rendered":"<div class=\"banner has-hover has-parallax\" id=\"banner-702324981\">\n          <div class=\"banner-inner fill\">\n        <div class=\"banner-bg fill\" data-parallax=\"-3\" data-parallax-container=\".banner\" data-parallax-background>\n            <div class=\"bg fill bg-fill\"><\/div>\n                                    \n                    <\/div>\n\t\t\n        <div class=\"banner-layers container\">\n            <div class=\"fill banner-link\"><\/div>            \n   <div id=\"text-box-1160040016\" class=\"text-box banner-layer x50 md-x5 lg-x5 y50 md-y40 lg-y40 res-text\">\n                     <div data-animate=\"fadeInLeft\">           <div class=\"text-box-content text dark\">\n              \n              <div class=\"text-inner text-center\">\n                  \n\t<div id=\"text-3619998178\" class=\"text\">\n\t\t\n<h1>Virtuv\u0117s mai\u0161ytuvai<\/h1>\n\t\t\n<style>\n#text-3619998178 {\n  color: #1e73be;\n}\n#text-3619998178 > * {\n  color: #1e73be;\n}\n<\/style>\n\t<\/div>\n\t\n              <\/div>\n           <\/div>\n       <\/div>                     \n<style>\n#text-box-1160040016 {\n  width: 80%;\n}\n#text-box-1160040016 .text-box-content {\n  font-size: 100%;\n}\n@media (min-width:550px) {\n  #text-box-1160040016 {\n    width: 39%;\n  }\n}\n<\/style>\n    <\/div>\n \n        <\/div>\n      <\/div>\n\n            \n<style>\n#banner-702324981 {\n  padding-top: 700px;\n}\n#banner-702324981 .bg.bg-loaded {\n  background-image: url(https:\/\/sinkwithfaucet.com\/wp-content\/uploads\/2024\/11\/3-1.jpg);\n}\n#banner-702324981 .overlay {\n  background-color: rgba(0, 0, 0, 0.3);\n}\n#banner-702324981 .bg {\n  background-position: 61% 54%;\n}\n<\/style>\n  <\/div>\n\n\n\t<section class=\"section\" id=\"section_969661542\">\n\t\t<div class=\"bg section-bg fill bg-fill  bg-loaded\" >\n\n\t\t\t\n\t\t\t\n\t\t\t\n\n\t\t<\/div>\n\n\t\t\n\n\t\t<div class=\"section-content relative\">\n\t\t\t\n<div class=\"row\"  id=\"row-1932766873\">\n\n\t<div id=\"col-287537397\" class=\"col small-12 large-12\"  >\n\t\t\t\t<div class=\"col-inner\"  >\n\t\t\t\n\t\t\t\n<h2 style=\"text-align: center;\" data-sourcepos=\"1:1-1:64\">Ner\u016bdijan\u010dio plieno virtuv\u0117s mai\u0161ytuvai: Nesenstantis stilius, ilgalaikis veikimas<\/h2>\n<p style=\"text-align: center;\" data-sourcepos=\"1:1-1:64\">Ner\u016bdijan\u010dio plieno virtuv\u0117s mai\u0161ytuvai yra populiarus nam\u0173 savinink\u0173 pasirinkimas d\u0117l j\u0173 ilgaam\u017ei\u0161kumo, higieni\u0161kumo ir modernios estetikos. Jie pagaminti i\u0161 metalo lydinio, kuris yra atsparus r\u016bdims, korozijai ir d\u0117m\u0117ms, tod\u0117l yra ilgaam\u017eiai ir lengvai valomi.<\/p>\n\t\t<\/div>\n\t\t\t\t\t<\/div>\n\n\t\n<\/div>\n\t\t<\/div>\n\n\t\t\n<style>\n#section_969661542 {\n  padding-top: 30px;\n  padding-bottom: 30px;\n}\n<\/style>\n\t<\/section>\n\t\n\t<section class=\"section\" id=\"section_508255342\">\n\t\t<div class=\"bg section-bg fill bg-fill  bg-loaded\" >\n\n\t\t\t\n\t\t\t\n\t\t\t\n\n\t\t<\/div>\n\n\t\t\n\n\t\t<div class=\"section-content relative\">\n\t\t\t\n<div class=\"row\"  id=\"row-578762216\">\n\n\t<div id=\"col-545696438\" class=\"col small-12 large-12\"  >\n\t\t\t\t<div class=\"col-inner\"  >\n\t\t\t\n\t\t\t\n<h2 style=\"text-align: center;\">Virtuv\u0117s mai\u0161ytuv\u0173 tipai<\/h2>\n\t\t<\/div>\n\t\t\t\t\t<\/div>\n\n\t\n<\/div>\n<div class=\"row\" style=\"max-width:1500px\" id=\"row-1705278718\">\n\n\t<div id=\"col-1484691096\" class=\"col medium-4 small-6 large-4\"  >\n\t\t\t\t<div class=\"col-inner\"  >\n\t\t\t\n\t\t\t\n\t<div class=\"box has-hover   has-hover box-text-bottom\" >\n\n\t\t<div class=\"box-image\" >\n\t\t\t\t\t\t<div class=\"\" >\n\t\t\t\t<img loading=\"lazy\" decoding=\"async\" width=\"470\" height=\"563\" src=\"https:\/\/sinkwithfaucet.com\/wp-content\/uploads\/2024\/10\/F104.jpg\" class=\"attachment-original size-original\" alt=\"Vienos rankenos mai\u0161ytuvai\" srcset=\"https:\/\/sinkwithfaucet.com\/wp-content\/uploads\/2024\/10\/F104.jpg 470w, https:\/\/sinkwithfaucet.com\/wp-content\/uploads\/2024\/10\/F104-250x300.jpg 250w, https:\/\/sinkwithfaucet.com\/wp-content\/uploads\/2024\/10\/F104-10x12.jpg 10w\" sizes=\"auto, (max-width: 470px) 100vw, 470px\" title=\"\">\t\t\t\t\t\t\t\t\t\t\t<\/div>\n\t\t\t\t\t<\/div>\n\n\t\t<div class=\"box-text text-center\" >\n\t\t\t<div class=\"box-text-inner\">\n\t\t\t\t\n<h3><strong>Vienos rankenos mai\u0161ytuvai<\/strong><\/h3>\n<p>\u0160iuose mai\u0161ytuvuose viena svirtimi galima reguliuoti vandens temperat\u016br\u0105 ir srov\u0119.<\/p>\n\t\t\t<\/div>\n\t\t<\/div>\n\t<\/div>\n\t\n\t\t<\/div>\n\t\t\t\t\t<\/div>\n\n\t\n\n\t<div id=\"col-542999298\" class=\"col medium-4 small-6 large-4\"  >\n\t\t\t\t<div class=\"col-inner\"  >\n\t\t\t\n\t\t\t\n\t<div class=\"box has-hover   has-hover box-text-bottom\" >\n\n\t\t<div class=\"box-image\" >\n\t\t\t\t\t\t<div class=\"\" >\n\t\t\t\t<img loading=\"lazy\" decoding=\"async\" width=\"470\" height=\"563\" src=\"https:\/\/sinkwithfaucet.com\/wp-content\/uploads\/2024\/10\/F6011.jpg\" class=\"attachment-original size-original\" alt=\"Dviej\u0173 ranken\u0173 mai\u0161ytuvai\" srcset=\"https:\/\/sinkwithfaucet.com\/wp-content\/uploads\/2024\/10\/F6011.jpg 470w, https:\/\/sinkwithfaucet.com\/wp-content\/uploads\/2024\/10\/F6011-250x300.jpg 250w, https:\/\/sinkwithfaucet.com\/wp-content\/uploads\/2024\/10\/F6011-10x12.jpg 10w\" sizes=\"auto, (max-width: 470px) 100vw, 470px\" title=\"\">\t\t\t\t\t\t\t\t\t\t\t<\/div>\n\t\t\t\t\t<\/div>\n\n\t\t<div class=\"box-text text-center\" >\n\t\t\t<div class=\"box-text-inner\">\n\t\t\t\t\n<h3><strong>Dviej\u0173 ranken\u0173 mai\u0161ytuvai<\/strong><\/h3>\n<p>\u0160ie mai\u0161ytuvai turi atskiras ranken\u0117les kar\u0161to ir \u0161alto vandens srautui valdyti.<\/p>\n\t\t\t<\/div>\n\t\t<\/div>\n\t<\/div>\n\t\n\t\t<\/div>\n\t\t\t\t\t<\/div>\n\n\t\n\n\t<div id=\"col-1202596243\" class=\"col medium-4 small-6 large-4\"  >\n\t\t\t\t<div class=\"col-inner\"  >\n\t\t\t\n\t\t\t\n\t<div class=\"box has-hover   has-hover box-text-bottom\" >\n\n\t\t<div class=\"box-image\" >\n\t\t\t<a href=\"https:\/\/sinkwithfaucet.com\/lt\/kitchen-one-handle-faucet-1001\/\" >\t\t\t<div class=\"\" >\n\t\t\t\t<img loading=\"lazy\" decoding=\"async\" width=\"600\" height=\"713\" src=\"https:\/\/sinkwithfaucet.com\/wp-content\/uploads\/2024\/11\/F6221A11.jpg\" class=\"attachment-original size-original\" alt=\"I\u0161traukiami mai\u0161ytuvai:\" srcset=\"https:\/\/sinkwithfaucet.com\/wp-content\/uploads\/2024\/11\/F6221A11.jpg 600w, https:\/\/sinkwithfaucet.com\/wp-content\/uploads\/2024\/11\/F6221A11-252x300.jpg 252w, https:\/\/sinkwithfaucet.com\/wp-content\/uploads\/2024\/11\/F6221A11-10x12.jpg 10w\" sizes=\"auto, (max-width: 600px) 100vw, 600px\" title=\"\">\t\t\t\t\t\t\t\t\t\t\t<\/div>\n\t\t\t<\/a>\t\t<\/div>\n\n\t\t<div class=\"box-text text-center\" >\n\t\t\t<div class=\"box-text-inner\">\n\t\t\t\t\n<h3><strong>I\u0161traukiami mai\u0161ytuvai<\/strong><\/h3>\n<p>\u0160ie mai\u0161ytuvai turi i\u0161traukiam\u0105 purk\u0161tuvo galvut\u0119, kuri\u0105 galima nuleisti ir i\u0161tiesti, kad b\u016bt\u0173 lengva pripildyti puodus ir keptuves.<\/p>\n\t\t\t<\/div>\n\t\t<\/div>\n\t<\/div>\n\t\n\t\t<\/div>\n\t\t\t\t\t<\/div>\n\n\t\n<\/div>\n<div class=\"row\"  id=\"row-977259790\">\n\n\t<div id=\"col-1728870499\" class=\"col small-12 large-12\"  >\n\t\t\t\t<div class=\"col-inner text-center\"  >\n\t\t\t\n\t\t\t\n<a href=\"\/lt\/contact\/\" class=\"button primary\"  style=\"border-radius:99px;\">\n    <span>Pritaikytas j\u016bs\u0173 mai\u0161ytuvas<\/span>\n  <\/a>\n\n\t\t<\/div>\n\t\t\t\t\t<\/div>\n\n\t\n<\/div>\n\t\t<\/div>\n\n\t\t\n<style>\n#section_508255342 {\n  padding-top: 30px;\n  padding-bottom: 30px;\n  background-color: rgb(240, 252, 249);\n}\n<\/style>\n\t<\/section>\n\t\n\t<section class=\"section\" id=\"section_400404423\">\n\t\t<div class=\"bg section-bg fill bg-fill  bg-loaded\" >\n\n\t\t\t\n\t\t\t\n\t\t\t\n\n\t\t<\/div>\n\n\t\t\n\n\t\t<div class=\"section-content relative\">\n\t\t\t\n<div class=\"row\"  id=\"row-1408297538\">\n\n\t<div id=\"col-26345832\" class=\"col medium-6 small-12 large-6\"  >\n\t\t\t\t<div class=\"col-inner\"  >\n\t\t\t\n\t\t\t\n\t<div class=\"img has-hover x md-x lg-x y md-y lg-y\" id=\"image_983696734\">\n\t\t\t\t\t\t\t\t<div class=\"img-inner image-cover dark\" style=\"padding-top:75%;\">\n\t\t\t<img loading=\"lazy\" decoding=\"async\" width=\"500\" height=\"500\" src=\"https:\/\/sinkwithfaucet.com\/wp-content\/uploads\/2024\/11\/f0c3afea-4044-4213-b4d4-9f9f1d0d84e4.jpg\" class=\"attachment-original size-original\" alt=\"Ner\u016bdijan\u010dio plieno virtuv\u0117s mai\u0161ytuvai\" srcset=\"https:\/\/sinkwithfaucet.com\/wp-content\/uploads\/2024\/11\/f0c3afea-4044-4213-b4d4-9f9f1d0d84e4.jpg 500w, https:\/\/sinkwithfaucet.com\/wp-content\/uploads\/2024\/11\/f0c3afea-4044-4213-b4d4-9f9f1d0d84e4-300x300.jpg 300w, https:\/\/sinkwithfaucet.com\/wp-content\/uploads\/2024\/11\/f0c3afea-4044-4213-b4d4-9f9f1d0d84e4-150x150.jpg 150w, https:\/\/sinkwithfaucet.com\/wp-content\/uploads\/2024\/11\/f0c3afea-4044-4213-b4d4-9f9f1d0d84e4-12x12.jpg 12w, https:\/\/sinkwithfaucet.com\/wp-content\/uploads\/2024\/11\/f0c3afea-4044-4213-b4d4-9f9f1d0d84e4-100x100.jpg 100w\" sizes=\"auto, (max-width: 500px) 100vw, 500px\" title=\"\">\t\t\t\t\t\t\n\t\t\t\t\t<\/div>\n\t\t\t\t\t\t\t\t\n<style>\n#image_983696734 {\n  width: 100%;\n}\n<\/style>\n\t<\/div>\n\t\n\t\t<\/div>\n\t\t\t\t\t<\/div>\n\n\t\n\n\t<div id=\"col-444820588\" class=\"col medium-6 small-12 large-6\"  >\n\t\t\t\t<div class=\"col-inner\"  >\n\t\t\t\n\t\t\t\n<h2 class=\"auto-hide-last-sibling-br paragraph-u1TS5p paragraph-element br-paragraph-space\">Privalumai <a href=\"https:\/\/sinkwithfaucet.com\/lt\/stainless-steel-faucet\/\">Ner\u016bdijan\u010dio plieno virtuv\u0117s mai\u0161ytuvai<\/a>:<\/h2>\n<div class=\"auto-hide-last-sibling-br paragraph-u1TS5p paragraph-element br-paragraph-space\">Pirma, ilgaam\u017ei\u0161kumas yra didelis privalumas. Ner\u016bdijan\u010dio plieno mai\u0161ytuvai yra atspar\u016bs r\u016bdims, korozijai ir kar\u0161\u010diui. Jie gali atlaikyti kasdienio naudojimo nusid\u0117v\u0117jim\u0105 ir tarnauti ilgai.<\/div>\n<div>\u00a0<\/div>\n<div class=\"auto-hide-last-sibling-br paragraph-u1TS5p paragraph-element br-paragraph-space\">Kitas puikus aspektas - higiena. Juos labai lengva valyti ir pri\u017ei\u016br\u0117ti. Nereikia skirti daug laiko ir pastang\u0173, kad jie gerai atrodyt\u0173.<\/div>\n<div>\u00a0<\/div>\n<div class=\"auto-hide-last-sibling-br paragraph-u1TS5p paragraph-element br-paragraph-space\">Ner\u016bdijan\u010dio plieno virtuv\u0117s mai\u0161ytuv\u0173 moderni\u0105 estetik\u0105 taip pat sunku \u012fveikti. Eleganti\u0161ko ir stilingo dizaino mai\u0161ytuvai gali papildyti \u012fvairius virtuv\u0117s stilius. Nesvarbu, ar j\u016bs\u0173 virtuv\u0117 tradicin\u0117, moderni, ar ka\u017ekur tarp j\u0173, ner\u016bdijan\u010dio plieno mai\u0161ytuvas puikiai tiks.<\/div>\n<div>\u00a0<\/div>\n<div class=\"auto-hide-last-sibling-br paragraph-u1TS5p paragraph-element br-paragraph-space\">Dar vienas privalumas - universalumas. Galima rinktis i\u0161 daugyb\u0117s stili\u0173 ir apdailos, tod\u0117l galite pasirinkti tok\u012f, kuris atitinka j\u016bs\u0173 asmeninius pageidavimus.<\/div>\n<div class=\"auto-hide-last-sibling-br paragraph-u1TS5p paragraph-element br-paragraph-space\">\u00a0<\/div>\n\t\t<\/div>\n\t\t\t\t\t<\/div>\n\n\t\n<\/div>\n\t\t<\/div>\n\n\t\t\n<style>\n#section_400404423 {\n  padding-top: 30px;\n  padding-bottom: 30px;\n}\n<\/style>\n\t<\/section>\n\t\n\t<section class=\"section\" id=\"section_856921286\">\n\t\t<div class=\"bg section-bg fill bg-fill  bg-loaded\" >\n\n\t\t\t\n\t\t\t<div class=\"section-bg-overlay absolute fill\"><\/div>\n\t\t\t\n\n\t\t<\/div>\n\n\t\t\n\n\t\t<div class=\"section-content relative\">\n\t\t\t\n<div class=\"row\"  id=\"row-1195193801\">\n\n\t<div id=\"col-462261688\" class=\"col medium-6 small-12 large-6\"  >\n\t\t\t\t<div class=\"col-inner\"  >\n\t\t\t\n\t\t\t\n<h2 class=\"auto-hide-last-sibling-br paragraph-u1TS5p paragraph-element br-paragraph-space\">Svarstymai renkantis ner\u016bdijan\u010dio plieno virtuv\u0117s mai\u0161ytuv\u0105:<\/h2>\n<div class=\"auto-hide-last-sibling-br paragraph-u1TS5p paragraph-element br-paragraph-space\">Stilius tikrai svarbus. Norite pasirinkti mai\u0161ytuv\u0105, kuris der\u0117t\u0173 prie bendro virtuv\u0117s dizaino. Jis tur\u0117t\u0173 pabr\u0117\u017eti j\u016bs\u0173 virtuv\u0117s i\u0161vaizd\u0105, o ne su ja kirstis.<\/div>\n<div><\/div>\n<div class=\"auto-hide-last-sibling-br paragraph-u1TS5p paragraph-element br-paragraph-space\">Taip pat reik\u0117t\u0173 pagalvoti apie funkcionalum\u0105. Apsvarstykite, koki\u0173 konkre\u010di\u0173 funkcij\u0173 jums reikia. Pavyzd\u017eiui, i\u0161traukiamasis purk\u0161tuvas arba jutiklis be prisilietimo gali b\u016bti labai patog\u016bs.<\/div>\n<div><\/div>\n<div class=\"auto-hide-last-sibling-br paragraph-u1TS5p paragraph-element br-paragraph-space\">Svarbi ir apdaila. Rinkit\u0117s stiling\u0105 ir prakti\u0161k\u0105. Puik\u016bs variantai - \u0161lifuotas nikelis, chromas arba matin\u0117 juoda spalva.<\/div>\n<div><\/div>\n<div class=\"auto-hide-last-sibling-br paragraph-u1TS5p paragraph-element br-paragraph-space\">Kitas veiksnys - vandens sl\u0117gis. \u012esitikinkite, kad mai\u0161ytuvas gali atlaikyti vandens sl\u0117g\u012f ir u\u017etikrinti tinkam\u0105 vandens sraut\u0105. Nenorite silpnos vandens srov\u0117s, kai bandote plauti indus ar pripildyti puod\u0105.<\/div>\n<div class=\"auto-hide-last-sibling-br paragraph-u1TS5p paragraph-element br-paragraph-space\"><\/div>\n\t<div id=\"gap-29215750\" class=\"gap-element clearfix\" style=\"display:block; height:auto;\">\n\t\t\n<style>\n#gap-29215750 {\n  padding-top: 40px;\n}\n<\/style>\n\t<\/div>\n\t\n<a href=\"https:\/\/sinkwithfaucet.com\/wp-content\/uploads\/2025\/05\/1.pdf\" target=\"_blank\" class=\"button primary\" rel=\"noopener\"  style=\"border-radius:99px;\">\n    <span>daugiau mai\u0161ytuvo stiliaus<\/span>\n  <\/a>\n\n\t\t<\/div>\n\t\t\t\t\t<\/div>\n\n\t\n\n\t<div id=\"col-2132147899\" class=\"col medium-6 small-12 large-6\"  >\n\t\t\t\t<div class=\"col-inner\"  >\n\t\t\t\n\t\t\t\n\t<div class=\"img has-hover x md-x lg-x y md-y lg-y\" id=\"image_439441944\">\n\t\t\t\t\t\t\t\t<div class=\"img-inner image-cover dark\" style=\"padding-top:85%;\">\n\t\t\t<img loading=\"lazy\" decoding=\"async\" width=\"500\" height=\"500\" src=\"https:\/\/sinkwithfaucet.com\/wp-content\/uploads\/2024\/11\/c22ea714-3146-428c-8096-0e1fd31b7b6a.jpg\" class=\"attachment-original size-original\" alt=\"Ner\u016bdijan\u010dio plieno virtuv\u0117s mai\u0161ytuvai\" srcset=\"https:\/\/sinkwithfaucet.com\/wp-content\/uploads\/2024\/11\/c22ea714-3146-428c-8096-0e1fd31b7b6a.jpg 500w, https:\/\/sinkwithfaucet.com\/wp-content\/uploads\/2024\/11\/c22ea714-3146-428c-8096-0e1fd31b7b6a-300x300.jpg 300w, https:\/\/sinkwithfaucet.com\/wp-content\/uploads\/2024\/11\/c22ea714-3146-428c-8096-0e1fd31b7b6a-150x150.jpg 150w, https:\/\/sinkwithfaucet.com\/wp-content\/uploads\/2024\/11\/c22ea714-3146-428c-8096-0e1fd31b7b6a-12x12.jpg 12w, https:\/\/sinkwithfaucet.com\/wp-content\/uploads\/2024\/11\/c22ea714-3146-428c-8096-0e1fd31b7b6a-100x100.jpg 100w\" sizes=\"auto, (max-width: 500px) 100vw, 500px\" title=\"\">\t\t\t\t\t\t\n\t\t\t\t\t<\/div>\n\t\t\t\t\t\t\t\t\n<style>\n#image_439441944 {\n  width: 100%;\n}\n<\/style>\n\t<\/div>\n\t\n\t\t<\/div>\n\t\t\t\t\t<\/div>\n\n\t\n<\/div>\n\t\t<\/div>\n\n\t\t\n<style>\n#section_856921286 {\n  padding-top: 30px;\n  padding-bottom: 30px;\n  background-color: rgba(208, 208, 208, 0.424);\n}\n#section_856921286 .section-bg-overlay {\n  background-color: #f0fcf9;\n}\n<\/style>\n\t<\/section>\n\t\n\t<section class=\"section\" id=\"section_1429886612\">\n\t\t<div class=\"bg section-bg fill bg-fill  bg-loaded\" >\n\n\t\t\t\n\t\t\t\n\t\t\t\n\n\t\t<\/div>\n\n\t\t\n\n\t\t<div class=\"section-content relative\">\n\t\t\t\n<div class=\"row\"  id=\"row-1446260704\">\n\n\t<div id=\"col-1418351073\" class=\"col small-12 large-12\"  >\n\t\t\t\t<div class=\"col-inner\"  >\n\t\t\t\n\t\t\t\n<h2 style=\"text-align: center;\">Susisiekite su mumis<\/h2>\n\t\t<\/div>\n\t\t\t\t\t<\/div>\n\n\t\n<\/div>\n<div class=\"row\"  id=\"row-1469692036\">\n\n\t<div id=\"col-1885534671\" class=\"col small-12 large-12\"  >\n\t\t\t\t<div class=\"col-inner\"  >\n\t\t\t\n\t\t\t\n\n<div class=\"wpcf7 no-js\" id=\"wpcf7-f280-o1\" lang=\"en-US\" dir=\"ltr\" data-wpcf7-id=\"280\">\n<div class=\"screen-reader-response\"><p role=\"status\" aria-live=\"polite\" aria-atomic=\"true\"><\/p> <ul><\/ul><\/div>\n<form action=\"\/lt\/wp-json\/wp\/v2\/pages\/1608#wpcf7-f280-o1\" method=\"post\" class=\"wpcf7-form init\" aria-label=\"Kontaktin\u0117 forma\" novalidate=\"novalidate\" data-status=\"init\" data-trp-original-action=\"\/lt\/wp-json\/wp\/v2\/pages\/1608#wpcf7-f280-o1\">\n<fieldset class=\"hidden-fields-container\"><input type=\"hidden\" name=\"_wpcf7\" value=\"280\" \/><input type=\"hidden\" name=\"_wpcf7_version\" value=\"6.1\" \/><input type=\"hidden\" name=\"_wpcf7_locale\" value=\"en_US\" \/><input type=\"hidden\" name=\"_wpcf7_unit_tag\" value=\"wpcf7-f280-o1\" \/><input type=\"hidden\" name=\"_wpcf7_container_post\" value=\"0\" \/><input type=\"hidden\" name=\"_wpcf7_posted_data_hash\" value=\"\" \/>\n<\/fieldset>\n<div class='custom_contact_style'>\n\t<div class=\"row row-small\">\n\t\t<div class=\"col medium-6 small-12 large-6\">\n\t\t\t<div class=\"col-inner\">\n\t\t\t\t<p><span class=\"wpcf7-form-control-wrap\" data-name=\"your-name\"><input size=\"40\" maxlength=\"400\" class=\"wpcf7-form-control wpcf7-text wpcf7-validates-as-required\" aria-required=\"true\" aria-invalid=\"false\" placeholder=\"Vardas*\" value=\"\" type=\"text\" name=\"your-name\" \/><\/span>\n\t\t\t\t<\/p>\n\t\t\t<\/div>\n\t\t<\/div>\n\t\t<div class=\"col medium-6 small-12 large-6\">\n\t\t\t<div class=\"col-inner\">\n\t\t\t\t<p><span class=\"wpcf7-form-control-wrap\" data-name=\"your-email\"><input size=\"40\" maxlength=\"400\" class=\"wpcf7-form-control wpcf7-email wpcf7-validates-as-required wpcf7-text wpcf7-validates-as-email\" aria-required=\"true\" aria-invalid=\"false\" placeholder=\"El. pa\u0161tas*\" value=\"\" type=\"email\" name=\"your-email\" \/><\/span>\n\t\t\t\t<\/p>\n\t\t\t<\/div>\n\t\t<\/div>\n\t<\/div>\n\t<div class='cus_contact_form_bottom'>\n\t\t<p><span class=\"wpcf7-form-control-wrap\" data-name=\"your-phone\"><input size=\"40\" maxlength=\"400\" class=\"wpcf7-form-control wpcf7-text\" aria-invalid=\"false\" placeholder=\"Telefonas\" value=\"\" type=\"text\" name=\"your-phone\" \/><\/span>\n\t\t<\/p>\n\t<\/div>\n\t<div class='cus_contact_form_bottom'>\n\t\t<p><span class=\"wpcf7-form-control-wrap\" data-name=\"your-country\"><input size=\"40\" maxlength=\"400\" class=\"wpcf7-form-control wpcf7-text\" aria-invalid=\"false\" placeholder=\"\u0160alis\" value=\"\" type=\"text\" name=\"your-country\" \/><\/span>\n\t\t<\/p>\n\t<\/div>\n\t<p><span class=\"wpcf7-form-control-wrap\" data-name=\"your-message\"><textarea cols=\"40\" rows=\"10\" maxlength=\"2000\" class=\"wpcf7-form-control wpcf7-textarea wpcf7-validates-as-required\" aria-required=\"true\" aria-invalid=\"false\" placeholder=\"J\u016bs\u0173 \u017einut\u0117 *\" name=\"your-message\"><\/textarea><\/span>\n\t<\/p>\n\t<div style=\"margin-bottom:10px;\">\n\t\t<p><span class=\"wpcf7-form-control-wrap kc_captcha cf7ic-toggle\" data-name=\"kc_captcha\"><span class=\"wpcf7-form-control wpcf7-radio\"><span class=\"captcha-image\" style=\"display: none;\"><span class=\"cf7ic_instructions\">\u012erodykite, kad esate \u017emogus, pasirinkdami<span> automobilis<\/span>.<\/span><label><input aria-label=\"1\" type=\"radio\" name=\"kc_captcha\" value=\"bot\" \/><svg aria-hidden=\"true\" role=\"img\" xmlns=\"http:\/\/www.w3.org\/2000\/svg\" viewbox=\"0 0 576 512\"><path fill=\"currentColor\" d=\"M415 24c-53 0-103 42-127 65-24-23-74-65-127-65C70 24 16 77 16 166c0 72 67 133 69 135l187 181c9 8 23 8 32 0l187-180c2-3 69-64 69-136 0-89-54-142-145-142z\"\/><\/svg><\/label><label><input aria-label=\"2\" type=\"radio\" name=\"kc_captcha\" value=\"bot\" \/><svg aria-hidden=\"true\" role=\"img\" xmlns=\"http:\/\/www.w3.org\/2000\/svg\" viewbox=\"0 0 576 512\"><path fill=\"currentColor\" d=\"M259 18l-65 132-146 22c-26 3-37 36-18 54l106 103-25 146c-5 26 23 46 46 33l131-68 131 68c23 13 51-7 46-33l-25-146 106-103c19-18 8-51-18-54l-146-22-65-132a32 32 0 00-58 0z\"\/><\/svg><\/label><label><input aria-label=\"3\" type=\"radio\" name=\"kc_captcha\" value=\"kc_human\" \/><svg aria-hidden=\"true\" role=\"img\" xmlns=\"http:\/\/www.w3.org\/2000\/svg\" viewbox=\"0 0 512 512\"><path fill=\"currentColor\" d=\"M500 168h-55l-8-21a127 127 0 00-120-83H195a127 127 0 00-120 83l-8 21H12c-8 0-14 8-11 16l8 24a12 12 0 0011 8h29a64 64 0 00-33 56v48c0 16 6 31 16 42v62c0 13 11 24 24 24h48c13 0 24-11 24-24v-40h256v40c0 13 11 24 24 24h48c13 0 24-11 24-24v-62c10-11 16-26 16-42v-48c0-24-13-45-33-56h29a12 12 0 0011-8l8-24c3-8-3-16-11-16zm-365 2c9-25 33-42 60-42h122c27 0 51 17 60 42l15 38H120l15-38zM88 328a32 32 0 010-64c18 0 48 30 48 48s-30 16-48 16zm336 0c-18 0-48 2-48-16s30-48 48-48 32 14 32 32-14 32-32 32z\"\/><\/svg><\/label>\r\n    <\/span>\r\n    <span style=\"display:none\">\r\n        <input type=\"text\" name=\"kc_honeypot\">\r\n    <\/span><\/span><\/span>\n\t\t<\/p>\n\t<\/div>\n\t<p><input class=\"wpcf7-form-control wpcf7-submit has-spinner\" type=\"submit\" value=\"Si\u0173sti \u017einut\u0119\" \/>\n\t<\/p>\n<\/div><div class=\"wpcf7-response-output\" aria-hidden=\"true\"><\/div>\n<input type=\"hidden\" name=\"trp-form-language\" value=\"lt\"\/><\/form>\n<\/div>\n\n\t\t<\/div>\n\t\t\t\t\t<\/div>\n\n\t\n<\/div>\n\t\t<\/div>\n\n\t\t\n<style>\n#section_1429886612 {\n  padding-top: 30px;\n  padding-bottom: 30px;\n}\n<\/style>\n\t<\/section>","protected":false},"excerpt":{"rendered":"","protected":false},"author":4,"featured_media":2495,"parent":0,"menu_order":0,"comment_status":"closed","ping_status":"closed","template":"page-blank.php","meta":{"footnotes":""},"class_list":["post-1608","page","type-page","status-publish","has-post-thumbnail","hentry"],"_links":{"self":[{"href":"https:\/\/sinkwithfaucet.com\/lt\/wp-json\/wp\/v2\/pages\/1608","targetHints":{"allow":["GET"]}}],"collection":[{"href":"https:\/\/sinkwithfaucet.com\/lt\/wp-json\/wp\/v2\/pages"}],"about":[{"href":"https:\/\/sinkwithfaucet.com\/lt\/wp-json\/wp\/v2\/types\/page"}],"author":[{"embeddable":true,"href":"https:\/\/sinkwithfaucet.com\/lt\/wp-json\/wp\/v2\/users\/4"}],"replies":[{"embeddable":true,"href":"https:\/\/sinkwithfaucet.com\/lt\/wp-json\/wp\/v2\/comments?post=1608"}],"version-history":[{"count":50,"href":"https:\/\/sinkwithfaucet.com\/lt\/wp-json\/wp\/v2\/pages\/1608\/revisions"}],"predecessor-version":[{"id":3485,"href":"https:\/\/sinkwithfaucet.com\/lt\/wp-json\/wp\/v2\/pages\/1608\/revisions\/3485"}],"wp:featuredmedia":[{"embeddable":true,"href":"https:\/\/sinkwithfaucet.com\/lt\/wp-json\/wp\/v2\/media\/2495"}],"wp:attachment":[{"href":"https:\/\/sinkwithfaucet.com\/lt\/wp-json\/wp\/v2\/media?parent=1608"}],"curies":[{"name":"wp","href":"https:\/\/api.w.org\/{rel}","templated":true}]}}