{"id":3472,"date":"2025-05-12T03:54:54","date_gmt":"2025-05-12T03:54:54","guid":{"rendered":"https:\/\/sinkwithfaucet.com\/?post_type=product&#038;p=3472"},"modified":"2025-05-12T03:54:54","modified_gmt":"2025-05-12T03:54:54","slug":"pull-down-kitchen-faucet-2021","status":"publish","type":"product","link":"https:\/\/sinkwithfaucet.com\/hu\/pull-down-kitchen-faucet-2021\/","title":{"rendered":"H\u00fazza le a konyhai csaptelep 2021"},"content":{"rendered":"<h1 id=\"-pull-down-kitchen-faucet-easy-to-use-saves-water-\"><strong>H\u00fazhat\u00f3 konyhai csaptelep: K\u00f6nnyen haszn\u00e1lhat\u00f3 \u00e9s vizet takar\u00edt meg<\/strong><\/h1>\n<p>A leh\u00fazhat\u00f3 konyhai csaptelep gyors \u00e9s egyszer\u0171 mosogat\u00e1st tesz lehet\u0151v\u00e9. Egy t\u00f6ml\u0151vel rendelkezik, amely leh\u00fazhat\u00f3 a mosogat\u00f3ba. Ez seg\u00edt a nagy ed\u00e9nyek \u00f6bl\u00edt\u00e9s\u00e9ben \u00e9s a m\u00e9ly mosogat\u00f3k tiszt\u00edt\u00e1s\u00e1ban. Az al\u00e1bbiakban a legfontosabb tudnival\u00f3k k\u00f6vetkeznek.<\/p>\n<hr \/>\n<h2 id=\"-why-buy-a-pull-down-kitchen-faucet-\"><strong>Mi\u00e9rt \u00e9rdemes leh\u00fazhat\u00f3 konyhai csaptelepet v\u00e1s\u00e1rolni?<\/strong><\/h2>\n<p>\u2705\u00a0<strong>Nagyszer\u0171 m\u00e9ly mosogat\u00f3khoz<\/strong> - A t\u00f6ml\u0151 messzire el\u00e9r, hogy minden sarkot megtiszt\u00edtson.<\/p>\n<p>\u2705 <strong>Magas ed\u00e9nyeket t\u00f6lt meg<\/strong> - Nincs t\u00f6bb\u00e9 neh\u00e9z ed\u00e9nyeket emelni, hogy megt\u00f6ltse \u0151ket.<\/p>\n<p>\u2705\u00a0<strong>Vizet takar\u00edt meg<\/strong> - Mind\u00f6ssze 1,5-1,8 gallon per perc (GPM) felhaszn\u00e1l\u00e1sa.<\/p>\n<p>\u2705\u00a0<strong>K\u00f6nnyen haszn\u00e1lhat\u00f3<\/strong> - Csak h\u00fazza le a permetez\u0151t \u00e9s \u00f6bl\u00edtse le.<\/p>\n<p>\u2705\u00a0<strong>J\u00f3l n\u00e9z ki<\/strong>\u00a0- J\u00f6n a\u00a0<strong>csiszolt nikkel, matt fekete \u00e9s rozsdamentes ac\u00e9l<\/strong>.<\/p>\n<p><strong>Seg\u00edts\u00e9gre van sz\u00fcks\u00e9ge a v\u00e1laszt\u00e1sban?<\/strong>\u00a0Ellen\u0151rizze a\u00a0<strong>legjobb megfizethet\u0151 konyhai csaptelep m\u00e1rk\u00e1k<\/strong>\u00a0a legjobb v\u00e1laszt\u00e1sok\u00e9rt.<\/p>\n<hr \/>\n<h2 id=\"-key-features-to-look-for-\"><strong>A legfontosabb jellemz\u0151k<\/strong><\/h2>\n<h3 id=\"-1-hose-length-reach-\"><strong>1. T\u00f6ml\u0151 hossza \u00e9s hat\u00f3t\u00e1vols\u00e1ga<\/strong><\/h3>\n<ul>\n<li><strong>Legjobb t\u00f6ml\u0151hossz<\/strong>: 20 h\u00fcvelyk a m\u00e9ly mosogat\u00f3k eset\u00e9ben.<\/li>\n<li>Hosszabb t\u00f6ml\u0151k = jobb el\u00e9r\u00e9s a nagy ed\u00e9nyekhez.<\/li>\n<\/ul>\n<h3 id=\"-2-sprayer-modes-\"><strong>2. Permetez\u0151 \u00fczemm\u00f3dok<\/strong><\/h3>\n<ul>\n<li><strong>Patak<\/strong>\u00a0- J\u00f3 ed\u00e9nyek t\u00f6lt\u00e9s\u00e9re.<\/li>\n<li><strong>Spray<\/strong>\u00a0- A legjobb mosogat\u00e1shoz.<\/li>\n<li><strong>Sz\u00fcnet<\/strong> - Meg\u00e1ll\u00edtja a vizet, hogy megmentse azt.<\/li>\n<\/ul>\n<h3 id=\"-3-magnetic-docking-no-drooping-hose-\"><strong>3. M\u00e1gneses dokkol\u00e1s (nincs lecs\u00fcng\u0151 t\u00f6ml\u0151!)<\/strong><\/h3>\n<ul>\n<li>A permetez\u0151t a hely\u00e9n tartja, amikor nincs haszn\u00e1latban.<\/li>\n<li>Nincsenek laza t\u00f6ml\u0151k, amelyek a mosogat\u00f3ba esnek.<\/li>\n<\/ul>\n<p>Egy\u00a0<strong>er\u0151s m\u00e1gneses csaptelep<\/strong>, l\u00e1sd a\u00a0<strong>legtart\u00f3sabb konyhai csaptelepek<\/strong>\u00a0\u00fatmutat\u00f3.<\/p>\n<hr \/>\n<h2 id=\"-best-brands-models-\"><strong>Legjobb m\u00e1rk\u00e1k \u00e9s modellek<\/strong><\/h2>\n<table>\n<thead>\n<tr>\n<th><strong>M\u00e1rka<\/strong><\/th>\n<th><strong>Modell<\/strong><\/th>\n<th><strong>Legjobb<\/strong><\/th>\n<\/tr>\n<\/thead>\n<tbody>\n<tr>\n<td>Delta<\/td>\n<td>Touch2O<\/td>\n<td>Csal\u00e1dok (k\u00f6nnyen haszn\u00e1lhat\u00f3)<\/td>\n<\/tr>\n<tr>\n<td>Moen<\/td>\n<td>MotionSense<\/td>\n<td>Kis konyh\u00e1k<\/td>\n<\/tr>\n<tr>\n<td>Hansgrohe<\/td>\n<td>Talis<\/td>\n<td>Luxus st\u00edlus<\/td>\n<\/tr>\n<tr>\n<td>Kraus<\/td>\n<td>KPF-1680<\/td>\n<td>K\u00f6lts\u00e9gvet\u00e9s-bar\u00e1t<\/td>\n<\/tr>\n<\/tbody>\n<\/table>\n<p><strong>Csendes m\u0171k\u00f6d\u00e9st szeretne?<\/strong>\u00a0Pr\u00f3b\u00e1lja ki a\u00a0<strong>legjobb csendes konyhai csaptelepek<\/strong>.<\/p>\n<hr \/>\n<h2 id=\"-how-to-install-\"><strong>Hogyan kell telep\u00edteni<\/strong><\/h2>\n<ol>\n<li><strong>Egyszer\u0171 be\u00e1ll\u00edt\u00e1s<\/strong>\u00a0- Egy vagy h\u00e1rom lyukba illeszkedik.<\/li>\n<li><strong>Nincs sziv\u00e1rg\u00e1s<\/strong> - A s\u00e1rgar\u00e9z anyag meg\u00e1ll\u00edtja a rozsd\u00e1t.<\/li>\n<li><strong>Nincs sz\u00fcks\u00e9g profira<\/strong> - A legt\u00f6bbj\u00fckh\u00f6z haszn\u00e1lati utas\u00edt\u00e1s is tartozik.<\/li>\n<\/ol>","protected":false},"excerpt":{"rendered":"<p>1.Body: rozsdamentes ac\u00e9l<\/p>\n<p>2.Handle: rozsdamentes ac\u00e9l<\/p>\n<p>3.Aerator: Mingdi<\/p>\n<p>4.Zuhanyfej: H\u00e1rom funkci\u00f3 spray<\/p>\n<p>5.Cartridge: 35mm Wanhai<\/p>\n<p>6.Pull-out t\u00f6ml\u0151: sz\u00fcrke nejlon m\u0171anyag (1.5M)<\/p>\n<p>7.V\u00edzell\u00e1t\u00f3 t\u00f6ml\u0151: 600mm, G 1\/2<\/p>\n<p>8.Surface kezel\u00e9s: csiszolt fel\u00fclet \/ puskaf\u00e9m<\/p>","protected":false},"featured_media":3473,"template":"","meta":[],"product_brand":[],"product_cat":[57],"product_tag":[],"class_list":{"0":"post-3472","1":"product","2":"type-product","3":"status-publish","4":"has-post-thumbnail","6":"product_cat-stainless-steel-faucet","8":"first","9":"instock","10":"shipping-taxable","11":"product-type-simple"},"_links":{"self":[{"href":"https:\/\/sinkwithfaucet.com\/hu\/wp-json\/wp\/v2\/product\/3472","targetHints":{"allow":["GET"]}}],"collection":[{"href":"https:\/\/sinkwithfaucet.com\/hu\/wp-json\/wp\/v2\/product"}],"about":[{"href":"https:\/\/sinkwithfaucet.com\/hu\/wp-json\/wp\/v2\/types\/product"}],"wp:featuredmedia":[{"embeddable":true,"href":"https:\/\/sinkwithfaucet.com\/hu\/wp-json\/wp\/v2\/media\/3473"}],"wp:attachment":[{"href":"https:\/\/sinkwithfaucet.com\/hu\/wp-json\/wp\/v2\/media?parent=3472"}],"wp:term":[{"taxonomy":"product_brand","embeddable":true,"href":"https:\/\/sinkwithfaucet.com\/hu\/wp-json\/wp\/v2\/product_brand?post=3472"},{"taxonomy":"product_cat","embeddable":true,"href":"https:\/\/sinkwithfaucet.com\/hu\/wp-json\/wp\/v2\/product_cat?post=3472"},{"taxonomy":"product_tag","embeddable":true,"href":"https:\/\/sinkwithfaucet.com\/hu\/wp-json\/wp\/v2\/product_tag?post=3472"}],"curies":[{"name":"wp","href":"https:\/\/api.w.org\/{rel}","templated":true}]}}